{"id":21978,"date":"2025-10-11T19:06:09","date_gmt":"2025-10-11T19:06:09","guid":{"rendered":"https:\/\/ztsports.com\/?post_type=product&#038;p=21978"},"modified":"2026-04-12T18:02:31","modified_gmt":"2026-04-12T18:02:31","slug":"sonic-super-oil-2","status":"publish","type":"product","link":"https:\/\/ztsports.com\/fr\/store\/sonic-super-oil-2\/","title":{"rendered":"Sonic Super Oil"},"content":{"rendered":"<h2 class=\"ewd-upcp-single-product-title\">Sonic\u00ae Super Oil<\/h2>\n<h2 class=\"ewd-upcp-single-product-title\">Pourquoi choisir Sonic Super Oil ?<\/h2>\n<p><b>LUBRIFIANT 100 % SYNTH\u00c9TIQUE HAUTE PERFORMANCE POUR ROULEMENTS DE PATINS<\/b><\/p>\n<div id=\"product_overview\" class=\"product_info-text has-divider full-width container-fluid\">\n<h2>Aper\u00e7u<\/h2>\n<div class=\"product_info-read_more fixed-width\">\n<div class=\"check_read-inner\">\n<div>\n<p>Sonic Super Oil lubrifie les roulements de patins et les enduit uniform\u00e9ment afin d\u2019augmenter la vitesse et la rotation libre. Cette huile Sonic Super Oil est 100 % synth\u00e9tique, sans combustibles fossiles, pour une longue dur\u00e9e de vie sans s\u00e9cher. Un indispensable pour toute personne qui entretient ses roulements. Pour des performances optimales, choisissez toujours Sonic Super Oil.<\/p>\n<p>Avec Sonic Super Oil, vous assurez \u00e0 vos roulements des performances optimales, offrant une glisse fluide et une durabilit\u00e9 prolong\u00e9e.<\/p>\n<ul>\n<li>Enduit les roulements uniform\u00e9ment pour augmenter la vitesse et la rotation libre<\/li>\n<li>100 % synth\u00e9tique \u2013 Sans combustibles fossiles pour une longue dur\u00e9e de vie sans s\u00e9cher<\/li>\n<li>Forme un film protecteur qui adh\u00e8re aux surfaces des roulements\n<ul>\n<li>Prot\u00e8ge contre la chaleur, la friction et la corrosion<\/li>\n<\/ul>\n<\/li>\n<li>Embout compte-gouttes long pour une application pr\u00e9cise<\/li>\n<li>Remarques :\n<ul>\n<li>Laissez les roulements s\u00e9cher compl\u00e8tement avant de lubrifier apr\u00e8s le nettoyage<\/li>\n<li>Regardez la <strong><a title=\"Vid\u00e9o de nettoyage des roulements\" href=\"http:\/\/www.inlinewarehouse.com\/fitlc\/howtocleanbearings.html\" target=\"_blank\" rel=\"noopener\">VID\u00c9O<\/a><\/strong> sur le nettoyage des roulements.<\/li>\n<\/ul>\n<\/li>\n<\/ul>\n<p><strong>Note d\u2019exp\u00e9dition<\/strong> : Ce produit n\u2019est pas disponible pour les exp\u00e9ditions internationales.<\/p>\n<\/div>\n<\/div>\n<\/div>\n<\/div>\n<div id=\"product_specs\" class=\"product_info-text has-divider full-width container-fluid\">\n<h2>Sp\u00e9cifications<\/h2>\n<div class=\"product_info-read_more fixed-width\">\n<div class=\"check_read-inner\">\n<ul>\n<li>Lubrifiant haute performance pour patins.<\/li>\n<\/ul>\n<ul>\n<li>Augmente la vitesse des roulements et la rotation libre.<\/li>\n<\/ul>\n<\/div>\n<\/div>\n<\/div>\n<p><strong>PATINEZ VITE<\/strong><br \/>\n\u2022 Enduit les roulements uniform\u00e9ment pour plus de vitesse et de rotation libre<\/p>\n<p>L\u2019utilisation r\u00e9guli\u00e8re de Sonic Super Oil maintiendra vos roulements en parfait \u00e9tat \u00e0 long terme.<\/p>\n<p><strong>PATINEZ AU FRAIS<\/strong><br \/>\n\u2022 Adh\u00e8re aux surfaces des roulements pour prot\u00e9ger contre la chaleur et la friction<\/p>\n<p><strong>PATINEZ LONGTEMPS<\/strong><br \/>\n\u2022 Prolonge la dur\u00e9e de vie des roulements \u2013 ne contient aucun combustible fossile, donc ne se d\u00e9grade pas et ne s\u00e8che pas<\/p>\n<p><strong>100 % SYNTH\u00c9TIQUE<\/strong><br \/>\n\u2022 Cr\u00e9\u00e9e par des scientifiques en laboratoire<br \/>\n\u2022 Mol\u00e9cules de taille uniforme (comme des soldats align\u00e9s pour prot\u00e9ger vos roulements)<\/p>\n<p><strong>APPLICATION PR\u00c9CISE<\/strong><br \/>\n\u2022 Embout compte-gouttes pour une application pr\u00e9cise<br \/>\n\u2022 Bouchon \u00e0 vis emp\u00eachant les fuites<br \/>\n\u2022 Bouteille recyclable<\/p>\n<p><strong>MODE D\u2019EMPLOI<\/strong><br \/>\n\u2022 Appliquer 2 \u00e0 3 gouttes dans le roulement<\/p>\n<p>Fabriqu\u00e9 aux \u00c9tats-Unis<\/p>\n<div id=\"product_overview\" class=\"product_info-text has-divider full-width container-fluid\">\n<div class=\"product_info-read_more fixed-width\">\n<div class=\"check_read-inner\">\n<div>\n<ul>\n<li style=\"list-style-type: none;\">\n<ul>\n<li><\/li>\n<\/ul>\n<\/li>\n<\/ul>\n<p><strong>Note d\u2019exp\u00e9dition<\/strong> : Ce produit n\u2019est pas disponible pour les exp\u00e9ditions internationales.<\/p>\n<\/div>\n<\/div>\n<\/div>\n<\/div>\n<div id=\"product_specs\" class=\"product_info-text has-divider full-width container-fluid\">\n<h2>Sp\u00e9cifications<\/h2>\n<div class=\"product_info-read_more fixed-width\">\n<div class=\"check_read-inner\">\n<ul>\n<li>Lubrifiant haute performance pour patins.<\/li>\n<\/ul>\n<ul>\n<li>Augmente la vitesse des roulements et la rotation libre.<\/li>\n<\/ul>\n<\/div>\n<\/div>\n<\/div>\n<p>SKU #30070<\/p>\n","protected":false},"excerpt":{"rendered":"<p>Sonic\u00ae Super Oil Pourquoi choisir Sonic Super Oil ? LUBRIFIANT 100 % SYNTH\u00c9TIQUE HAUTE PERFORMANCE POUR ROULEMENTS DE PATINS Aper\u00e7u Sonic Super Oil lubrifie les roulements de patins et les enduit uniform\u00e9ment afin d\u2019augmenter la vitesse et la rotation libre. Cette huile Sonic Super Oil est 100 % synth\u00e9tique, sans combustibles fossiles, pour une longue [&hellip;]<\/p>\n","protected":false},"featured_media":21974,"comment_status":"open","ping_status":"closed","template":"","meta":{"_acf_changed":false,"_monsterinsights_skip_tracking":false,"_monsterinsights_sitenote_active":false,"_monsterinsights_sitenote_note":"","_monsterinsights_sitenote_category":0,"_uf_show_specific_survey":0,"_uf_disable_surveys":false,"site-sidebar-layout":"default","site-content-layout":"","ast-site-content-layout":"default","site-content-style":"default","site-sidebar-style":"default","ast-global-header-display":"","ast-banner-title-visibility":"","ast-main-header-display":"","ast-hfb-above-header-display":"","ast-hfb-below-header-display":"","ast-hfb-mobile-header-display":"","site-post-title":"","ast-breadcrumbs-content":"","ast-featured-img":"","footer-sml-layout":"","ast-disable-related-posts":"","theme-transparent-header-meta":"default","adv-header-id-meta":"","stick-header-meta":"","header-above-stick-meta":"","header-main-stick-meta":"","header-below-stick-meta":"","astra-migrate-meta-layouts":"set","ast-page-background-enabled":"default","ast-page-background-meta":{"desktop":{"background-color":"","background-image":"","background-repeat":"repeat","background-position":"center center","background-size":"auto","background-attachment":"scroll","background-type":"","background-media":"","overlay-type":"","overlay-color":"","overlay-opacity":"","overlay-gradient":""},"tablet":{"background-color":"","background-image":"","background-repeat":"repeat","background-position":"center center","background-size":"auto","background-attachment":"scroll","background-type":"","background-media":"","overlay-type":"","overlay-color":"","overlay-opacity":"","overlay-gradient":""},"mobile":{"background-color":"","background-image":"","background-repeat":"repeat","background-position":"center center","background-size":"auto","background-attachment":"scroll","background-type":"","background-media":"","overlay-type":"","overlay-color":"","overlay-opacity":"","overlay-gradient":""}},"ast-content-background-meta":{"desktop":{"background-color":"var(--ast-global-color-5)","background-image":"","background-repeat":"repeat","background-position":"center center","background-size":"auto","background-attachment":"scroll","background-type":"","background-media":"","overlay-type":"","overlay-color":"","overlay-opacity":"","overlay-gradient":""},"tablet":{"background-color":"var(--ast-global-color-5)","background-image":"","background-repeat":"repeat","background-position":"center center","background-size":"auto","background-attachment":"scroll","background-type":"","background-media":"","overlay-type":"","overlay-color":"","overlay-opacity":"","overlay-gradient":""},"mobile":{"background-color":"var(--ast-global-color-5)","background-image":"","background-repeat":"repeat","background-position":"center center","background-size":"auto","background-attachment":"scroll","background-type":"","background-media":"","overlay-type":"","overlay-color":"","overlay-opacity":"","overlay-gradient":""}}},"product_brand":[3340],"product_cat":[3381],"product_tag":[3859],"class_list":{"0":"post-21978","1":"product","2":"type-product","3":"status-publish","4":"has-post-thumbnail","6":"product_brand-sonic","7":"product_cat-patinage-de-vitesse-en-ligne","8":"product_tag-sonic-super-oil","9":"desktop-align-left","10":"tablet-align-left","11":"mobile-align-left","13":"first","14":"instock","15":"taxable","16":"shipping-taxable","17":"purchasable","18":"product-type-simple"},"acf":[],"_links":{"self":[{"href":"https:\/\/ztsports.com\/fr\/wp-json\/wp\/v2\/product\/21978","targetHints":{"allow":["GET"]}}],"collection":[{"href":"https:\/\/ztsports.com\/fr\/wp-json\/wp\/v2\/product"}],"about":[{"href":"https:\/\/ztsports.com\/fr\/wp-json\/wp\/v2\/types\/product"}],"replies":[{"embeddable":true,"href":"https:\/\/ztsports.com\/fr\/wp-json\/wp\/v2\/comments?post=21978"}],"version-history":[{"count":1,"href":"https:\/\/ztsports.com\/fr\/wp-json\/wp\/v2\/product\/21978\/revisions"}],"predecessor-version":[{"id":21982,"href":"https:\/\/ztsports.com\/fr\/wp-json\/wp\/v2\/product\/21978\/revisions\/21982"}],"wp:featuredmedia":[{"embeddable":true,"href":"https:\/\/ztsports.com\/fr\/wp-json\/wp\/v2\/media\/21974"}],"wp:attachment":[{"href":"https:\/\/ztsports.com\/fr\/wp-json\/wp\/v2\/media?parent=21978"}],"wp:term":[{"taxonomy":"product_brand","embeddable":true,"href":"https:\/\/ztsports.com\/fr\/wp-json\/wp\/v2\/product_brand?post=21978"},{"taxonomy":"product_cat","embeddable":true,"href":"https:\/\/ztsports.com\/fr\/wp-json\/wp\/v2\/product_cat?post=21978"},{"taxonomy":"product_tag","embeddable":true,"href":"https:\/\/ztsports.com\/fr\/wp-json\/wp\/v2\/product_tag?post=21978"}],"curies":[{"name":"wp","href":"https:\/\/api.w.org\/{rel}","templated":true}]}}