{"id":21970,"date":"2025-10-24T13:04:00","date_gmt":"2025-10-24T13:04:00","guid":{"rendered":"https:\/\/ztsports.com\/?post_type=product&#038;p=21970"},"modified":"2026-03-04T11:39:34","modified_gmt":"2026-03-04T11:39:34","slug":"1-luigino-kids-bont-ultrasprint-adjustible-package","status":"publish","type":"product","link":"https:\/\/ztsports.com\/fr\/store\/1-luigino-kids-bont-ultrasprint-adjustible-package\/","title":{"rendered":"#1 LUIGINO KIDS BONT UltraSprint Adjustible Package"},"content":{"rendered":"<h3 class=\"woocommerce-loop-product__title\" data-rm-block-id=\"block-1\">Ensemble LUIGINO KIDS BONT UltraSprint Adjustable<\/h3>\n<p data-rm-block-id=\"block-2\"><strong>D\u00e9fi ajustable Luigino pour enfants : 1 botte = 4 pointures !!<\/strong><\/p>\n<p data-rm-block-id=\"block-3\">Le patin de vitesse ajustable n\u00b01 sur le march\u00e9 aujourd\u2019hui ! Le Luigino Kid\u2019s Challenge Adjustable est <strong>disponible en deux mod\u00e8les couvrant 8 pointures<\/strong>. Cette botte offre aux parents le meilleur rapport qualit\u00e9-prix sans compromettre le confort ni la performance de leurs enfants ! Optez pour l\u2019ensemble LUIGINO KIDS BONT pour une exp\u00e9rience incomparable !<\/p>\n<p data-rm-block-id=\"block-4\"><strong>Entraxe de montage :<\/strong> 165 mm &#8211; toutes les pointures<\/p>\n<p data-rm-block-id=\"block-5\">Caract\u00e9ristiques :<\/p>\n<ul>\n<li data-rm-block-id=\"block-6\">Embout ajustable<\/li>\n<li data-rm-block-id=\"block-7\">Boucle Luigino Nano<\/li>\n<li data-rm-block-id=\"block-8\">Powerstrap<\/li>\n<li data-rm-block-id=\"block-9\">Lacets cir\u00e9s<\/li>\n<li data-rm-block-id=\"block-10\">Fentes de montage<\/li>\n<li data-rm-block-id=\"block-11\">Rembourrage de cheville en SBR<\/li>\n<li data-rm-block-id=\"block-12\">Support de cheville suppl\u00e9mentaire<\/li>\n<li data-rm-block-id=\"block-13\">Rembourrage de semelle haute densit\u00e9<\/li>\n<\/ul>\n<p data-rm-block-id=\"block-14\">La lame courte piste Bont Ultrasprint est con\u00e7ue pour surpasser la concurrence \u00e0 tous les niveaux. Cela comprend un acier de meilleure qualit\u00e9, un polissage exceptionnel, une courbure parfaite, une meilleure r\u00e9tention de la courbure et un graphisme remarquable pour compl\u00e9ter le look. Le tout \u00e0 un prix incroyable.<\/p>\n<div data-rm-block-id=\"block-15\"><\/div>\n<p data-rm-block-id=\"block-16\"><strong>Sp\u00e9cifications<\/strong><\/p>\n<div>\n<ul>\n<li data-rm-block-id=\"block-17\"><strong>Mat\u00e9riau du tube : <\/strong>6061 T6<\/li>\n<li data-rm-block-id=\"block-18\"><strong>Mat\u00e9riau du support :<\/strong> Aluminium 7075 T6<\/li>\n<li data-rm-block-id=\"block-19\"><strong>Rayon :<\/strong> 8 m<\/li>\n<li data-rm-block-id=\"block-20\"><strong>Longueur :<\/strong> 12&#8243;, 13&#8243;, 14&#8243;, 14.5&#8243;, 15&#8243;, 15.5&#8243;, 16&#8243;, 16.5&#8243;, 17&#8243;<\/li>\n<li data-rm-block-id=\"block-21\"><strong>\u00c9paisseur de la lame :<\/strong> 1,1 mm<\/li>\n<li data-rm-block-id=\"block-22\"><strong>Duret\u00e9 :<\/strong> 58 Rockwell<\/li>\n<li data-rm-block-id=\"block-23\"><strong>Courbure :<\/strong> Cintr\u00e9e \u00e0 la machine<\/li>\n<li data-rm-block-id=\"block-24\"><strong>Non pr\u00e9-aff\u00fbt\u00e9es<\/strong><\/li>\n<li data-rm-block-id=\"block-25\"><strong>1 paire de lames<\/strong><\/li>\n<\/ul>\n<\/div>\n<p data-rm-block-id=\"block-26\"><span class=\"price\"><del aria-hidden=\"true\"><span class=\"woocommerce-Price-amount amount\"><bdi><span class=\"woocommerce-Price-currencySymbol\">$<\/span>499.99<\/bdi><\/span><\/del> <span class=\"screen-reader-text\">Le prix initial \u00e9tait : 499,99 $.<\/span><ins aria-hidden=\"true\"><span class=\"woocommerce-Price-amount amount\"><bdi><span class=\"woocommerce-Price-currencySymbol\">$<\/span>449.99<\/bdi><\/span><\/ins><span class=\"screen-reader-text\">Le prix actuel est : 449,99 $.<\/span> CAD<\/span><\/p>\n","protected":false},"excerpt":{"rendered":"<p>Ensemble LUIGINO KIDS BONT UltraSprint Adjustable D\u00e9fi ajustable Luigino pour enfants : 1 botte = 4 pointures !! Le patin de vitesse ajustable n\u00b01 sur le march\u00e9 aujourd\u2019hui ! Le Luigino Kid\u2019s Challenge Adjustable est disponible en deux mod\u00e8les couvrant 8 pointures. Cette botte offre aux parents le meilleur rapport qualit\u00e9-prix sans compromettre le confort [&hellip;]<\/p>\n","protected":false},"featured_media":21965,"comment_status":"open","ping_status":"closed","template":"","meta":{"_acf_changed":false,"_monsterinsights_skip_tracking":false,"_monsterinsights_sitenote_active":false,"_monsterinsights_sitenote_note":"","_monsterinsights_sitenote_category":0,"_uf_show_specific_survey":0,"_uf_disable_surveys":false,"site-sidebar-layout":"default","site-content-layout":"","ast-site-content-layout":"default","site-content-style":"default","site-sidebar-style":"default","ast-global-header-display":"","ast-banner-title-visibility":"","ast-main-header-display":"","ast-hfb-above-header-display":"","ast-hfb-below-header-display":"","ast-hfb-mobile-header-display":"","site-post-title":"","ast-breadcrumbs-content":"","ast-featured-img":"","footer-sml-layout":"","ast-disable-related-posts":"","theme-transparent-header-meta":"default","adv-header-id-meta":"","stick-header-meta":"","header-above-stick-meta":"","header-main-stick-meta":"","header-below-stick-meta":"","astra-migrate-meta-layouts":"set","ast-page-background-enabled":"default","ast-page-background-meta":{"desktop":{"background-color":"","background-image":"","background-repeat":"repeat","background-position":"center center","background-size":"auto","background-attachment":"scroll","background-type":"","background-media":"","overlay-type":"","overlay-color":"","overlay-opacity":"","overlay-gradient":""},"tablet":{"background-color":"","background-image":"","background-repeat":"repeat","background-position":"center center","background-size":"auto","background-attachment":"scroll","background-type":"","background-media":"","overlay-type":"","overlay-color":"","overlay-opacity":"","overlay-gradient":""},"mobile":{"background-color":"","background-image":"","background-repeat":"repeat","background-position":"center center","background-size":"auto","background-attachment":"scroll","background-type":"","background-media":"","overlay-type":"","overlay-color":"","overlay-opacity":"","overlay-gradient":""}},"ast-content-background-meta":{"desktop":{"background-color":"var(--ast-global-color-5)","background-image":"","background-repeat":"repeat","background-position":"center center","background-size":"auto","background-attachment":"scroll","background-type":"","background-media":"","overlay-type":"","overlay-color":"","overlay-opacity":"","overlay-gradient":""},"tablet":{"background-color":"var(--ast-global-color-5)","background-image":"","background-repeat":"repeat","background-position":"center center","background-size":"auto","background-attachment":"scroll","background-type":"","background-media":"","overlay-type":"","overlay-color":"","overlay-opacity":"","overlay-gradient":""},"mobile":{"background-color":"var(--ast-global-color-5)","background-image":"","background-repeat":"repeat","background-position":"center center","background-size":"auto","background-attachment":"scroll","background-type":"","background-media":"","overlay-type":"","overlay-color":"","overlay-opacity":"","overlay-gradient":""}}},"product_brand":[3277,3285,3317],"product_cat":[3378],"product_tag":[],"class_list":{"0":"post-21970","1":"product","2":"type-product","3":"status-publish","4":"has-post-thumbnail","6":"product_brand-atom","7":"product_brand-bont","8":"product_brand-luigino","9":"product_cat-non-categorise","10":"desktop-align-left","11":"tablet-align-left","12":"mobile-align-left","14":"first","15":"instock","16":"taxable","17":"shipping-taxable","18":"purchasable","19":"product-type-simple"},"acf":[],"_links":{"self":[{"href":"https:\/\/ztsports.com\/fr\/wp-json\/wp\/v2\/product\/21970","targetHints":{"allow":["GET"]}}],"collection":[{"href":"https:\/\/ztsports.com\/fr\/wp-json\/wp\/v2\/product"}],"about":[{"href":"https:\/\/ztsports.com\/fr\/wp-json\/wp\/v2\/types\/product"}],"replies":[{"embeddable":true,"href":"https:\/\/ztsports.com\/fr\/wp-json\/wp\/v2\/comments?post=21970"}],"version-history":[{"count":1,"href":"https:\/\/ztsports.com\/fr\/wp-json\/wp\/v2\/product\/21970\/revisions"}],"predecessor-version":[{"id":21971,"href":"https:\/\/ztsports.com\/fr\/wp-json\/wp\/v2\/product\/21970\/revisions\/21971"}],"wp:featuredmedia":[{"embeddable":true,"href":"https:\/\/ztsports.com\/fr\/wp-json\/wp\/v2\/media\/21965"}],"wp:attachment":[{"href":"https:\/\/ztsports.com\/fr\/wp-json\/wp\/v2\/media?parent=21970"}],"wp:term":[{"taxonomy":"product_brand","embeddable":true,"href":"https:\/\/ztsports.com\/fr\/wp-json\/wp\/v2\/product_brand?post=21970"},{"taxonomy":"product_cat","embeddable":true,"href":"https:\/\/ztsports.com\/fr\/wp-json\/wp\/v2\/product_cat?post=21970"},{"taxonomy":"product_tag","embeddable":true,"href":"https:\/\/ztsports.com\/fr\/wp-json\/wp\/v2\/product_tag?post=21970"}],"curies":[{"name":"wp","href":"https:\/\/api.w.org\/{rel}","templated":true}]}}