{"id":21960,"date":"2025-10-27T18:04:51","date_gmt":"2025-10-27T18:04:51","guid":{"rendered":"https:\/\/ztsports.com\/?post_type=product&#038;p=21960"},"modified":"2026-03-04T11:36:22","modified_gmt":"2026-03-04T11:36:22","slug":"pierre-daffutage-diamant-staybent-junior","status":"publish","type":"product","link":"https:\/\/ztsports.com\/fr\/store\/pierre-daffutage-diamant-staybent-junior\/","title":{"rendered":"Pierre d\u2019aff\u00fbtage diamant StayBent Junior"},"content":{"rendered":"<h1 data-rm-block-id=\"block-1\">Pierre d\u2019aff\u00fbtage diamant StayBent Junior<\/h1>\n<p data-rm-block-id=\"block-2\">D\u00e9couvrez la solution d\u2019aff\u00fbtage ultime avec la pierre diamant StayBent Pro.<\/p>\n<ul>\n<li data-rm-block-id=\"block-3\">Usin\u00e9e CNC \u00e0 partir d\u2019aluminium de haute qualit\u00e9 pour un aff\u00fbtage de pr\u00e9cision.<\/li>\n<li data-rm-block-id=\"block-4\">Disponible en 3 combinaisons de grains diff\u00e9rentes, avec une seule base n\u00e9cessaire.<\/li>\n<\/ul>\n<p data-rm-block-id=\"block-5\">Noir \/ Bleu<\/p>\n<p data-rm-block-id=\"block-6\">Bleu \/ Rouge<\/p>\n<p data-rm-block-id=\"block-7\">Rouge \/ Vert<\/p>\n<p data-rm-block-id=\"block-8\">La pierre d\u2019aff\u00fbtage diamant StayBent JUNIOR est id\u00e9ale pour les patineurs d\u00e9butants comme avanc\u00e9s. Con\u00e7ue sp\u00e9cifiquement pour l\u2019industrie du patinage de vitesse, la plaque en aluminium 6061 usin\u00e9e avec pr\u00e9cision maintient les plaques diamant\u00e9es personnalis\u00e9es parfaitement plates, pour un aff\u00fbtage pr\u00e9cis et reproductible.<\/p>\n<p data-rm-block-id=\"block-9\">Vous pouvez trouver toutes nos <a href=\"https:\/\/ztsports.com\/product-category\/diamond-stones-2\/\"><strong>pierres d\u2019aff\u00fbtage diamant et pierres \u00e0 \u00e9bavurer<\/strong><\/a> ici.<\/p>\n","protected":false},"excerpt":{"rendered":"<p>Pierre d\u2019aff\u00fbtage diamant StayBent Junior D\u00e9couvrez la solution d\u2019aff\u00fbtage ultime avec la pierre diamant StayBent Pro. Usin\u00e9e CNC \u00e0 partir d\u2019aluminium de haute qualit\u00e9 pour un aff\u00fbtage de pr\u00e9cision. Disponible en 3 combinaisons de grains diff\u00e9rentes, avec une seule base n\u00e9cessaire. Noir \/ Bleu Bleu \/ Rouge Rouge \/ Vert La pierre d\u2019aff\u00fbtage diamant StayBent [&hellip;]<\/p>\n","protected":false},"featured_media":21956,"comment_status":"open","ping_status":"closed","template":"","meta":{"_acf_changed":false,"_monsterinsights_skip_tracking":false,"_monsterinsights_sitenote_active":false,"_monsterinsights_sitenote_note":"","_monsterinsights_sitenote_category":0,"_uf_show_specific_survey":0,"_uf_disable_surveys":false,"site-sidebar-layout":"default","site-content-layout":"","ast-site-content-layout":"default","site-content-style":"default","site-sidebar-style":"default","ast-global-header-display":"","ast-banner-title-visibility":"","ast-main-header-display":"","ast-hfb-above-header-display":"","ast-hfb-below-header-display":"","ast-hfb-mobile-header-display":"","site-post-title":"","ast-breadcrumbs-content":"","ast-featured-img":"","footer-sml-layout":"","ast-disable-related-posts":"","theme-transparent-header-meta":"default","adv-header-id-meta":"","stick-header-meta":"","header-above-stick-meta":"","header-main-stick-meta":"","header-below-stick-meta":"","astra-migrate-meta-layouts":"set","ast-page-background-enabled":"default","ast-page-background-meta":{"desktop":{"background-color":"","background-image":"","background-repeat":"repeat","background-position":"center center","background-size":"auto","background-attachment":"scroll","background-type":"","background-media":"","overlay-type":"","overlay-color":"","overlay-opacity":"","overlay-gradient":""},"tablet":{"background-color":"","background-image":"","background-repeat":"repeat","background-position":"center center","background-size":"auto","background-attachment":"scroll","background-type":"","background-media":"","overlay-type":"","overlay-color":"","overlay-opacity":"","overlay-gradient":""},"mobile":{"background-color":"","background-image":"","background-repeat":"repeat","background-position":"center center","background-size":"auto","background-attachment":"scroll","background-type":"","background-media":"","overlay-type":"","overlay-color":"","overlay-opacity":"","overlay-gradient":""}},"ast-content-background-meta":{"desktop":{"background-color":"var(--ast-global-color-5)","background-image":"","background-repeat":"repeat","background-position":"center center","background-size":"auto","background-attachment":"scroll","background-type":"","background-media":"","overlay-type":"","overlay-color":"","overlay-opacity":"","overlay-gradient":""},"tablet":{"background-color":"var(--ast-global-color-5)","background-image":"","background-repeat":"repeat","background-position":"center center","background-size":"auto","background-attachment":"scroll","background-type":"","background-media":"","overlay-type":"","overlay-color":"","overlay-opacity":"","overlay-gradient":""},"mobile":{"background-color":"var(--ast-global-color-5)","background-image":"","background-repeat":"repeat","background-position":"center center","background-size":"auto","background-attachment":"scroll","background-type":"","background-media":"","overlay-type":"","overlay-color":"","overlay-opacity":"","overlay-gradient":""}}},"product_brand":[3344],"product_cat":[3378],"product_tag":[3829],"class_list":{"0":"post-21960","1":"product","2":"type-product","3":"status-publish","4":"has-post-thumbnail","6":"product_brand-stay-bent","7":"product_cat-non-categorise","8":"product_tag-staybent-junior-diamond","9":"desktop-align-left","10":"tablet-align-left","11":"mobile-align-left","13":"first","14":"instock","15":"taxable","16":"shipping-taxable","17":"purchasable","18":"product-type-simple"},"acf":[],"_links":{"self":[{"href":"https:\/\/ztsports.com\/fr\/wp-json\/wp\/v2\/product\/21960","targetHints":{"allow":["GET"]}}],"collection":[{"href":"https:\/\/ztsports.com\/fr\/wp-json\/wp\/v2\/product"}],"about":[{"href":"https:\/\/ztsports.com\/fr\/wp-json\/wp\/v2\/types\/product"}],"replies":[{"embeddable":true,"href":"https:\/\/ztsports.com\/fr\/wp-json\/wp\/v2\/comments?post=21960"}],"version-history":[{"count":1,"href":"https:\/\/ztsports.com\/fr\/wp-json\/wp\/v2\/product\/21960\/revisions"}],"predecessor-version":[{"id":21961,"href":"https:\/\/ztsports.com\/fr\/wp-json\/wp\/v2\/product\/21960\/revisions\/21961"}],"wp:featuredmedia":[{"embeddable":true,"href":"https:\/\/ztsports.com\/fr\/wp-json\/wp\/v2\/media\/21956"}],"wp:attachment":[{"href":"https:\/\/ztsports.com\/fr\/wp-json\/wp\/v2\/media?parent=21960"}],"wp:term":[{"taxonomy":"product_brand","embeddable":true,"href":"https:\/\/ztsports.com\/fr\/wp-json\/wp\/v2\/product_brand?post=21960"},{"taxonomy":"product_cat","embeddable":true,"href":"https:\/\/ztsports.com\/fr\/wp-json\/wp\/v2\/product_cat?post=21960"},{"taxonomy":"product_tag","embeddable":true,"href":"https:\/\/ztsports.com\/fr\/wp-json\/wp\/v2\/product_tag?post=21960"}],"curies":[{"name":"wp","href":"https:\/\/api.w.org\/{rel}","templated":true}]}}