{"id":21948,"date":"2025-10-29T17:48:34","date_gmt":"2025-10-29T17:48:34","guid":{"rendered":"https:\/\/ztsports.com\/?post_type=product&#038;p=21948"},"modified":"2026-04-18T18:16:54","modified_gmt":"2026-04-18T18:16:54","slug":"boss-long-track-boot","status":"publish","type":"product","link":"https:\/\/ztsports.com\/fr\/store\/boss-long-track-boot\/","title":{"rendered":"BOSS Long Track Boot"},"content":{"rendered":"<h1 id=\"wsite-com-product-title\">D\u00e9couvrez les bottes BOSS Long Track\u00a0 Boot &#8211; Handcrafted Excellence chez ZtSports<\/h1>\n<p>Les bottes BOSS Long track boot sont des bottes en carbone composite fabriqu\u00e9es \u00e0 la main selon la c\u00e9l\u00e8bre m\u00e9thode de construction en une seule pi\u00e8ce de Bont. Les bottes sont fabriqu\u00e9es \u00e0 la main de l&#8217;int\u00e9rieur vers l&#8217;ext\u00e9rieur, chaque couche \u00e9tant coll\u00e9e ou cousue \u00e0 la couche inf\u00e9rieure. Les bottes s&#8217;ajustent comme un gant et offrent des performances haut de gamme \u00e0 un prix d&#8217;entr\u00e9e de gamme. Le syst\u00e8me unique d&#8217;enveloppement par pression de Bont \u00e9limine plus d&#8217;exc\u00e8s de r\u00e9sine que n&#8217;importe quelle autre technique de stratification du carbone.<\/p>\n<ul>\n<li><strong>Caract\u00e9ristiquesBase :<\/strong> 100% composite de carbone pos\u00e9 \u00e0 la main<\/li>\n<li><strong>Rev\u00eatement ext\u00e9rieur :<\/strong> Durolite<\/li>\n<li><strong>Doublure :<\/strong> Daim-L<\/li>\n<li><strong>Semelle int\u00e9rieure :<\/strong> Daim-L<\/li>\n<li><strong>Heat moldable:<\/strong> Fully heat moldable base utilizing epoxy thermoset resin<\/li>\n<li><strong>Padding:<\/strong> High density memory foam<\/li>\n<li><strong>Options de fermeture<\/strong>: Lacets et fermeture \u00e0 glissi\u00e8re<\/li>\n<li><strong>Options d&#8217;ajustement :<\/strong> Standard<\/li>\n<li>Disponible avec un espacement Euro ou 165mm<\/li>\n<\/ul>\n<p>D\u00e9couvrez toutes nos <a href=\"\/?product_cat=bootes1&amp;lang=fr\">bottes Long Track ici.<\/a><\/p>\n","protected":false},"excerpt":{"rendered":"<p>D\u00e9couvrez les bottes BOSS Long Track\u00a0 Boot &#8211; Handcrafted Excellence chez ZtSports Les bottes BOSS Long track boot sont des bottes en carbone composite fabriqu\u00e9es \u00e0 la main selon la c\u00e9l\u00e8bre m\u00e9thode de construction en une seule pi\u00e8ce de Bont. Les bottes sont fabriqu\u00e9es \u00e0 la main de l&#8217;int\u00e9rieur vers l&#8217;ext\u00e9rieur, chaque couche \u00e9tant coll\u00e9e [&hellip;]<\/p>\n","protected":false},"featured_media":21944,"comment_status":"open","ping_status":"closed","template":"","meta":{"_acf_changed":false,"_monsterinsights_skip_tracking":false,"_monsterinsights_sitenote_active":false,"_monsterinsights_sitenote_note":"","_monsterinsights_sitenote_category":0,"_uf_show_specific_survey":0,"_uf_disable_surveys":false,"site-sidebar-layout":"default","site-content-layout":"","ast-site-content-layout":"default","site-content-style":"default","site-sidebar-style":"default","ast-global-header-display":"","ast-banner-title-visibility":"","ast-main-header-display":"","ast-hfb-above-header-display":"","ast-hfb-below-header-display":"","ast-hfb-mobile-header-display":"","site-post-title":"","ast-breadcrumbs-content":"","ast-featured-img":"","footer-sml-layout":"","ast-disable-related-posts":"","theme-transparent-header-meta":"default","adv-header-id-meta":"","stick-header-meta":"","header-above-stick-meta":"","header-main-stick-meta":"","header-below-stick-meta":"","astra-migrate-meta-layouts":"set","ast-page-background-enabled":"default","ast-page-background-meta":{"desktop":{"background-color":"","background-image":"","background-repeat":"repeat","background-position":"center center","background-size":"auto","background-attachment":"scroll","background-type":"","background-media":"","overlay-type":"","overlay-color":"","overlay-opacity":"","overlay-gradient":""},"tablet":{"background-color":"","background-image":"","background-repeat":"repeat","background-position":"center center","background-size":"auto","background-attachment":"scroll","background-type":"","background-media":"","overlay-type":"","overlay-color":"","overlay-opacity":"","overlay-gradient":""},"mobile":{"background-color":"","background-image":"","background-repeat":"repeat","background-position":"center center","background-size":"auto","background-attachment":"scroll","background-type":"","background-media":"","overlay-type":"","overlay-color":"","overlay-opacity":"","overlay-gradient":""}},"ast-content-background-meta":{"desktop":{"background-color":"var(--ast-global-color-5)","background-image":"","background-repeat":"repeat","background-position":"center center","background-size":"auto","background-attachment":"scroll","background-type":"","background-media":"","overlay-type":"","overlay-color":"","overlay-opacity":"","overlay-gradient":""},"tablet":{"background-color":"var(--ast-global-color-5)","background-image":"","background-repeat":"repeat","background-position":"center center","background-size":"auto","background-attachment":"scroll","background-type":"","background-media":"","overlay-type":"","overlay-color":"","overlay-opacity":"","overlay-gradient":""},"mobile":{"background-color":"var(--ast-global-color-5)","background-image":"","background-repeat":"repeat","background-position":"center center","background-size":"auto","background-attachment":"scroll","background-type":"","background-media":"","overlay-type":"","overlay-color":"","overlay-opacity":"","overlay-gradient":""}}},"product_brand":[3285],"product_cat":[4645,3786,3495,3721,3494],"product_tag":[3799,3824,3797,3823],"class_list":{"0":"post-21948","1":"product","2":"type-product","3":"status-publish","4":"has-post-thumbnail","6":"product_brand-bont","7":"product_cat-boots","8":"product_cat-bottes","10":"product_cat-bottes-de-patinage-de-vitesse","11":"product_cat-bottes-de-piste-longues","12":"product_tag-bont","13":"product_tag-boss","14":"product_tag-comfort","15":"product_tag-long-track","16":"desktop-align-left","17":"tablet-align-left","18":"mobile-align-left","20":"first","21":"instock","22":"taxable","23":"shipping-taxable","24":"purchasable","25":"product-type-simple"},"acf":[],"_links":{"self":[{"href":"https:\/\/ztsports.com\/fr\/wp-json\/wp\/v2\/product\/21948","targetHints":{"allow":["GET"]}}],"collection":[{"href":"https:\/\/ztsports.com\/fr\/wp-json\/wp\/v2\/product"}],"about":[{"href":"https:\/\/ztsports.com\/fr\/wp-json\/wp\/v2\/types\/product"}],"replies":[{"embeddable":true,"href":"https:\/\/ztsports.com\/fr\/wp-json\/wp\/v2\/comments?post=21948"}],"version-history":[{"count":4,"href":"https:\/\/ztsports.com\/fr\/wp-json\/wp\/v2\/product\/21948\/revisions"}],"predecessor-version":[{"id":25636,"href":"https:\/\/ztsports.com\/fr\/wp-json\/wp\/v2\/product\/21948\/revisions\/25636"}],"wp:featuredmedia":[{"embeddable":true,"href":"https:\/\/ztsports.com\/fr\/wp-json\/wp\/v2\/media\/21944"}],"wp:attachment":[{"href":"https:\/\/ztsports.com\/fr\/wp-json\/wp\/v2\/media?parent=21948"}],"wp:term":[{"taxonomy":"product_brand","embeddable":true,"href":"https:\/\/ztsports.com\/fr\/wp-json\/wp\/v2\/product_brand?post=21948"},{"taxonomy":"product_cat","embeddable":true,"href":"https:\/\/ztsports.com\/fr\/wp-json\/wp\/v2\/product_cat?post=21948"},{"taxonomy":"product_tag","embeddable":true,"href":"https:\/\/ztsports.com\/fr\/wp-json\/wp\/v2\/product_tag?post=21948"}],"curies":[{"name":"wp","href":"https:\/\/api.w.org\/{rel}","templated":true}]}}