{"id":21929,"date":"2025-10-31T12:02:48","date_gmt":"2025-10-31T12:02:48","guid":{"rendered":"https:\/\/ztsports.com\/?post_type=product&#038;p=21929"},"modified":"2026-04-12T23:50:03","modified_gmt":"2026-04-12T23:50:03","slug":"zt-sports-staybent-by-ehs-xc-weapon-flex","status":"publish","type":"product","link":"https:\/\/ztsports.com\/fr\/store\/zt-sports-staybent-by-ehs-xc-weapon-flex\/","title":{"rendered":"StayBent by EHS XC Weapon Flex"},"content":{"rendered":"<h1 data-rm-block-id=\"block-1\">StayBent par EHS XC Weapon Flex<\/h1>\n<p data-rm-block-id=\"block-2\">Le StayBent par EHS XC Weapon Flex est con\u00e7u pour les patineurs qui exigent puissance, vitesse et contr\u00f4le \u00e0 chaque pouss\u00e9e. Dot\u00e9 d\u2019un design unique qui combine la flexibilit\u00e9 au niveau des l\u00e8vres et la rigidit\u00e9 dans la partie sup\u00e9rieure du tube, ce patin offre un \u00e9quilibre parfait : un contr\u00f4le maximal sans perte de vitesse.<\/p>\n<p data-rm-block-id=\"block-3\">Il constitue un excellent choix pour les patineurs souhaitant am\u00e9liorer leurs performances sur la glace.<\/p>\n<p data-rm-block-id=\"block-4\">Par rapport au XQ, le XC dispose d\u2019une connexion entre les piliers et de piliers l\u00e9g\u00e8rement plus larges, permettant de r\u00e9partir la pression plus efficacement sur toute la longueur de la lame. Cela se traduit par un meilleur transfert de puissance \u00e0 chaque pouss\u00e9e, rendant le XC Flex tr\u00e8s performant aussi bien sur les lignes droites que dans les virages.<\/p>\n<p data-rm-block-id=\"block-5\">Les patins sont fabriqu\u00e9s en acier Full PM (64Hrc) ou Bi-m\u00e9tal\/PM (66Hrc), r\u00e9put\u00e9s pour leur adh\u00e9rence exceptionnelle dans les virages, leur maniabilit\u00e9 fluide et leur longue dur\u00e9e de vie. La technologie Precision Bend garantit un rayon de courbure pr\u00e9cis et constant, adapt\u00e9 aux performances de niveau \u00e9lite.<\/p>\n<p data-rm-block-id=\"block-6\">Fabriqu\u00e9es \u00e0 la main par Hagen Techniek aux Pays-Bas, les coupelles PRO en aluminium am\u00e9lior\u00e9es du XC Flex sont plus l\u00e9g\u00e8res et plus rigides, r\u00e9duisant le poids total tout en augmentant la rigidit\u00e9 en torsion. Le r\u00e9sultat : une sensation de connexion et de stabilit\u00e9 sur la glace, parfaite pour les entra\u00eenements et les comp\u00e9titions intensives.<\/p>\n<p data-rm-block-id=\"block-7\">Le StayBent par EHS XC Weapon Flex offre une puissance r\u00e9active, un contr\u00f4le raffin\u00e9 et une qualit\u00e9 de fabrication de classe mondiale.<\/p>\n<p data-rm-block-id=\"block-8\">D\u00e9couvrez la diff\u00e9rence avec le StayBent XC Weapon Flex, con\u00e7u pour les patineurs qui exigent le meilleur.<\/p>\n<ul>\n<li>\n<h6><strong style=\"background-color: rgba(0, 0, 0, 0); font-family: 'Courier 10 Pitch', Courier, monospace; font-size: 1em;\"><span class=\"Y2IQFc\" lang=\"fr\">D\u00e9couvrez ici toutes nos lames <a href=\"https:\/\/ztsports.com\/fr\/product-category\/blades\/\">pour chenilles courtes<\/a>.<\/span><\/strong><\/h6>\n<\/li>\n<li>\n<h6><strong style=\"background-color: rgba(0, 0, 0, 0); font-family: 'Courier 10 Pitch', Courier, monospace; font-size: 1em;\"><span class=\"Y2IQFc\" lang=\"fr\">Consultez tous les <a href=\"https:\/\/ztsports.com\/brand\/staybent-by-ehs\/ehs\/\">produits EHS ici.<\/a><\/span><\/strong><\/h6>\n<\/li>\n<li>\n<h6><strong style=\"background-color: rgba(0, 0, 0, 0); font-family: 'Courier 10 Pitch', Courier, monospace; font-size: 1em;\"><span class=\"Y2IQFc\" lang=\"fr\">N&#8217;oubliez pas d&#8217;ajouter la<a href=\"https:\/\/ztsports.com\/product\/short-track-blade-preparation\/\"> pr\u00e9paration de la lame<\/a>.<\/span><\/strong><\/h6>\n<\/li>\n<\/ul>\n","protected":false},"excerpt":{"rendered":"<p>StayBent par EHS XC Weapon Flex Le StayBent par EHS XC Weapon Flex est con\u00e7u pour les patineurs qui exigent puissance, vitesse et contr\u00f4le \u00e0 chaque pouss\u00e9e. Dot\u00e9 d\u2019un design unique qui combine la flexibilit\u00e9 au niveau des l\u00e8vres et la rigidit\u00e9 dans la partie sup\u00e9rieure du tube, ce patin offre un \u00e9quilibre parfait : [&hellip;]<\/p>\n","protected":false},"featured_media":21926,"comment_status":"open","ping_status":"closed","template":"","meta":{"_acf_changed":false,"_monsterinsights_skip_tracking":false,"_monsterinsights_sitenote_active":false,"_monsterinsights_sitenote_note":"","_monsterinsights_sitenote_category":0,"_uf_show_specific_survey":0,"_uf_disable_surveys":false,"site-sidebar-layout":"default","site-content-layout":"","ast-site-content-layout":"default","site-content-style":"default","site-sidebar-style":"default","ast-global-header-display":"","ast-banner-title-visibility":"","ast-main-header-display":"","ast-hfb-above-header-display":"","ast-hfb-below-header-display":"","ast-hfb-mobile-header-display":"","site-post-title":"","ast-breadcrumbs-content":"","ast-featured-img":"","footer-sml-layout":"","ast-disable-related-posts":"","theme-transparent-header-meta":"default","adv-header-id-meta":"","stick-header-meta":"","header-above-stick-meta":"","header-main-stick-meta":"","header-below-stick-meta":"","astra-migrate-meta-layouts":"set","ast-page-background-enabled":"default","ast-page-background-meta":{"desktop":{"background-color":"","background-image":"","background-repeat":"repeat","background-position":"center center","background-size":"auto","background-attachment":"scroll","background-type":"","background-media":"","overlay-type":"","overlay-color":"","overlay-opacity":"","overlay-gradient":""},"tablet":{"background-color":"","background-image":"","background-repeat":"repeat","background-position":"center center","background-size":"auto","background-attachment":"scroll","background-type":"","background-media":"","overlay-type":"","overlay-color":"","overlay-opacity":"","overlay-gradient":""},"mobile":{"background-color":"","background-image":"","background-repeat":"repeat","background-position":"center center","background-size":"auto","background-attachment":"scroll","background-type":"","background-media":"","overlay-type":"","overlay-color":"","overlay-opacity":"","overlay-gradient":""}},"ast-content-background-meta":{"desktop":{"background-color":"var(--ast-global-color-5)","background-image":"","background-repeat":"repeat","background-position":"center center","background-size":"auto","background-attachment":"scroll","background-type":"","background-media":"","overlay-type":"","overlay-color":"","overlay-opacity":"","overlay-gradient":""},"tablet":{"background-color":"var(--ast-global-color-5)","background-image":"","background-repeat":"repeat","background-position":"center center","background-size":"auto","background-attachment":"scroll","background-type":"","background-media":"","overlay-type":"","overlay-color":"","overlay-opacity":"","overlay-gradient":""},"mobile":{"background-color":"var(--ast-global-color-5)","background-image":"","background-repeat":"repeat","background-position":"center center","background-size":"auto","background-attachment":"scroll","background-type":"","background-media":"","overlay-type":"","overlay-color":"","overlay-opacity":"","overlay-gradient":""}}},"product_brand":[3296,3347,3344,3346],"product_cat":[4561],"product_tag":[3811,3806,3805,3817],"class_list":{"0":"post-21929","1":"product","2":"type-product","3":"status-publish","4":"has-post-thumbnail","6":"product_brand-ehs-2","7":"product_brand-ehs","8":"product_brand-stay-bent","9":"product_brand-staybent-by-ehs","10":"product_cat-blades","11":"product_tag-ehs","12":"product_tag-staybent","13":"product_tag-staybent-by-ehs","14":"product_tag-xc-weapon-flex","15":"desktop-align-left","16":"tablet-align-left","17":"mobile-align-left","19":"first","20":"instock","21":"taxable","22":"shipping-taxable","23":"purchasable","24":"product-type-simple"},"acf":[],"_links":{"self":[{"href":"https:\/\/ztsports.com\/fr\/wp-json\/wp\/v2\/product\/21929","targetHints":{"allow":["GET"]}}],"collection":[{"href":"https:\/\/ztsports.com\/fr\/wp-json\/wp\/v2\/product"}],"about":[{"href":"https:\/\/ztsports.com\/fr\/wp-json\/wp\/v2\/types\/product"}],"replies":[{"embeddable":true,"href":"https:\/\/ztsports.com\/fr\/wp-json\/wp\/v2\/comments?post=21929"}],"version-history":[{"count":7,"href":"https:\/\/ztsports.com\/fr\/wp-json\/wp\/v2\/product\/21929\/revisions"}],"predecessor-version":[{"id":25287,"href":"https:\/\/ztsports.com\/fr\/wp-json\/wp\/v2\/product\/21929\/revisions\/25287"}],"wp:featuredmedia":[{"embeddable":true,"href":"https:\/\/ztsports.com\/fr\/wp-json\/wp\/v2\/media\/21926"}],"wp:attachment":[{"href":"https:\/\/ztsports.com\/fr\/wp-json\/wp\/v2\/media?parent=21929"}],"wp:term":[{"taxonomy":"product_brand","embeddable":true,"href":"https:\/\/ztsports.com\/fr\/wp-json\/wp\/v2\/product_brand?post=21929"},{"taxonomy":"product_cat","embeddable":true,"href":"https:\/\/ztsports.com\/fr\/wp-json\/wp\/v2\/product_cat?post=21929"},{"taxonomy":"product_tag","embeddable":true,"href":"https:\/\/ztsports.com\/fr\/wp-json\/wp\/v2\/product_tag?post=21929"}],"curies":[{"name":"wp","href":"https:\/\/api.w.org\/{rel}","templated":true}]}}