{"id":21915,"date":"2025-11-03T17:17:47","date_gmt":"2025-11-03T17:17:47","guid":{"rendered":"https:\/\/ztsports.com\/?post_type=product&#038;p=21915"},"modified":"2026-03-04T01:12:39","modified_gmt":"2026-03-04T01:12:39","slug":"staybent-short-track-coupelles-staybent-short-track","status":"publish","type":"product","link":"https:\/\/ztsports.com\/fr\/store\/staybent-short-track-coupelles-staybent-short-track\/","title":{"rendered":"Coupelles StayBent Short Track"},"content":{"rendered":"<h1 data-rm-block-id=\"block-1\">Coupelles StayBent Short Track<\/h1>\n<p data-rm-block-id=\"block-2\">Usin\u00e9es avec pr\u00e9cision \u00e0 partir d\u2019un bloc d\u2019aluminium 6061, nos coupelles ont \u00e9t\u00e9 con\u00e7ues pour \u00eatre aussi l\u00e9g\u00e8res, solides et rigides que possible, tout en conservant une esth\u00e9tique s\u00fbre et \u00e9l\u00e9gante.<\/p>\n<p>Elles sont magnifiquement anodis\u00e9es en bleu-gris.<\/p>\n<p>Actuellement disponibles en 10 tailles, par incr\u00e9ments de 1 mm, avec la taille grav\u00e9e.<\/p>\n<p>Nous proposons nos coupelles en ensembles de 4, avec ou sans quincaillerie.<\/p>\n<p data-rm-block-id=\"block-3\">Besoin d\u2019un arrangement personnalis\u00e9 ? Contactez-nous \u00e0 info@ehs-staybent.com ou indiquez les d\u00e9tails dans votre commande.<\/p>\n<p data-rm-block-id=\"block-4\">Nous proposons nos coupelles en ensembles de 4, avec ou sans quincaillerie.<\/p>\n","protected":false},"excerpt":{"rendered":"<p>Coupelles StayBent Short Track Usin\u00e9es avec pr\u00e9cision \u00e0 partir d\u2019un bloc d\u2019aluminium 6061, nos coupelles ont \u00e9t\u00e9 con\u00e7ues pour \u00eatre aussi l\u00e9g\u00e8res, solides et rigides que possible, tout en conservant une esth\u00e9tique s\u00fbre et \u00e9l\u00e9gante. Elles sont magnifiquement anodis\u00e9es en bleu-gris. Actuellement disponibles en 10 tailles, par incr\u00e9ments de 1 mm, avec la taille grav\u00e9e. [&hellip;]<\/p>\n","protected":false},"featured_media":21912,"comment_status":"open","ping_status":"closed","template":"","meta":{"_acf_changed":false,"_monsterinsights_skip_tracking":false,"_monsterinsights_sitenote_active":false,"_monsterinsights_sitenote_note":"","_monsterinsights_sitenote_category":0,"_uf_show_specific_survey":0,"_uf_disable_surveys":false,"site-sidebar-layout":"default","site-content-layout":"","ast-site-content-layout":"default","site-content-style":"default","site-sidebar-style":"default","ast-global-header-display":"","ast-banner-title-visibility":"","ast-main-header-display":"","ast-hfb-above-header-display":"","ast-hfb-below-header-display":"","ast-hfb-mobile-header-display":"","site-post-title":"","ast-breadcrumbs-content":"","ast-featured-img":"","footer-sml-layout":"","ast-disable-related-posts":"","theme-transparent-header-meta":"default","adv-header-id-meta":"","stick-header-meta":"","header-above-stick-meta":"","header-main-stick-meta":"","header-below-stick-meta":"","astra-migrate-meta-layouts":"set","ast-page-background-enabled":"default","ast-page-background-meta":{"desktop":{"background-color":"","background-image":"","background-repeat":"repeat","background-position":"center center","background-size":"auto","background-attachment":"scroll","background-type":"","background-media":"","overlay-type":"","overlay-color":"","overlay-opacity":"","overlay-gradient":""},"tablet":{"background-color":"","background-image":"","background-repeat":"repeat","background-position":"center center","background-size":"auto","background-attachment":"scroll","background-type":"","background-media":"","overlay-type":"","overlay-color":"","overlay-opacity":"","overlay-gradient":""},"mobile":{"background-color":"","background-image":"","background-repeat":"repeat","background-position":"center center","background-size":"auto","background-attachment":"scroll","background-type":"","background-media":"","overlay-type":"","overlay-color":"","overlay-opacity":"","overlay-gradient":""}},"ast-content-background-meta":{"desktop":{"background-color":"var(--ast-global-color-5)","background-image":"","background-repeat":"repeat","background-position":"center center","background-size":"auto","background-attachment":"scroll","background-type":"","background-media":"","overlay-type":"","overlay-color":"","overlay-opacity":"","overlay-gradient":""},"tablet":{"background-color":"var(--ast-global-color-5)","background-image":"","background-repeat":"repeat","background-position":"center center","background-size":"auto","background-attachment":"scroll","background-type":"","background-media":"","overlay-type":"","overlay-color":"","overlay-opacity":"","overlay-gradient":""},"mobile":{"background-color":"var(--ast-global-color-5)","background-image":"","background-repeat":"repeat","background-position":"center center","background-size":"auto","background-attachment":"scroll","background-type":"","background-media":"","overlay-type":"","overlay-color":"","overlay-opacity":"","overlay-gradient":""}}},"product_brand":[3347,3344,3346],"product_cat":[4561,4560],"product_tag":[3811,3806],"class_list":{"0":"post-21915","1":"product","2":"type-product","3":"status-publish","4":"has-post-thumbnail","6":"product_brand-ehs","7":"product_brand-stay-bent","8":"product_brand-staybent-by-ehs","9":"product_cat-blades","10":"product_cat-short-track-blades","11":"product_tag-ehs","12":"product_tag-staybent","13":"desktop-align-left","14":"tablet-align-left","15":"mobile-align-left","17":"first","18":"instock","19":"taxable","20":"shipping-taxable","21":"purchasable","22":"product-type-simple"},"acf":[],"_links":{"self":[{"href":"https:\/\/ztsports.com\/fr\/wp-json\/wp\/v2\/product\/21915","targetHints":{"allow":["GET"]}}],"collection":[{"href":"https:\/\/ztsports.com\/fr\/wp-json\/wp\/v2\/product"}],"about":[{"href":"https:\/\/ztsports.com\/fr\/wp-json\/wp\/v2\/types\/product"}],"replies":[{"embeddable":true,"href":"https:\/\/ztsports.com\/fr\/wp-json\/wp\/v2\/comments?post=21915"}],"version-history":[{"count":2,"href":"https:\/\/ztsports.com\/fr\/wp-json\/wp\/v2\/product\/21915\/revisions"}],"predecessor-version":[{"id":21917,"href":"https:\/\/ztsports.com\/fr\/wp-json\/wp\/v2\/product\/21915\/revisions\/21917"}],"wp:featuredmedia":[{"embeddable":true,"href":"https:\/\/ztsports.com\/fr\/wp-json\/wp\/v2\/media\/21912"}],"wp:attachment":[{"href":"https:\/\/ztsports.com\/fr\/wp-json\/wp\/v2\/media?parent=21915"}],"wp:term":[{"taxonomy":"product_brand","embeddable":true,"href":"https:\/\/ztsports.com\/fr\/wp-json\/wp\/v2\/product_brand?post=21915"},{"taxonomy":"product_cat","embeddable":true,"href":"https:\/\/ztsports.com\/fr\/wp-json\/wp\/v2\/product_cat?post=21915"},{"taxonomy":"product_tag","embeddable":true,"href":"https:\/\/ztsports.com\/fr\/wp-json\/wp\/v2\/product_tag?post=21915"}],"curies":[{"name":"wp","href":"https:\/\/api.w.org\/{rel}","templated":true}]}}