{"id":21908,"date":"2025-11-03T17:29:49","date_gmt":"2025-11-03T17:29:49","guid":{"rendered":"https:\/\/ztsports.com\/?post_type=product&#038;p=21908"},"modified":"2026-04-18T18:21:15","modified_gmt":"2026-04-18T18:21:15","slug":"staybent-pro-cups","status":"publish","type":"product","link":"https:\/\/ztsports.com\/fr\/store\/staybent-pro-cups\/","title":{"rendered":"StayBent PRO Cups"},"content":{"rendered":"<h1 data-rm-block-id=\"block-1\">Coupelles PRO StayBent\/StayBent PRO Cups<\/h1>\n<p data-rm-block-id=\"block-2\">Chez StayBent, nous pensons que les coupelles de montage ne devraient pas \u00eatre quelque chose que vous sortez de l\u2019emballage pour ensuite les jeter. C\u2019est mauvais pour votre portefeuille, pour l\u2019environnement et cela encourage \u00e0 couper les coins. Les seuls coins que nous aimons couper sont sur la glace.<\/p>\n<h1 data-rm-block-id=\"block-1\">StayBent PRO Cups<\/h1>\n<p>Usin\u00e9es avec pr\u00e9cision \u00e0 partir d\u2019un bloc d\u2019aluminium 6061, nos coupelles ont \u00e9t\u00e9 con\u00e7ues pour \u00eatre aussi l\u00e9g\u00e8res, solides et rigides que possible, tout en conservant une esth\u00e9tique s\u00fbre et \u00e9l\u00e9gante. Elles sont usin\u00e9es pour permettre l\u2019utilisation d\u2019un second jeu de boulons afin de s\u00e9curiser la lame.<\/p>\n<p>Elles sont magnifiquement anodis\u00e9es dans une teinte bleu-gris.<\/p>\n<p>Actuellement disponibles en 10 tailles, par incr\u00e9ments de 1 mm, avec la taille grav\u00e9e.<\/p>\n<p>Nous proposons nos coupelles en ensembles de 4, avec ou sans quincaillerie.<\/p>\n","protected":false},"excerpt":{"rendered":"<p>Coupelles PRO StayBent\/StayBent PRO Cups Chez StayBent, nous pensons que les coupelles de montage ne devraient pas \u00eatre quelque chose que vous sortez de l\u2019emballage pour ensuite les jeter. C\u2019est mauvais pour votre portefeuille, pour l\u2019environnement et cela encourage \u00e0 couper les coins. Les seuls coins que nous aimons couper sont sur la glace. StayBent [&hellip;]<\/p>\n","protected":false},"featured_media":21905,"comment_status":"open","ping_status":"closed","template":"","meta":{"_acf_changed":false,"_monsterinsights_skip_tracking":false,"_monsterinsights_sitenote_active":false,"_monsterinsights_sitenote_note":"","_monsterinsights_sitenote_category":0,"_uf_show_specific_survey":0,"_uf_disable_surveys":false,"site-sidebar-layout":"default","site-content-layout":"","ast-site-content-layout":"default","site-content-style":"default","site-sidebar-style":"default","ast-global-header-display":"","ast-banner-title-visibility":"","ast-main-header-display":"","ast-hfb-above-header-display":"","ast-hfb-below-header-display":"","ast-hfb-mobile-header-display":"","site-post-title":"","ast-breadcrumbs-content":"","ast-featured-img":"","footer-sml-layout":"","ast-disable-related-posts":"","theme-transparent-header-meta":"default","adv-header-id-meta":"","stick-header-meta":"","header-above-stick-meta":"","header-main-stick-meta":"","header-below-stick-meta":"","astra-migrate-meta-layouts":"set","ast-page-background-enabled":"default","ast-page-background-meta":{"desktop":{"background-color":"","background-image":"","background-repeat":"repeat","background-position":"center center","background-size":"auto","background-attachment":"scroll","background-type":"","background-media":"","overlay-type":"","overlay-color":"","overlay-opacity":"","overlay-gradient":""},"tablet":{"background-color":"","background-image":"","background-repeat":"repeat","background-position":"center center","background-size":"auto","background-attachment":"scroll","background-type":"","background-media":"","overlay-type":"","overlay-color":"","overlay-opacity":"","overlay-gradient":""},"mobile":{"background-color":"","background-image":"","background-repeat":"repeat","background-position":"center center","background-size":"auto","background-attachment":"scroll","background-type":"","background-media":"","overlay-type":"","overlay-color":"","overlay-opacity":"","overlay-gradient":""}},"ast-content-background-meta":{"desktop":{"background-color":"var(--ast-global-color-5)","background-image":"","background-repeat":"repeat","background-position":"center center","background-size":"auto","background-attachment":"scroll","background-type":"","background-media":"","overlay-type":"","overlay-color":"","overlay-opacity":"","overlay-gradient":""},"tablet":{"background-color":"var(--ast-global-color-5)","background-image":"","background-repeat":"repeat","background-position":"center center","background-size":"auto","background-attachment":"scroll","background-type":"","background-media":"","overlay-type":"","overlay-color":"","overlay-opacity":"","overlay-gradient":""},"mobile":{"background-color":"var(--ast-global-color-5)","background-image":"","background-repeat":"repeat","background-position":"center center","background-size":"auto","background-attachment":"scroll","background-type":"","background-media":"","overlay-type":"","overlay-color":"","overlay-opacity":"","overlay-gradient":""}}},"product_brand":[3296,3347,3344,3346],"product_cat":[4561,4560],"product_tag":[3806,3805],"class_list":{"0":"post-21908","1":"product","2":"type-product","3":"status-publish","4":"has-post-thumbnail","6":"product_brand-ehs-2","7":"product_brand-ehs","8":"product_brand-stay-bent","9":"product_brand-staybent-by-ehs","10":"product_cat-blades","11":"product_cat-short-track-blades","12":"product_tag-staybent","13":"product_tag-staybent-by-ehs","14":"desktop-align-left","15":"tablet-align-left","16":"mobile-align-left","18":"first","19":"instock","20":"taxable","21":"shipping-taxable","22":"purchasable","23":"product-type-simple"},"acf":[],"_links":{"self":[{"href":"https:\/\/ztsports.com\/fr\/wp-json\/wp\/v2\/product\/21908","targetHints":{"allow":["GET"]}}],"collection":[{"href":"https:\/\/ztsports.com\/fr\/wp-json\/wp\/v2\/product"}],"about":[{"href":"https:\/\/ztsports.com\/fr\/wp-json\/wp\/v2\/types\/product"}],"replies":[{"embeddable":true,"href":"https:\/\/ztsports.com\/fr\/wp-json\/wp\/v2\/comments?post=21908"}],"version-history":[{"count":4,"href":"https:\/\/ztsports.com\/fr\/wp-json\/wp\/v2\/product\/21908\/revisions"}],"predecessor-version":[{"id":25638,"href":"https:\/\/ztsports.com\/fr\/wp-json\/wp\/v2\/product\/21908\/revisions\/25638"}],"wp:featuredmedia":[{"embeddable":true,"href":"https:\/\/ztsports.com\/fr\/wp-json\/wp\/v2\/media\/21905"}],"wp:attachment":[{"href":"https:\/\/ztsports.com\/fr\/wp-json\/wp\/v2\/media?parent=21908"}],"wp:term":[{"taxonomy":"product_brand","embeddable":true,"href":"https:\/\/ztsports.com\/fr\/wp-json\/wp\/v2\/product_brand?post=21908"},{"taxonomy":"product_cat","embeddable":true,"href":"https:\/\/ztsports.com\/fr\/wp-json\/wp\/v2\/product_cat?post=21908"},{"taxonomy":"product_tag","embeddable":true,"href":"https:\/\/ztsports.com\/fr\/wp-json\/wp\/v2\/product_tag?post=21908"}],"curies":[{"name":"wp","href":"https:\/\/api.w.org\/{rel}","templated":true}]}}