{"id":21897,"date":"2026-01-13T16:18:55","date_gmt":"2026-01-13T16:18:55","guid":{"rendered":"https:\/\/ztsports.com\/?post_type=product&#038;p=21897"},"modified":"2026-04-19T02:13:30","modified_gmt":"2026-04-19T02:13:30","slug":"skate-guard-keychains","status":"publish","type":"product","link":"https:\/\/ztsports.com\/fr\/store\/skate-guard-keychains\/","title":{"rendered":"Skate Guard Keychains Porte-cl\u00e9s Skate Guard"},"content":{"rendered":"<p>Skate Guard Keychains\u00a0<span class=\"Y2IQFc\" lang=\"fr\">Porte-cl\u00e9s Skate Guard<\/span><\/p>\n<pre id=\"tw-target-text\" class=\"tw-data-text tw-text-large tw-ta\" dir=\"ltr\" tabindex=\"-1\" role=\"text\" data-placeholder=\"Translation\" data-ved=\"2ahUKEwiNibzK6viTAxW8g4kEHQA9LawQ3ewLegQIDBAV\" aria-label=\"Translated text: Adorables porte-cl\u00e9s mini prot\u00e8ge-patins. Collectionnez-les, accrochez-les \u00e0 votre sac de patins, offrez-les \u00e0 vos amis pour leur porter chance en comp\u00e9tition. Couleurs assorties.\r\n\r\nPorte-cl\u00e9s disponibles en plusieurs couleurs. Parfaits pour les patineurs.\r\n\r\nD\u00e9couvrez notre s\u00e9lection de porte-cl\u00e9s uniques, parfaits pour votre sac de patins ou vos cl\u00e9s.\r\n\r\nLes couleurs peuvent diff\u00e9rer de celles pr\u00e9sent\u00e9es. Veuillez indiquer vos pr\u00e9f\u00e9rences de couleur dans la section commentaires de votre commande.\r\n\r\nAdorables porte-cl\u00e9s mini prot\u00e8ge-patins. Collectionnez-les, accrochez-les \u00e0 votre sac de patins, offrez-les \u00e0 vos amis pour leur porter chance en comp\u00e9tition. Couleurs assorties.\r\n\r\nUne version miniature des prot\u00e8ge-patins. Adorables porte-cl\u00e9s mini prot\u00e8ge-patins. Collectionnez-les, accrochez-les \u00e0 votre sac de patins, offrez-les \u00e0 vos amis pour leur porter chance en comp\u00e9tition. Couleurs assorties.\"><span class=\"Y2IQFc\" lang=\"fr\">Adorables porte-cl\u00e9s mini prot\u00e8ge-patins. Collectionnez-les, accrochez-les \u00e0 votre sac de patins, \r\noffrez-les \u00e0 vos amis pour leur porter chance en comp\u00e9tition. Couleurs assorties.\r\nSkate Guard Keychains\u00a0Porte-cl\u00e9s Skate Guard\r\nPorte-cl\u00e9s disponibles en plusieurs couleurs. Parfaits pour les patineurs.\r\n\r\nD\u00e9couvrez notre s\u00e9lection de porte-cl\u00e9s uniques, parfaits pour votre sac de patins ou vos cl\u00e9s.\r\n\r\nLes couleurs peuvent diff\u00e9rer de celles pr\u00e9sent\u00e9es. \r\nVeuillez indiquer vos pr\u00e9f\u00e9rences de couleur dans la section commentaires de votre commande.\r\nSkate Guard Keychains\u00a0Porte-cl\u00e9s Skate Guard\r\nAdorables porte-cl\u00e9s mini prot\u00e8ge-patins. Collectionnez-les, accrochez-les \u00e0 votre sac de patins, \r\noffrez-les \u00e0 vos amis pour leur porter chance en comp\u00e9tition. Couleurs assorties.\r\nSkate Guard Keychains\u00a0Porte-cl\u00e9s Skate Guard\r\nUne version miniature des prot\u00e8ge-patins. Adorables porte-cl\u00e9s mini prot\u00e8ge-patins. Collectionnez-les, \r\naccrochez-les \u00e0 votre sac de patins, offrez-les \u00e0 vos amis pour leur porter chance en comp\u00e9tition. Couleurs assorties.<\/span><\/pre>\n<p><em>Affichez votre esprit patineur avec nos porte-cl\u00e9s Skate Guard<\/em>, un accessoire amusant pour vos cl\u00e9s, votre sac \u00e0 dos ou votre veste, o\u00f9 que vous alliez.<\/p>\n","protected":false},"excerpt":{"rendered":"<p>Skate Guard Keychains\u00a0Porte-cl\u00e9s Skate Guard Adorables porte-cl\u00e9s mini prot\u00e8ge-patins. Collectionnez-les, accrochez-les \u00e0 votre sac de patins, offrez-les \u00e0 vos amis pour leur porter chance en comp\u00e9tition. Couleurs assorties. Skate Guard Keychains\u00a0Porte-cl\u00e9s Skate Guard Porte-cl\u00e9s disponibles en plusieurs couleurs. Parfaits pour les patineurs. D\u00e9couvrez notre s\u00e9lection de porte-cl\u00e9s uniques, parfaits pour votre sac de patins ou [&hellip;]<\/p>\n","protected":false},"featured_media":25088,"comment_status":"open","ping_status":"closed","template":"","meta":{"_acf_changed":false,"_monsterinsights_skip_tracking":false,"_monsterinsights_sitenote_active":false,"_monsterinsights_sitenote_note":"","_monsterinsights_sitenote_category":0,"_uf_show_specific_survey":0,"_uf_disable_surveys":false,"site-sidebar-layout":"default","site-content-layout":"","ast-site-content-layout":"default","site-content-style":"default","site-sidebar-style":"default","ast-global-header-display":"","ast-banner-title-visibility":"","ast-main-header-display":"","ast-hfb-above-header-display":"","ast-hfb-below-header-display":"","ast-hfb-mobile-header-display":"","site-post-title":"","ast-breadcrumbs-content":"","ast-featured-img":"","footer-sml-layout":"","ast-disable-related-posts":"","theme-transparent-header-meta":"default","adv-header-id-meta":"","stick-header-meta":"","header-above-stick-meta":"","header-main-stick-meta":"","header-below-stick-meta":"","astra-migrate-meta-layouts":"set","ast-page-background-enabled":"default","ast-page-background-meta":{"desktop":{"background-color":"","background-image":"","background-repeat":"repeat","background-position":"center center","background-size":"auto","background-attachment":"scroll","background-type":"","background-media":"","overlay-type":"","overlay-color":"","overlay-opacity":"","overlay-gradient":""},"tablet":{"background-color":"","background-image":"","background-repeat":"repeat","background-position":"center center","background-size":"auto","background-attachment":"scroll","background-type":"","background-media":"","overlay-type":"","overlay-color":"","overlay-opacity":"","overlay-gradient":""},"mobile":{"background-color":"","background-image":"","background-repeat":"repeat","background-position":"center center","background-size":"auto","background-attachment":"scroll","background-type":"","background-media":"","overlay-type":"","overlay-color":"","overlay-opacity":"","overlay-gradient":""}},"ast-content-background-meta":{"desktop":{"background-color":"var(--ast-global-color-5)","background-image":"","background-repeat":"repeat","background-position":"center center","background-size":"auto","background-attachment":"scroll","background-type":"","background-media":"","overlay-type":"","overlay-color":"","overlay-opacity":"","overlay-gradient":""},"tablet":{"background-color":"var(--ast-global-color-5)","background-image":"","background-repeat":"repeat","background-position":"center center","background-size":"auto","background-attachment":"scroll","background-type":"","background-media":"","overlay-type":"","overlay-color":"","overlay-opacity":"","overlay-gradient":""},"mobile":{"background-color":"var(--ast-global-color-5)","background-image":"","background-repeat":"repeat","background-position":"center center","background-size":"auto","background-attachment":"scroll","background-type":"","background-media":"","overlay-type":"","overlay-color":"","overlay-opacity":"","overlay-gradient":""}}},"product_brand":[3307,3365],"product_cat":[4577],"product_tag":[4696,4695],"class_list":{"0":"post-21897","1":"product","2":"type-product","3":"status-publish","4":"has-post-thumbnail","6":"product_brand-guard-dog","7":"product_brand-zt-sports","8":"product_cat-cadeaux","9":"product_tag-porte-cles-skate-guard","10":"product_tag-skate-guard-keychains","11":"desktop-align-left","12":"tablet-align-left","13":"mobile-align-left","15":"first","16":"instock","17":"sale","18":"taxable","19":"shipping-taxable","20":"purchasable","21":"product-type-simple"},"acf":[],"_links":{"self":[{"href":"https:\/\/ztsports.com\/fr\/wp-json\/wp\/v2\/product\/21897","targetHints":{"allow":["GET"]}}],"collection":[{"href":"https:\/\/ztsports.com\/fr\/wp-json\/wp\/v2\/product"}],"about":[{"href":"https:\/\/ztsports.com\/fr\/wp-json\/wp\/v2\/types\/product"}],"replies":[{"embeddable":true,"href":"https:\/\/ztsports.com\/fr\/wp-json\/wp\/v2\/comments?post=21897"}],"version-history":[{"count":3,"href":"https:\/\/ztsports.com\/fr\/wp-json\/wp\/v2\/product\/21897\/revisions"}],"predecessor-version":[{"id":25676,"href":"https:\/\/ztsports.com\/fr\/wp-json\/wp\/v2\/product\/21897\/revisions\/25676"}],"wp:featuredmedia":[{"embeddable":true,"href":"https:\/\/ztsports.com\/fr\/wp-json\/wp\/v2\/media\/25088"}],"wp:attachment":[{"href":"https:\/\/ztsports.com\/fr\/wp-json\/wp\/v2\/media?parent=21897"}],"wp:term":[{"taxonomy":"product_brand","embeddable":true,"href":"https:\/\/ztsports.com\/fr\/wp-json\/wp\/v2\/product_brand?post=21897"},{"taxonomy":"product_cat","embeddable":true,"href":"https:\/\/ztsports.com\/fr\/wp-json\/wp\/v2\/product_cat?post=21897"},{"taxonomy":"product_tag","embeddable":true,"href":"https:\/\/ztsports.com\/fr\/wp-json\/wp\/v2\/product_tag?post=21897"}],"curies":[{"name":"wp","href":"https:\/\/api.w.org\/{rel}","templated":true}]}}