{"id":21891,"date":"2026-01-13T16:26:01","date_gmt":"2026-01-13T16:26:01","guid":{"rendered":"https:\/\/ztsports.com\/?post_type=product&#038;p=21891"},"modified":"2026-04-19T02:21:43","modified_gmt":"2026-04-19T02:21:43","slug":"outil-burrmaster-pour-patins-de-vitesse","status":"publish","type":"product","link":"https:\/\/ztsports.com\/fr\/store\/outil-burrmaster-pour-patins-de-vitesse\/","title":{"rendered":"OUTIL BURRMASTER POUR PATINS DE VITESSE"},"content":{"rendered":"<h1>OUTIL BURRMASTER POUR PATINS DE VITESSE<\/h1>\n<p>L\u2019outil BURRMASTER : pr\u00e9cis, compact et l\u2019appareil de d\u00e9mangeage le plus efficace jamais fabriqu\u00e9 ! Con\u00e7u \u00e0 partir de mat\u00e9riaux de qualit\u00e9 pour durer toute une vie. L\u00e9ger et dot\u00e9 d\u2019un insert en carbure durable, cet outil de d\u00e9mangeage offre un excellent rapport qualit\u00e9-prix.<\/p>\n<p>Burr-Master est pr\u00e9cis, compact et l\u2019un des outils de d\u00e9mangeage les plus efficaces jamais fabriqu\u00e9s ! Fabriqu\u00e9 avec des mat\u00e9riaux con\u00e7us pour durer toute une vie. S\u00fbr, compact, l\u00e9ger et durable. La lame en carbure de tungst\u00e8ne rase les bavures de mani\u00e8re nette et efficace, faisant de cet outil de d\u00e9mangeage un excellent investissement \u00e0 long terme tout en laissant peu de risque d\u2019endommager le tranchant de vos lames par erreur. Il laisse \u00e0 chaque fois un tranchant tr\u00e8s lisse et durable.<\/p>\n<p>Enfin, d\u00e9couvrez tous nos <a href=\"https:\/\/ztsports.com\/product-category\/sharpening\/burr-stones\/\"><strong>Outils de suppression des bavures ici<\/strong><\/a>.<\/p>\n","protected":false},"excerpt":{"rendered":"<p>OUTIL BURRMASTER POUR PATINS DE VITESSE L\u2019outil BURRMASTER : pr\u00e9cis, compact et l\u2019appareil de d\u00e9mangeage le plus efficace jamais fabriqu\u00e9 ! Con\u00e7u \u00e0 partir de mat\u00e9riaux de qualit\u00e9 pour durer toute une vie. L\u00e9ger et dot\u00e9 d\u2019un insert en carbure durable, cet outil de d\u00e9mangeage offre un excellent rapport qualit\u00e9-prix. Burr-Master est pr\u00e9cis, compact et [&hellip;]<\/p>\n","protected":false},"featured_media":21890,"comment_status":"open","ping_status":"closed","template":"","meta":{"_acf_changed":false,"_monsterinsights_skip_tracking":false,"_monsterinsights_sitenote_active":false,"_monsterinsights_sitenote_note":"","_monsterinsights_sitenote_category":0,"_uf_show_specific_survey":0,"_uf_disable_surveys":false,"site-sidebar-layout":"default","site-content-layout":"","ast-site-content-layout":"default","site-content-style":"default","site-sidebar-style":"default","ast-global-header-display":"","ast-banner-title-visibility":"","ast-main-header-display":"","ast-hfb-above-header-display":"","ast-hfb-below-header-display":"","ast-hfb-mobile-header-display":"","site-post-title":"","ast-breadcrumbs-content":"","ast-featured-img":"","footer-sml-layout":"","ast-disable-related-posts":"","theme-transparent-header-meta":"default","adv-header-id-meta":"","stick-header-meta":"","header-above-stick-meta":"","header-main-stick-meta":"","header-below-stick-meta":"","astra-migrate-meta-layouts":"set","ast-page-background-enabled":"default","ast-page-background-meta":{"desktop":{"background-color":"","background-image":"","background-repeat":"repeat","background-position":"center center","background-size":"auto","background-attachment":"scroll","background-type":"","background-media":"","overlay-type":"","overlay-color":"","overlay-opacity":"","overlay-gradient":""},"tablet":{"background-color":"","background-image":"","background-repeat":"repeat","background-position":"center center","background-size":"auto","background-attachment":"scroll","background-type":"","background-media":"","overlay-type":"","overlay-color":"","overlay-opacity":"","overlay-gradient":""},"mobile":{"background-color":"","background-image":"","background-repeat":"repeat","background-position":"center center","background-size":"auto","background-attachment":"scroll","background-type":"","background-media":"","overlay-type":"","overlay-color":"","overlay-opacity":"","overlay-gradient":""}},"ast-content-background-meta":{"desktop":{"background-color":"var(--ast-global-color-5)","background-image":"","background-repeat":"repeat","background-position":"center center","background-size":"auto","background-attachment":"scroll","background-type":"","background-media":"","overlay-type":"","overlay-color":"","overlay-opacity":"","overlay-gradient":""},"tablet":{"background-color":"var(--ast-global-color-5)","background-image":"","background-repeat":"repeat","background-position":"center center","background-size":"auto","background-attachment":"scroll","background-type":"","background-media":"","overlay-type":"","overlay-color":"","overlay-opacity":"","overlay-gradient":""},"mobile":{"background-color":"var(--ast-global-color-5)","background-image":"","background-repeat":"repeat","background-position":"center center","background-size":"auto","background-attachment":"scroll","background-type":"","background-media":"","overlay-type":"","overlay-color":"","overlay-opacity":"","overlay-gradient":""}}},"product_brand":[3288],"product_cat":[3378],"product_tag":[4697],"class_list":{"0":"post-21891","1":"product","2":"type-product","3":"status-publish","4":"has-post-thumbnail","6":"product_brand-burrmaster","7":"product_cat-non-categorise","8":"product_tag-outil-burrmaster","9":"desktop-align-left","10":"tablet-align-left","11":"mobile-align-left","13":"first","14":"instock","15":"taxable","16":"shipping-taxable","17":"purchasable","18":"product-type-simple"},"acf":[],"_links":{"self":[{"href":"https:\/\/ztsports.com\/fr\/wp-json\/wp\/v2\/product\/21891","targetHints":{"allow":["GET"]}}],"collection":[{"href":"https:\/\/ztsports.com\/fr\/wp-json\/wp\/v2\/product"}],"about":[{"href":"https:\/\/ztsports.com\/fr\/wp-json\/wp\/v2\/types\/product"}],"replies":[{"embeddable":true,"href":"https:\/\/ztsports.com\/fr\/wp-json\/wp\/v2\/comments?post=21891"}],"version-history":[{"count":1,"href":"https:\/\/ztsports.com\/fr\/wp-json\/wp\/v2\/product\/21891\/revisions"}],"predecessor-version":[{"id":21892,"href":"https:\/\/ztsports.com\/fr\/wp-json\/wp\/v2\/product\/21891\/revisions\/21892"}],"wp:featuredmedia":[{"embeddable":true,"href":"https:\/\/ztsports.com\/fr\/wp-json\/wp\/v2\/media\/21890"}],"wp:attachment":[{"href":"https:\/\/ztsports.com\/fr\/wp-json\/wp\/v2\/media?parent=21891"}],"wp:term":[{"taxonomy":"product_brand","embeddable":true,"href":"https:\/\/ztsports.com\/fr\/wp-json\/wp\/v2\/product_brand?post=21891"},{"taxonomy":"product_cat","embeddable":true,"href":"https:\/\/ztsports.com\/fr\/wp-json\/wp\/v2\/product_cat?post=21891"},{"taxonomy":"product_tag","embeddable":true,"href":"https:\/\/ztsports.com\/fr\/wp-json\/wp\/v2\/product_tag?post=21891"}],"curies":[{"name":"wp","href":"https:\/\/api.w.org\/{rel}","templated":true}]}}