{"id":21888,"date":"2026-01-13T16:40:21","date_gmt":"2026-01-13T16:40:21","guid":{"rendered":"https:\/\/ztsports.com\/?post_type=product&#038;p=21888"},"modified":"2026-04-19T02:29:21","modified_gmt":"2026-04-19T02:29:21","slug":"zandstra-neoprene-boot-cover","status":"publish","type":"product","link":"https:\/\/ztsports.com\/fr\/store\/zandstra-neoprene-boot-cover\/","title":{"rendered":"Zandstra Neoprene Boot Cover"},"content":{"rendered":"<h2>Zandstra Neoprene Boot Cover<\/h2>\n<pre class=\"tw-data-text tw-text-large tw-ta\" dir=\"ltr\" tabindex=\"-1\" role=\"text\" data-placeholder=\"Translation\" data-ved=\"2ahUKEwjI8pma7viTAxV_EGIAHW-9AokQ3ewLegQIDBAV\" aria-label=\"Translated text: Surchaussures en n\u00e9opr\u00e8ne Zandstra Gardez vos pieds bien au chaud par temps froid gr\u00e2ce \u00e0 ces surchaussures en n\u00e9opr\u00e8ne. Description du produit Ces surchaussures Zandstra en n\u00e9opr\u00e8ne (r\u00e9f. 1950) sont con\u00e7ues pour se glisser par-dessus vos bottes de patinage et les prot\u00e9ger de l'humidit\u00e9, de la salet\u00e9 et de l'usure quotidienne sur la glace. Elles font partie des accessoires de patinage et s'utilisent avec vos patins pour une protection et une isolation suppl\u00e9mentaires. Fabriqu\u00e9es en n\u00e9opr\u00e8ne, ces surchaussures allient \u00e9lasticit\u00e9 et r\u00e9sistance pour un enfilage et un retrait faciles. Le n\u00e9opr\u00e8ne conserve la chaleur autour de vos pieds et r\u00e9siste aux \u00e9claboussures de glace ou de neige fondue, tout en prot\u00e9geant l'ext\u00e9rieur de vos bottes des \u00e9raflures et des rayures lors du transport et de l'utilisation. Cliquez pour lire la description du produit par Zandstra S (36-39) 1950 M (40-45) 1950 L (46-48) 1950\"><span class=\"Y2IQFc\" lang=\"fr\">Surchaussures en n\u00e9opr\u00e8ne Zandstra\r\n\r\nGardez vos pieds bien au chaud par temps froid gr\u00e2ce \u00e0 ces surchaussures en n\u00e9opr\u00e8ne.\r\n\r\nDescription du produit<\/span><\/pre>\n<h2>Zandstra Neoprene Boot Cover<\/h2>\n<pre class=\"tw-data-text tw-text-large tw-ta\" dir=\"ltr\" tabindex=\"-1\" role=\"text\" data-placeholder=\"Translation\" data-ved=\"2ahUKEwjI8pma7viTAxV_EGIAHW-9AokQ3ewLegQIDBAV\" aria-label=\"Translated text: Surchaussures en n\u00e9opr\u00e8ne Zandstra Gardez vos pieds bien au chaud par temps froid gr\u00e2ce \u00e0 ces surchaussures en n\u00e9opr\u00e8ne. Description du produit Ces surchaussures Zandstra en n\u00e9opr\u00e8ne (r\u00e9f. 1950) sont con\u00e7ues pour se glisser par-dessus vos bottes de patinage et les prot\u00e9ger de l'humidit\u00e9, de la salet\u00e9 et de l'usure quotidienne sur la glace. Elles font partie des accessoires de patinage et s'utilisent avec vos patins pour une protection et une isolation suppl\u00e9mentaires. Fabriqu\u00e9es en n\u00e9opr\u00e8ne, ces surchaussures allient \u00e9lasticit\u00e9 et r\u00e9sistance pour un enfilage et un retrait faciles. Le n\u00e9opr\u00e8ne conserve la chaleur autour de vos pieds et r\u00e9siste aux \u00e9claboussures de glace ou de neige fondue, tout en prot\u00e9geant l'ext\u00e9rieur de vos bottes des \u00e9raflures et des rayures lors du transport et de l'utilisation. Cliquez pour lire la description du produit par Zandstra S (36-39) 1950 M (40-45) 1950 L (46-48) 1950\"><span class=\"Y2IQFc\" lang=\"fr\">\r\nCes surchaussures Zandstra en n\u00e9opr\u00e8ne (r\u00e9f. 1950) sont con\u00e7ues pour se glisser par-dessus \r\nvos bottes de patinage et les prot\u00e9ger de l'humidit\u00e9, \r\nde la salet\u00e9 et de l'usure quotidienne sur la glace. \r\n\r\nElles font partie des accessoires de patinage et s'utilisent \r\navec vos patins pour une protection et une isolation suppl\u00e9mentaires.\r\n\r\nFabriqu\u00e9es en n\u00e9opr\u00e8ne, ces surchaussures allient \u00e9lasticit\u00e9 et r\u00e9sistance pour un enfilage et un retrait faciles. \r\nLe n\u00e9opr\u00e8ne conserve \r\n\r\nla chaleur autour de vos pieds et r\u00e9siste aux \u00e9claboussures de glace ou de neige fondue, \r\ntout en prot\u00e9geant l'ext\u00e9rieur de vos bottes des \u00e9raflures et des rayures lors du transport et de l'utilisation.\r\n\r\nCliquez pour lire la description du produit par Zandstra\r\n<\/span><\/pre>\n<h5>Zandstra Neoprene Boot Cover<\/h5>\n<h5><span class=\"Y2IQFc\" lang=\"fr\"> S (36-39) 1950 <\/span><\/h5>\n<h5><span class=\"Y2IQFc\" lang=\"fr\">M (40-45) 1950 <\/span><\/h5>\n<h5><span class=\"Y2IQFc\" lang=\"fr\">L (46-48) 1950<\/span><\/h5>\n","protected":false},"excerpt":{"rendered":"<p>Zandstra Neoprene Boot Cover Surchaussures en n\u00e9opr\u00e8ne Zandstra Gardez vos pieds bien au chaud par temps froid gr\u00e2ce \u00e0 ces surchaussures en n\u00e9opr\u00e8ne. Description du produit Zandstra Neoprene Boot Cover Ces surchaussures Zandstra en n\u00e9opr\u00e8ne (r\u00e9f. 1950) sont con\u00e7ues pour se glisser par-dessus vos bottes de patinage et les prot\u00e9ger de l&#8217;humidit\u00e9, de la salet\u00e9 [&hellip;]<\/p>\n","protected":false},"featured_media":24853,"comment_status":"open","ping_status":"closed","template":"","meta":{"_acf_changed":false,"_monsterinsights_skip_tracking":false,"_monsterinsights_sitenote_active":false,"_monsterinsights_sitenote_note":"","_monsterinsights_sitenote_category":0,"_uf_show_specific_survey":0,"_uf_disable_surveys":false,"site-sidebar-layout":"default","site-content-layout":"","ast-site-content-layout":"default","site-content-style":"default","site-sidebar-style":"default","ast-global-header-display":"","ast-banner-title-visibility":"","ast-main-header-display":"","ast-hfb-above-header-display":"","ast-hfb-below-header-display":"","ast-hfb-mobile-header-display":"","site-post-title":"","ast-breadcrumbs-content":"","ast-featured-img":"","footer-sml-layout":"","ast-disable-related-posts":"","theme-transparent-header-meta":"default","adv-header-id-meta":"","stick-header-meta":"","header-above-stick-meta":"","header-main-stick-meta":"","header-below-stick-meta":"","astra-migrate-meta-layouts":"set","ast-page-background-enabled":"default","ast-page-background-meta":{"desktop":{"background-color":"","background-image":"","background-repeat":"repeat","background-position":"center center","background-size":"auto","background-attachment":"scroll","background-type":"","background-media":"","overlay-type":"","overlay-color":"","overlay-opacity":"","overlay-gradient":""},"tablet":{"background-color":"","background-image":"","background-repeat":"repeat","background-position":"center center","background-size":"auto","background-attachment":"scroll","background-type":"","background-media":"","overlay-type":"","overlay-color":"","overlay-opacity":"","overlay-gradient":""},"mobile":{"background-color":"","background-image":"","background-repeat":"repeat","background-position":"center center","background-size":"auto","background-attachment":"scroll","background-type":"","background-media":"","overlay-type":"","overlay-color":"","overlay-opacity":"","overlay-gradient":""}},"ast-content-background-meta":{"desktop":{"background-color":"var(--ast-global-color-5)","background-image":"","background-repeat":"repeat","background-position":"center center","background-size":"auto","background-attachment":"scroll","background-type":"","background-media":"","overlay-type":"","overlay-color":"","overlay-opacity":"","overlay-gradient":""},"tablet":{"background-color":"var(--ast-global-color-5)","background-image":"","background-repeat":"repeat","background-position":"center center","background-size":"auto","background-attachment":"scroll","background-type":"","background-media":"","overlay-type":"","overlay-color":"","overlay-opacity":"","overlay-gradient":""},"mobile":{"background-color":"var(--ast-global-color-5)","background-image":"","background-repeat":"repeat","background-position":"center center","background-size":"auto","background-attachment":"scroll","background-type":"","background-media":"","overlay-type":"","overlay-color":"","overlay-opacity":"","overlay-gradient":""}}},"product_brand":[3363,3364],"product_cat":[3378],"product_tag":[],"class_list":{"0":"post-21888","1":"product","2":"type-product","3":"status-publish","4":"has-post-thumbnail","6":"product_brand-zandstra","7":"product_brand-zanstra","8":"product_cat-non-categorise","9":"desktop-align-left","10":"tablet-align-left","11":"mobile-align-left","13":"first","14":"instock","15":"taxable","16":"shipping-taxable","17":"purchasable","18":"product-type-simple"},"acf":[],"_links":{"self":[{"href":"https:\/\/ztsports.com\/fr\/wp-json\/wp\/v2\/product\/21888","targetHints":{"allow":["GET"]}}],"collection":[{"href":"https:\/\/ztsports.com\/fr\/wp-json\/wp\/v2\/product"}],"about":[{"href":"https:\/\/ztsports.com\/fr\/wp-json\/wp\/v2\/types\/product"}],"replies":[{"embeddable":true,"href":"https:\/\/ztsports.com\/fr\/wp-json\/wp\/v2\/comments?post=21888"}],"version-history":[{"count":4,"href":"https:\/\/ztsports.com\/fr\/wp-json\/wp\/v2\/product\/21888\/revisions"}],"predecessor-version":[{"id":25684,"href":"https:\/\/ztsports.com\/fr\/wp-json\/wp\/v2\/product\/21888\/revisions\/25684"}],"wp:featuredmedia":[{"embeddable":true,"href":"https:\/\/ztsports.com\/fr\/wp-json\/wp\/v2\/media\/24853"}],"wp:attachment":[{"href":"https:\/\/ztsports.com\/fr\/wp-json\/wp\/v2\/media?parent=21888"}],"wp:term":[{"taxonomy":"product_brand","embeddable":true,"href":"https:\/\/ztsports.com\/fr\/wp-json\/wp\/v2\/product_brand?post=21888"},{"taxonomy":"product_cat","embeddable":true,"href":"https:\/\/ztsports.com\/fr\/wp-json\/wp\/v2\/product_cat?post=21888"},{"taxonomy":"product_tag","embeddable":true,"href":"https:\/\/ztsports.com\/fr\/wp-json\/wp\/v2\/product_tag?post=21888"}],"curies":[{"name":"wp","href":"https:\/\/api.w.org\/{rel}","templated":true}]}}