{"id":21882,"date":"2026-01-13T16:44:29","date_gmt":"2026-01-13T16:44:29","guid":{"rendered":"https:\/\/ztsports.com\/?post_type=product&#038;p=21882"},"modified":"2026-04-19T02:32:26","modified_gmt":"2026-04-19T02:32:26","slug":"gabarit-daffutage-zandstra","status":"publish","type":"product","link":"https:\/\/ztsports.com\/fr\/store\/gabarit-daffutage-zandstra\/","title":{"rendered":"Gabarit d\u2019aff\u00fbtage ZANDSTRA pour lames nordiques"},"content":{"rendered":"<h2 data-rm-block-id=\"block-1\">Gabarit d\u2019aff\u00fbtage ZANDSTRA pour lames nordiques<\/h2>\n<p data-rm-block-id=\"block-2\">Gabarit d\u2019aff\u00fbtage ZANDSTRA pour lames nordiques ; Le patinage sur lames nordiques devient de plus en plus populaire. Comme pour les patins de vitesse traditionnels, ces longues lames n\u00e9cessitent un entretien tel que l\u2019aff\u00fbtage et le polissage. Zandstra Sport a d\u00e9velopp\u00e9 un gabarit d\u2019aff\u00fbtage sp\u00e9cial pour patins nordiques, appel\u00e9 \u00ab VING UPP \u00bb.<\/p>\n<h4 data-rm-block-id=\"block-3\">Les principaux avantages du VING UPP sont :<\/h4>\n<ul>\n<li data-rm-block-id=\"block-4\">La fixation peut rester sur le cadre<\/li>\n<li data-rm-block-id=\"block-5\">Le Upp s\u2019adapte \u00e0 tous les types, mod\u00e8les et marques<\/li>\n<li data-rm-block-id=\"block-6\">Le Upp s\u2019adapte \u00e0 toutes les tailles<\/li>\n<li data-rm-block-id=\"block-7\">Les lames peuvent \u00eatre facilement et fermement maintenues<\/li>\n<li data-rm-block-id=\"block-8\">Compact, l\u00e9ger, facile \u00e0 transporter<\/li>\n<\/ul>\n","protected":false},"excerpt":{"rendered":"<p>Gabarit d\u2019aff\u00fbtage ZANDSTRA pour lames nordiques Gabarit d\u2019aff\u00fbtage ZANDSTRA pour lames nordiques ; Le patinage sur lames nordiques devient de plus en plus populaire. Comme pour les patins de vitesse traditionnels, ces longues lames n\u00e9cessitent un entretien tel que l\u2019aff\u00fbtage et le polissage. Zandstra Sport a d\u00e9velopp\u00e9 un gabarit d\u2019aff\u00fbtage sp\u00e9cial pour patins nordiques, appel\u00e9 [&hellip;]<\/p>\n","protected":false},"featured_media":21866,"comment_status":"open","ping_status":"closed","template":"","meta":{"_acf_changed":false,"_monsterinsights_skip_tracking":false,"_monsterinsights_sitenote_active":false,"_monsterinsights_sitenote_note":"","_monsterinsights_sitenote_category":0,"_uf_show_specific_survey":0,"_uf_disable_surveys":false,"site-sidebar-layout":"default","site-content-layout":"","ast-site-content-layout":"default","site-content-style":"default","site-sidebar-style":"default","ast-global-header-display":"","ast-banner-title-visibility":"","ast-main-header-display":"","ast-hfb-above-header-display":"","ast-hfb-below-header-display":"","ast-hfb-mobile-header-display":"","site-post-title":"","ast-breadcrumbs-content":"","ast-featured-img":"","footer-sml-layout":"","ast-disable-related-posts":"","theme-transparent-header-meta":"default","adv-header-id-meta":"","stick-header-meta":"","header-above-stick-meta":"","header-main-stick-meta":"","header-below-stick-meta":"","astra-migrate-meta-layouts":"set","ast-page-background-enabled":"default","ast-page-background-meta":{"desktop":{"background-color":"","background-image":"","background-repeat":"repeat","background-position":"center center","background-size":"auto","background-attachment":"scroll","background-type":"","background-media":"","overlay-type":"","overlay-color":"","overlay-opacity":"","overlay-gradient":""},"tablet":{"background-color":"","background-image":"","background-repeat":"repeat","background-position":"center center","background-size":"auto","background-attachment":"scroll","background-type":"","background-media":"","overlay-type":"","overlay-color":"","overlay-opacity":"","overlay-gradient":""},"mobile":{"background-color":"","background-image":"","background-repeat":"repeat","background-position":"center center","background-size":"auto","background-attachment":"scroll","background-type":"","background-media":"","overlay-type":"","overlay-color":"","overlay-opacity":"","overlay-gradient":""}},"ast-content-background-meta":{"desktop":{"background-color":"var(--ast-global-color-5)","background-image":"","background-repeat":"repeat","background-position":"center center","background-size":"auto","background-attachment":"scroll","background-type":"","background-media":"","overlay-type":"","overlay-color":"","overlay-opacity":"","overlay-gradient":""},"tablet":{"background-color":"var(--ast-global-color-5)","background-image":"","background-repeat":"repeat","background-position":"center center","background-size":"auto","background-attachment":"scroll","background-type":"","background-media":"","overlay-type":"","overlay-color":"","overlay-opacity":"","overlay-gradient":""},"mobile":{"background-color":"var(--ast-global-color-5)","background-image":"","background-repeat":"repeat","background-position":"center center","background-size":"auto","background-attachment":"scroll","background-type":"","background-media":"","overlay-type":"","overlay-color":"","overlay-opacity":"","overlay-gradient":""}}},"product_brand":[3363,3364],"product_cat":[4552],"product_tag":[3611,4698],"class_list":{"0":"post-21882","1":"product","2":"type-product","3":"status-publish","4":"has-post-thumbnail","6":"product_brand-zandstra","7":"product_brand-zanstra","8":"product_cat-patins-du-canal-nordique","9":"product_tag-gabarit-daffutage","10":"product_tag-zandstra","11":"desktop-align-left","12":"tablet-align-left","13":"mobile-align-left","15":"first","16":"instock","17":"taxable","18":"shipping-taxable","19":"purchasable","20":"product-type-simple"},"acf":[],"_links":{"self":[{"href":"https:\/\/ztsports.com\/fr\/wp-json\/wp\/v2\/product\/21882","targetHints":{"allow":["GET"]}}],"collection":[{"href":"https:\/\/ztsports.com\/fr\/wp-json\/wp\/v2\/product"}],"about":[{"href":"https:\/\/ztsports.com\/fr\/wp-json\/wp\/v2\/types\/product"}],"replies":[{"embeddable":true,"href":"https:\/\/ztsports.com\/fr\/wp-json\/wp\/v2\/comments?post=21882"}],"version-history":[{"count":4,"href":"https:\/\/ztsports.com\/fr\/wp-json\/wp\/v2\/product\/21882\/revisions"}],"predecessor-version":[{"id":21886,"href":"https:\/\/ztsports.com\/fr\/wp-json\/wp\/v2\/product\/21882\/revisions\/21886"}],"wp:featuredmedia":[{"embeddable":true,"href":"https:\/\/ztsports.com\/fr\/wp-json\/wp\/v2\/media\/21866"}],"wp:attachment":[{"href":"https:\/\/ztsports.com\/fr\/wp-json\/wp\/v2\/media?parent=21882"}],"wp:term":[{"taxonomy":"product_brand","embeddable":true,"href":"https:\/\/ztsports.com\/fr\/wp-json\/wp\/v2\/product_brand?post=21882"},{"taxonomy":"product_cat","embeddable":true,"href":"https:\/\/ztsports.com\/fr\/wp-json\/wp\/v2\/product_cat?post=21882"},{"taxonomy":"product_tag","embeddable":true,"href":"https:\/\/ztsports.com\/fr\/wp-json\/wp\/v2\/product_tag?post=21882"}],"curies":[{"name":"wp","href":"https:\/\/api.w.org\/{rel}","templated":true}]}}