{"id":21856,"date":"2026-01-13T17:39:50","date_gmt":"2026-01-13T17:39:50","guid":{"rendered":"https:\/\/ztsports.com\/?post_type=product&#038;p=21856"},"modified":"2026-04-13T02:34:43","modified_gmt":"2026-04-13T02:34:43","slug":"maplez-lt-m5-bolt-package","status":"publish","type":"product","link":"https:\/\/ztsports.com\/fr\/store\/maplez-lt-m5-bolt-package\/","title":{"rendered":"MapleZ LT M5 Bolt Package"},"content":{"rendered":"<h1 class=\"product-single__title\" data-rm-block-id=\"block-1\">Pack de boulons MapleZ LT M5<\/h1>\n<div class=\"ProductDetailsResponsiveDescriptionLongDiv\"><span id=\"ctl01_uxPlaceHolder_uxProductFormView_ctl01_uxTabContainerResponsive_uxLongDescriptionDiv_uxLongDescriptionLabel\" class=\"ProductDetailsResponsiveDescriptionLongLabel\"><br \/>\nLe mat\u00e9riel de montage MapleZ M5 est id\u00e9al \u00e0 avoir sous la main au cas o\u00f9 un impr\u00e9vu surviendrait sur la longue piste.<br \/>\n<\/span><\/div>\n<div class=\"ProductDetailsResponsiveDescriptionLongDiv\">\n<p>Compatible avec les mod\u00e8les suivants :<\/p>\n<h5>LT M5 Bolt Package<\/h5>\n<ul>\n<li>Blizzard<\/li>\n<li>Comet Aluminium<\/li>\n<li>Comet Laser<\/li>\n<li>Twin Laser<\/li>\n<li>Laser T-Bone<\/li>\n<li>Twin Laser T-Bone<\/li>\n<\/ul>\n<\/div>\n","protected":false},"excerpt":{"rendered":"<p>Pack de boulons MapleZ LT M5 Le mat\u00e9riel de montage MapleZ M5 est id\u00e9al \u00e0 avoir sous la main au cas o\u00f9 un impr\u00e9vu surviendrait sur la longue piste. Compatible avec les mod\u00e8les suivants : LT M5 Bolt Package Blizzard Comet Aluminium Comet Laser Twin Laser Laser T-Bone Twin Laser T-Bone<\/p>\n","protected":false},"featured_media":25296,"comment_status":"open","ping_status":"closed","template":"","meta":{"_acf_changed":false,"_monsterinsights_skip_tracking":false,"_monsterinsights_sitenote_active":false,"_monsterinsights_sitenote_note":"","_monsterinsights_sitenote_category":0,"_uf_show_specific_survey":0,"_uf_disable_surveys":false,"site-sidebar-layout":"default","site-content-layout":"","ast-site-content-layout":"default","site-content-style":"default","site-sidebar-style":"default","ast-global-header-display":"","ast-banner-title-visibility":"","ast-main-header-display":"","ast-hfb-above-header-display":"","ast-hfb-below-header-display":"","ast-hfb-mobile-header-display":"","site-post-title":"","ast-breadcrumbs-content":"","ast-featured-img":"","footer-sml-layout":"","ast-disable-related-posts":"","theme-transparent-header-meta":"default","adv-header-id-meta":"","stick-header-meta":"","header-above-stick-meta":"","header-main-stick-meta":"","header-below-stick-meta":"","astra-migrate-meta-layouts":"set","ast-page-background-enabled":"default","ast-page-background-meta":{"desktop":{"background-color":"","background-image":"","background-repeat":"repeat","background-position":"center center","background-size":"auto","background-attachment":"scroll","background-type":"","background-media":"","overlay-type":"","overlay-color":"","overlay-opacity":"","overlay-gradient":""},"tablet":{"background-color":"","background-image":"","background-repeat":"repeat","background-position":"center center","background-size":"auto","background-attachment":"scroll","background-type":"","background-media":"","overlay-type":"","overlay-color":"","overlay-opacity":"","overlay-gradient":""},"mobile":{"background-color":"","background-image":"","background-repeat":"repeat","background-position":"center center","background-size":"auto","background-attachment":"scroll","background-type":"","background-media":"","overlay-type":"","overlay-color":"","overlay-opacity":"","overlay-gradient":""}},"ast-content-background-meta":{"desktop":{"background-color":"var(--ast-global-color-5)","background-image":"","background-repeat":"repeat","background-position":"center center","background-size":"auto","background-attachment":"scroll","background-type":"","background-media":"","overlay-type":"","overlay-color":"","overlay-opacity":"","overlay-gradient":""},"tablet":{"background-color":"var(--ast-global-color-5)","background-image":"","background-repeat":"repeat","background-position":"center center","background-size":"auto","background-attachment":"scroll","background-type":"","background-media":"","overlay-type":"","overlay-color":"","overlay-opacity":"","overlay-gradient":""},"mobile":{"background-color":"var(--ast-global-color-5)","background-image":"","background-repeat":"repeat","background-position":"center center","background-size":"auto","background-attachment":"scroll","background-type":"","background-media":"","overlay-type":"","overlay-color":"","overlay-opacity":"","overlay-gradient":""}}},"product_brand":[3318,3319],"product_cat":[3391,3763,3467],"product_tag":[4670],"class_list":{"0":"post-21856","1":"product","2":"type-product","3":"status-publish","4":"has-post-thumbnail","6":"product_brand-maple","7":"product_brand-maplez","8":"product_cat-accessoires-pour-la-longue-piste","9":"product_cat-long-track-parts","10":"product_cat-patinage-de-vitesse","11":"product_tag-lt-m5-bolt-package","12":"desktop-align-left","13":"tablet-align-left","14":"mobile-align-left","16":"first","17":"instock","18":"taxable","19":"shipping-taxable","20":"purchasable","21":"product-type-simple"},"acf":[],"_links":{"self":[{"href":"https:\/\/ztsports.com\/fr\/wp-json\/wp\/v2\/product\/21856","targetHints":{"allow":["GET"]}}],"collection":[{"href":"https:\/\/ztsports.com\/fr\/wp-json\/wp\/v2\/product"}],"about":[{"href":"https:\/\/ztsports.com\/fr\/wp-json\/wp\/v2\/types\/product"}],"replies":[{"embeddable":true,"href":"https:\/\/ztsports.com\/fr\/wp-json\/wp\/v2\/comments?post=21856"}],"version-history":[{"count":4,"href":"https:\/\/ztsports.com\/fr\/wp-json\/wp\/v2\/product\/21856\/revisions"}],"predecessor-version":[{"id":25302,"href":"https:\/\/ztsports.com\/fr\/wp-json\/wp\/v2\/product\/21856\/revisions\/25302"}],"wp:featuredmedia":[{"embeddable":true,"href":"https:\/\/ztsports.com\/fr\/wp-json\/wp\/v2\/media\/25296"}],"wp:attachment":[{"href":"https:\/\/ztsports.com\/fr\/wp-json\/wp\/v2\/media?parent=21856"}],"wp:term":[{"taxonomy":"product_brand","embeddable":true,"href":"https:\/\/ztsports.com\/fr\/wp-json\/wp\/v2\/product_brand?post=21856"},{"taxonomy":"product_cat","embeddable":true,"href":"https:\/\/ztsports.com\/fr\/wp-json\/wp\/v2\/product_cat?post=21856"},{"taxonomy":"product_tag","embeddable":true,"href":"https:\/\/ztsports.com\/fr\/wp-json\/wp\/v2\/product_tag?post=21856"}],"curies":[{"name":"wp","href":"https:\/\/api.w.org\/{rel}","templated":true}]}}