{"id":21854,"date":"2026-01-14T11:46:19","date_gmt":"2026-01-14T11:46:19","guid":{"rendered":"https:\/\/ztsports.com\/?post_type=product&#038;p=21854"},"modified":"2026-04-12T23:44:12","modified_gmt":"2026-04-12T23:44:12","slug":"staybent-by-ehs-xc-weapon-firm-2","status":"publish","type":"product","link":"https:\/\/ztsports.com\/fr\/store\/staybent-by-ehs-xc-weapon-firm-2\/","title":{"rendered":"StayBent by EHS XC Weapon Firm"},"content":{"rendered":"<h1>StayBent par EHS XC Weapon Firm<\/h1>\n<p>Con\u00e7u pour les patineurs puissants qui exigent rigidit\u00e9, adh\u00e9rence et contr\u00f4le, le StayBent EHS XC Weapon Firm est la version plus rigide du XC Flex. Con\u00e7u avec une construction diff\u00e9rente des piliers, ce patin est con\u00e7u pour supporter des forces plus \u00e9lev\u00e9es.<\/p>\n<p>Alors que le XC Flex offre une flexion contr\u00f4l\u00e9e au niveau des l\u00e8vres, le XC Firm privil\u00e9gie la rigidit\u00e9 sur l\u2019ensemble de la lame \u2014 en particulier dans la partie inf\u00e9rieure \u2014 pour ceux qui ont besoin de plus de soutien, d\u2019un meilleur maintien dans les virages et d\u2019une meilleure puissance \u00e0 grande vitesse.<\/p>\n<p>Cela en fait le choix id\u00e9al pour les patineurs plus lourds ou physiquement puissants qui b\u00e9n\u00e9ficient d\u2019un patin qui ne fl\u00e9chit pas sous pression.<\/p>\n<p>Tout comme le XC Flex, les piliers plus larges permettent un transfert de puissance optimal sur toute la longueur de la lame. Associ\u00e9 \u00e0 des lames en PM complet (64Hrc) ou Bi-m\u00e9tal\/PM (66Hrc) et \u00e0 la Precision Bend Technology, le XC Firm assure une pr\u00e9-flexion constante et fiable avec une meilleure r\u00e9tention du tranchant et stabilit\u00e9 dans les sections techniques.<\/p>\n<p>Fabriqu\u00e9es \u00e0 la main par Hagen Techniek aux Pays-Bas, les coupelles PRO en aluminium am\u00e9lior\u00e9es du XC Firm sont plus l\u00e9g\u00e8res et plus rigides, r\u00e9duisant le poids global tout en augmentant la rigidit\u00e9 en torsion. Le r\u00e9sultat ?<\/p>\n<p>Une sensation de connexion et de stabilit\u00e9 sur la glace \u2014 parfaite pour l\u2019entra\u00eenement intensif et la comp\u00e9tition.<\/p>\n<p>Si vous recherchez une lame capable de supporter votre force tout en offrant un maintien, une pr\u00e9cision et une puissance maximaux, le XC Firm est votre lame ultime.<\/p>\n<h1>EHS XC Weapon<\/h1>\n<ul>\n<li>\n<h6><strong style=\"background-color: rgba(0, 0, 0, 0); font-family: 'Courier 10 Pitch', Courier, monospace; font-size: 1em;\"><span class=\"Y2IQFc\" lang=\"fr\">D\u00e9couvrez ici toutes nos lames <a href=\"https:\/\/ztsports.com\/fr\/product-category\/blades\/\">pour chenilles courtes<\/a>.<\/span><\/strong><\/h6>\n<\/li>\n<li>\n<h6><strong style=\"background-color: rgba(0, 0, 0, 0); font-family: 'Courier 10 Pitch', Courier, monospace; font-size: 1em;\"><span class=\"Y2IQFc\" lang=\"fr\">Consultez tous les <a href=\"https:\/\/ztsports.com\/brand\/staybent-by-ehs\/ehs\/\">produits EHS ici.<\/a><\/span><\/strong><\/h6>\n<\/li>\n<li>\n<h6><strong style=\"background-color: rgba(0, 0, 0, 0); font-family: 'Courier 10 Pitch', Courier, monospace; font-size: 1em;\"><span class=\"Y2IQFc\" lang=\"fr\">N&#8217;oubliez pas d&#8217;ajouter la<a href=\"https:\/\/ztsports.com\/product\/short-track-blade-preparation\/\"> pr\u00e9paration de la lame<\/a>.<\/span><\/strong><\/h6>\n<\/li>\n<\/ul>\n","protected":false},"excerpt":{"rendered":"<p>StayBent par EHS XC Weapon Firm Con\u00e7u pour les patineurs puissants qui exigent rigidit\u00e9, adh\u00e9rence et contr\u00f4le, le StayBent EHS XC Weapon Firm est la version plus rigide du XC Flex. Con\u00e7u avec une construction diff\u00e9rente des piliers, ce patin est con\u00e7u pour supporter des forces plus \u00e9lev\u00e9es. Alors que le XC Flex offre une [&hellip;]<\/p>\n","protected":false},"featured_media":21851,"comment_status":"open","ping_status":"closed","template":"","meta":{"_acf_changed":false,"_monsterinsights_skip_tracking":false,"_monsterinsights_sitenote_active":false,"_monsterinsights_sitenote_note":"","_monsterinsights_sitenote_category":0,"_uf_show_specific_survey":0,"_uf_disable_surveys":false,"site-sidebar-layout":"default","site-content-layout":"","ast-site-content-layout":"default","site-content-style":"default","site-sidebar-style":"default","ast-global-header-display":"","ast-banner-title-visibility":"","ast-main-header-display":"","ast-hfb-above-header-display":"","ast-hfb-below-header-display":"","ast-hfb-mobile-header-display":"","site-post-title":"","ast-breadcrumbs-content":"","ast-featured-img":"","footer-sml-layout":"","ast-disable-related-posts":"","theme-transparent-header-meta":"default","adv-header-id-meta":"","stick-header-meta":"","header-above-stick-meta":"","header-main-stick-meta":"","header-below-stick-meta":"","astra-migrate-meta-layouts":"set","ast-page-background-enabled":"default","ast-page-background-meta":{"desktop":{"background-color":"","background-image":"","background-repeat":"repeat","background-position":"center center","background-size":"auto","background-attachment":"scroll","background-type":"","background-media":"","overlay-type":"","overlay-color":"","overlay-opacity":"","overlay-gradient":""},"tablet":{"background-color":"","background-image":"","background-repeat":"repeat","background-position":"center center","background-size":"auto","background-attachment":"scroll","background-type":"","background-media":"","overlay-type":"","overlay-color":"","overlay-opacity":"","overlay-gradient":""},"mobile":{"background-color":"","background-image":"","background-repeat":"repeat","background-position":"center center","background-size":"auto","background-attachment":"scroll","background-type":"","background-media":"","overlay-type":"","overlay-color":"","overlay-opacity":"","overlay-gradient":""}},"ast-content-background-meta":{"desktop":{"background-color":"var(--ast-global-color-5)","background-image":"","background-repeat":"repeat","background-position":"center center","background-size":"auto","background-attachment":"scroll","background-type":"","background-media":"","overlay-type":"","overlay-color":"","overlay-opacity":"","overlay-gradient":""},"tablet":{"background-color":"var(--ast-global-color-5)","background-image":"","background-repeat":"repeat","background-position":"center center","background-size":"auto","background-attachment":"scroll","background-type":"","background-media":"","overlay-type":"","overlay-color":"","overlay-opacity":"","overlay-gradient":""},"mobile":{"background-color":"var(--ast-global-color-5)","background-image":"","background-repeat":"repeat","background-position":"center center","background-size":"auto","background-attachment":"scroll","background-type":"","background-media":"","overlay-type":"","overlay-color":"","overlay-opacity":"","overlay-gradient":""}}},"product_brand":[3347,3346],"product_cat":[4561,4560],"product_tag":[4563,3811,3796,3806,3805],"class_list":{"0":"post-21854","1":"product","2":"type-product","3":"status-publish","4":"has-post-thumbnail","6":"product_brand-ehs","7":"product_brand-staybent-by-ehs","8":"product_cat-blades","9":"product_cat-short-track-blades","10":"product_tag-best-blades","11":"product_tag-ehs","12":"product_tag-short-track","13":"product_tag-staybent","14":"product_tag-staybent-by-ehs","15":"desktop-align-left","16":"tablet-align-left","17":"mobile-align-left","19":"first","20":"instock","21":"taxable","22":"shipping-taxable","23":"purchasable","24":"product-type-simple"},"acf":[],"_links":{"self":[{"href":"https:\/\/ztsports.com\/fr\/wp-json\/wp\/v2\/product\/21854","targetHints":{"allow":["GET"]}}],"collection":[{"href":"https:\/\/ztsports.com\/fr\/wp-json\/wp\/v2\/product"}],"about":[{"href":"https:\/\/ztsports.com\/fr\/wp-json\/wp\/v2\/types\/product"}],"replies":[{"embeddable":true,"href":"https:\/\/ztsports.com\/fr\/wp-json\/wp\/v2\/comments?post=21854"}],"version-history":[{"count":3,"href":"https:\/\/ztsports.com\/fr\/wp-json\/wp\/v2\/product\/21854\/revisions"}],"predecessor-version":[{"id":25283,"href":"https:\/\/ztsports.com\/fr\/wp-json\/wp\/v2\/product\/21854\/revisions\/25283"}],"wp:featuredmedia":[{"embeddable":true,"href":"https:\/\/ztsports.com\/fr\/wp-json\/wp\/v2\/media\/21851"}],"wp:attachment":[{"href":"https:\/\/ztsports.com\/fr\/wp-json\/wp\/v2\/media?parent=21854"}],"wp:term":[{"taxonomy":"product_brand","embeddable":true,"href":"https:\/\/ztsports.com\/fr\/wp-json\/wp\/v2\/product_brand?post=21854"},{"taxonomy":"product_cat","embeddable":true,"href":"https:\/\/ztsports.com\/fr\/wp-json\/wp\/v2\/product_cat?post=21854"},{"taxonomy":"product_tag","embeddable":true,"href":"https:\/\/ztsports.com\/fr\/wp-json\/wp\/v2\/product_tag?post=21854"}],"curies":[{"name":"wp","href":"https:\/\/api.w.org\/{rel}","templated":true}]}}