{"id":21845,"date":"2026-01-14T12:59:23","date_gmt":"2026-01-14T12:59:23","guid":{"rendered":"https:\/\/ztsports.com\/?post_type=product&#038;p=21845"},"modified":"2026-04-12T23:29:45","modified_gmt":"2026-04-12T23:29:45","slug":"staybent-by-ehs-xa-firm","status":"publish","type":"product","link":"https:\/\/ztsports.com\/fr\/store\/staybent-by-ehs-xa-firm\/","title":{"rendered":"StayBent by EHS XA Firm"},"content":{"rendered":"<h1>StayBent par EHS XA Firm<\/h1>\n<p>StayBent par EHS XA Firm ST Blades<\/p>\n<ul>\n<li>Un des mod\u00e8les phares les plus r\u00e9cents d\u2019EHS, avec une rigidit\u00e9 suppl\u00e9mentaire par rapport au mod\u00e8le XA.<\/li>\n<li>Pour les patineurs recherchant le summum de la vitesse, offrant un maintien suppl\u00e9mentaire dans les virages tout en conservant d\u2019excellentes caract\u00e9ristiques de glisse et de maniabilit\u00e9<\/li>\n<li>Con\u00e7u avec un aluminium de la plus haute qualit\u00e9 provenant des Pays-Bas<\/li>\n<li>Utilise uniquement des lames PM ou bim\u00e9tal premium tri\u00e9es \u00e0 la main<\/li>\n<li>Dispose de notre technologie propri\u00e9taire Precise Bend permettant des rayons de courbure extr\u00eamement pr\u00e9cis et fluides<\/li>\n<li>Fabriqu\u00e9 enti\u00e8rement en interne par les artisans de Hagen Techniek aux Pays-Bas<\/li>\n<li>Les coupelles sont fabriqu\u00e9es en aluminium plus l\u00e9ger et plus r\u00e9sistant pour plus de rigidit\u00e9 et moins de poids, et peuvent \u00eatre command\u00e9es en diff\u00e9rentes hauteurs<br \/>\n<h6><strong style=\"background-color: rgba(0, 0, 0, 0); font-family: 'Courier 10 Pitch', Courier, monospace; font-size: 1em;\"><span class=\"Y2IQFc\" lang=\"fr\">D\u00e9couvrez ici toutes nos lames <a href=\"https:\/\/ztsports.com\/fr\/product-category\/blades\/\">pour chenilles courtes<\/a>.<\/span><\/strong><\/h6>\n<\/li>\n<li>\n<h6><strong style=\"background-color: rgba(0, 0, 0, 0); font-family: 'Courier 10 Pitch', Courier, monospace; font-size: 1em;\"><span class=\"Y2IQFc\" lang=\"fr\">Consultez tous les <a href=\"https:\/\/ztsports.com\/brand\/staybent-by-ehs\/ehs\/\">produits EHS ici.<\/a><\/span><\/strong><\/h6>\n<\/li>\n<li>\n<h6><strong style=\"background-color: rgba(0, 0, 0, 0); font-family: 'Courier 10 Pitch', Courier, monospace; font-size: 1em;\"><span class=\"Y2IQFc\" lang=\"fr\">N&#8217;oubliez pas d&#8217;ajouter la<a href=\"https:\/\/ztsports.com\/product\/short-track-blade-preparation\/\"> pr\u00e9paration de la lame<\/a>.<\/span><\/strong><\/h6>\n<\/li>\n<\/ul>\n","protected":false},"excerpt":{"rendered":"<p>StayBent par EHS XA Firm StayBent par EHS XA Firm ST Blades Un des mod\u00e8les phares les plus r\u00e9cents d\u2019EHS, avec une rigidit\u00e9 suppl\u00e9mentaire par rapport au mod\u00e8le XA. Pour les patineurs recherchant le summum de la vitesse, offrant un maintien suppl\u00e9mentaire dans les virages tout en conservant d\u2019excellentes caract\u00e9ristiques de glisse et de maniabilit\u00e9 [&hellip;]<\/p>\n","protected":false},"featured_media":21842,"comment_status":"open","ping_status":"closed","template":"","meta":{"_acf_changed":false,"_monsterinsights_skip_tracking":false,"_monsterinsights_sitenote_active":false,"_monsterinsights_sitenote_note":"","_monsterinsights_sitenote_category":0,"_uf_show_specific_survey":0,"_uf_disable_surveys":false,"site-sidebar-layout":"default","site-content-layout":"","ast-site-content-layout":"default","site-content-style":"default","site-sidebar-style":"default","ast-global-header-display":"","ast-banner-title-visibility":"","ast-main-header-display":"","ast-hfb-above-header-display":"","ast-hfb-below-header-display":"","ast-hfb-mobile-header-display":"","site-post-title":"","ast-breadcrumbs-content":"","ast-featured-img":"","footer-sml-layout":"","ast-disable-related-posts":"","theme-transparent-header-meta":"default","adv-header-id-meta":"","stick-header-meta":"","header-above-stick-meta":"","header-main-stick-meta":"","header-below-stick-meta":"","astra-migrate-meta-layouts":"set","ast-page-background-enabled":"default","ast-page-background-meta":{"desktop":{"background-color":"","background-image":"","background-repeat":"repeat","background-position":"center center","background-size":"auto","background-attachment":"scroll","background-type":"","background-media":"","overlay-type":"","overlay-color":"","overlay-opacity":"","overlay-gradient":""},"tablet":{"background-color":"","background-image":"","background-repeat":"repeat","background-position":"center center","background-size":"auto","background-attachment":"scroll","background-type":"","background-media":"","overlay-type":"","overlay-color":"","overlay-opacity":"","overlay-gradient":""},"mobile":{"background-color":"","background-image":"","background-repeat":"repeat","background-position":"center center","background-size":"auto","background-attachment":"scroll","background-type":"","background-media":"","overlay-type":"","overlay-color":"","overlay-opacity":"","overlay-gradient":""}},"ast-content-background-meta":{"desktop":{"background-color":"var(--ast-global-color-5)","background-image":"","background-repeat":"repeat","background-position":"center center","background-size":"auto","background-attachment":"scroll","background-type":"","background-media":"","overlay-type":"","overlay-color":"","overlay-opacity":"","overlay-gradient":""},"tablet":{"background-color":"var(--ast-global-color-5)","background-image":"","background-repeat":"repeat","background-position":"center center","background-size":"auto","background-attachment":"scroll","background-type":"","background-media":"","overlay-type":"","overlay-color":"","overlay-opacity":"","overlay-gradient":""},"mobile":{"background-color":"var(--ast-global-color-5)","background-image":"","background-repeat":"repeat","background-position":"center center","background-size":"auto","background-attachment":"scroll","background-type":"","background-media":"","overlay-type":"","overlay-color":"","overlay-opacity":"","overlay-gradient":""}}},"product_brand":[3296,3347,3344,3346],"product_cat":[4561],"product_tag":[3805],"class_list":{"0":"post-21845","1":"product","2":"type-product","3":"status-publish","4":"has-post-thumbnail","6":"product_brand-ehs-2","7":"product_brand-ehs","8":"product_brand-stay-bent","9":"product_brand-staybent-by-ehs","10":"product_cat-blades","11":"product_tag-staybent-by-ehs","12":"desktop-align-left","13":"tablet-align-left","14":"mobile-align-left","16":"first","17":"instock","18":"taxable","19":"shipping-taxable","20":"purchasable","21":"product-type-simple"},"acf":[],"_links":{"self":[{"href":"https:\/\/ztsports.com\/fr\/wp-json\/wp\/v2\/product\/21845","targetHints":{"allow":["GET"]}}],"collection":[{"href":"https:\/\/ztsports.com\/fr\/wp-json\/wp\/v2\/product"}],"about":[{"href":"https:\/\/ztsports.com\/fr\/wp-json\/wp\/v2\/types\/product"}],"replies":[{"embeddable":true,"href":"https:\/\/ztsports.com\/fr\/wp-json\/wp\/v2\/comments?post=21845"}],"version-history":[{"count":6,"href":"https:\/\/ztsports.com\/fr\/wp-json\/wp\/v2\/product\/21845\/revisions"}],"predecessor-version":[{"id":25278,"href":"https:\/\/ztsports.com\/fr\/wp-json\/wp\/v2\/product\/21845\/revisions\/25278"}],"wp:featuredmedia":[{"embeddable":true,"href":"https:\/\/ztsports.com\/fr\/wp-json\/wp\/v2\/media\/21842"}],"wp:attachment":[{"href":"https:\/\/ztsports.com\/fr\/wp-json\/wp\/v2\/media?parent=21845"}],"wp:term":[{"taxonomy":"product_brand","embeddable":true,"href":"https:\/\/ztsports.com\/fr\/wp-json\/wp\/v2\/product_brand?post=21845"},{"taxonomy":"product_cat","embeddable":true,"href":"https:\/\/ztsports.com\/fr\/wp-json\/wp\/v2\/product_cat?post=21845"},{"taxonomy":"product_tag","embeddable":true,"href":"https:\/\/ztsports.com\/fr\/wp-json\/wp\/v2\/product_tag?post=21845"}],"curies":[{"name":"wp","href":"https:\/\/api.w.org\/{rel}","templated":true}]}}