{"id":21838,"date":"2026-01-14T13:30:31","date_gmt":"2026-01-14T13:30:31","guid":{"rendered":"https:\/\/ztsports.com\/?post_type=product&#038;p=21838"},"modified":"2026-04-12T18:21:26","modified_gmt":"2026-04-12T18:21:26","slug":"ehs-xq-pink-staybent","status":"publish","type":"product","link":"https:\/\/ztsports.com\/fr\/store\/ehs-xq-pink-staybent\/","title":{"rendered":"EHS XQ Pink StayBent"},"content":{"rendered":"<h1>EHS XQ Pink StayBent<\/h1>\n<p>StayBent par EHS XQ Pink Blades<\/p>\n<ul>\n<li>Un des mod\u00e8les phares les plus r\u00e9cents d\u2019EHS<\/li>\n<li>Le XQ est con\u00e7u pour les patineurs recherchant le summum du design QCS<\/li>\n<li>Il offre un contr\u00f4le, une sensation et une glisse in\u00e9gal\u00e9s<\/li>\n<li>Con\u00e7u avec un tube en aluminium de la plus haute qualit\u00e9 provenant des Pays-Bas<\/li>\n<li>Utilise uniquement des lames PM ou bim\u00e9tal premium tri\u00e9es \u00e0 la main<\/li>\n<li>Dispose de notre technologie propri\u00e9taire Precise Bend permettant des rayons de courbure extr\u00eamement pr\u00e9cis et fluides<\/li>\n<li>Fabriqu\u00e9 enti\u00e8rement en interne par les artisans de Hagen Techniek aux Pays-Bas<\/li>\n<li>Les coupelles sont fabriqu\u00e9es en aluminium plus l\u00e9ger et plus r\u00e9sistant pour plus de rigidit\u00e9 et moins de poids, et peuvent \u00eatre command\u00e9es en diff\u00e9rentes hauteurs<\/li>\n<\/ul>\n<h1>EHS XQ Pink StayBent<\/h1>\n","protected":false},"excerpt":{"rendered":"<p>EHS XQ Pink StayBent StayBent par EHS XQ Pink Blades Un des mod\u00e8les phares les plus r\u00e9cents d\u2019EHS Le XQ est con\u00e7u pour les patineurs recherchant le summum du design QCS Il offre un contr\u00f4le, une sensation et une glisse in\u00e9gal\u00e9s Con\u00e7u avec un tube en aluminium de la plus haute qualit\u00e9 provenant des Pays-Bas [&hellip;]<\/p>\n","protected":false},"featured_media":21836,"comment_status":"open","ping_status":"closed","template":"","meta":{"_acf_changed":false,"_monsterinsights_skip_tracking":false,"_monsterinsights_sitenote_active":false,"_monsterinsights_sitenote_note":"","_monsterinsights_sitenote_category":0,"_uf_show_specific_survey":0,"_uf_disable_surveys":false,"site-sidebar-layout":"default","site-content-layout":"","ast-site-content-layout":"default","site-content-style":"default","site-sidebar-style":"default","ast-global-header-display":"","ast-banner-title-visibility":"","ast-main-header-display":"","ast-hfb-above-header-display":"","ast-hfb-below-header-display":"","ast-hfb-mobile-header-display":"","site-post-title":"","ast-breadcrumbs-content":"","ast-featured-img":"","footer-sml-layout":"","ast-disable-related-posts":"","theme-transparent-header-meta":"default","adv-header-id-meta":"","stick-header-meta":"","header-above-stick-meta":"","header-main-stick-meta":"","header-below-stick-meta":"","astra-migrate-meta-layouts":"set","ast-page-background-enabled":"default","ast-page-background-meta":{"desktop":{"background-color":"","background-image":"","background-repeat":"repeat","background-position":"center center","background-size":"auto","background-attachment":"scroll","background-type":"","background-media":"","overlay-type":"","overlay-color":"","overlay-opacity":"","overlay-gradient":""},"tablet":{"background-color":"","background-image":"","background-repeat":"repeat","background-position":"center center","background-size":"auto","background-attachment":"scroll","background-type":"","background-media":"","overlay-type":"","overlay-color":"","overlay-opacity":"","overlay-gradient":""},"mobile":{"background-color":"","background-image":"","background-repeat":"repeat","background-position":"center center","background-size":"auto","background-attachment":"scroll","background-type":"","background-media":"","overlay-type":"","overlay-color":"","overlay-opacity":"","overlay-gradient":""}},"ast-content-background-meta":{"desktop":{"background-color":"var(--ast-global-color-5)","background-image":"","background-repeat":"repeat","background-position":"center center","background-size":"auto","background-attachment":"scroll","background-type":"","background-media":"","overlay-type":"","overlay-color":"","overlay-opacity":"","overlay-gradient":""},"tablet":{"background-color":"var(--ast-global-color-5)","background-image":"","background-repeat":"repeat","background-position":"center center","background-size":"auto","background-attachment":"scroll","background-type":"","background-media":"","overlay-type":"","overlay-color":"","overlay-opacity":"","overlay-gradient":""},"mobile":{"background-color":"var(--ast-global-color-5)","background-image":"","background-repeat":"repeat","background-position":"center center","background-size":"auto","background-attachment":"scroll","background-type":"","background-media":"","overlay-type":"","overlay-color":"","overlay-opacity":"","overlay-gradient":""}}},"product_brand":[3347,3344,3346],"product_cat":[4561,4560],"product_tag":[3811,3805],"class_list":{"0":"post-21838","1":"product","2":"type-product","3":"status-publish","4":"has-post-thumbnail","6":"product_brand-ehs","7":"product_brand-stay-bent","8":"product_brand-staybent-by-ehs","9":"product_cat-blades","10":"product_cat-short-track-blades","11":"product_tag-ehs","12":"product_tag-staybent-by-ehs","13":"desktop-align-left","14":"tablet-align-left","15":"mobile-align-left","17":"first","18":"instock","19":"taxable","20":"shipping-taxable","21":"purchasable","22":"product-type-simple"},"acf":[],"_links":{"self":[{"href":"https:\/\/ztsports.com\/fr\/wp-json\/wp\/v2\/product\/21838","targetHints":{"allow":["GET"]}}],"collection":[{"href":"https:\/\/ztsports.com\/fr\/wp-json\/wp\/v2\/product"}],"about":[{"href":"https:\/\/ztsports.com\/fr\/wp-json\/wp\/v2\/types\/product"}],"replies":[{"embeddable":true,"href":"https:\/\/ztsports.com\/fr\/wp-json\/wp\/v2\/comments?post=21838"}],"version-history":[{"count":3,"href":"https:\/\/ztsports.com\/fr\/wp-json\/wp\/v2\/product\/21838\/revisions"}],"predecessor-version":[{"id":25268,"href":"https:\/\/ztsports.com\/fr\/wp-json\/wp\/v2\/product\/21838\/revisions\/25268"}],"wp:featuredmedia":[{"embeddable":true,"href":"https:\/\/ztsports.com\/fr\/wp-json\/wp\/v2\/media\/21836"}],"wp:attachment":[{"href":"https:\/\/ztsports.com\/fr\/wp-json\/wp\/v2\/media?parent=21838"}],"wp:term":[{"taxonomy":"product_brand","embeddable":true,"href":"https:\/\/ztsports.com\/fr\/wp-json\/wp\/v2\/product_brand?post=21838"},{"taxonomy":"product_cat","embeddable":true,"href":"https:\/\/ztsports.com\/fr\/wp-json\/wp\/v2\/product_cat?post=21838"},{"taxonomy":"product_tag","embeddable":true,"href":"https:\/\/ztsports.com\/fr\/wp-json\/wp\/v2\/product_tag?post=21838"}],"curies":[{"name":"wp","href":"https:\/\/api.w.org\/{rel}","templated":true}]}}