{"id":21833,"date":"2026-01-14T13:42:38","date_gmt":"2026-01-14T13:42:38","guid":{"rendered":"https:\/\/ztsports.com\/?post_type=product&#038;p=21833"},"modified":"2026-04-12T18:14:30","modified_gmt":"2026-04-12T18:14:30","slug":"ehs-quantum-pink-short-track-blades","status":"publish","type":"product","link":"https:\/\/ztsports.com\/fr\/store\/ehs-quantum-pink-short-track-blades\/","title":{"rendered":"EHS Quantum Pink Short Track Blades"},"content":{"rendered":"<h1>Lames EHS Quantum Pink Short Track StayBent<\/h1>\n<p>StayBent par EHS Quantum Pink Blades<\/p>\n<ul>\n<li>La Quantum a \u00e9t\u00e9 cr\u00e9\u00e9e \u00e0 partir de nos ann\u00e9es d\u2019exp\u00e9rience dans la fabrication des lames Evo<\/li>\n<li>Nous appliquons d\u00e9sormais les derni\u00e8res technologies au design, \u00e0 l\u2019ing\u00e9nierie et au savoir-faire acquis pour porter ces mod\u00e8les au niveau sup\u00e9rieur<\/li>\n<li>La Quantum est con\u00e7ue pour les patineurs qui pr\u00e9f\u00e8rent la sensation et le retour d\u2019information qu\u2019offre une lame avec plus de flexibilit\u00e9<\/li>\n<li>Tout l\u2019aluminium et l\u2019acier sont de la plus haute qualit\u00e9 et proviennent des Pays-Bas ou d\u2019Autriche<\/li>\n<li>Comme pour nos mod\u00e8les X, seules des lames PM ou bim\u00e9tal premium tri\u00e9es \u00e0 la main sont utilis\u00e9es dans la Quantum<\/li>\n<li>Chaque \u00e9tape du processus d\u2019ing\u00e9nierie est effectu\u00e9e chez Hagen Techniek aux Pays-Bas<\/li>\n<li>Les coupelles sont fabriqu\u00e9es en aluminium l\u00e9ger premium et peuvent \u00eatre command\u00e9es en diff\u00e9rentes hauteurs (+1 \u00e0 +10)<\/li>\n<li>La Quantum a \u00e9t\u00e9 cr\u00e9\u00e9e \u00e0 partir de nos ann\u00e9es d\u2019exp\u00e9rience dans la fabrication des lames Evo<\/li>\n<li>EHS Quantum Pink<\/li>\n<\/ul>\n","protected":false},"excerpt":{"rendered":"<p>Lames EHS Quantum Pink Short Track StayBent StayBent par EHS Quantum Pink Blades La Quantum a \u00e9t\u00e9 cr\u00e9\u00e9e \u00e0 partir de nos ann\u00e9es d\u2019exp\u00e9rience dans la fabrication des lames Evo Nous appliquons d\u00e9sormais les derni\u00e8res technologies au design, \u00e0 l\u2019ing\u00e9nierie et au savoir-faire acquis pour porter ces mod\u00e8les au niveau sup\u00e9rieur La Quantum est con\u00e7ue [&hellip;]<\/p>\n","protected":false},"featured_media":21830,"comment_status":"open","ping_status":"closed","template":"","meta":{"_acf_changed":false,"_monsterinsights_skip_tracking":false,"_monsterinsights_sitenote_active":false,"_monsterinsights_sitenote_note":"","_monsterinsights_sitenote_category":0,"_uf_show_specific_survey":0,"_uf_disable_surveys":false,"site-sidebar-layout":"default","site-content-layout":"","ast-site-content-layout":"default","site-content-style":"default","site-sidebar-style":"default","ast-global-header-display":"","ast-banner-title-visibility":"","ast-main-header-display":"","ast-hfb-above-header-display":"","ast-hfb-below-header-display":"","ast-hfb-mobile-header-display":"","site-post-title":"","ast-breadcrumbs-content":"","ast-featured-img":"","footer-sml-layout":"","ast-disable-related-posts":"","theme-transparent-header-meta":"default","adv-header-id-meta":"","stick-header-meta":"","header-above-stick-meta":"","header-main-stick-meta":"","header-below-stick-meta":"","astra-migrate-meta-layouts":"set","ast-page-background-enabled":"default","ast-page-background-meta":{"desktop":{"background-color":"","background-image":"","background-repeat":"repeat","background-position":"center center","background-size":"auto","background-attachment":"scroll","background-type":"","background-media":"","overlay-type":"","overlay-color":"","overlay-opacity":"","overlay-gradient":""},"tablet":{"background-color":"","background-image":"","background-repeat":"repeat","background-position":"center center","background-size":"auto","background-attachment":"scroll","background-type":"","background-media":"","overlay-type":"","overlay-color":"","overlay-opacity":"","overlay-gradient":""},"mobile":{"background-color":"","background-image":"","background-repeat":"repeat","background-position":"center center","background-size":"auto","background-attachment":"scroll","background-type":"","background-media":"","overlay-type":"","overlay-color":"","overlay-opacity":"","overlay-gradient":""}},"ast-content-background-meta":{"desktop":{"background-color":"var(--ast-global-color-5)","background-image":"","background-repeat":"repeat","background-position":"center center","background-size":"auto","background-attachment":"scroll","background-type":"","background-media":"","overlay-type":"","overlay-color":"","overlay-opacity":"","overlay-gradient":""},"tablet":{"background-color":"var(--ast-global-color-5)","background-image":"","background-repeat":"repeat","background-position":"center center","background-size":"auto","background-attachment":"scroll","background-type":"","background-media":"","overlay-type":"","overlay-color":"","overlay-opacity":"","overlay-gradient":""},"mobile":{"background-color":"var(--ast-global-color-5)","background-image":"","background-repeat":"repeat","background-position":"center center","background-size":"auto","background-attachment":"scroll","background-type":"","background-media":"","overlay-type":"","overlay-color":"","overlay-opacity":"","overlay-gradient":""}}},"product_brand":[3296,3347,3344,3346],"product_cat":[4561],"product_tag":[3811,3813,3806,3805],"class_list":{"0":"post-21833","1":"product","2":"type-product","3":"status-publish","4":"has-post-thumbnail","6":"product_brand-ehs-2","7":"product_brand-ehs","8":"product_brand-stay-bent","9":"product_brand-staybent-by-ehs","10":"product_cat-blades","11":"product_tag-ehs","12":"product_tag-ehs-quantum-pink","13":"product_tag-staybent","14":"product_tag-staybent-by-ehs","15":"desktop-align-left","16":"tablet-align-left","17":"mobile-align-left","19":"first","20":"instock","21":"taxable","22":"shipping-taxable","23":"purchasable","24":"product-type-simple"},"acf":[],"_links":{"self":[{"href":"https:\/\/ztsports.com\/fr\/wp-json\/wp\/v2\/product\/21833","targetHints":{"allow":["GET"]}}],"collection":[{"href":"https:\/\/ztsports.com\/fr\/wp-json\/wp\/v2\/product"}],"about":[{"href":"https:\/\/ztsports.com\/fr\/wp-json\/wp\/v2\/types\/product"}],"replies":[{"embeddable":true,"href":"https:\/\/ztsports.com\/fr\/wp-json\/wp\/v2\/comments?post=21833"}],"version-history":[{"count":5,"href":"https:\/\/ztsports.com\/fr\/wp-json\/wp\/v2\/product\/21833\/revisions"}],"predecessor-version":[{"id":25258,"href":"https:\/\/ztsports.com\/fr\/wp-json\/wp\/v2\/product\/21833\/revisions\/25258"}],"wp:featuredmedia":[{"embeddable":true,"href":"https:\/\/ztsports.com\/fr\/wp-json\/wp\/v2\/media\/21830"}],"wp:attachment":[{"href":"https:\/\/ztsports.com\/fr\/wp-json\/wp\/v2\/media?parent=21833"}],"wp:term":[{"taxonomy":"product_brand","embeddable":true,"href":"https:\/\/ztsports.com\/fr\/wp-json\/wp\/v2\/product_brand?post=21833"},{"taxonomy":"product_cat","embeddable":true,"href":"https:\/\/ztsports.com\/fr\/wp-json\/wp\/v2\/product_cat?post=21833"},{"taxonomy":"product_tag","embeddable":true,"href":"https:\/\/ztsports.com\/fr\/wp-json\/wp\/v2\/product_tag?post=21833"}],"curies":[{"name":"wp","href":"https:\/\/api.w.org\/{rel}","templated":true}]}}