{"id":21828,"date":"2026-01-14T14:53:11","date_gmt":"2026-01-14T14:53:11","guid":{"rendered":"https:\/\/ztsports.com\/?post_type=product&#038;p=21828"},"modified":"2026-04-19T02:44:43","modified_gmt":"2026-04-19T02:44:43","slug":"staybent-ehs-alpha-2","status":"publish","type":"product","link":"https:\/\/ztsports.com\/fr\/store\/staybent-ehs-alpha-2\/","title":{"rendered":"Staybent EHS Alpha"},"content":{"rendered":"<h2 data-rm-block-id=\"block-1\">Staybent EHS Alpha<\/h2>\n<h2 data-rm-block-id=\"block-2\">Staybent EHS Alpha<strong data-start=\"104\" data-end=\"157\"> \u2013 Pr\u00e9cision et ma\u00eetrise au plus haut niveau<\/strong><\/h2>\n<p data-start=\"161\" data-end=\"444\" data-rm-block-id=\"block-3\">R\u00e9sultat de notre exp\u00e9rience avec les lames Evo, le Staybent EHS Alpha repousse les standards gr\u00e2ce \u00e0 un processus d&#8217;ing\u00e9nierie de pr\u00e9cision par <strong data-start=\"291\" data-end=\"309\">Hagen Techniek<\/strong>\u00a0(Pays-Bas). Con\u00e7u pour offrir stabilit\u00e9 et contr\u00f4le fiables dans les virages, il combine savoir-faire et mat\u00e9riaux haut de gamme.<\/p>\n<p data-start=\"446\" data-end=\"674\" data-rm-block-id=\"block-4\">\u2714 Acier PM et bim\u00e9tal provenant des Pays-Bas et d\u2019Autriche : performance et durabilit\u00e9<br data-start=\"528\" data-end=\"531\" \/>\u2714 Coupelles en aluminium l\u00e9ger, disponibles en diff\u00e9rentes hauteurs<br data-start=\"596\" data-end=\"599\" \/>\u2714 Fabrication artisanale de pr\u00e9cision pour une glisse stable et contr\u00f4l\u00e9e<\/p>\n<p data-rm-block-id=\"block-5\"><span dir=\"auto\">La lame Staybent EHS Alpha par EHS est une lame haut de gamme qui utilise le m\u00eame tube que le mod\u00e8le ACS. Cependant, elle offre un peu plus de rigidit\u00e9 gr\u00e2ce \u00e0 son assemblage diff\u00e9rent entre le tube et l\u2019acier. Ce format permet une meilleure glisse et une coupe encore plus durable. Si vous aimez vos lames Staybent ACS, vous adorerez encore plus vos Staybent Alpha.<\/span><\/p>\n<p data-rm-block-id=\"block-6\"><span dir=\"auto\">STAYBENT\/EHS est une entreprise n\u00e9erlandaise fond\u00e9e en 2019 par Edward Hagen apr\u00e8s son d\u00e9part d\u2019EVO Skates. Hagen, qui \u00e9tait responsable de la cr\u00e9ation et de la production des lames EVO, a utilis\u00e9 tout son savoir-faire et son exp\u00e9rience pour cr\u00e9er la ligne de lames EHS. En 2022, il s\u2019est associ\u00e9 \u00e0 STAYBENT pour porter EHS au niveau sup\u00e9rieur. Ils proposent d\u00e9sormais une gamme compl\u00e8te de produits. Plusieurs patineurs internationaux patinent d\u00e9sormais avec les lames STAYBENT par EHS.<\/span><\/p>\n<ul class=\"ul1\">\n<li data-rm-block-id=\"block-7\">L\u2019Alpha et la Quantum sont cr\u00e9\u00e9es \u00e0 partir de nos ann\u00e9es d\u2019exp\u00e9rience dans la fabrication des lames Evo<\/li>\n<li data-rm-block-id=\"block-8\">Nous appliquons d\u00e9sormais les derni\u00e8res technologies au design, \u00e0 l\u2019ing\u00e9nierie et au savoir-faire acquis pour porter ces mod\u00e8les au niveau sup\u00e9rieur<\/li>\n<li data-rm-block-id=\"block-9\">L\u2019Alpha est con\u00e7ue pour les patineurs qui pr\u00e9f\u00e8rent plus de maintien et de stabilit\u00e9 dans les virages<\/li>\n<li data-rm-block-id=\"block-10\">Tout l\u2019aluminium et l\u2019acier sont de la plus haute qualit\u00e9 et proviennent des Pays-Bas ou d\u2019Autriche<\/li>\n<li data-rm-block-id=\"block-11\">Similaire \u00e0 nos mod\u00e8les X, seules des lames PM ou bim\u00e9tal premium tri\u00e9es \u00e0 la main sont utilis\u00e9es dans l\u2019Alpha<\/li>\n<li data-rm-block-id=\"block-12\">Chaque \u00e9tape du processus d\u2019ing\u00e9nierie est effectu\u00e9e chez Hagen Techniek aux Pays-Bas<\/li>\n<li data-rm-block-id=\"block-13\">Les coupelles sont fabriqu\u00e9es en aluminium l\u00e9ger premium et peuvent \u00eatre command\u00e9es en diff\u00e9rentes hauteurs<\/li>\n<\/ul>\n<p data-rm-block-id=\"block-14\"><span dir=\"auto\">Indice de rigidit\u00e9 (1 \u00e0 4) : 4<\/span><br \/>\n<span dir=\"auto\">Pr\u00e9-courb\u00e9e : Oui<\/span><br \/>\n<span dir=\"auto\">Tube : Aluminium<\/span><br \/>\n<span dir=\"auto\">Acier : BIM\u00c9TAL<\/span><\/p>\n<p data-start=\"676\" data-end=\"743\" data-rm-block-id=\"block-15\"><strong data-start=\"676\" data-end=\"741\">L\u2019Alpha incarne le summum de la performance et de la qualit\u00e9.<\/strong><\/p>\n","protected":false},"excerpt":{"rendered":"<p>Staybent EHS Alpha Staybent EHS Alpha \u2013 Pr\u00e9cision et ma\u00eetrise au plus haut niveau R\u00e9sultat de notre exp\u00e9rience avec les lames Evo, le Staybent EHS Alpha repousse les standards gr\u00e2ce \u00e0 un processus d&#8217;ing\u00e9nierie de pr\u00e9cision par Hagen Techniek\u00a0(Pays-Bas). Con\u00e7u pour offrir stabilit\u00e9 et contr\u00f4le fiables dans les virages, il combine savoir-faire et mat\u00e9riaux haut [&hellip;]<\/p>\n","protected":false},"featured_media":21824,"comment_status":"open","ping_status":"closed","template":"","meta":{"_acf_changed":false,"_monsterinsights_skip_tracking":false,"_monsterinsights_sitenote_active":false,"_monsterinsights_sitenote_note":"","_monsterinsights_sitenote_category":0,"_uf_show_specific_survey":0,"_uf_disable_surveys":false,"site-sidebar-layout":"default","site-content-layout":"","ast-site-content-layout":"default","site-content-style":"default","site-sidebar-style":"default","ast-global-header-display":"","ast-banner-title-visibility":"","ast-main-header-display":"","ast-hfb-above-header-display":"","ast-hfb-below-header-display":"","ast-hfb-mobile-header-display":"","site-post-title":"","ast-breadcrumbs-content":"","ast-featured-img":"","footer-sml-layout":"","ast-disable-related-posts":"","theme-transparent-header-meta":"default","adv-header-id-meta":"","stick-header-meta":"","header-above-stick-meta":"","header-main-stick-meta":"","header-below-stick-meta":"","astra-migrate-meta-layouts":"set","ast-page-background-enabled":"default","ast-page-background-meta":{"desktop":{"background-color":"","background-image":"","background-repeat":"repeat","background-position":"center center","background-size":"auto","background-attachment":"scroll","background-type":"","background-media":"","overlay-type":"","overlay-color":"","overlay-opacity":"","overlay-gradient":""},"tablet":{"background-color":"","background-image":"","background-repeat":"repeat","background-position":"center center","background-size":"auto","background-attachment":"scroll","background-type":"","background-media":"","overlay-type":"","overlay-color":"","overlay-opacity":"","overlay-gradient":""},"mobile":{"background-color":"","background-image":"","background-repeat":"repeat","background-position":"center center","background-size":"auto","background-attachment":"scroll","background-type":"","background-media":"","overlay-type":"","overlay-color":"","overlay-opacity":"","overlay-gradient":""}},"ast-content-background-meta":{"desktop":{"background-color":"var(--ast-global-color-5)","background-image":"","background-repeat":"repeat","background-position":"center center","background-size":"auto","background-attachment":"scroll","background-type":"","background-media":"","overlay-type":"","overlay-color":"","overlay-opacity":"","overlay-gradient":""},"tablet":{"background-color":"var(--ast-global-color-5)","background-image":"","background-repeat":"repeat","background-position":"center center","background-size":"auto","background-attachment":"scroll","background-type":"","background-media":"","overlay-type":"","overlay-color":"","overlay-opacity":"","overlay-gradient":""},"mobile":{"background-color":"var(--ast-global-color-5)","background-image":"","background-repeat":"repeat","background-position":"center center","background-size":"auto","background-attachment":"scroll","background-type":"","background-media":"","overlay-type":"","overlay-color":"","overlay-opacity":"","overlay-gradient":""}}},"product_brand":[3296,3347,3344,3346],"product_cat":[4561,4560],"product_tag":[3836,3811,3806,3854],"class_list":{"0":"post-21828","1":"product","2":"type-product","3":"status-publish","4":"has-post-thumbnail","6":"product_brand-ehs-2","7":"product_brand-ehs","8":"product_brand-stay-bent","9":"product_brand-staybent-by-ehs","10":"product_cat-blades","11":"product_cat-short-track-blades","12":"product_tag-alpha","13":"product_tag-ehs","14":"product_tag-staybent","15":"product_tag-staybent-ehs-alpha","16":"desktop-align-left","17":"tablet-align-left","18":"mobile-align-left","20":"first","21":"instock","22":"taxable","23":"shipping-taxable","24":"purchasable","25":"product-type-simple"},"acf":[],"_links":{"self":[{"href":"https:\/\/ztsports.com\/fr\/wp-json\/wp\/v2\/product\/21828","targetHints":{"allow":["GET"]}}],"collection":[{"href":"https:\/\/ztsports.com\/fr\/wp-json\/wp\/v2\/product"}],"about":[{"href":"https:\/\/ztsports.com\/fr\/wp-json\/wp\/v2\/types\/product"}],"replies":[{"embeddable":true,"href":"https:\/\/ztsports.com\/fr\/wp-json\/wp\/v2\/comments?post=21828"}],"version-history":[{"count":1,"href":"https:\/\/ztsports.com\/fr\/wp-json\/wp\/v2\/product\/21828\/revisions"}],"predecessor-version":[{"id":21829,"href":"https:\/\/ztsports.com\/fr\/wp-json\/wp\/v2\/product\/21828\/revisions\/21829"}],"wp:featuredmedia":[{"embeddable":true,"href":"https:\/\/ztsports.com\/fr\/wp-json\/wp\/v2\/media\/21824"}],"wp:attachment":[{"href":"https:\/\/ztsports.com\/fr\/wp-json\/wp\/v2\/media?parent=21828"}],"wp:term":[{"taxonomy":"product_brand","embeddable":true,"href":"https:\/\/ztsports.com\/fr\/wp-json\/wp\/v2\/product_brand?post=21828"},{"taxonomy":"product_cat","embeddable":true,"href":"https:\/\/ztsports.com\/fr\/wp-json\/wp\/v2\/product_cat?post=21828"},{"taxonomy":"product_tag","embeddable":true,"href":"https:\/\/ztsports.com\/fr\/wp-json\/wp\/v2\/product_tag?post=21828"}],"curies":[{"name":"wp","href":"https:\/\/api.w.org\/{rel}","templated":true}]}}