{"id":21811,"date":"2026-02-01T00:28:54","date_gmt":"2026-02-01T00:28:54","guid":{"rendered":"https:\/\/ztsports.com\/?post_type=product&#038;p=21811"},"modified":"2026-04-19T02:58:05","modified_gmt":"2026-04-19T02:58:05","slug":"viking-tension-spring","status":"publish","type":"product","link":"https:\/\/ztsports.com\/fr\/store\/viking-tension-spring\/","title":{"rendered":"Viking Tension Spring for Sapphire and Icon Clap Blades"},"content":{"rendered":"<h5 class=\"serp-title\">Viking Tension Spring<\/h5>\n<h3 id=\"_2ZF-aY6BN723ptQP0L2IyQ0_45\" class=\"LC20lb MBeuO DKV0Md\" data-rm-block-id=\"block-1\">Ressort de tension Ultimate Viking pour lames Clap Sapphire et Icon<\/h3>\n<div class=\"Y3BBE\" data-sfc-cp=\"\" data-hveid=\"CAEQAA\" data-processed=\"true\">Les ressorts clap Viking sont <mark class=\"HxTRcb\" data-rm-block-id=\"block-2\">des composants de tension sp\u00e9cialis\u00e9s et rempla\u00e7ables pour les patins clap de marque Viking.<\/mark><\/div>\n<div class=\"Y3BBE\" data-sfc-cp=\"\" data-hveid=\"CAEQAA\" data-processed=\"true\"><mark class=\"HxTRcb\" data-rm-block-id=\"block-3\">Con\u00e7us pour g\u00e9rer le m\u00e9canisme de retour de la lame<\/mark>.<\/div>\n<div class=\"Y3BBE\" data-sfc-cp=\"\" data-hveid=\"CAEQAA\" data-processed=\"true\" data-rm-block-id=\"block-4\">Disponibles en diff\u00e9rentes forces (l\u00e9g\u00e8re, moyenne, forte)<\/div>\n<div data-sfc-cp=\"\" data-hveid=\"CAEQAA\" data-processed=\"true\" data-rm-block-id=\"block-5\">Selon la r\u00e9sistance, il existe trois couleurs pour le <span style=\"font-size: 16px;\">Ressort de tension Viking<\/span> :<\/div>\n<div data-sfc-cp=\"\" data-hveid=\"CAEQAA\" data-processed=\"true\" data-rm-block-id=\"block-6\"><strong>rouge = faible<\/strong><\/div>\n<div data-sfc-cp=\"\" data-hveid=\"CAEQAA\" data-processed=\"true\" data-rm-block-id=\"block-7\"><strong>gris = moyen<\/strong><\/div>\n<div data-sfc-cp=\"\" data-hveid=\"CAEQAA\" data-processed=\"true\" data-rm-block-id=\"block-8\"><strong>noir = fort.<\/strong><br \/>\nVeuillez noter : deux ressorts sont n\u00e9cessaires par lame, donc 4 pour une paire de patins.<\/div>\n<div class=\"Y3BBE\" data-sfc-cp=\"\" data-hveid=\"CAEQAA\" data-processed=\"true\" data-rm-block-id=\"block-9\">Ils sont essentiels pour maintenir des performances optimales de patinage, avec des options pour des mod\u00e8les tels que le Nanoflex, Sapphire et Eclips.<\/div>\n<div data-sfc-cp=\"\" data-hveid=\"CAEQAA\" data-processed=\"true\" data-rm-block-id=\"block-10\"><\/div>\n<div class=\"Y3BBE\" data-sfc-cp=\"\" data-hveid=\"CAEQAA\" data-processed=\"true\" data-rm-block-id=\"block-11\">Informations cl\u00e9s concernant les ressorts clap <span style=\"font-size: 1.2em; font-weight: bold;\">Viking Tension Spring<\/span>\u00a0:<\/div>\n<div class=\"Y3BBE\" data-sfc-cp=\"\" data-hveid=\"CAEQAA\" data-processed=\"true\" data-rm-block-id=\"block-12\"><strong class=\"Yjhzub\" style=\"font-size: 16px;\">Forces :<\/strong><span style=\"font-size: 16px;\"> Les couleurs indiquent g\u00e9n\u00e9ralement la tension : rouge (l\u00e9ger), blanc\/vide (moyen) et noir (fort).<\/span><\/div>\n<ul class=\"KsbFXc U6u95\" data-processed=\"true\">\n<li data-hveid=\"CAQQAQ\" data-rm-block-id=\"block-13\"><span class=\"T286Pc\" data-sfc-cp=\"\"><strong class=\"Yjhzub\">Compatibilit\u00e9 :<\/strong> Con\u00e7u pour des mod\u00e8les tels que\u00a0<a class=\"H23r4e\" href=\"https:\/\/www.skateatsea.dk\/viking-sapphire-clap-blade\" target=\"_blank\" rel=\"noopener\">Viking Sapphire<\/a>,\u00a0<a class=\"H23r4e\" href=\"https:\/\/ztsports.com\/fr\/produit\/viking-tension-spring-for-sapphire-and-icon-clap-blades\/\" target=\"_blank\" rel=\"noopener\">Nanoflex<\/a>, Eclipse et les anciens mod\u00e8les clap ou en plastique.<\/span><\/li>\n<li data-hveid=\"CAQQBA\" data-rm-block-id=\"block-14\"><span class=\"T286Pc\" data-sfc-cp=\"\"><strong class=\"Yjhzub\">Remplacement :<\/strong> Vendus \u00e0 l&#8217;unit\u00e9 ou pour des configurations sp\u00e9cifiques (ex. : deux par lame).<\/span><\/li>\n<li data-hveid=\"CAQQBQ\" data-rm-block-id=\"block-15\"><span class=\"T286Pc\" data-sfc-cp=\"\"><strong class=\"Yjhzub\">O\u00f9 acheter :<\/strong> Disponible dans les magasins sp\u00e9cialis\u00e9s en patinage comme\u00a0\u00a0<a class=\"H23r4e\" href=\"https:\/\/ztsports.com\/product-category\/long-track\/long-track-parts\/\" target=\"_blank\" rel=\"noopener\">ZtSports<\/a><\/span><\/li>\n<\/ul>\n<p data-rm-block-id=\"block-16\">D\u00e9couvrez toutes nos <a href=\"https:\/\/ztsports.com\/product-category\/long-track\/long-track-parts\/\">pi\u00e8ces et outils Long Track ici.<\/a><\/p>\n","protected":false},"excerpt":{"rendered":"<p>Viking Tension Spring Ressort de tension Ultimate Viking pour lames Clap Sapphire et Icon Les ressorts clap Viking sont des composants de tension sp\u00e9cialis\u00e9s et rempla\u00e7ables pour les patins clap de marque Viking. Con\u00e7us pour g\u00e9rer le m\u00e9canisme de retour de la lame. Disponibles en diff\u00e9rentes forces (l\u00e9g\u00e8re, moyenne, forte) Selon la r\u00e9sistance, il existe [&hellip;]<\/p>\n","protected":false},"featured_media":21367,"comment_status":"open","ping_status":"closed","template":"","meta":{"_acf_changed":false,"_monsterinsights_skip_tracking":false,"_monsterinsights_sitenote_active":false,"_monsterinsights_sitenote_note":"","_monsterinsights_sitenote_category":0,"_uf_show_specific_survey":0,"_uf_disable_surveys":false,"site-sidebar-layout":"default","site-content-layout":"","ast-site-content-layout":"default","site-content-style":"default","site-sidebar-style":"default","ast-global-header-display":"","ast-banner-title-visibility":"","ast-main-header-display":"","ast-hfb-above-header-display":"","ast-hfb-below-header-display":"","ast-hfb-mobile-header-display":"","site-post-title":"","ast-breadcrumbs-content":"","ast-featured-img":"","footer-sml-layout":"","ast-disable-related-posts":"","theme-transparent-header-meta":"default","adv-header-id-meta":"","stick-header-meta":"","header-above-stick-meta":"","header-main-stick-meta":"","header-below-stick-meta":"","astra-migrate-meta-layouts":"set","ast-page-background-enabled":"default","ast-page-background-meta":{"desktop":{"background-color":"","background-image":"","background-repeat":"repeat","background-position":"center center","background-size":"auto","background-attachment":"scroll","background-type":"","background-media":"","overlay-type":"","overlay-color":"","overlay-opacity":"","overlay-gradient":""},"tablet":{"background-color":"","background-image":"","background-repeat":"repeat","background-position":"center center","background-size":"auto","background-attachment":"scroll","background-type":"","background-media":"","overlay-type":"","overlay-color":"","overlay-opacity":"","overlay-gradient":""},"mobile":{"background-color":"","background-image":"","background-repeat":"repeat","background-position":"center center","background-size":"auto","background-attachment":"scroll","background-type":"","background-media":"","overlay-type":"","overlay-color":"","overlay-opacity":"","overlay-gradient":""}},"ast-content-background-meta":{"desktop":{"background-color":"var(--ast-global-color-5)","background-image":"","background-repeat":"repeat","background-position":"center center","background-size":"auto","background-attachment":"scroll","background-type":"","background-media":"","overlay-type":"","overlay-color":"","overlay-opacity":"","overlay-gradient":""},"tablet":{"background-color":"var(--ast-global-color-5)","background-image":"","background-repeat":"repeat","background-position":"center center","background-size":"auto","background-attachment":"scroll","background-type":"","background-media":"","overlay-type":"","overlay-color":"","overlay-opacity":"","overlay-gradient":""},"mobile":{"background-color":"var(--ast-global-color-5)","background-image":"","background-repeat":"repeat","background-position":"center center","background-size":"auto","background-attachment":"scroll","background-type":"","background-media":"","overlay-type":"","overlay-color":"","overlay-opacity":"","overlay-gradient":""}}},"product_brand":[3356],"product_cat":[3378],"product_tag":[3767,3768],"class_list":{"0":"post-21811","1":"product","2":"type-product","3":"status-publish","4":"has-post-thumbnail","6":"product_brand-viking","7":"product_cat-non-categorise","8":"product_tag-clap-spring","9":"product_tag-viking","10":"desktop-align-left","11":"tablet-align-left","12":"mobile-align-left","14":"first","15":"instock","16":"taxable","17":"shipping-taxable","18":"purchasable","19":"product-type-simple"},"acf":[],"_links":{"self":[{"href":"https:\/\/ztsports.com\/fr\/wp-json\/wp\/v2\/product\/21811","targetHints":{"allow":["GET"]}}],"collection":[{"href":"https:\/\/ztsports.com\/fr\/wp-json\/wp\/v2\/product"}],"about":[{"href":"https:\/\/ztsports.com\/fr\/wp-json\/wp\/v2\/types\/product"}],"replies":[{"embeddable":true,"href":"https:\/\/ztsports.com\/fr\/wp-json\/wp\/v2\/comments?post=21811"}],"version-history":[{"count":4,"href":"https:\/\/ztsports.com\/fr\/wp-json\/wp\/v2\/product\/21811\/revisions"}],"predecessor-version":[{"id":25697,"href":"https:\/\/ztsports.com\/fr\/wp-json\/wp\/v2\/product\/21811\/revisions\/25697"}],"wp:featuredmedia":[{"embeddable":true,"href":"https:\/\/ztsports.com\/fr\/wp-json\/wp\/v2\/media\/21367"}],"wp:attachment":[{"href":"https:\/\/ztsports.com\/fr\/wp-json\/wp\/v2\/media?parent=21811"}],"wp:term":[{"taxonomy":"product_brand","embeddable":true,"href":"https:\/\/ztsports.com\/fr\/wp-json\/wp\/v2\/product_brand?post=21811"},{"taxonomy":"product_cat","embeddable":true,"href":"https:\/\/ztsports.com\/fr\/wp-json\/wp\/v2\/product_cat?post=21811"},{"taxonomy":"product_tag","embeddable":true,"href":"https:\/\/ztsports.com\/fr\/wp-json\/wp\/v2\/product_tag?post=21811"}],"curies":[{"name":"wp","href":"https:\/\/api.w.org\/{rel}","templated":true}]}}