{"id":21809,"date":"2026-02-06T00:18:54","date_gmt":"2026-02-06T00:18:54","guid":{"rendered":"https:\/\/ztsports.com\/?post_type=product&#038;p=21809"},"modified":"2026-04-19T03:04:19","modified_gmt":"2026-04-19T03:04:19","slug":"norton-mb8-medium-grit","status":"publish","type":"product","link":"https:\/\/ztsports.com\/fr\/store\/norton-mb8-medium-grit\/","title":{"rendered":"Norton MB8 Medium Grit"},"content":{"rendered":"<h1 data-rm-block-id=\"block-1\">Norton MB8 Grain moyen <span id=\"productTitle\" class=\"a-size-large product-title-word-break\">8 x 2 x 1 pouces<\/span><\/h1>\n<h5 class=\"serp-title\"><mark>Norton MB8 Medium Grit<\/mark><\/h5>\n<p id=\"title\" class=\"a-size-large a-spacing-none\" data-rm-block-id=\"block-2\"><span id=\"productTitle\" class=\"a-size-large product-title-word-break\">Norton MB8 Pierre \u00e0 aff\u00fbter grain unique en oxyde d&#8217;aluminium India 8 x 2 x 1 pouces Pierre \u00e0 aff\u00fbter MB8 grain moyen<\/span><\/p>\n<h2 class=\"a-size-base-plus a-text-bold\" data-rm-block-id=\"block-3\">\u00c0 propos de cet article<\/h2>\n<ul class=\"a-unordered-list a-vertical a-spacing-mini\">\n<li class=\"a-spacing-mini\" data-rm-block-id=\"block-4\"><span class=\"a-list-item\">India, notre abrasif en oxyde d&#8217;aluminium \u00e0 coupe douce produit un tranchant fort, pr\u00e9cis et durable et est le choix pour le meilleur compromis entre vitesse de coupe et finition<\/span><\/li>\n<li class=\"a-spacing-mini\" data-rm-block-id=\"block-5\"><span class=\"a-list-item\">Les pierres \u00e0 aff\u00fbter sont id\u00e9ales pour le dimensionnement manuel et l\u2019aff\u00fbtage de tous types de couteaux, lames de rabot, ciseaux, grattoirs ou tout autre outil n\u00e9cessitant un tranchant plat et net<\/span><\/li>\n<li class=\"a-spacing-mini\" data-rm-block-id=\"block-6\"><span class=\"a-list-item\">Le grain grossier restaure rapidement les bords us\u00e9s ; le grain moyen produit le tranchant standard n\u00e9cessaire pour la plupart des outils ; et le grain fin produit un tranchant encore plus net<\/span><\/li>\n<li class=\"a-spacing-mini\" data-rm-block-id=\"block-7\"><span class=\"a-list-item\">L&#8217;utilisation d&#8217;huile avec les pierres \u00e0 aff\u00fbter am\u00e9liore l&#8217;action d&#8217;aff\u00fbtage et minimise l&#8217;encrassement de la surface de la pierre<\/span><\/li>\n<\/ul>\n<h2 class=\"default\" data-rm-block-id=\"block-8\">Description du produit<\/h2>\n<div id=\"productDescription\" class=\"a-section a-spacing-small\">\n<p data-rm-block-id=\"block-9\">Produit un tranchant fort, pr\u00e9cis et durable sur tous types de lames de patins, couteaux, lames de rabot, ciseaux, grattoirs avec la pierre \u00e0 aff\u00fbter Norton MB8 India AO \u00e0 grain unique.<\/p>\n<p data-rm-block-id=\"block-10\">Id\u00e9ale pour le dimensionnement manuel et l\u2019aff\u00fbtage des outils n\u00e9cessitant un tranchant plat et net, l&#8217;abrasif en oxyde d&#8217;aluminium \u00e0 coupe douce est le choix pour le meilleur compromis entre vitesse de coupe et finition.<\/p>\n<p data-rm-block-id=\"block-11\">La pierre \u00e0 grain grossier restaure rapidement les bords us\u00e9s ; le grain moyen produit le tranchant standard n\u00e9cessaire pour la plupart des outils ; et le grain fin produit un tranchant encore plus net.<\/p>\n<p data-rm-block-id=\"block-12\">Utiliser avec de l&#8217;huile pour am\u00e9liorer l&#8217;action d&#8217;aff\u00fbtage et minimiser l&#8217;encrassement de la surface de la pierre.<\/p>\n<\/div>\n<table class=\"a-normal a-spacing-micro\" style=\"height: 249px;\" role=\"list\" width=\"778\">\n<tbody>\n<tr class=\"a-spacing-small po-material\" role=\"listitem\">\n<td class=\"a-span3\" role=\"presentation\" data-rm-block-id=\"block-14\"><span class=\"a-size-base a-text-bold\">Mat\u00e9riau<\/span><\/td>\n<td class=\"a-span9\" role=\"presentation\" data-rm-block-id=\"block-15\"><span class=\"a-size-base po-break-word\">Corindon<\/span><\/td>\n<\/tr>\n<tr class=\"a-spacing-small po-brand\" role=\"listitem\">\n<td class=\"a-span3\" role=\"presentation\" data-rm-block-id=\"block-16\"><span class=\"a-size-base a-text-bold\">Marque<\/span><\/td>\n<td class=\"a-span9\" role=\"presentation\" data-rm-block-id=\"block-17\"><span class=\"a-size-base po-break-word\">Norton<\/span><\/td>\n<\/tr>\n<tr class=\"a-spacing-small po-color\" role=\"listitem\">\n<td class=\"a-span3\" role=\"presentation\" data-rm-block-id=\"block-18\"><span class=\"a-size-base a-text-bold\">Couleur<\/span><\/td>\n<td class=\"a-span9\" role=\"presentation\" data-rm-block-id=\"block-19\"><span class=\"a-size-base po-break-word\">Marron<\/span><\/td>\n<\/tr>\n<tr class=\"a-spacing-small po-item_length_width_height\" role=\"listitem\">\n<td class=\"a-span3\" role=\"presentation\" data-rm-block-id=\"block-20\"><span class=\"a-size-base a-text-bold\">Dimensions du produit<\/span><\/td>\n<td class=\"a-span9\" role=\"presentation\" data-rm-block-id=\"block-21\"><span class=\"a-size-base po-break-word\">21L x 5,4l x 2,9H Centim\u00e8tres<\/span><\/td>\n<\/tr>\n<tr class=\"a-spacing-small po-item_weight\" role=\"listitem\">\n<td class=\"a-span3\" role=\"presentation\" data-rm-block-id=\"block-22\"><span class=\"a-size-base a-text-bold\">Poids de l&#8217;article<\/span><\/td>\n<td class=\"a-span9\" role=\"presentation\" data-rm-block-id=\"block-23\"><span class=\"a-size-base po-break-word\">1,59 livres<\/span><\/td>\n<\/tr>\n<\/tbody>\n<\/table>\n<h4>Vous pouvez voir tous nos <a href=\"https:\/\/ztsports.com\/brand\/norton\/\"><strong>Produits Norton ici.<\/strong><\/a><\/h4>\n","protected":false},"excerpt":{"rendered":"<p>Norton MB8 Grain moyen 8 x 2 x 1 pouces Norton MB8 Medium Grit Norton MB8 Pierre \u00e0 aff\u00fbter grain unique en oxyde d&#8217;aluminium India 8 x 2 x 1 pouces Pierre \u00e0 aff\u00fbter MB8 grain moyen \u00c0 propos de cet article India, notre abrasif en oxyde d&#8217;aluminium \u00e0 coupe douce produit un tranchant fort, [&hellip;]<\/p>\n","protected":false},"featured_media":21806,"comment_status":"open","ping_status":"closed","template":"","meta":{"_acf_changed":false,"_monsterinsights_skip_tracking":false,"_monsterinsights_sitenote_active":false,"_monsterinsights_sitenote_note":"","_monsterinsights_sitenote_category":0,"_uf_show_specific_survey":0,"_uf_disable_surveys":false,"site-sidebar-layout":"default","site-content-layout":"","ast-site-content-layout":"default","site-content-style":"default","site-sidebar-style":"default","ast-global-header-display":"","ast-banner-title-visibility":"","ast-main-header-display":"","ast-hfb-above-header-display":"","ast-hfb-below-header-display":"","ast-hfb-mobile-header-display":"","site-post-title":"","ast-breadcrumbs-content":"","ast-featured-img":"","footer-sml-layout":"","ast-disable-related-posts":"","theme-transparent-header-meta":"default","adv-header-id-meta":"","stick-header-meta":"","header-above-stick-meta":"","header-main-stick-meta":"","header-below-stick-meta":"","astra-migrate-meta-layouts":"set","ast-page-background-enabled":"default","ast-page-background-meta":{"desktop":{"background-color":"","background-image":"","background-repeat":"repeat","background-position":"center center","background-size":"auto","background-attachment":"scroll","background-type":"","background-media":"","overlay-type":"","overlay-color":"","overlay-opacity":"","overlay-gradient":""},"tablet":{"background-color":"","background-image":"","background-repeat":"repeat","background-position":"center center","background-size":"auto","background-attachment":"scroll","background-type":"","background-media":"","overlay-type":"","overlay-color":"","overlay-opacity":"","overlay-gradient":""},"mobile":{"background-color":"","background-image":"","background-repeat":"repeat","background-position":"center center","background-size":"auto","background-attachment":"scroll","background-type":"","background-media":"","overlay-type":"","overlay-color":"","overlay-opacity":"","overlay-gradient":""}},"ast-content-background-meta":{"desktop":{"background-color":"var(--ast-global-color-5)","background-image":"","background-repeat":"repeat","background-position":"center center","background-size":"auto","background-attachment":"scroll","background-type":"","background-media":"","overlay-type":"","overlay-color":"","overlay-opacity":"","overlay-gradient":""},"tablet":{"background-color":"var(--ast-global-color-5)","background-image":"","background-repeat":"repeat","background-position":"center center","background-size":"auto","background-attachment":"scroll","background-type":"","background-media":"","overlay-type":"","overlay-color":"","overlay-opacity":"","overlay-gradient":""},"mobile":{"background-color":"var(--ast-global-color-5)","background-image":"","background-repeat":"repeat","background-position":"center center","background-size":"auto","background-attachment":"scroll","background-type":"","background-media":"","overlay-type":"","overlay-color":"","overlay-opacity":"","overlay-gradient":""}}},"product_brand":[3328],"product_cat":[3515],"product_tag":[],"class_list":{"0":"post-21809","1":"product","2":"type-product","3":"status-publish","4":"has-post-thumbnail","6":"product_brand-norton","7":"product_cat-pierres-de-ronce","8":"desktop-align-left","9":"tablet-align-left","10":"mobile-align-left","12":"first","13":"instock","14":"taxable","15":"shipping-taxable","16":"purchasable","17":"product-type-simple"},"acf":[],"_links":{"self":[{"href":"https:\/\/ztsports.com\/fr\/wp-json\/wp\/v2\/product\/21809","targetHints":{"allow":["GET"]}}],"collection":[{"href":"https:\/\/ztsports.com\/fr\/wp-json\/wp\/v2\/product"}],"about":[{"href":"https:\/\/ztsports.com\/fr\/wp-json\/wp\/v2\/types\/product"}],"replies":[{"embeddable":true,"href":"https:\/\/ztsports.com\/fr\/wp-json\/wp\/v2\/comments?post=21809"}],"version-history":[{"count":3,"href":"https:\/\/ztsports.com\/fr\/wp-json\/wp\/v2\/product\/21809\/revisions"}],"predecessor-version":[{"id":25699,"href":"https:\/\/ztsports.com\/fr\/wp-json\/wp\/v2\/product\/21809\/revisions\/25699"}],"wp:featuredmedia":[{"embeddable":true,"href":"https:\/\/ztsports.com\/fr\/wp-json\/wp\/v2\/media\/21806"}],"wp:attachment":[{"href":"https:\/\/ztsports.com\/fr\/wp-json\/wp\/v2\/media?parent=21809"}],"wp:term":[{"taxonomy":"product_brand","embeddable":true,"href":"https:\/\/ztsports.com\/fr\/wp-json\/wp\/v2\/product_brand?post=21809"},{"taxonomy":"product_cat","embeddable":true,"href":"https:\/\/ztsports.com\/fr\/wp-json\/wp\/v2\/product_cat?post=21809"},{"taxonomy":"product_tag","embeddable":true,"href":"https:\/\/ztsports.com\/fr\/wp-json\/wp\/v2\/product_tag?post=21809"}],"curies":[{"name":"wp","href":"https:\/\/api.w.org\/{rel}","templated":true}]}}