{"id":21802,"date":"2026-02-10T16:23:09","date_gmt":"2026-02-10T16:23:09","guid":{"rendered":"https:\/\/ztsports.com\/?post_type=product&#038;p=21802"},"modified":"2026-04-19T03:08:32","modified_gmt":"2026-04-19T03:08:32","slug":"maple-lt-front-spring-hook-short","status":"publish","type":"product","link":"https:\/\/ztsports.com\/fr\/store\/maple-lt-front-spring-hook-short\/","title":{"rendered":"Maple LT Front Spring Hook Short"},"content":{"rendered":"<h1 class=\"product-single__title\" data-rm-block-id=\"block-1\">Crochet avant Maple LT court<\/h1>\n<p>Front Spring Hook<\/p>\n<p data-rm-block-id=\"block-2\">Gardez le crochet avant Maple, MapleZ \u00e0 port\u00e9e de main pour que l&#8217;impr\u00e9vu ne vous surprenne pas.<\/p>\n<p data-rm-block-id=\"block-2\">Crochets de remplacement MAPLE pour les lames longues Maple.<\/p>\n<p data-rm-block-id=\"block-3\">Vendus \u00e0 l&#8217;unit\u00e9. (Deux sont n\u00e9cessaires pour chaque patin.) Compatible avec les mod\u00e8les suivants Front Spring Hook\u00a0 :<\/p>\n<ul>\n<li data-rm-block-id=\"block-4\">Comet Aluminium, Pont T-Bone<\/li>\n<li data-rm-block-id=\"block-5\">Comet Laser, Pont T-Bone<\/li>\n<li data-rm-block-id=\"block-6\">Twin Laser, Pont T-Bone<\/li>\n<\/ul>\n<p data-rm-block-id=\"block-7\">\n","protected":false},"excerpt":{"rendered":"<p>Crochet avant Maple LT court Front Spring Hook Gardez le crochet avant Maple, MapleZ \u00e0 port\u00e9e de main pour que l&#8217;impr\u00e9vu ne vous surprenne pas. Crochets de remplacement MAPLE pour les lames longues Maple. Vendus \u00e0 l&#8217;unit\u00e9. (Deux sont n\u00e9cessaires pour chaque patin.) Compatible avec les mod\u00e8les suivants Front Spring Hook\u00a0 : Comet Aluminium, Pont [&hellip;]<\/p>\n","protected":false},"featured_media":21800,"comment_status":"open","ping_status":"closed","template":"","meta":{"_acf_changed":false,"_monsterinsights_skip_tracking":false,"_monsterinsights_sitenote_active":false,"_monsterinsights_sitenote_note":"","_monsterinsights_sitenote_category":0,"_uf_show_specific_survey":0,"_uf_disable_surveys":false,"site-sidebar-layout":"default","site-content-layout":"","ast-site-content-layout":"default","site-content-style":"default","site-sidebar-style":"default","ast-global-header-display":"","ast-banner-title-visibility":"","ast-main-header-display":"","ast-hfb-above-header-display":"","ast-hfb-below-header-display":"","ast-hfb-mobile-header-display":"","site-post-title":"","ast-breadcrumbs-content":"","ast-featured-img":"","footer-sml-layout":"","ast-disable-related-posts":"","theme-transparent-header-meta":"default","adv-header-id-meta":"","stick-header-meta":"","header-above-stick-meta":"","header-main-stick-meta":"","header-below-stick-meta":"","astra-migrate-meta-layouts":"set","ast-page-background-enabled":"default","ast-page-background-meta":{"desktop":{"background-color":"","background-image":"","background-repeat":"repeat","background-position":"center center","background-size":"auto","background-attachment":"scroll","background-type":"","background-media":"","overlay-type":"","overlay-color":"","overlay-opacity":"","overlay-gradient":""},"tablet":{"background-color":"","background-image":"","background-repeat":"repeat","background-position":"center center","background-size":"auto","background-attachment":"scroll","background-type":"","background-media":"","overlay-type":"","overlay-color":"","overlay-opacity":"","overlay-gradient":""},"mobile":{"background-color":"","background-image":"","background-repeat":"repeat","background-position":"center center","background-size":"auto","background-attachment":"scroll","background-type":"","background-media":"","overlay-type":"","overlay-color":"","overlay-opacity":"","overlay-gradient":""}},"ast-content-background-meta":{"desktop":{"background-color":"var(--ast-global-color-5)","background-image":"","background-repeat":"repeat","background-position":"center center","background-size":"auto","background-attachment":"scroll","background-type":"","background-media":"","overlay-type":"","overlay-color":"","overlay-opacity":"","overlay-gradient":""},"tablet":{"background-color":"var(--ast-global-color-5)","background-image":"","background-repeat":"repeat","background-position":"center center","background-size":"auto","background-attachment":"scroll","background-type":"","background-media":"","overlay-type":"","overlay-color":"","overlay-opacity":"","overlay-gradient":""},"mobile":{"background-color":"var(--ast-global-color-5)","background-image":"","background-repeat":"repeat","background-position":"center center","background-size":"auto","background-attachment":"scroll","background-type":"","background-media":"","overlay-type":"","overlay-color":"","overlay-opacity":"","overlay-gradient":""}}},"product_brand":[4343,3318,3319],"product_cat":[4449,4226],"product_tag":[4699,4672],"class_list":{"0":"post-21802","1":"product","2":"type-product","3":"status-publish","4":"has-post-thumbnail","6":"product_brand-accessoires-longue-piste","7":"product_brand-maple","8":"product_brand-maplez","9":"product_cat-equipement-de-matage-des-lames","10":"product_cat-vetements","11":"product_tag-front-spring-hook","12":"product_tag-maple","13":"desktop-align-left","14":"tablet-align-left","15":"mobile-align-left","17":"first","18":"instock","19":"taxable","20":"shipping-taxable","21":"purchasable","22":"product-type-simple"},"acf":[],"_links":{"self":[{"href":"https:\/\/ztsports.com\/fr\/wp-json\/wp\/v2\/product\/21802","targetHints":{"allow":["GET"]}}],"collection":[{"href":"https:\/\/ztsports.com\/fr\/wp-json\/wp\/v2\/product"}],"about":[{"href":"https:\/\/ztsports.com\/fr\/wp-json\/wp\/v2\/types\/product"}],"replies":[{"embeddable":true,"href":"https:\/\/ztsports.com\/fr\/wp-json\/wp\/v2\/comments?post=21802"}],"version-history":[{"count":4,"href":"https:\/\/ztsports.com\/fr\/wp-json\/wp\/v2\/product\/21802\/revisions"}],"predecessor-version":[{"id":25701,"href":"https:\/\/ztsports.com\/fr\/wp-json\/wp\/v2\/product\/21802\/revisions\/25701"}],"wp:featuredmedia":[{"embeddable":true,"href":"https:\/\/ztsports.com\/fr\/wp-json\/wp\/v2\/media\/21800"}],"wp:attachment":[{"href":"https:\/\/ztsports.com\/fr\/wp-json\/wp\/v2\/media?parent=21802"}],"wp:term":[{"taxonomy":"product_brand","embeddable":true,"href":"https:\/\/ztsports.com\/fr\/wp-json\/wp\/v2\/product_brand?post=21802"},{"taxonomy":"product_cat","embeddable":true,"href":"https:\/\/ztsports.com\/fr\/wp-json\/wp\/v2\/product_cat?post=21802"},{"taxonomy":"product_tag","embeddable":true,"href":"https:\/\/ztsports.com\/fr\/wp-json\/wp\/v2\/product_tag?post=21802"}],"curies":[{"name":"wp","href":"https:\/\/api.w.org\/{rel}","templated":true}]}}