{"id":21798,"date":"2026-02-10T16:59:48","date_gmt":"2026-02-10T16:59:48","guid":{"rendered":"https:\/\/ztsports.com\/?post_type=product&#038;p=21798"},"modified":"2026-04-19T03:12:54","modified_gmt":"2026-04-19T03:12:54","slug":"maple-lt-heel-intake","status":"publish","type":"product","link":"https:\/\/ztsports.com\/fr\/store\/maple-lt-heel-intake\/","title":{"rendered":"Maple LT Heel Intake"},"content":{"rendered":"<h1 class=\"product-single__title\" data-rm-block-id=\"block-1\">Prise de talon Maple LT<\/h1>\n<div class=\"pdetail-sec-four columns\">\n<div id=\"ctl01_uxPlaceHolder_uxProductFormView_ctl01_uxTabContainerResponsive\" class=\"ProductDetailsDefault2TabContainer ajax__tab_container ajax__tab_default\">\n<div id=\"ctl01_uxPlaceHolder_uxProductFormView_ctl01_uxTabContainerResponsive_body\" class=\"ajax__tab_body\">\n<div id=\"ctl01_uxPlaceHolder_uxProductFormView_ctl01_uxTabContainerResponsive_uxLongDescriptionDiv\" class=\"ajax__tab_panel\">\n<div class=\"ProductDetailsResponsiveDescriptionLongDiv\" data-rm-block-id=\"block-2\"><span id=\"ctl01_uxPlaceHolder_uxProductFormView_ctl01_uxTabContainerResponsive_uxLongDescriptionDiv_uxLongDescriptionLabel\" class=\"ProductDetailsResponsiveDescriptionLongLabel\"><br \/>\nUn \u00e9l\u00e9ment essentiel de vos patins clap, la prise de talon MapleZ.<\/span><\/div>\n<div class=\"ProductDetailsResponsiveDescriptionLongDiv\" data-rm-block-id=\"block-2\"><span id=\"ctl01_uxPlaceHolder_uxProductFormView_ctl01_uxTabContainerResponsive_uxLongDescriptionDiv_uxLongDescriptionLabel\" class=\"ProductDetailsResponsiveDescriptionLongLabel\">Maple LT Heel Intake<\/span><br \/>\nCompatible avec les mod\u00e8les suivants :<\/div>\n<\/div>\n<\/div>\n<\/div>\n<\/div>\n<ul>\n<li data-rm-block-id=\"block-3\">Blizzard<\/li>\n<li data-rm-block-id=\"block-4\">Comet Aluminum<\/li>\n<li data-rm-block-id=\"block-5\">Comet Laser<\/li>\n<li data-rm-block-id=\"block-6\">Twin Laser<\/li>\n<li data-rm-block-id=\"block-7\">Laser T-Bone<\/li>\n<li data-rm-block-id=\"block-8\">Twin Laser T-Bone<\/li>\n<\/ul>\n<p data-rm-block-id=\"block-9\">Ce guide de remplacement Maple Bridge sp\u00e9cial est con\u00e7u pour les utilisateurs de Comet Aluminum\/Laser Steel et Blizzard.<\/p>\n<p data-rm-block-id=\"block-10\">N&#8217;oubliez pas de pr\u00e9ciser votre type de lame afin de recevoir le montage correct.<\/p>\n","protected":false},"excerpt":{"rendered":"<p>Prise de talon Maple LT Un \u00e9l\u00e9ment essentiel de vos patins clap, la prise de talon MapleZ. Maple LT Heel Intake Compatible avec les mod\u00e8les suivants : Blizzard Comet Aluminum Comet Laser Twin Laser Laser T-Bone Twin Laser T-Bone Ce guide de remplacement Maple Bridge sp\u00e9cial est con\u00e7u pour les utilisateurs de Comet Aluminum\/Laser Steel [&hellip;]<\/p>\n","protected":false},"featured_media":21797,"comment_status":"open","ping_status":"closed","template":"","meta":{"_acf_changed":false,"_monsterinsights_skip_tracking":false,"_monsterinsights_sitenote_active":false,"_monsterinsights_sitenote_note":"","_monsterinsights_sitenote_category":0,"_uf_show_specific_survey":0,"_uf_disable_surveys":false,"site-sidebar-layout":"default","site-content-layout":"","ast-site-content-layout":"default","site-content-style":"default","site-sidebar-style":"default","ast-global-header-display":"","ast-banner-title-visibility":"","ast-main-header-display":"","ast-hfb-above-header-display":"","ast-hfb-below-header-display":"","ast-hfb-mobile-header-display":"","site-post-title":"","ast-breadcrumbs-content":"","ast-featured-img":"","footer-sml-layout":"","ast-disable-related-posts":"","theme-transparent-header-meta":"default","adv-header-id-meta":"","stick-header-meta":"","header-above-stick-meta":"","header-main-stick-meta":"","header-below-stick-meta":"","astra-migrate-meta-layouts":"set","ast-page-background-enabled":"default","ast-page-background-meta":{"desktop":{"background-color":"","background-image":"","background-repeat":"repeat","background-position":"center center","background-size":"auto","background-attachment":"scroll","background-type":"","background-media":"","overlay-type":"","overlay-color":"","overlay-opacity":"","overlay-gradient":""},"tablet":{"background-color":"","background-image":"","background-repeat":"repeat","background-position":"center center","background-size":"auto","background-attachment":"scroll","background-type":"","background-media":"","overlay-type":"","overlay-color":"","overlay-opacity":"","overlay-gradient":""},"mobile":{"background-color":"","background-image":"","background-repeat":"repeat","background-position":"center center","background-size":"auto","background-attachment":"scroll","background-type":"","background-media":"","overlay-type":"","overlay-color":"","overlay-opacity":"","overlay-gradient":""}},"ast-content-background-meta":{"desktop":{"background-color":"var(--ast-global-color-5)","background-image":"","background-repeat":"repeat","background-position":"center center","background-size":"auto","background-attachment":"scroll","background-type":"","background-media":"","overlay-type":"","overlay-color":"","overlay-opacity":"","overlay-gradient":""},"tablet":{"background-color":"var(--ast-global-color-5)","background-image":"","background-repeat":"repeat","background-position":"center center","background-size":"auto","background-attachment":"scroll","background-type":"","background-media":"","overlay-type":"","overlay-color":"","overlay-opacity":"","overlay-gradient":""},"mobile":{"background-color":"var(--ast-global-color-5)","background-image":"","background-repeat":"repeat","background-position":"center center","background-size":"auto","background-attachment":"scroll","background-type":"","background-media":"","overlay-type":"","overlay-color":"","overlay-opacity":"","overlay-gradient":""}}},"product_brand":[3318,3319],"product_cat":[3378],"product_tag":[],"class_list":{"0":"post-21798","1":"product","2":"type-product","3":"status-publish","4":"has-post-thumbnail","6":"product_brand-maple","7":"product_brand-maplez","8":"product_cat-non-categorise","9":"desktop-align-left","10":"tablet-align-left","11":"mobile-align-left","13":"first","14":"instock","15":"taxable","16":"shipping-taxable","17":"purchasable","18":"product-type-simple"},"acf":[],"_links":{"self":[{"href":"https:\/\/ztsports.com\/fr\/wp-json\/wp\/v2\/product\/21798","targetHints":{"allow":["GET"]}}],"collection":[{"href":"https:\/\/ztsports.com\/fr\/wp-json\/wp\/v2\/product"}],"about":[{"href":"https:\/\/ztsports.com\/fr\/wp-json\/wp\/v2\/types\/product"}],"replies":[{"embeddable":true,"href":"https:\/\/ztsports.com\/fr\/wp-json\/wp\/v2\/comments?post=21798"}],"version-history":[{"count":3,"href":"https:\/\/ztsports.com\/fr\/wp-json\/wp\/v2\/product\/21798\/revisions"}],"predecessor-version":[{"id":25703,"href":"https:\/\/ztsports.com\/fr\/wp-json\/wp\/v2\/product\/21798\/revisions\/25703"}],"wp:featuredmedia":[{"embeddable":true,"href":"https:\/\/ztsports.com\/fr\/wp-json\/wp\/v2\/media\/21797"}],"wp:attachment":[{"href":"https:\/\/ztsports.com\/fr\/wp-json\/wp\/v2\/media?parent=21798"}],"wp:term":[{"taxonomy":"product_brand","embeddable":true,"href":"https:\/\/ztsports.com\/fr\/wp-json\/wp\/v2\/product_brand?post=21798"},{"taxonomy":"product_cat","embeddable":true,"href":"https:\/\/ztsports.com\/fr\/wp-json\/wp\/v2\/product_cat?post=21798"},{"taxonomy":"product_tag","embeddable":true,"href":"https:\/\/ztsports.com\/fr\/wp-json\/wp\/v2\/product_tag?post=21798"}],"curies":[{"name":"wp","href":"https:\/\/api.w.org\/{rel}","templated":true}]}}