{"id":21795,"date":"2026-02-10T19:46:54","date_gmt":"2026-02-10T19:46:54","guid":{"rendered":"https:\/\/ztsports.com\/?post_type=product&#038;p=21795"},"modified":"2026-04-25T15:02:20","modified_gmt":"2026-04-25T15:02:20","slug":"st-helmet-025-visor","status":"publish","type":"product","link":"https:\/\/ztsports.com\/fr\/store\/st-helmet-025-visor\/","title":{"rendered":"ST Helmet 025 Visor New"},"content":{"rendered":"<h1 class=\"font-bold text-2xl\">Visi\u00e8re pour casque ST Helmet 025<\/h1>\n<h5 class=\"serp-title\"><mark>ST Helmet 025 Visor<\/mark><\/h5>\n<p>Casque Courte Piste Skate-Tec Visi\u00e8re PRO<\/p>\n<p>Casque Courte Piste Skate-Tec Visi\u00e8re PRO<\/p>\n<p>Notre casque \u00e0 visi\u00e8re a \u00e9t\u00e9 con\u00e7u dans un souci de s\u00e9curit\u00e9. L\u2019\u00e9cran facial \u00e0 fixation magn\u00e9tique prot\u00e8ge l\u2019athl\u00e8te des lames entrantes et vise \u00e0 pr\u00e9venir les blessures graves. La taille et l\u2019ajustement restent inchang\u00e9s.<\/p>\n<h5 class=\"serp-title\"><mark>ST Helmet 025 Visor<\/mark><\/h5>\n<p>Les visi\u00e8res sont disponibles en plusieurs finitions et couleurs. Outre la couleur, nous proposons \u00e9galement deux tailles de trous, l\u2019une pour les petits visages et l\u2019autre pour les visages plus grands. Toutes les visi\u00e8res sont recouvertes de notre rev\u00eatement antibu\u00e9e exclusif.<\/p>\n<p>Le casque est tr\u00e8s l\u00e9ger et enti\u00e8rement r\u00e9glable.<\/p>\n<p><strong>Visi\u00e8res en polycarbonate<\/strong><br \/>\nLe polycarbonate est g\u00e9n\u00e9ralement le mat\u00e9riau le plus utilis\u00e9 pour fabriquer des visi\u00e8res. Vous pouvez lui donner pratiquement n\u2019importe quelle forme. Plus important encore, il poss\u00e8de certaines des meilleures propri\u00e9t\u00e9s m\u00e9caniques, optiques et chimiques.<\/p>\n<p>Propri\u00e9t\u00e9s essentielles pour les visi\u00e8res de casque :<\/p>\n<p>\u2013\u00a0<strong>Meilleure transmission de la lumi\u00e8re<\/strong><br \/>\nUn polycarbonate transparent transmet plus de 97% de la lumi\u00e8re. Par cons\u00e9quent, tous les patineurs verront clairement leurs adversaires et les marqueurs de piste. De plus, il sera plus facile de se concentrer sur la pratique du sport. En outre, ils ne se fatigueront pas du tout.<\/p>\n<p>\u2013\u00a0<strong>Haute r\u00e9sistance aux chocs<\/strong><br \/>\nN\u2019est-ce pas ce que tous les patineurs recherchent ? En supposant que vous ayez une visi\u00e8re en verre, que pensez-vous qu\u2019il se passera ?<\/p>\n<p>Lorsqu\u2019il est touch\u00e9, il se fragmente en tr\u00e8s petites particules qui peuvent p\u00e9n\u00e9trer dans vos yeux et provoquer des coupures profondes sur votre peau.<\/p>\n<p>N\u2019oubliez pas que les morceaux cass\u00e9s peuvent couper d\u2019autres patineurs.<\/p>\n<p>La bonne nouvelle ?<\/p>\n<p>La feuille de polycarbonate est r\u00e9sistante aux chocs \u2013 elle est pratiquement incassable. Honn\u00eatement, il faudra une force ou un impact inimaginable pour la briser. Malgr\u00e9 cela, elle ne se brisera pas en particules plus petites qui pourraient couper ou p\u00e9n\u00e9trer dans votre \u0153il.<\/p>\n<p>Vous voyez ce que je veux dire ?<\/p>\n<p>C\u2019est la s\u00e9curit\u00e9 que m\u00e9rite un patineur !<\/p>\n<p>\u2013\u00a0<strong>Facile d\u2019ajouter d\u2019autres technologies pour am\u00e9liorer la vision<\/strong><br \/>\nLaissez-moi vous dire la v\u00e9rit\u00e9 \u2013 il n\u2019y a pas de mat\u00e9riel qui soit parfait \u00e0 100 %.<\/p>\n<p>Cependant, la beaut\u00e9 des visi\u00e8res en polycarbonate r\u00e9side dans le fait que vous pouvez modifier leurs performances.<\/p>\n<p>Qu\u2019est-ce que je veux dire par l\u00e0 ?<\/p>\n<p>Que vous souhaitiez un mat\u00e9riau transparent, teint\u00e9 ou miroir, tout est possible avec le polycarbonate.<\/p>\n<p>Quelles sont les options qui s\u2019offrent \u00e0 vous ?<\/p>\n<p>Vous pouvez ajouter d\u2019autres technologies telles que le rev\u00eatement anti-rayures, le rev\u00eatement anti-UV, le rev\u00eatement anti-bu\u00e9e, le rev\u00eatement anti-reflets et bien d\u2019autres encore.<\/p>\n<p>Cela d\u00e9pendra de ce que vous voulez et de l\u2019aspect que vous souhaitez donner \u00e0 la visi\u00e8re de casque en polycarbonate.<\/p>\n<p>\u2013\u00a0<strong>Les visi\u00e8res de casque en polycarbonate sont l\u00e9g\u00e8res<\/strong><br \/>\nPouvez-vous imaginer une charge lourde sur votre front ?<\/p>\n<p>Est-ce que cela semble m\u00eame pratique ?<\/p>\n<p>C\u2019est pourquoi vous avez besoin d\u2019un mat\u00e9riau l\u00e9ger pour vos visi\u00e8res de casque.<\/p>\n<p>Le polycarbonate est donc un choix id\u00e9al pour les visi\u00e8res en raison de sa l\u00e9g\u00e8ret\u00e9.<\/p>\n<p>En fait, vous ne sentirez m\u00eame pas le poids de la visi\u00e8re du casque en polycarbonate.<\/p>\n<p>Cela vous permettra de vous concentrer sur la pratique de votre sport.<\/p>\n<p><strong>\u2013 Le mat\u00e9riau polycarbonate est facile \u00e0 nettoyer<\/strong><\/p>\n<p>Il se peut que vous deviez nettoyer la visi\u00e8re de votre casque tous les jours. Cela ne doit pas vous d\u00e9courager. Les visi\u00e8res en polycarbonate peuvent \u00eatre dot\u00e9es d\u2019un rev\u00eatement hydrophobe. Ce rev\u00eatement conf\u00e8re \u00e0 la visi\u00e8re sa propri\u00e9t\u00e9 \u201cautonettoyante\u201d. En d\u2019autres termes, la salet\u00e9 tombe d\u2019elle-m\u00eame de la surface de la visi\u00e8re, ce qui r\u00e9duit la fr\u00e9quence de nettoyage de la visi\u00e8re.<\/p>\n<p>Ainsi :<\/p>\n<p>Seul le polycarbonate convient aux visi\u00e8res de casque. Cela est d\u00fb \u00e0 ses excellentes propri\u00e9t\u00e9s.<\/p>\n<p><strong>Tailles disponibles pour le casque :<\/strong><\/p>\n<h5 class=\"serp-title\"><mark>ST Helmet 025 Visor<\/mark><\/h5>\n<p>S\/M (54-57cm)<\/p>\n<p>L\/XL (58-61cm)<\/p>\n<p>Rapport de test SGS GZHG1203005770HM<\/p>\n<p>Casque ISU certifi\u00e9<\/p>\n<h2>Type de visi\u00e8re<\/h2>\n<ul>\n<li>Visi\u00e8re magn\u00e9tique en polycarbonate certifi\u00e9e r\u00e9sistance aux impacts FFP.<\/li>\n<li>Autoris\u00e9e pour une utilisation lors des \u00e9v\u00e9nements internationaux ISU<\/li>\n<li>\u00a0<strong><strong>Construction<\/strong><\/strong><br \/>\n<h5 class=\"serp-title\"><mark>ST Helmet 025 Visor<\/mark><\/h5>\n<\/li>\n<\/ul>\n<ul>\n<li>Noyau EPS haute performance avec coque PC<\/li>\n<li><span style=\"font-size: 1.7em; font-weight: bold;\">Certification<\/span><\/li>\n<\/ul>\n<ul>\n<li>ASTM F1849 conforme aux r\u00e9glementations ISU<\/li>\n<\/ul>\n<div class=\"flex flex-row justify-between\">\n<h3 class=\"my-4\">Tailles ST Helmet 025 Visor<\/h3>\n<\/div>\n<ul class=\"flex flex-row\">\n<li class=\"rounded-lg border-2 border-gray-400 w-32 flex justify-center align-middle mr-2\">S\/M 54-57 cm<\/li>\n<li class=\"rounded-lg border-2 border-gray-400 w-32 flex justify-center align-middle\">L\/XL 58-61 cm<\/li>\n<li>\n<div class=\"collapse-title flex flex-row\">Poids du casque<\/div>\n<div class=\"collapse-content\">\n<ul>\n<li>S\/M (290 grammes) sans visi\u00e8re<\/li>\n<li>L\/XL (315 grammes) sans visi\u00e8re<\/li>\n<\/ul>\n<\/div>\n<h3>Couleurs<\/h3>\n<\/li>\n<li>Noir<\/li>\n<li>Rose<\/li>\n<li>Blanc<\/li>\n<\/ul>\n<div class=\"collapse-content\"><\/div>\n","protected":false},"excerpt":{"rendered":"<p>Visi\u00e8re pour casque ST Helmet 025 ST Helmet 025 Visor Casque Courte Piste Skate-Tec Visi\u00e8re PRO Casque Courte Piste Skate-Tec Visi\u00e8re PRO Notre casque \u00e0 visi\u00e8re a \u00e9t\u00e9 con\u00e7u dans un souci de s\u00e9curit\u00e9. L\u2019\u00e9cran facial \u00e0 fixation magn\u00e9tique prot\u00e8ge l\u2019athl\u00e8te des lames entrantes et vise \u00e0 pr\u00e9venir les blessures graves. La taille et l\u2019ajustement [&hellip;]<\/p>\n","protected":false},"featured_media":21782,"comment_status":"open","ping_status":"closed","template":"","meta":{"_acf_changed":false,"_monsterinsights_skip_tracking":false,"_monsterinsights_sitenote_active":false,"_monsterinsights_sitenote_note":"","_monsterinsights_sitenote_category":0,"_uf_show_specific_survey":0,"_uf_disable_surveys":false,"site-sidebar-layout":"default","site-content-layout":"","ast-site-content-layout":"default","site-content-style":"default","site-sidebar-style":"default","ast-global-header-display":"","ast-banner-title-visibility":"","ast-main-header-display":"","ast-hfb-above-header-display":"","ast-hfb-below-header-display":"","ast-hfb-mobile-header-display":"","site-post-title":"","ast-breadcrumbs-content":"","ast-featured-img":"","footer-sml-layout":"","ast-disable-related-posts":"","theme-transparent-header-meta":"default","adv-header-id-meta":"","stick-header-meta":"","header-above-stick-meta":"","header-main-stick-meta":"","header-below-stick-meta":"","astra-migrate-meta-layouts":"set","ast-page-background-enabled":"default","ast-page-background-meta":{"desktop":{"background-color":"","background-image":"","background-repeat":"repeat","background-position":"center center","background-size":"auto","background-attachment":"scroll","background-type":"","background-media":"","overlay-type":"","overlay-color":"","overlay-opacity":"","overlay-gradient":""},"tablet":{"background-color":"","background-image":"","background-repeat":"repeat","background-position":"center center","background-size":"auto","background-attachment":"scroll","background-type":"","background-media":"","overlay-type":"","overlay-color":"","overlay-opacity":"","overlay-gradient":""},"mobile":{"background-color":"","background-image":"","background-repeat":"repeat","background-position":"center center","background-size":"auto","background-attachment":"scroll","background-type":"","background-media":"","overlay-type":"","overlay-color":"","overlay-opacity":"","overlay-gradient":""}},"ast-content-background-meta":{"desktop":{"background-color":"var(--ast-global-color-5)","background-image":"","background-repeat":"repeat","background-position":"center center","background-size":"auto","background-attachment":"scroll","background-type":"","background-media":"","overlay-type":"","overlay-color":"","overlay-opacity":"","overlay-gradient":""},"tablet":{"background-color":"var(--ast-global-color-5)","background-image":"","background-repeat":"repeat","background-position":"center center","background-size":"auto","background-attachment":"scroll","background-type":"","background-media":"","overlay-type":"","overlay-color":"","overlay-opacity":"","overlay-gradient":""},"mobile":{"background-color":"var(--ast-global-color-5)","background-image":"","background-repeat":"repeat","background-position":"center center","background-size":"auto","background-attachment":"scroll","background-type":"","background-media":"","overlay-type":"","overlay-color":"","overlay-opacity":"","overlay-gradient":""}}},"product_brand":[3338],"product_cat":[4577,3589,4076],"product_tag":[4708],"class_list":{"0":"post-21795","1":"product","2":"type-product","3":"status-publish","4":"has-post-thumbnail","6":"product_brand-skate-tec","7":"product_cat-cadeaux","8":"product_cat-casques","9":"product_cat-hlmet","10":"product_tag-st-helmet-025-visor","11":"desktop-align-left","12":"tablet-align-left","13":"mobile-align-left","15":"first","16":"instock","17":"taxable","18":"shipping-taxable","19":"purchasable","20":"product-type-simple"},"acf":[],"_links":{"self":[{"href":"https:\/\/ztsports.com\/fr\/wp-json\/wp\/v2\/product\/21795","targetHints":{"allow":["GET"]}}],"collection":[{"href":"https:\/\/ztsports.com\/fr\/wp-json\/wp\/v2\/product"}],"about":[{"href":"https:\/\/ztsports.com\/fr\/wp-json\/wp\/v2\/types\/product"}],"replies":[{"embeddable":true,"href":"https:\/\/ztsports.com\/fr\/wp-json\/wp\/v2\/comments?post=21795"}],"version-history":[{"count":4,"href":"https:\/\/ztsports.com\/fr\/wp-json\/wp\/v2\/product\/21795\/revisions"}],"predecessor-version":[{"id":25745,"href":"https:\/\/ztsports.com\/fr\/wp-json\/wp\/v2\/product\/21795\/revisions\/25745"}],"wp:featuredmedia":[{"embeddable":true,"href":"https:\/\/ztsports.com\/fr\/wp-json\/wp\/v2\/media\/21782"}],"wp:attachment":[{"href":"https:\/\/ztsports.com\/fr\/wp-json\/wp\/v2\/media?parent=21795"}],"wp:term":[{"taxonomy":"product_brand","embeddable":true,"href":"https:\/\/ztsports.com\/fr\/wp-json\/wp\/v2\/product_brand?post=21795"},{"taxonomy":"product_cat","embeddable":true,"href":"https:\/\/ztsports.com\/fr\/wp-json\/wp\/v2\/product_cat?post=21795"},{"taxonomy":"product_tag","embeddable":true,"href":"https:\/\/ztsports.com\/fr\/wp-json\/wp\/v2\/product_tag?post=21795"}],"curies":[{"name":"wp","href":"https:\/\/api.w.org\/{rel}","templated":true}]}}