{"id":21783,"date":"2026-02-12T19:58:30","date_gmt":"2026-02-12T19:58:30","guid":{"rendered":"https:\/\/ztsports.com\/?post_type=product&#038;p=21783"},"modified":"2026-04-19T19:09:22","modified_gmt":"2026-04-19T19:09:22","slug":"casque-a-visiere-skate-tec","status":"publish","type":"product","link":"https:\/\/ztsports.com\/fr\/store\/casque-a-visiere-skate-tec\/","title":{"rendered":"Casque \u00e0 visi\u00e8re Skate-Tec Skate-Tec Visor Helmet 025"},"content":{"rendered":"<h1 data-rm-block-id=\"block-1\">Casque \u00e0 visi\u00e8re Skate-Tec 025<\/h1>\n<p class=\"font-bold text-2xl\" data-rm-block-id=\"block-2\">Casque \u00e0 visi\u00e8re Skate-Tec 025<\/p>\n<p data-rm-block-id=\"block-3\">Type de visi\u00e8re<\/p>\n<ul>\n<li data-rm-block-id=\"block-4\">Visi\u00e8re magn\u00e9tique en polycarbonate certifi\u00e9e r\u00e9sistance aux impacts FFP.<\/li>\n<li data-rm-block-id=\"block-5\">Autoris\u00e9 pour une utilisation lors des comp\u00e9titions internationales ISU<\/li>\n<\/ul>\n<h2 data-rm-block-id=\"block-6\">Construction<\/h2>\n<ul>\n<li data-rm-block-id=\"block-7\">Noyau EPS haute performance avec coque PC<\/li>\n<\/ul>\n<h2 data-rm-block-id=\"block-8\">Certification<\/h2>\n<ul>\n<li data-rm-block-id=\"block-9\">Conforme \u00e0 la norme ASTM F1849 et aux r\u00e9glementations ISU<\/li>\n<\/ul>\n<div class=\"flex flex-row justify-between\">\n<h3 class=\"my-4\" data-rm-block-id=\"block-10\">Tailles<\/h3>\n<\/div>\n<ul class=\"flex flex-row\">\n<li class=\"rounded-lg border-2 border-gray-400 w-32 flex justify-center align-middle mr-2\" data-rm-block-id=\"block-11\">S\/M 54-57 cm<\/li>\n<li class=\"rounded-lg border-2 border-gray-400 w-32 flex justify-center align-middle\" data-rm-block-id=\"block-12\">L\/XL 58-61 cm<\/li>\n<li>\n<div class=\"collapse-title flex flex-row\" data-rm-block-id=\"block-13\">Poids du casque<\/div>\n<div class=\"collapse-content\">\n<ul>\n<li data-rm-block-id=\"block-14\">S\/M (290 g) sans visi\u00e8re<\/li>\n<li data-rm-block-id=\"block-15\">L\/XL (315 g) sans visi\u00e8re<\/li>\n<\/ul>\n<\/div>\n<h3 data-rm-block-id=\"block-16\">Couleurs<\/h3>\n<\/li>\n<li data-rm-block-id=\"block-17\">Noir<\/li>\n<li data-rm-block-id=\"block-18\">Rose<\/li>\n<li data-rm-block-id=\"block-19\">Blanc<\/li>\n<\/ul>\n<p>Le <span data-wiz-uids=\"viLD1e_f\"><a class=\"GI370e\" href=\"https:\/\/www.google.com\/search?sca_esv=4a7588dd06060af0&amp;rlz=1C1UEAD_enCA1183CA1183&amp;sxsrf=ANbL-n4E42ZYay4Xx6c9ZjChltBfbgvo5g%3A1770924846817&amp;q=Skate-Tec+Pro+Visor+Helmet+%28025%29&amp;sa=X&amp;ved=2ahUKEwj4v92j2dSSAxXcGFkFHUnTBFUQgK4QegQIARAD&amp;biw=1920&amp;bih=911&amp;dpr=1&amp;mstk=AUtExfA_XAozwlRFdN-xn54QUS5A6_Ks8sTtS5ckseMApQmq-djufQ3K8V623C47nXgj1vBCducLF-p9j8J-C0d26ivjc-YDta0fB46gCt40V_NwQ_JnAX85APyEIMA6WMIKbsEhZy7zT02VdaJ02bEA1jhDIHcd91FHIqUXYPJ1vJhLA_KF3mY9sHE9hPbtDFVkq70t7SYKW2NuUhGWB0c_qZ0WcIWNRcEkXsaupQ1X3gaViDLFjUxheE8H-jWergF5E60ppeu00KRV9f7t9syerRCUyMtcYlSNI6VoRLGNfEh2Dg&amp;csui=3\" data-ved=\"2ahUKEwj4v92j2dSSAxXcGFkFHUnTBFUQgK4QegQIARAD\" data-hveid=\"CAEQAw\" target=\"_blank\" rel=\"noopener\">casque Skate-Tec Pro Visor (025)<\/a><\/span> est tr\u00e8s appr\u00e9ci\u00e9 pour le patinage de vitesse. Il est dot\u00e9 d\u2019une visi\u00e8re claire \u00e0 haute transmission lumineuse (&gt;97 %) et, surtout, d\u2019un syst\u00e8me de s\u00e9curit\u00e9 permettant \u00e0 la visi\u00e8re de se d\u00e9tacher afin de pr\u00e9venir les blessures faciales. Les avis soulignent sa <mark class=\"HxTRcb\" data-rm-block-id=\"block-21\">l\u00e9g\u00e8ret\u00e9, son confort et, gr\u00e2ce aux fentes de circulation d\u2019air, son efficacit\u00e9 contre la formation de bu\u00e9e<\/mark>.<\/p>\n<div class=\"Y3BBE\" data-sfc-cp=\"\" data-hveid=\"CAIQAA\" data-rm-block-id=\"block-22\"><strong class=\"Yjhzub\">Caract\u00e9ristiques cl\u00e9s et performances<\/strong><\/div>\n<ul class=\"KsbFXc U6u95\">\n<li data-hveid=\"CAMQAA\" data-rm-block-id=\"block-23\"><span class=\"T286Pc\" data-sfc-cp=\"\"><strong class=\"Yjhzub\">Visibilit\u00e9 et protection :<\/strong> La visi\u00e8re offre un large champ de vision d\u00e9gag\u00e9 sans monture, tandis que le polycarbonate assure une vision claire.<\/span><\/li>\n<li data-hveid=\"CAMQAQ\" data-rm-block-id=\"block-24\"><span class=\"T286Pc\" data-sfc-cp=\"\"><strong class=\"Yjhzub\">S\u00e9curit\u00e9 et confort :<\/strong> Certifi\u00e9 ISU et conforme aux normes ASTM. Il comprend un syst\u00e8me d\u2019ajustement microm\u00e9trique pour plus de confort et une large ouverture arri\u00e8re adapt\u00e9e aux cheveux longs.<\/span><\/li>\n<li data-hveid=\"CAMQAQ\" data-rm-block-id=\"block-25\"><em>La tr\u00e8s grande ouverture \u00e0 l\u2019arri\u00e8re permet de laisser passer facilement les cheveux.<\/em> Elle est con\u00e7ue pour \u00eatre aussi large que possible tout en maintenant un haut niveau de s\u00e9curit\u00e9.<\/li>\n<li data-hveid=\"CAMQAg\" data-rm-block-id=\"block-26\"><span class=\"T286Pc\" data-sfc-cp=\"\"><strong class=\"Yjhzub\">Design :<\/strong> Le casque int\u00e8gre des fentes d\u2019a\u00e9ration directes pour r\u00e9duire la formation de bu\u00e9e sur la visi\u00e8re.<\/span><\/li>\n<\/ul>\n<div class=\"Y3BBE\" data-sfc-cp=\"\" data-hveid=\"CAQQAA\" data-rm-block-id=\"block-27\"><strong class=\"Yjhzub\">Avis fr\u00e9quents des utilisateurs<\/strong><\/div>\n<ul class=\"KsbFXc U6u95\">\n<li data-hveid=\"CAUQAA\" data-rm-block-id=\"block-28\"><span class=\"T286Pc\" data-sfc-cp=\"\"><strong class=\"Yjhzub\">L\u00e9g\u00e8ret\u00e9 :<\/strong> Les utilisateurs indiquent souvent que le casque est si l\u00e9ger et confortable qu\u2019ils \u00ab oublient qu\u2019ils le portent \u00bb.<\/span><\/li>\n<li data-hveid=\"CAUQAQ\" data-rm-block-id=\"block-29\"><span class=\"T286Pc\" data-sfc-cp=\"\"><strong class=\"Yjhzub\">Fonction anti-bu\u00e9e :<\/strong> Le syst\u00e8me de ventilation emp\u00eache efficacement la formation de bu\u00e9e, essentielle lors du patinage intensif.<\/span><\/li>\n<li data-hveid=\"CAUQAg\"><span class=\"T286Pc\" data-sfc-cp=\"\"><strong class=\"Yjhzub\">Ajustabilit\u00e9 :<\/strong> Les sangles en nylon de haute qualit\u00e9 et le syst\u00e8me de r\u00e9glage par molette sont appr\u00e9ci\u00e9s pour offrir un ajustement s\u00fbr et personnalis\u00e9.<\/span><\/li>\n<\/ul>\n<div class=\"Y3BBE\" data-sfc-cp=\"\" data-hveid=\"CAYQAA\" data-rm-block-id=\"block-31\">Le casque \u00e0 visi\u00e8re Skate-Tec est g\u00e9n\u00e9ralement consid\u00e9r\u00e9 comme un excellent choix pour les patineurs de short-track recherchant une solution visi\u00e8re tout-en-un fiable.<\/div>\n<div data-sfc-cp=\"\" data-hveid=\"CAYQAA\" data-rm-block-id=\"block-32\">Beaucoup d\u2019autres <a href=\"https:\/\/ztsports.com\/product-category\/inline\/helmets\/\"><strong>casques short track ici<\/strong><\/a>.<\/div>\n","protected":false},"excerpt":{"rendered":"<p>Casque \u00e0 visi\u00e8re Skate-Tec 025 Casque \u00e0 visi\u00e8re Skate-Tec 025 Type de visi\u00e8re Visi\u00e8re magn\u00e9tique en polycarbonate certifi\u00e9e r\u00e9sistance aux impacts FFP. Autoris\u00e9 pour une utilisation lors des comp\u00e9titions internationales ISU Construction Noyau EPS haute performance avec coque PC Certification Conforme \u00e0 la norme ASTM F1849 et aux r\u00e9glementations ISU Tailles S\/M 54-57 cm L\/XL [&hellip;]<\/p>\n","protected":false},"featured_media":21779,"comment_status":"open","ping_status":"closed","template":"","meta":{"_acf_changed":false,"_monsterinsights_skip_tracking":false,"_monsterinsights_sitenote_active":false,"_monsterinsights_sitenote_note":"","_monsterinsights_sitenote_category":0,"_uf_show_specific_survey":0,"_uf_disable_surveys":false,"site-sidebar-layout":"default","site-content-layout":"","ast-site-content-layout":"default","site-content-style":"default","site-sidebar-style":"default","ast-global-header-display":"","ast-banner-title-visibility":"","ast-main-header-display":"","ast-hfb-above-header-display":"","ast-hfb-below-header-display":"","ast-hfb-mobile-header-display":"","site-post-title":"","ast-breadcrumbs-content":"","ast-featured-img":"","footer-sml-layout":"","ast-disable-related-posts":"","theme-transparent-header-meta":"default","adv-header-id-meta":"","stick-header-meta":"","header-above-stick-meta":"","header-main-stick-meta":"","header-below-stick-meta":"","astra-migrate-meta-layouts":"set","ast-page-background-enabled":"default","ast-page-background-meta":{"desktop":{"background-color":"","background-image":"","background-repeat":"repeat","background-position":"center center","background-size":"auto","background-attachment":"scroll","background-type":"","background-media":"","overlay-type":"","overlay-color":"","overlay-opacity":"","overlay-gradient":""},"tablet":{"background-color":"","background-image":"","background-repeat":"repeat","background-position":"center center","background-size":"auto","background-attachment":"scroll","background-type":"","background-media":"","overlay-type":"","overlay-color":"","overlay-opacity":"","overlay-gradient":""},"mobile":{"background-color":"","background-image":"","background-repeat":"repeat","background-position":"center center","background-size":"auto","background-attachment":"scroll","background-type":"","background-media":"","overlay-type":"","overlay-color":"","overlay-opacity":"","overlay-gradient":""}},"ast-content-background-meta":{"desktop":{"background-color":"var(--ast-global-color-5)","background-image":"","background-repeat":"repeat","background-position":"center center","background-size":"auto","background-attachment":"scroll","background-type":"","background-media":"","overlay-type":"","overlay-color":"","overlay-opacity":"","overlay-gradient":""},"tablet":{"background-color":"var(--ast-global-color-5)","background-image":"","background-repeat":"repeat","background-position":"center center","background-size":"auto","background-attachment":"scroll","background-type":"","background-media":"","overlay-type":"","overlay-color":"","overlay-opacity":"","overlay-gradient":""},"mobile":{"background-color":"var(--ast-global-color-5)","background-image":"","background-repeat":"repeat","background-position":"center center","background-size":"auto","background-attachment":"scroll","background-type":"","background-media":"","overlay-type":"","overlay-color":"","overlay-opacity":"","overlay-gradient":""}}},"product_brand":[3338],"product_cat":[3690],"product_tag":[4646],"class_list":{"0":"post-21783","1":"product","2":"type-product","3":"status-publish","4":"has-post-thumbnail","6":"product_brand-skate-tec","7":"product_cat-helmets","8":"product_tag-skate-tec","9":"desktop-align-left","10":"tablet-align-left","11":"mobile-align-left","13":"first","14":"instock","15":"featured","16":"taxable","17":"shipping-taxable","18":"purchasable","19":"product-type-simple"},"acf":[],"_links":{"self":[{"href":"https:\/\/ztsports.com\/fr\/wp-json\/wp\/v2\/product\/21783","targetHints":{"allow":["GET"]}}],"collection":[{"href":"https:\/\/ztsports.com\/fr\/wp-json\/wp\/v2\/product"}],"about":[{"href":"https:\/\/ztsports.com\/fr\/wp-json\/wp\/v2\/types\/product"}],"replies":[{"embeddable":true,"href":"https:\/\/ztsports.com\/fr\/wp-json\/wp\/v2\/comments?post=21783"}],"version-history":[{"count":3,"href":"https:\/\/ztsports.com\/fr\/wp-json\/wp\/v2\/product\/21783\/revisions"}],"predecessor-version":[{"id":25709,"href":"https:\/\/ztsports.com\/fr\/wp-json\/wp\/v2\/product\/21783\/revisions\/25709"}],"wp:featuredmedia":[{"embeddable":true,"href":"https:\/\/ztsports.com\/fr\/wp-json\/wp\/v2\/media\/21779"}],"wp:attachment":[{"href":"https:\/\/ztsports.com\/fr\/wp-json\/wp\/v2\/media?parent=21783"}],"wp:term":[{"taxonomy":"product_brand","embeddable":true,"href":"https:\/\/ztsports.com\/fr\/wp-json\/wp\/v2\/product_brand?post=21783"},{"taxonomy":"product_cat","embeddable":true,"href":"https:\/\/ztsports.com\/fr\/wp-json\/wp\/v2\/product_cat?post=21783"},{"taxonomy":"product_tag","embeddable":true,"href":"https:\/\/ztsports.com\/fr\/wp-json\/wp\/v2\/product_tag?post=21783"}],"curies":[{"name":"wp","href":"https:\/\/api.w.org\/{rel}","templated":true}]}}