{"id":21776,"date":"2026-02-18T15:21:08","date_gmt":"2026-02-18T15:21:08","guid":{"rendered":"https:\/\/ztsports.com\/?post_type=product&#038;p=21776"},"modified":"2026-03-03T22:08:35","modified_gmt":"2026-03-03T22:08:35","slug":"bont-boss-cadomotus-lt-package","status":"publish","type":"product","link":"https:\/\/ztsports.com\/fr\/store\/bont-boss-cadomotus-lt-package\/","title":{"rendered":"BONT BOSS \/ CADOMOTUS LT Package"},"content":{"rendered":"<h1 data-rm-block-id=\"block-1\">Pack BONT BOSS \/ CADOMOTUS LT<\/h1>\n<p data-rm-block-id=\"block-2\">Le pack Bont Boss \/ Cadomotus LT se compose d\u2019une chaussure en composite carbone fabriqu\u00e9e \u00e0 la main.<\/p>\n<p data-rm-block-id=\"block-3\">Fabriqu\u00e9e selon la c\u00e9l\u00e8bre m\u00e9thode de construction monobloc de Bont et \u00e9quip\u00e9e d\u2019une lame clap long track.<\/p>\n<p data-rm-block-id=\"block-4\">La chaussure est fabriqu\u00e9e \u00e0 la main de l\u2019int\u00e9rieur vers l\u2019ext\u00e9rieur, chaque couche \u00e9tant coll\u00e9e ou cousue \u00e0 la couche inf\u00e9rieure.<\/p>\n<p data-rm-block-id=\"block-5\">La chaussure Bont Boss \u00e9pouse le pied comme un gant et offre des performances haut de gamme \u00e0 un prix d\u2019entr\u00e9e de gamme.<\/p>\n<p data-rm-block-id=\"block-6\">Le syst\u00e8me unique Pressure Wrap de Bont \u00e9limine davantage de r\u00e9sine exc\u00e9dentaire que toute autre technique de stratification carbone.<\/p>\n<h3 data-rm-block-id=\"block-7\">Pack BONT BOSS \/ CADOMOTUS LT<\/h3>\n<p data-rm-block-id=\"block-8\">Le patin de vitesse long track Bont Boss se compose d\u2019une chaussure en composite carbone fabriqu\u00e9e \u00e0 la main selon la c\u00e9l\u00e8bre construction monobloc de Bont et d\u2019une lame clap long track. La chaussure est fabriqu\u00e9e \u00e0 la main de l\u2019int\u00e9rieur vers l\u2019ext\u00e9rieur, chaque couche \u00e9tant coll\u00e9e ou cousue \u00e0 la couche inf\u00e9rieure. Elle \u00e9pouse le pied comme un gant et offre des performances haut de gamme \u00e0 un prix d\u2019entr\u00e9e de gamme. Le syst\u00e8me unique Pressure Wrap de Bont \u00e9limine davantage de r\u00e9sine exc\u00e9dentaire que toute autre technique de stratification carbone.<\/p>\n<h5 data-rm-block-id=\"block-9\"><b>Caract\u00e9ristiques<\/b><\/h5>\n<div>\n<ul>\n<li data-rm-block-id=\"block-10\"><strong>Base :<\/strong> 100 % composite carbone pos\u00e9 \u00e0 la main<\/li>\n<li data-rm-block-id=\"block-11\"><strong>Rev\u00eatement ext\u00e9rieur :<\/strong> Durolite<\/li>\n<li data-rm-block-id=\"block-12\"><strong>Doublure :<\/strong> Aspect su\u00e9d\u00e9<\/li>\n<li data-rm-block-id=\"block-13\"><strong>Semelle int\u00e9rieure :<\/strong> Aspect su\u00e9d\u00e9<\/li>\n<li data-rm-block-id=\"block-14\"><strong>Thermoformable :<\/strong> Base enti\u00e8rement thermoformable utilisant une r\u00e9sine \u00e9poxy thermodurcissable<\/li>\n<li data-rm-block-id=\"block-15\"><strong>Rembourrage :<\/strong> Mousse m\u00e9moire haute densit\u00e9<\/li>\n<li data-rm-block-id=\"block-16\"><strong>Options de fermeture :<\/strong> Lacets et cache-lacets zipp\u00e9<\/li>\n<li data-rm-block-id=\"block-17\"><strong>Options de coupe :<\/strong> Standard<\/li>\n<li data-rm-block-id=\"block-18\"><strong>Vegan :<\/strong> Oui<\/li>\n<li data-rm-block-id=\"block-19\"><strong>Lames :<\/strong> Syst\u00e8me clap<\/li>\n<\/ul>\n<div id=\"product-content\" class=\"product-content general-content content-col mobile-popup\" data-popup=\"product-content\">\n<div class=\"popup-inner\">\n<p data-rm-block-id=\"block-20\">Les lames de patin de vitesse sur glace NSX-III sont la troisi\u00e8me g\u00e9n\u00e9ration de lames clap en aluminium avec un profil NSX et le successeur de la Marchese Silver Saya.<\/p>\n<p data-rm-block-id=\"block-21\">Les lames en aluminium se dirigent avec la m\u00eame sensibilit\u00e9 que les lames en acier gr\u00e2ce au profil NSX dans le tube invent\u00e9 par les concepteurs de C\u00e1domotus. Il en r\u00e9sulte une flexibilit\u00e9 accrue au milieu du pied, vous permettant de diriger en douceur.<\/p>\n<p data-rm-block-id=\"block-22\">Avec ce patin clap, la premi\u00e8re \u00e9tape vers le v\u00e9ritable patinage de vitesse est franchie.<\/p>\n<\/div>\n<\/div>\n<div class=\"content-col specs mobile-popup\" data-popup=\"product-specs\">\n<div class=\"popup-inner\">\n<div class=\"title-small title-font\" data-rm-block-id=\"block-23\">Sp\u00e9cifications<\/div>\n<div class=\"spec-table\">\n<table>\n<tbody>\n<tr>\n<td class=\"spec-title\" data-rm-block-id=\"block-24\"><strong>Longueur de la lame<\/strong><\/td>\n<td data-rm-block-id=\"block-25\">14\u2033 \u2013 17.5\u2033<\/td>\n<\/tr>\n<tr>\n<td class=\"spec-title\" data-rm-block-id=\"block-26\"><strong>Rayon de la lame<\/strong><\/td>\n<td data-rm-block-id=\"block-27\">21 m<\/td>\n<\/tr>\n<tr>\n<td class=\"spec-title\" data-rm-block-id=\"block-28\"><strong>Acier de la lame<\/strong><\/td>\n<td data-rm-block-id=\"block-29\">Acier inoxydable haute teneur en carbone 440A, 60 HRC<\/td>\n<\/tr>\n<tr>\n<td class=\"spec-title\" data-rm-block-id=\"block-30\"><strong>Alliage du tube de lame<\/strong><\/td>\n<td data-rm-block-id=\"block-31\">7005<\/td>\n<\/tr>\n<tr>\n<td class=\"spec-title\" data-rm-block-id=\"block-32\"><strong>Taille du pont<\/strong><\/td>\n<td data-rm-block-id=\"block-33\">130-180 mm<\/td>\n<\/tr>\n<tr>\n<td class=\"spec-title\" data-rm-block-id=\"block-34\"><strong>Type de lames de glace<\/strong><\/td>\n<td data-rm-block-id=\"block-35\">Clap<\/td>\n<\/tr>\n<\/tbody>\n<\/table>\n<\/div>\n<\/div>\n<\/div>\n<ul>\n<li data-rm-block-id=\"block-36\"><strong>Non pr\u00e9-aff\u00fbt\u00e9es<\/strong><\/li>\n<\/ul>\n<p data-rm-block-id=\"block-37\">N\u2019oubliez pas de les faire pr\u00e9parer, cliquez <a href=\"https:\/\/ztsports.com\/product\/short-track-blade-preparation\/\">ici<\/a><\/p>\n<\/div>\n","protected":false},"excerpt":{"rendered":"<p>Pack BONT BOSS \/ CADOMOTUS LT Le pack Bont Boss \/ Cadomotus LT se compose d\u2019une chaussure en composite carbone fabriqu\u00e9e \u00e0 la main. Fabriqu\u00e9e selon la c\u00e9l\u00e8bre m\u00e9thode de construction monobloc de Bont et \u00e9quip\u00e9e d\u2019une lame clap long track. La chaussure est fabriqu\u00e9e \u00e0 la main de l\u2019int\u00e9rieur vers l\u2019ext\u00e9rieur, chaque couche \u00e9tant [&hellip;]<\/p>\n","protected":false},"featured_media":21481,"comment_status":"open","ping_status":"closed","template":"","meta":{"_acf_changed":false,"_monsterinsights_skip_tracking":false,"_monsterinsights_sitenote_active":false,"_monsterinsights_sitenote_note":"","_monsterinsights_sitenote_category":0,"_uf_show_specific_survey":0,"_uf_disable_surveys":false,"site-sidebar-layout":"default","site-content-layout":"","ast-site-content-layout":"default","site-content-style":"default","site-sidebar-style":"default","ast-global-header-display":"","ast-banner-title-visibility":"","ast-main-header-display":"","ast-hfb-above-header-display":"","ast-hfb-below-header-display":"","ast-hfb-mobile-header-display":"","site-post-title":"","ast-breadcrumbs-content":"","ast-featured-img":"","footer-sml-layout":"","ast-disable-related-posts":"","theme-transparent-header-meta":"default","adv-header-id-meta":"","stick-header-meta":"","header-above-stick-meta":"","header-main-stick-meta":"","header-below-stick-meta":"","astra-migrate-meta-layouts":"set","ast-page-background-enabled":"default","ast-page-background-meta":{"desktop":{"background-color":"","background-image":"","background-repeat":"repeat","background-position":"center center","background-size":"auto","background-attachment":"scroll","background-type":"","background-media":"","overlay-type":"","overlay-color":"","overlay-opacity":"","overlay-gradient":""},"tablet":{"background-color":"","background-image":"","background-repeat":"repeat","background-position":"center center","background-size":"auto","background-attachment":"scroll","background-type":"","background-media":"","overlay-type":"","overlay-color":"","overlay-opacity":"","overlay-gradient":""},"mobile":{"background-color":"","background-image":"","background-repeat":"repeat","background-position":"center center","background-size":"auto","background-attachment":"scroll","background-type":"","background-media":"","overlay-type":"","overlay-color":"","overlay-opacity":"","overlay-gradient":""}},"ast-content-background-meta":{"desktop":{"background-color":"var(--ast-global-color-5)","background-image":"","background-repeat":"repeat","background-position":"center center","background-size":"auto","background-attachment":"scroll","background-type":"","background-media":"","overlay-type":"","overlay-color":"","overlay-opacity":"","overlay-gradient":""},"tablet":{"background-color":"var(--ast-global-color-5)","background-image":"","background-repeat":"repeat","background-position":"center center","background-size":"auto","background-attachment":"scroll","background-type":"","background-media":"","overlay-type":"","overlay-color":"","overlay-opacity":"","overlay-gradient":""},"mobile":{"background-color":"var(--ast-global-color-5)","background-image":"","background-repeat":"repeat","background-position":"center center","background-size":"auto","background-attachment":"scroll","background-type":"","background-media":"","overlay-type":"","overlay-color":"","overlay-opacity":"","overlay-gradient":""}}},"product_brand":[3285,3289],"product_cat":[3378],"product_tag":[3799,3797,3823,3496,4562],"class_list":{"0":"post-21776","1":"product","2":"type-product","3":"status-publish","4":"has-post-thumbnail","6":"product_brand-bont","7":"product_brand-cadomotus","8":"product_cat-non-categorise","9":"product_tag-bont","10":"product_tag-comfort","11":"product_tag-long-track","12":"product_tag-longue-piste","13":"product_tag-speed-skating","14":"desktop-align-left","15":"tablet-align-left","16":"mobile-align-left","18":"first","19":"instock","20":"taxable","21":"shipping-taxable","22":"purchasable","23":"product-type-simple"},"acf":[],"_links":{"self":[{"href":"https:\/\/ztsports.com\/fr\/wp-json\/wp\/v2\/product\/21776","targetHints":{"allow":["GET"]}}],"collection":[{"href":"https:\/\/ztsports.com\/fr\/wp-json\/wp\/v2\/product"}],"about":[{"href":"https:\/\/ztsports.com\/fr\/wp-json\/wp\/v2\/types\/product"}],"replies":[{"embeddable":true,"href":"https:\/\/ztsports.com\/fr\/wp-json\/wp\/v2\/comments?post=21776"}],"version-history":[{"count":2,"href":"https:\/\/ztsports.com\/fr\/wp-json\/wp\/v2\/product\/21776\/revisions"}],"predecessor-version":[{"id":21778,"href":"https:\/\/ztsports.com\/fr\/wp-json\/wp\/v2\/product\/21776\/revisions\/21778"}],"wp:featuredmedia":[{"embeddable":true,"href":"https:\/\/ztsports.com\/fr\/wp-json\/wp\/v2\/media\/21481"}],"wp:attachment":[{"href":"https:\/\/ztsports.com\/fr\/wp-json\/wp\/v2\/media?parent=21776"}],"wp:term":[{"taxonomy":"product_brand","embeddable":true,"href":"https:\/\/ztsports.com\/fr\/wp-json\/wp\/v2\/product_brand?post=21776"},{"taxonomy":"product_cat","embeddable":true,"href":"https:\/\/ztsports.com\/fr\/wp-json\/wp\/v2\/product_cat?post=21776"},{"taxonomy":"product_tag","embeddable":true,"href":"https:\/\/ztsports.com\/fr\/wp-json\/wp\/v2\/product_tag?post=21776"}],"curies":[{"name":"wp","href":"https:\/\/api.w.org\/{rel}","templated":true}]}}