{"id":21774,"date":"2026-02-27T21:34:03","date_gmt":"2026-02-27T21:34:03","guid":{"rendered":"https:\/\/ztsports.com\/?post_type=product&#038;p=21774"},"modified":"2026-03-03T22:05:36","modified_gmt":"2026-03-03T22:05:36","slug":"pennington-8006-aa-s-blades","status":"publish","type":"product","link":"https:\/\/ztsports.com\/fr\/store\/pennington-8006-aa-s-blades\/","title":{"rendered":"PENNINGTON 8006 AA\/S blades"},"content":{"rendered":"<h1 class=\"product_title entry-title\">Lames PENNINGTON 8006 AA\/S<\/h1>\n<p>Les lames Pennington 8006 AA\/S sont sp\u00e9cialement con\u00e7ues pour les patineurs plus grands, plus lourds et plus puissants. Avec un tube plus rigide que le mod\u00e8le 8005 AA\/S et fabriqu\u00e9es en acier PM int\u00e9gral, elles offrent une excellente adh\u00e9rence et un contr\u00f4le optimal \u2014 id\u00e9ales pour les athl\u00e8tes ax\u00e9s sur la puissance.<\/p>\n<p>Notre conception r\u00e9duit non seulement le poids total, mais am\u00e9liore \u00e9galement la rigidit\u00e9 en torsion. Tr\u00e8s stables, elles sont parfaitement adapt\u00e9es \u00e0 l\u2019entra\u00eenement intensif et \u00e0 la comp\u00e9tition, permettant au patineur de maintenir un contact solide avec la glace m\u00eame \u00e0 des vitesses de 8 secondes par tour.<\/p>\n<p><strong>Duret\u00e9 de la lame :<\/strong> 62 HRC<\/p>\n<p><strong>Lame 8005-AA<\/strong> \u2014 Fabriqu\u00e9e en alliage d\u2019aluminium s\u00e9rie 7000<\/p>\n<p><strong>8005 AA\/S<\/strong> \u2014 Le tube est fabriqu\u00e9 soit en acier PM int\u00e9gral (64 HRC), soit en acier bi-m\u00e9tal\/PM (66 HRC).<\/p>\n<p><strong>Duret\u00e9 de la lame :<\/strong> 62 HRC<\/p>\n<p><strong>Lame 8005-AA<\/strong> \u2014 Fabriqu\u00e9e en alliage d\u2019aluminium s\u00e9rie 7000<\/p>\n<h3>Lames PENNINGTON 8006 AA\/S<\/h3>\n<p>Elles conviennent aux patineurs pesant entre 60 et 75 kg. \u00c9paisseur de la lame : 1,1 mm. Rayon : 9 m\u00e8tres.<\/p>\n<p>Cette lame est sp\u00e9cialement con\u00e7ue pour les patineurs plus grands, plus lourds et plus puissants.<\/p>\n<p>Avec un tube plus rigide que le 8005 AA\/S et fabriqu\u00e9e en acier PM int\u00e9gral, elle offre une excellente adh\u00e9rence et un contr\u00f4le optimal \u2014 id\u00e9ale pour les athl\u00e8tes ax\u00e9s sur la puissance.<\/p>\n<p>Notre conception r\u00e9duit non seulement le poids total, mais am\u00e9liore \u00e9galement la rigidit\u00e9 en torsion. Tr\u00e8s stable, elle est parfaitement adapt\u00e9e \u00e0 l\u2019entra\u00eenement intensif et \u00e0 la comp\u00e9tition, permettant au patineur de maintenir un contact solide avec la glace m\u00eame \u00e0 des vitesses de 8 secondes par tour.<\/p>\n<p>\u00c9paisseur de la lame : 1,1 mm. Rayon : 9 m\u00e8tres.<\/p>\n<ul>\n<li>Tailles disponibles : 17,5\u2033, 18,0\u2033, 18,5\u2033<\/li>\n<li>Lames \u00e9quivalentes : Evo Argon, EHS X\/A Firm, Mwave FIRM, Kromkamp ASR11, BONT Platinum X<\/li>\n<li>Taille du cup : +5 mm (30 mm)<\/li>\n<\/ul>\n<p>Vous souhaitez en savoir plus sur Pennington ? Cliquez <a href=\"https:\/\/penningtonskate.com\/short-track-1\" target=\"_blank\" rel=\"noopener\">ici<\/a>.<\/p>\n","protected":false},"excerpt":{"rendered":"<p>Lames PENNINGTON 8006 AA\/S Les lames Pennington 8006 AA\/S sont sp\u00e9cialement con\u00e7ues pour les patineurs plus grands, plus lourds et plus puissants. Avec un tube plus rigide que le mod\u00e8le 8005 AA\/S et fabriqu\u00e9es en acier PM int\u00e9gral, elles offrent une excellente adh\u00e9rence et un contr\u00f4le optimal \u2014 id\u00e9ales pour les athl\u00e8tes ax\u00e9s sur la [&hellip;]<\/p>\n","protected":false},"featured_media":21771,"comment_status":"open","ping_status":"closed","template":"","meta":{"_acf_changed":false,"_monsterinsights_skip_tracking":false,"_monsterinsights_sitenote_active":false,"_monsterinsights_sitenote_note":"","_monsterinsights_sitenote_category":0,"_uf_show_specific_survey":0,"_uf_disable_surveys":false,"site-sidebar-layout":"default","site-content-layout":"","ast-site-content-layout":"default","site-content-style":"default","site-sidebar-style":"default","ast-global-header-display":"","ast-banner-title-visibility":"","ast-main-header-display":"","ast-hfb-above-header-display":"","ast-hfb-below-header-display":"","ast-hfb-mobile-header-display":"","site-post-title":"","ast-breadcrumbs-content":"","ast-featured-img":"","footer-sml-layout":"","ast-disable-related-posts":"","theme-transparent-header-meta":"default","adv-header-id-meta":"","stick-header-meta":"","header-above-stick-meta":"","header-main-stick-meta":"","header-below-stick-meta":"","astra-migrate-meta-layouts":"set","ast-page-background-enabled":"default","ast-page-background-meta":{"desktop":{"background-color":"","background-image":"","background-repeat":"repeat","background-position":"center center","background-size":"auto","background-attachment":"scroll","background-type":"","background-media":"","overlay-type":"","overlay-color":"","overlay-opacity":"","overlay-gradient":""},"tablet":{"background-color":"","background-image":"","background-repeat":"repeat","background-position":"center center","background-size":"auto","background-attachment":"scroll","background-type":"","background-media":"","overlay-type":"","overlay-color":"","overlay-opacity":"","overlay-gradient":""},"mobile":{"background-color":"","background-image":"","background-repeat":"repeat","background-position":"center center","background-size":"auto","background-attachment":"scroll","background-type":"","background-media":"","overlay-type":"","overlay-color":"","overlay-opacity":"","overlay-gradient":""}},"ast-content-background-meta":{"desktop":{"background-color":"var(--ast-global-color-5)","background-image":"","background-repeat":"repeat","background-position":"center center","background-size":"auto","background-attachment":"scroll","background-type":"","background-media":"","overlay-type":"","overlay-color":"","overlay-opacity":"","overlay-gradient":""},"tablet":{"background-color":"var(--ast-global-color-5)","background-image":"","background-repeat":"repeat","background-position":"center center","background-size":"auto","background-attachment":"scroll","background-type":"","background-media":"","overlay-type":"","overlay-color":"","overlay-opacity":"","overlay-gradient":""},"mobile":{"background-color":"var(--ast-global-color-5)","background-image":"","background-repeat":"repeat","background-position":"center center","background-size":"auto","background-attachment":"scroll","background-type":"","background-media":"","overlay-type":"","overlay-color":"","overlay-opacity":"","overlay-gradient":""}}},"product_brand":[],"product_cat":[4561,4560],"product_tag":[],"class_list":{"0":"post-21774","1":"product","2":"type-product","3":"status-publish","4":"has-post-thumbnail","6":"product_cat-blades","7":"product_cat-short-track-blades","8":"desktop-align-left","9":"tablet-align-left","10":"mobile-align-left","12":"first","13":"instock","14":"taxable","15":"shipping-taxable","16":"purchasable","17":"product-type-simple"},"acf":[],"_links":{"self":[{"href":"https:\/\/ztsports.com\/fr\/wp-json\/wp\/v2\/product\/21774","targetHints":{"allow":["GET"]}}],"collection":[{"href":"https:\/\/ztsports.com\/fr\/wp-json\/wp\/v2\/product"}],"about":[{"href":"https:\/\/ztsports.com\/fr\/wp-json\/wp\/v2\/types\/product"}],"replies":[{"embeddable":true,"href":"https:\/\/ztsports.com\/fr\/wp-json\/wp\/v2\/comments?post=21774"}],"version-history":[{"count":1,"href":"https:\/\/ztsports.com\/fr\/wp-json\/wp\/v2\/product\/21774\/revisions"}],"predecessor-version":[{"id":21775,"href":"https:\/\/ztsports.com\/fr\/wp-json\/wp\/v2\/product\/21774\/revisions\/21775"}],"wp:featuredmedia":[{"embeddable":true,"href":"https:\/\/ztsports.com\/fr\/wp-json\/wp\/v2\/media\/21771"}],"wp:attachment":[{"href":"https:\/\/ztsports.com\/fr\/wp-json\/wp\/v2\/media?parent=21774"}],"wp:term":[{"taxonomy":"product_brand","embeddable":true,"href":"https:\/\/ztsports.com\/fr\/wp-json\/wp\/v2\/product_brand?post=21774"},{"taxonomy":"product_cat","embeddable":true,"href":"https:\/\/ztsports.com\/fr\/wp-json\/wp\/v2\/product_cat?post=21774"},{"taxonomy":"product_tag","embeddable":true,"href":"https:\/\/ztsports.com\/fr\/wp-json\/wp\/v2\/product_tag?post=21774"}],"curies":[{"name":"wp","href":"https:\/\/api.w.org\/{rel}","templated":true}]}}