{"id":21651,"date":"2026-03-02T15:04:15","date_gmt":"2026-03-02T15:04:15","guid":{"rendered":"https:\/\/ztsports.com\/?post_type=product&#038;p=21651"},"modified":"2026-03-03T21:59:19","modified_gmt":"2026-03-03T21:59:19","slug":"fuel-pickleball-paddle-set","status":"publish","type":"product","link":"https:\/\/ztsports.com\/fr\/store\/fuel-pickleball-paddle-set\/","title":{"rendered":"Fuel Pickleball Paddle Set"},"content":{"rendered":"<h1 class=\"h2 product-single__title\">Ensemble de raquettes de pickleball Fuel<\/h1>\n<div class=\"product-block\">\n<h4>Description<\/h4>\n<\/div>\n<div class=\"product-block\">\n<div class=\"rte\">\n<p>L\u2019ensemble de raquettes de pickleball Fuel Black Knight est fi\u00e8rement con\u00e7u et soumis \u00e0 un contr\u00f4le qualit\u00e9 au Canada et approuv\u00e9 par USA Pickleball, garantissant qu\u2019il r\u00e9pond aux normes les plus \u00e9lev\u00e9es du pickleball. Parfait pour les joueurs de tous niveaux.<\/p>\n<p>Cette raquette de pickleball de qualit\u00e9 sup\u00e9rieure est con\u00e7ue pour la pr\u00e9cision et le contr\u00f4le. Fabriqu\u00e9e pour am\u00e9liorer vos comp\u00e9tences et dominer le court avec pr\u00e9cision. Dot\u00e9e d\u2019une face en carbone et d\u2019un noyau en nid d\u2019abeille en polym\u00e8re pour une durabilit\u00e9 accrue, cette raquette thermoform\u00e9e offre une large zone de frappe id\u00e9ale pour des performances et un contr\u00f4le optimaux sur le terrain.<\/p>\n<p><strong>INCLUS<\/strong><br \/>\n2 raquettes de pickleball Fuel (1 bleue, 1 noire)<br \/>\n2 balles de pickleball d\u2019ext\u00e9rieur<\/p>\n<p><button class=\"label collapsible-trigger collapsible-trigger-btn collapsible-trigger-btn--borders collapsible--auto-height is-open\" type=\"button\" aria-controls=\"Product-content-tab_Gkt48Q7858260115613\" aria-expanded=\"true\">Caract\u00e9ristiques techniques<\/button><\/p>\n<div id=\"Product-content-tab_Gkt48Q7858260115613\" class=\"collapsible-content collapsible-content--all is-open\">\n<div class=\"collapsible-content__inner rte\">\n<div class=\"metafield-rich_text_field\">\n<p><strong>FORME DE LA RAQUETTE <\/strong>Classique<br \/>\n<strong>DIMENSIONS <\/strong>16,15\u201d h x 7,75\u201d l<br \/>\n<strong>PRISE <\/strong>4,125\u201d circonf\u00e9rence | 5,3\u201d h<br \/>\n<strong>POIDS <\/strong>7,73\u20138,13 oz<br \/>\n<strong>CAT\u00c9GORIE DE POIDS <\/strong>Poids moyen<br \/>\n<strong>SURFACE <\/strong>Carbone<br \/>\n<strong>NOYAU <\/strong>Nid d\u2019abeille en polym\u00e8re<br \/>\n<strong>PROT\u00c8GE-CHANT <\/strong>Oui<br \/>\n<strong>\u00c9PAISSEUR DU NOYAU <\/strong>13 mm<br \/>\n<strong>THERMOFORM\u00c9E <\/strong>Oui<\/p>\n<\/div>\n<\/div>\n<\/div>\n<\/div>\n<\/div>\n<h4>Attrapez un ami et prenez le contr\u00f4le du terrain<\/h4>\n","protected":false},"excerpt":{"rendered":"<p>Ensemble de raquettes de pickleball Fuel Description L\u2019ensemble de raquettes de pickleball Fuel Black Knight est fi\u00e8rement con\u00e7u et soumis \u00e0 un contr\u00f4le qualit\u00e9 au Canada et approuv\u00e9 par USA Pickleball, garantissant qu\u2019il r\u00e9pond aux normes les plus \u00e9lev\u00e9es du pickleball. Parfait pour les joueurs de tous niveaux. Cette raquette de pickleball de qualit\u00e9 sup\u00e9rieure [&hellip;]<\/p>\n","protected":false},"featured_media":21643,"comment_status":"open","ping_status":"closed","template":"","meta":{"_acf_changed":false,"_monsterinsights_skip_tracking":false,"_monsterinsights_sitenote_active":false,"_monsterinsights_sitenote_note":"","_monsterinsights_sitenote_category":0,"_uf_show_specific_survey":0,"_uf_disable_surveys":false,"site-sidebar-layout":"default","site-content-layout":"","ast-site-content-layout":"default","site-content-style":"default","site-sidebar-style":"default","ast-global-header-display":"","ast-banner-title-visibility":"","ast-main-header-display":"","ast-hfb-above-header-display":"","ast-hfb-below-header-display":"","ast-hfb-mobile-header-display":"","site-post-title":"","ast-breadcrumbs-content":"","ast-featured-img":"","footer-sml-layout":"","ast-disable-related-posts":"","theme-transparent-header-meta":"default","adv-header-id-meta":"","stick-header-meta":"","header-above-stick-meta":"","header-main-stick-meta":"","header-below-stick-meta":"","astra-migrate-meta-layouts":"set","ast-page-background-enabled":"default","ast-page-background-meta":{"desktop":{"background-color":"","background-image":"","background-repeat":"repeat","background-position":"center center","background-size":"auto","background-attachment":"scroll","background-type":"","background-media":"","overlay-type":"","overlay-color":"","overlay-opacity":"","overlay-gradient":""},"tablet":{"background-color":"","background-image":"","background-repeat":"repeat","background-position":"center center","background-size":"auto","background-attachment":"scroll","background-type":"","background-media":"","overlay-type":"","overlay-color":"","overlay-opacity":"","overlay-gradient":""},"mobile":{"background-color":"","background-image":"","background-repeat":"repeat","background-position":"center center","background-size":"auto","background-attachment":"scroll","background-type":"","background-media":"","overlay-type":"","overlay-color":"","overlay-opacity":"","overlay-gradient":""}},"ast-content-background-meta":{"desktop":{"background-color":"var(--ast-global-color-5)","background-image":"","background-repeat":"repeat","background-position":"center center","background-size":"auto","background-attachment":"scroll","background-type":"","background-media":"","overlay-type":"","overlay-color":"","overlay-opacity":"","overlay-gradient":""},"tablet":{"background-color":"var(--ast-global-color-5)","background-image":"","background-repeat":"repeat","background-position":"center center","background-size":"auto","background-attachment":"scroll","background-type":"","background-media":"","overlay-type":"","overlay-color":"","overlay-opacity":"","overlay-gradient":""},"mobile":{"background-color":"var(--ast-global-color-5)","background-image":"","background-repeat":"repeat","background-position":"center center","background-size":"auto","background-attachment":"scroll","background-type":"","background-media":"","overlay-type":"","overlay-color":"","overlay-opacity":"","overlay-gradient":""}}},"product_brand":[3281],"product_cat":[3378],"product_tag":[],"class_list":{"0":"post-21651","1":"product","2":"type-product","3":"status-publish","4":"has-post-thumbnail","6":"product_brand-black-knight","7":"product_cat-non-categorise","8":"desktop-align-left","9":"tablet-align-left","10":"mobile-align-left","12":"first","13":"instock","14":"taxable","15":"shipping-taxable","16":"purchasable","17":"product-type-simple"},"acf":[],"_links":{"self":[{"href":"https:\/\/ztsports.com\/fr\/wp-json\/wp\/v2\/product\/21651","targetHints":{"allow":["GET"]}}],"collection":[{"href":"https:\/\/ztsports.com\/fr\/wp-json\/wp\/v2\/product"}],"about":[{"href":"https:\/\/ztsports.com\/fr\/wp-json\/wp\/v2\/types\/product"}],"replies":[{"embeddable":true,"href":"https:\/\/ztsports.com\/fr\/wp-json\/wp\/v2\/comments?post=21651"}],"version-history":[{"count":3,"href":"https:\/\/ztsports.com\/fr\/wp-json\/wp\/v2\/product\/21651\/revisions"}],"predecessor-version":[{"id":21762,"href":"https:\/\/ztsports.com\/fr\/wp-json\/wp\/v2\/product\/21651\/revisions\/21762"}],"wp:featuredmedia":[{"embeddable":true,"href":"https:\/\/ztsports.com\/fr\/wp-json\/wp\/v2\/media\/21643"}],"wp:attachment":[{"href":"https:\/\/ztsports.com\/fr\/wp-json\/wp\/v2\/media?parent=21651"}],"wp:term":[{"taxonomy":"product_brand","embeddable":true,"href":"https:\/\/ztsports.com\/fr\/wp-json\/wp\/v2\/product_brand?post=21651"},{"taxonomy":"product_cat","embeddable":true,"href":"https:\/\/ztsports.com\/fr\/wp-json\/wp\/v2\/product_cat?post=21651"},{"taxonomy":"product_tag","embeddable":true,"href":"https:\/\/ztsports.com\/fr\/wp-json\/wp\/v2\/product_tag?post=21651"}],"curies":[{"name":"wp","href":"https:\/\/api.w.org\/{rel}","templated":true}]}}