{"id":20968,"date":"2026-01-22T13:38:44","date_gmt":"2026-01-22T13:38:44","guid":{"rendered":"https:\/\/ztsports.com\/?post_type=product&#038;p=20968"},"modified":"2026-04-23T16:26:14","modified_gmt":"2026-04-23T16:26:14","slug":"couvre-bottes-en-neoprene-zandstra-2","status":"publish","type":"product","link":"https:\/\/ztsports.com\/fr\/store\/couvre-bottes-en-neoprene-zandstra-2\/","title":{"rendered":"Couvre-bottes en n\u00e9opr\u00e8ne Zandstra"},"content":{"rendered":"<h1 data-rm-block-id=\"block-1\"><span dir=\"auto\" style=\"vertical-align: inherit;\"><span dir=\"auto\" style=\"vertical-align: inherit;\">Couvre-bottes en n\u00e9opr\u00e8ne Zandstra<\/span><\/span><\/h1>\n<p data-rm-block-id=\"block-2\"><span dir=\"auto\" style=\"vertical-align: inherit;\"><span dir=\"auto\" style=\"vertical-align: inherit;\">Couvre-bottes en n\u00e9opr\u00e8ne pour temps froid.<\/span><\/span><br \/>\n<span dir=\"auto\" style=\"vertical-align: inherit;\"><span dir=\"auto\" style=\"vertical-align: inherit;\">Disponible en trois tailles :<\/span><\/span><\/p>\n<h4><span dir=\"auto\" style=\"vertical-align: inherit;\"><span dir=\"auto\" style=\"vertical-align: inherit;\">Description Couvre-bottes en n\u00e9opr\u00e8ne Zandstra<\/span><\/span><\/h4>\n<div><span dir=\"auto\" style=\"vertical-align: inherit;\"><span dir=\"auto\" style=\"vertical-align: inherit;\">Ces couvre-bottes en n\u00e9opr\u00e8ne gardent les pieds merveilleusement au chaud par temps froid.<\/span><\/span><\/div>\n<p data-rm-block-id=\"block-3\"><span dir=\"auto\" style=\"vertical-align: inherit;\"><span dir=\"auto\" style=\"vertical-align: inherit;\">Couleur : Bleu<\/span><\/span><\/p>\n<p data-rm-block-id=\"block-4\"><span dir=\"auto\" style=\"vertical-align: inherit;\"><span dir=\"auto\" style=\"vertical-align: inherit;\">Petit (36-39), Moyen (40-45), Grand (46 et plus)<\/span><\/span><\/p>\n<h6><strong>Le n\u00e9opr\u00e8ne est-il 100 % \u00e9tanche ?<\/strong><\/h6>\n<p>Le n\u00e9opr\u00e8ne est un mat\u00e9riau r\u00e9sistant \u00e0 l&#8217;eau qui emp\u00eache l&#8217;humidit\u00e9 de p\u00e9n\u00e9trer \u00e0 travers sa structure ; cependant, certaines formes de n\u00e9opr\u00e8ne ne sont pas 100 % imperm\u00e9ables. Les feuilles solides de n\u00e9opr\u00e8ne sont tr\u00e8s r\u00e9sistantes \u00e0 l&#8217;eau, tandis que leurs homologues en mousse ou cellulaires sont plus perm\u00e9ables en raison de leur structure cellulaire poreuse.<\/p>\n<h6>\u00c0 quoi servent les bottes en n\u00e9opr\u00e8ne ?<\/h6>\n<p>Le n\u00e9opr\u00e8ne est un caoutchouc synth\u00e9tique connu pour ses propri\u00e9t\u00e9s isolantes, rendant les bottes en n\u00e9opr\u00e8ne plus chaudes et plus confortables par temps froid que les bottes en caoutchouc traditionnelles. Les deux types de bottes sont couramment utilis\u00e9s pour les activit\u00e9s de plein air, le travail et les v\u00eatements occasionnels, offrant une protection fiable contre l&#8217;humidit\u00e9 et les \u00e9l\u00e9ments.<\/p>\n<div><span dir=\"auto\" style=\"vertical-align: inherit;\"><span dir=\"auto\" style=\"vertical-align: inherit;\">Enfin, d\u00e9couvrez tous nos <\/span><\/span><a href=\"https:\/\/ztsports.com\/categorie-produit\/couvre-bottes\/?lang=fr\"><strong><span dir=\"auto\" style=\"vertical-align: inherit;\"><span dir=\"auto\" style=\"vertical-align: inherit;\">couvre-bottes ici<\/span><\/span><\/strong><\/a><span dir=\"auto\" style=\"vertical-align: inherit;\"><span dir=\"auto\" style=\"vertical-align: inherit;\">.<\/span><\/span><\/div>\n","protected":false},"excerpt":{"rendered":"<p>Couvre-bottes en n\u00e9opr\u00e8ne Zandstra Couvre-bottes en n\u00e9opr\u00e8ne pour temps froid. Disponible en trois tailles : Description Couvre-bottes en n\u00e9opr\u00e8ne Zandstra Ces couvre-bottes en n\u00e9opr\u00e8ne gardent les pieds merveilleusement au chaud par temps froid. Couleur : Bleu Petit (36-39), Moyen (40-45), Grand (46 et plus) Le n\u00e9opr\u00e8ne est-il 100 % \u00e9tanche ? Le n\u00e9opr\u00e8ne est un [&hellip;]<\/p>\n","protected":false},"featured_media":20970,"comment_status":"open","ping_status":"closed","template":"","meta":{"_acf_changed":false,"_monsterinsights_skip_tracking":false,"_monsterinsights_sitenote_active":false,"_monsterinsights_sitenote_note":"","_monsterinsights_sitenote_category":0,"_uf_show_specific_survey":0,"_uf_disable_surveys":false,"site-sidebar-layout":"default","site-content-layout":"","ast-site-content-layout":"default","site-content-style":"default","site-sidebar-style":"default","ast-global-header-display":"","ast-banner-title-visibility":"","ast-main-header-display":"","ast-hfb-above-header-display":"","ast-hfb-below-header-display":"","ast-hfb-mobile-header-display":"","site-post-title":"","ast-breadcrumbs-content":"","ast-featured-img":"","footer-sml-layout":"","ast-disable-related-posts":"","theme-transparent-header-meta":"default","adv-header-id-meta":"","stick-header-meta":"","header-above-stick-meta":"","header-main-stick-meta":"","header-below-stick-meta":"","astra-migrate-meta-layouts":"set","ast-page-background-enabled":"default","ast-page-background-meta":{"desktop":{"background-color":"","background-image":"","background-repeat":"repeat","background-position":"center center","background-size":"auto","background-attachment":"scroll","background-type":"","background-media":"","overlay-type":"","overlay-color":"","overlay-opacity":"","overlay-gradient":""},"tablet":{"background-color":"","background-image":"","background-repeat":"repeat","background-position":"center center","background-size":"auto","background-attachment":"scroll","background-type":"","background-media":"","overlay-type":"","overlay-color":"","overlay-opacity":"","overlay-gradient":""},"mobile":{"background-color":"","background-image":"","background-repeat":"repeat","background-position":"center center","background-size":"auto","background-attachment":"scroll","background-type":"","background-media":"","overlay-type":"","overlay-color":"","overlay-opacity":"","overlay-gradient":""}},"ast-content-background-meta":{"desktop":{"background-color":"var(--ast-global-color-5)","background-image":"","background-repeat":"repeat","background-position":"center center","background-size":"auto","background-attachment":"scroll","background-type":"","background-media":"","overlay-type":"","overlay-color":"","overlay-opacity":"","overlay-gradient":""},"tablet":{"background-color":"var(--ast-global-color-5)","background-image":"","background-repeat":"repeat","background-position":"center center","background-size":"auto","background-attachment":"scroll","background-type":"","background-media":"","overlay-type":"","overlay-color":"","overlay-opacity":"","overlay-gradient":""},"mobile":{"background-color":"var(--ast-global-color-5)","background-image":"","background-repeat":"repeat","background-position":"center center","background-size":"auto","background-attachment":"scroll","background-type":"","background-media":"","overlay-type":"","overlay-color":"","overlay-opacity":"","overlay-gradient":""}}},"product_brand":[3363,3364],"product_cat":[3389,3392],"product_tag":[],"class_list":{"0":"post-20968","1":"product","2":"type-product","3":"status-publish","4":"has-post-thumbnail","6":"product_brand-zandstra","7":"product_brand-zanstra","8":"product_cat-accessoires-longue-piste","9":"product_cat-accessoires-short-track","10":"desktop-align-left","11":"tablet-align-left","12":"mobile-align-left","14":"first","15":"instock","16":"taxable","17":"shipping-taxable","18":"purchasable","19":"product-type-simple"},"acf":[],"_links":{"self":[{"href":"https:\/\/ztsports.com\/fr\/wp-json\/wp\/v2\/product\/20968","targetHints":{"allow":["GET"]}}],"collection":[{"href":"https:\/\/ztsports.com\/fr\/wp-json\/wp\/v2\/product"}],"about":[{"href":"https:\/\/ztsports.com\/fr\/wp-json\/wp\/v2\/types\/product"}],"replies":[{"embeddable":true,"href":"https:\/\/ztsports.com\/fr\/wp-json\/wp\/v2\/comments?post=20968"}],"version-history":[{"count":6,"href":"https:\/\/ztsports.com\/fr\/wp-json\/wp\/v2\/product\/20968\/revisions"}],"predecessor-version":[{"id":25741,"href":"https:\/\/ztsports.com\/fr\/wp-json\/wp\/v2\/product\/20968\/revisions\/25741"}],"wp:featuredmedia":[{"embeddable":true,"href":"https:\/\/ztsports.com\/fr\/wp-json\/wp\/v2\/media\/20970"}],"wp:attachment":[{"href":"https:\/\/ztsports.com\/fr\/wp-json\/wp\/v2\/media?parent=20968"}],"wp:term":[{"taxonomy":"product_brand","embeddable":true,"href":"https:\/\/ztsports.com\/fr\/wp-json\/wp\/v2\/product_brand?post=20968"},{"taxonomy":"product_cat","embeddable":true,"href":"https:\/\/ztsports.com\/fr\/wp-json\/wp\/v2\/product_cat?post=20968"},{"taxonomy":"product_tag","embeddable":true,"href":"https:\/\/ztsports.com\/fr\/wp-json\/wp\/v2\/product_tag?post=20968"}],"curies":[{"name":"wp","href":"https:\/\/api.w.org\/{rel}","templated":true}]}}