{"id":20964,"date":"2026-01-15T19:06:08","date_gmt":"2026-01-15T19:06:08","guid":{"rendered":"https:\/\/ztsports.com\/?post_type=product&#038;p=20964"},"modified":"2026-04-15T23:11:39","modified_gmt":"2026-04-15T23:11:39","slug":"ressort-de-tension-viking","status":"publish","type":"product","link":"https:\/\/ztsports.com\/fr\/store\/ressort-de-tension-viking\/","title":{"rendered":"Ressort de tension Viking pour lame de frappe Sapphire et Icon"},"content":{"rendered":"<h1 data-rm-block-id=\"block-1\">Ressort de tension Viking pour lame de frappe Sapphire et Icon<\/h1>\n<p data-rm-block-id=\"block-2\">Le ressort de tension Viking pour les patins \u00e0 clapet Viking Sapphire et Icon.<\/p>\n<p data-rm-block-id=\"block-3\">Les<strong> ressorts h\u00e9lico\u00efdaux Viking. <\/strong>Le nouveau ressort Viking convient aux lames Viking Nanoflex, Viking Sapphire et Viking Eclipse.<\/p>\n<p data-rm-block-id=\"block-4\">Les ressorts Viking sont disponibles en trois forces : rouge pour les ressorts faciles, blanc pour les ressorts moyens et bleu pour les ressorts lourds.<\/p>\n<p data-rm-block-id=\"block-5\">Vous avez besoin de deux ressorts pour une lame Viking Nanoflex et de quatre pour une paire. Le prix est par pi\u00e8ce.<\/p>\n<p data-rm-block-id=\"block-6\">En fonction de la force, vous avez le choix entre trois couleurs.<\/p>\n<p data-rm-block-id=\"block-7\">Rouge = feu, \u00e0 l&#8217;ordre<\/p>\n<p data-rm-block-id=\"block-8\"><strong>Blanc\/Argent=m\u00e9dium en stock<\/strong><\/p>\n<p data-rm-block-id=\"block-9\">black=strong. sur commande<\/p>\n<p data-rm-block-id=\"block-10\">Veuillez noter que deux ressorts sont n\u00e9cessaires par lame, soit 4 pour une paire de patins.<\/p>\n<p data-rm-block-id=\"block-11\">Voyez tous nos <a href=\"https:\/\/ztsports.com\/categorie-produit\/longue-piste\/pieces-detachees-pour-voies-longues\/?lang=fr\"><strong>Pi\u00e8ces et ressorts Long Track ici<\/strong><\/a>.<\/p>\n","protected":false},"excerpt":{"rendered":"<p>Ressort de tension Viking pour lame de frappe Sapphire et Icon Le ressort de tension Viking pour les patins \u00e0 clapet Viking Sapphire et Icon. Les ressorts h\u00e9lico\u00efdaux Viking. Le nouveau ressort Viking convient aux lames Viking Nanoflex, Viking Sapphire et Viking Eclipse. Les ressorts Viking sont disponibles en trois forces : rouge pour les [&hellip;]<\/p>\n","protected":false},"featured_media":20966,"comment_status":"open","ping_status":"closed","template":"","meta":{"_acf_changed":false,"_monsterinsights_skip_tracking":false,"_monsterinsights_sitenote_active":false,"_monsterinsights_sitenote_note":"","_monsterinsights_sitenote_category":0,"_uf_show_specific_survey":0,"_uf_disable_surveys":false,"site-sidebar-layout":"default","site-content-layout":"","ast-site-content-layout":"default","site-content-style":"default","site-sidebar-style":"default","ast-global-header-display":"","ast-banner-title-visibility":"","ast-main-header-display":"","ast-hfb-above-header-display":"","ast-hfb-below-header-display":"","ast-hfb-mobile-header-display":"","site-post-title":"","ast-breadcrumbs-content":"","ast-featured-img":"","footer-sml-layout":"","ast-disable-related-posts":"","theme-transparent-header-meta":"default","adv-header-id-meta":"","stick-header-meta":"","header-above-stick-meta":"","header-main-stick-meta":"","header-below-stick-meta":"","astra-migrate-meta-layouts":"set","ast-page-background-enabled":"default","ast-page-background-meta":{"desktop":{"background-color":"","background-image":"","background-repeat":"repeat","background-position":"center center","background-size":"auto","background-attachment":"scroll","background-type":"","background-media":"","overlay-type":"","overlay-color":"","overlay-opacity":"","overlay-gradient":""},"tablet":{"background-color":"","background-image":"","background-repeat":"repeat","background-position":"center center","background-size":"auto","background-attachment":"scroll","background-type":"","background-media":"","overlay-type":"","overlay-color":"","overlay-opacity":"","overlay-gradient":""},"mobile":{"background-color":"","background-image":"","background-repeat":"repeat","background-position":"center center","background-size":"auto","background-attachment":"scroll","background-type":"","background-media":"","overlay-type":"","overlay-color":"","overlay-opacity":"","overlay-gradient":""}},"ast-content-background-meta":{"desktop":{"background-color":"var(--ast-global-color-5)","background-image":"","background-repeat":"repeat","background-position":"center center","background-size":"auto","background-attachment":"scroll","background-type":"","background-media":"","overlay-type":"","overlay-color":"","overlay-opacity":"","overlay-gradient":""},"tablet":{"background-color":"var(--ast-global-color-5)","background-image":"","background-repeat":"repeat","background-position":"center center","background-size":"auto","background-attachment":"scroll","background-type":"","background-media":"","overlay-type":"","overlay-color":"","overlay-opacity":"","overlay-gradient":""},"mobile":{"background-color":"var(--ast-global-color-5)","background-image":"","background-repeat":"repeat","background-position":"center center","background-size":"auto","background-attachment":"scroll","background-type":"","background-media":"","overlay-type":"","overlay-color":"","overlay-opacity":"","overlay-gradient":""}}},"product_brand":[3356],"product_cat":[3389,3391,3526,3523,3559,3875],"product_tag":[3771,4468,3766],"class_list":{"0":"post-20964","1":"product","2":"type-product","3":"status-publish","4":"has-post-thumbnail","6":"product_brand-viking","7":"product_cat-accessoires-longue-piste","8":"product_cat-accessoires-pour-la-longue-piste","9":"product_cat-blades","10":"product_cat-lames-a-longue-voie","11":"product_cat-pieces-detachees-pour-voies-longues","12":"product_cat-pieces-et-outils","13":"product_tag-clap-de-printemps","14":"product_tag-ressort-de-tension-viking","15":"product_tag-viking-clap-spring","16":"desktop-align-left","17":"tablet-align-left","18":"mobile-align-left","20":"first","21":"instock","22":"taxable","23":"shipping-taxable","24":"purchasable","25":"product-type-simple"},"acf":[],"_links":{"self":[{"href":"https:\/\/ztsports.com\/fr\/wp-json\/wp\/v2\/product\/20964","targetHints":{"allow":["GET"]}}],"collection":[{"href":"https:\/\/ztsports.com\/fr\/wp-json\/wp\/v2\/product"}],"about":[{"href":"https:\/\/ztsports.com\/fr\/wp-json\/wp\/v2\/types\/product"}],"replies":[{"embeddable":true,"href":"https:\/\/ztsports.com\/fr\/wp-json\/wp\/v2\/comments?post=20964"}],"version-history":[{"count":2,"href":"https:\/\/ztsports.com\/fr\/wp-json\/wp\/v2\/product\/20964\/revisions"}],"predecessor-version":[{"id":25511,"href":"https:\/\/ztsports.com\/fr\/wp-json\/wp\/v2\/product\/20964\/revisions\/25511"}],"wp:featuredmedia":[{"embeddable":true,"href":"https:\/\/ztsports.com\/fr\/wp-json\/wp\/v2\/media\/20966"}],"wp:attachment":[{"href":"https:\/\/ztsports.com\/fr\/wp-json\/wp\/v2\/media?parent=20964"}],"wp:term":[{"taxonomy":"product_brand","embeddable":true,"href":"https:\/\/ztsports.com\/fr\/wp-json\/wp\/v2\/product_brand?post=20964"},{"taxonomy":"product_cat","embeddable":true,"href":"https:\/\/ztsports.com\/fr\/wp-json\/wp\/v2\/product_cat?post=20964"},{"taxonomy":"product_tag","embeddable":true,"href":"https:\/\/ztsports.com\/fr\/wp-json\/wp\/v2\/product_tag?post=20964"}],"curies":[{"name":"wp","href":"https:\/\/api.w.org\/{rel}","templated":true}]}}