{"id":20957,"date":"2025-01-10T15:02:00","date_gmt":"2025-01-10T15:02:00","guid":{"rendered":"https:\/\/ztsports.com\/?post_type=product&#038;p=20957"},"modified":"2026-04-16T21:08:41","modified_gmt":"2026-04-16T21:08:41","slug":"maple-clap-springs","status":"publish","type":"product","link":"https:\/\/ztsports.com\/fr\/store\/maple-clap-springs\/","title":{"rendered":"Maple Clap Springs Ressorts \u00e0 clapet d&#8217;\u00e9rable"},"content":{"rendered":"<h5 class=\"serp-title\">Maple Clap Springs<\/h5>\n<h1 data-rm-block-id=\"block-1\">Ressorts \u00e0 clapet d&#8217;\u00e9rable<\/h1>\n<p data-rm-block-id=\"block-2\">Bien que les ressorts de la chenille longue de Maple Clap durent g\u00e9n\u00e9ralement longtemps, il est conseill\u00e9 de les remplacer une fois par an, en fonction du temps que vous passez sur la glace.<\/p>\n<p data-rm-block-id=\"block-3\">Gardez quelques ressorts MapleZ\/Maple Clap Skate Springs dans votre sac de patinage, juste au cas o\u00f9.<\/p>\n<p data-rm-block-id=\"block-3\">Transformez votre patinage avec les ressorts de remplacement Maple con\u00e7us sp\u00e9cifiquement pour les lames Comet ou Blizzard Clap.<\/p>\n<p data-rm-block-id=\"block-3\">Profitez d&#8217;une exp\u00e9rience de patinage souple et r\u00e9active !<\/p>\n<p data-rm-block-id=\"block-3\">Choisissez l&#8217;ancien mod\u00e8le Blizzard, le nouveau Blizzard ou toutes les lames Comet pour un ajustement parfait.<\/p>\n<p data-rm-block-id=\"block-3\">D\u00e9couvrez le pouvoir de l&#8217;\u00e9rable !<\/p>\n<h5 class=\"serp-title\">Maple Clap Springs<\/h5>\n<p data-rm-block-id=\"block-4\">Sold as set 4 units. Compatible with the following:<\/p>\n<ul>\n<li data-rm-block-id=\"block-5\">Blizzard<\/li>\n<li data-rm-block-id=\"block-6\">Comet Aluminum<\/li>\n<li data-rm-block-id=\"block-7\">Comet Laser<\/li>\n<li data-rm-block-id=\"block-8\">Twin Laser<\/li>\n<li data-rm-block-id=\"block-9\">Laser T-Bone<\/li>\n<li data-rm-block-id=\"block-10\">Twin Laser T-Bone<\/li>\n<li data-rm-block-id=\"block-11\"><strong>vendu par lot de 4<\/strong><\/li>\n<\/ul>\n<p data-rm-block-id=\"block-12\">Voyez tous nos <a href=\"https:\/\/ztsports.com\/categorie-produit\/longue-piste\/pieces-detachees-pour-voies-longues\/?lang=fr\"><strong>Pi\u00e8ces et ressorts Long Track ici<\/strong><\/a>.<\/p>\n","protected":false},"excerpt":{"rendered":"<p>Maple Clap Springs Ressorts \u00e0 clapet d&#8217;\u00e9rable Bien que les ressorts de la chenille longue de Maple Clap durent g\u00e9n\u00e9ralement longtemps, il est conseill\u00e9 de les remplacer une fois par an, en fonction du temps que vous passez sur la glace. Gardez quelques ressorts MapleZ\/Maple Clap Skate Springs dans votre sac de patinage, juste au [&hellip;]<\/p>\n","protected":false},"featured_media":20959,"comment_status":"open","ping_status":"closed","template":"","meta":{"_acf_changed":false,"_monsterinsights_skip_tracking":false,"_monsterinsights_sitenote_active":false,"_monsterinsights_sitenote_note":"","_monsterinsights_sitenote_category":0,"_uf_show_specific_survey":0,"_uf_disable_surveys":false,"site-sidebar-layout":"default","site-content-layout":"","ast-site-content-layout":"default","site-content-style":"default","site-sidebar-style":"default","ast-global-header-display":"","ast-banner-title-visibility":"","ast-main-header-display":"","ast-hfb-above-header-display":"","ast-hfb-below-header-display":"","ast-hfb-mobile-header-display":"","site-post-title":"","ast-breadcrumbs-content":"","ast-featured-img":"","footer-sml-layout":"","ast-disable-related-posts":"","theme-transparent-header-meta":"default","adv-header-id-meta":"","stick-header-meta":"","header-above-stick-meta":"","header-main-stick-meta":"","header-below-stick-meta":"","astra-migrate-meta-layouts":"set","ast-page-background-enabled":"default","ast-page-background-meta":{"desktop":{"background-color":"","background-image":"","background-repeat":"repeat","background-position":"center center","background-size":"auto","background-attachment":"scroll","background-type":"","background-media":"","overlay-type":"","overlay-color":"","overlay-opacity":"","overlay-gradient":""},"tablet":{"background-color":"","background-image":"","background-repeat":"repeat","background-position":"center center","background-size":"auto","background-attachment":"scroll","background-type":"","background-media":"","overlay-type":"","overlay-color":"","overlay-opacity":"","overlay-gradient":""},"mobile":{"background-color":"","background-image":"","background-repeat":"repeat","background-position":"center center","background-size":"auto","background-attachment":"scroll","background-type":"","background-media":"","overlay-type":"","overlay-color":"","overlay-opacity":"","overlay-gradient":""}},"ast-content-background-meta":{"desktop":{"background-color":"var(--ast-global-color-5)","background-image":"","background-repeat":"repeat","background-position":"center center","background-size":"auto","background-attachment":"scroll","background-type":"","background-media":"","overlay-type":"","overlay-color":"","overlay-opacity":"","overlay-gradient":""},"tablet":{"background-color":"var(--ast-global-color-5)","background-image":"","background-repeat":"repeat","background-position":"center center","background-size":"auto","background-attachment":"scroll","background-type":"","background-media":"","overlay-type":"","overlay-color":"","overlay-opacity":"","overlay-gradient":""},"mobile":{"background-color":"var(--ast-global-color-5)","background-image":"","background-repeat":"repeat","background-position":"center center","background-size":"auto","background-attachment":"scroll","background-type":"","background-media":"","overlay-type":"","overlay-color":"","overlay-opacity":"","overlay-gradient":""}}},"product_brand":[3319,3328],"product_cat":[3389,3391,3526,3523,3390,3559,3875],"product_tag":[4463,4464,4465,3770,4466,4467],"class_list":{"0":"post-20957","1":"product","2":"type-product","3":"status-publish","4":"has-post-thumbnail","6":"product_brand-maplez","7":"product_brand-norton","8":"product_cat-accessoires-longue-piste","9":"product_cat-accessoires-pour-la-longue-piste","10":"product_cat-blades","11":"product_cat-lames-a-longue-voie","12":"product_cat-longue-piste","13":"product_cat-pieces-detachees-pour-voies-longues","14":"product_cat-pieces-et-outils","15":"product_tag-blizzard","16":"product_tag-lames-comete","17":"product_tag-long-track-clap-springs","18":"product_tag-pieces-de-la-voie-longue","19":"product_tag-ressorts-a-clapet-derable","20":"product_tag-voir-toutes-nos-pieces-et-ressorts-long-track-ici","21":"desktop-align-left","22":"tablet-align-left","23":"mobile-align-left","25":"first","26":"instock","27":"taxable","28":"shipping-taxable","29":"purchasable","30":"product-type-simple"},"acf":[],"_links":{"self":[{"href":"https:\/\/ztsports.com\/fr\/wp-json\/wp\/v2\/product\/20957","targetHints":{"allow":["GET"]}}],"collection":[{"href":"https:\/\/ztsports.com\/fr\/wp-json\/wp\/v2\/product"}],"about":[{"href":"https:\/\/ztsports.com\/fr\/wp-json\/wp\/v2\/types\/product"}],"replies":[{"embeddable":true,"href":"https:\/\/ztsports.com\/fr\/wp-json\/wp\/v2\/comments?post=20957"}],"version-history":[{"count":3,"href":"https:\/\/ztsports.com\/fr\/wp-json\/wp\/v2\/product\/20957\/revisions"}],"predecessor-version":[{"id":25566,"href":"https:\/\/ztsports.com\/fr\/wp-json\/wp\/v2\/product\/20957\/revisions\/25566"}],"wp:featuredmedia":[{"embeddable":true,"href":"https:\/\/ztsports.com\/fr\/wp-json\/wp\/v2\/media\/20959"}],"wp:attachment":[{"href":"https:\/\/ztsports.com\/fr\/wp-json\/wp\/v2\/media?parent=20957"}],"wp:term":[{"taxonomy":"product_brand","embeddable":true,"href":"https:\/\/ztsports.com\/fr\/wp-json\/wp\/v2\/product_brand?post=20957"},{"taxonomy":"product_cat","embeddable":true,"href":"https:\/\/ztsports.com\/fr\/wp-json\/wp\/v2\/product_cat?post=20957"},{"taxonomy":"product_tag","embeddable":true,"href":"https:\/\/ztsports.com\/fr\/wp-json\/wp\/v2\/product_tag?post=20957"}],"curies":[{"name":"wp","href":"https:\/\/api.w.org\/{rel}","templated":true}]}}