{"id":20947,"date":"2026-01-08T15:58:09","date_gmt":"2026-01-08T15:58:09","guid":{"rendered":"https:\/\/ztsports.com\/?post_type=product&#038;p=20947"},"modified":"2026-04-17T16:24:38","modified_gmt":"2026-04-17T16:24:38","slug":"zandstra-clip-sharpening-jig","status":"publish","type":"product","link":"https:\/\/ztsports.com\/fr\/store\/zandstra-clip-sharpening-jig\/","title":{"rendered":"Gabarit d&#8217;aff\u00fbtage des clips Zandstra"},"content":{"rendered":"<h1 data-rm-block-id=\"block-1\">Gabarit d&#8217;aff\u00fbtage des clips Zandstra (Zandstra Clip Sharpening Jig)<\/h1>\n<p>Zandstra Clip Sharpening Jig<\/p>\n<p data-rm-block-id=\"block-2\">Zandstra Ving 7125 Clip Sharpening Jig pour l&#8217;aff\u00fbtage rapide et portable des lames Clip on.<\/p>\n<p data-rm-block-id=\"block-3\">Le patinage sur des lames nordiques est de plus en plus populaire. Tout comme les patins de vitesse traditionnels, ces longues lames n\u00e9cessitent un entretien tel que l&#8217;aff\u00fbtage et le polissage. Zandstra Sport a mis au point un gabarit d&#8217;aff\u00fbtage sp\u00e9cial pour les patins nordiques, appel\u00e9 &#8220;VING UPP&#8221;.<\/p>\n<p data-rm-block-id=\"block-3\">Un gabarit compact pour maintenir une paire de lames Nordic Blades en place et \u00e0 niveau lors de l&#8217;aff\u00fbtage.<\/p>\n<h3 data-rm-block-id=\"block-3\">Ce mod\u00e8le laisse un espace suppl\u00e9mentaire pour des fixations plus robustes telles que les fixations Rottefella BC, ce qui vous permet de laisser les fixations attach\u00e9es lors de l&#8217;entretien de vos lames.<\/h3>\n<div class=\"\">Le tout nouveau gabarit VING UPP permet d&#8217;aff\u00fbter toutes les marques, tous les mod\u00e8les et toutes les longueurs de lames de glace Nordic Skate, quel que soit le type de fixation (SNS, NNN, BC, etc.).<\/div>\n<div class=\"\">Il est dot\u00e9 d&#8217;un syst\u00e8me unique qui place les lames dans la bonne position pour l&#8217;aff\u00fbtage.<\/div>\n<div>Zandstra Clip Sharpening Jig<\/div>\n<div><\/div>\n<div class=\"\">Un gabarit traditionnel serre les lames d&#8217;acier. En revanche, avec le gabarit UPP, les plateformes en aluminium des patins nordiques sont press\u00e9es vers le haut contre le support sup\u00e9rieur du gabarit. Pour ce faire, vous devez utiliser la cl\u00e9 Allen fournie pour serrer un boulon traversant en acier afin de cr\u00e9er la pression vers le haut. Le boulon doit \u00eatre tourn\u00e9 fermement, mais pas trop.<\/div>\n<p data-rm-block-id=\"block-4\">Les principaux avantages du VING UPP sont les suivants<\/p>\n<p data-rm-block-id=\"block-4\">Zandstra Clip Sharpening Jig<\/p>\n<p data-rm-block-id=\"block-4\">&#8211; La fixation peut rester sur le cadre<br \/>\n&#8211; L&#8217;Upp s&#8217;adapte \u00e0 tous les types, mod\u00e8les et marques<br \/>\n&#8211; L&#8217;Upp s&#8217;adapte \u00e0 toutes les tailles<br \/>\n&#8211; Les lames peuvent \u00eatre facilement et fermement serr\u00e9es<br \/>\n&#8211; Compact, l\u00e9ger, facile \u00e0 transporter<\/p>\n<p data-rm-block-id=\"block-4\">Le gabarit d&#8217;aff\u00fbtage Zandstra Clip maintient vos patins parfaitement \u00e0 niveau, ce qui facilite l&#8217;aff\u00fbtage.<\/p>\n","protected":false},"excerpt":{"rendered":"<p>Gabarit d&#8217;aff\u00fbtage des clips Zandstra (Zandstra Clip Sharpening Jig) Zandstra Clip Sharpening Jig Zandstra Ving 7125 Clip Sharpening Jig pour l&#8217;aff\u00fbtage rapide et portable des lames Clip on. Le patinage sur des lames nordiques est de plus en plus populaire. Tout comme les patins de vitesse traditionnels, ces longues lames n\u00e9cessitent un entretien tel que [&hellip;]<\/p>\n","protected":false},"featured_media":20949,"comment_status":"open","ping_status":"closed","template":"","meta":{"_acf_changed":false,"_monsterinsights_skip_tracking":false,"_monsterinsights_sitenote_active":false,"_monsterinsights_sitenote_note":"","_monsterinsights_sitenote_category":0,"_uf_show_specific_survey":0,"_uf_disable_surveys":false,"site-sidebar-layout":"default","site-content-layout":"","ast-site-content-layout":"default","site-content-style":"default","site-sidebar-style":"default","ast-global-header-display":"","ast-banner-title-visibility":"","ast-main-header-display":"","ast-hfb-above-header-display":"","ast-hfb-below-header-display":"","ast-hfb-mobile-header-display":"","site-post-title":"","ast-breadcrumbs-content":"","ast-featured-img":"","footer-sml-layout":"","ast-disable-related-posts":"","theme-transparent-header-meta":"default","adv-header-id-meta":"","stick-header-meta":"","header-above-stick-meta":"","header-main-stick-meta":"","header-below-stick-meta":"","astra-migrate-meta-layouts":"set","ast-page-background-enabled":"default","ast-page-background-meta":{"desktop":{"background-color":"","background-image":"","background-repeat":"repeat","background-position":"center center","background-size":"auto","background-attachment":"scroll","background-type":"","background-media":"","overlay-type":"","overlay-color":"","overlay-opacity":"","overlay-gradient":""},"tablet":{"background-color":"","background-image":"","background-repeat":"repeat","background-position":"center center","background-size":"auto","background-attachment":"scroll","background-type":"","background-media":"","overlay-type":"","overlay-color":"","overlay-opacity":"","overlay-gradient":""},"mobile":{"background-color":"","background-image":"","background-repeat":"repeat","background-position":"center center","background-size":"auto","background-attachment":"scroll","background-type":"","background-media":"","overlay-type":"","overlay-color":"","overlay-opacity":"","overlay-gradient":""}},"ast-content-background-meta":{"desktop":{"background-color":"var(--ast-global-color-5)","background-image":"","background-repeat":"repeat","background-position":"center center","background-size":"auto","background-attachment":"scroll","background-type":"","background-media":"","overlay-type":"","overlay-color":"","overlay-opacity":"","overlay-gradient":""},"tablet":{"background-color":"var(--ast-global-color-5)","background-image":"","background-repeat":"repeat","background-position":"center center","background-size":"auto","background-attachment":"scroll","background-type":"","background-media":"","overlay-type":"","overlay-color":"","overlay-opacity":"","overlay-gradient":""},"mobile":{"background-color":"var(--ast-global-color-5)","background-image":"","background-repeat":"repeat","background-position":"center center","background-size":"auto","background-attachment":"scroll","background-type":"","background-media":"","overlay-type":"","overlay-color":"","overlay-opacity":"","overlay-gradient":""}}},"product_brand":[3364],"product_cat":[3389,3391,3455,3514,3940,3772,3454,3452,3453,3397],"product_tag":[3611,3774,3612],"class_list":{"0":"post-20947","1":"product","2":"type-product","3":"status-publish","4":"has-post-thumbnail","6":"product_brand-zanstra","7":"product_cat-accessoires-longue-piste","8":"product_cat-accessoires-pour-la-longue-piste","9":"product_cat-accessories","10":"product_cat-entretien-des-lames","11":"product_cat-gabarit-daffutage","12":"product_cat-gabarits-daffutage","13":"product_cat-lames","14":"product_cat-lames-a-clip","15":"product_cat-lames-de-canal","16":"product_cat-support","17":"product_tag-gabarit-daffutage","18":"product_tag-lames-nordiques-clip-on","19":"product_tag-meilleur-gabarit-daffutage","20":"desktop-align-left","21":"tablet-align-left","22":"mobile-align-left","24":"first","25":"instock","26":"taxable","27":"shipping-taxable","28":"purchasable","29":"product-type-simple"},"acf":[],"_links":{"self":[{"href":"https:\/\/ztsports.com\/fr\/wp-json\/wp\/v2\/product\/20947","targetHints":{"allow":["GET"]}}],"collection":[{"href":"https:\/\/ztsports.com\/fr\/wp-json\/wp\/v2\/product"}],"about":[{"href":"https:\/\/ztsports.com\/fr\/wp-json\/wp\/v2\/types\/product"}],"replies":[{"embeddable":true,"href":"https:\/\/ztsports.com\/fr\/wp-json\/wp\/v2\/comments?post=20947"}],"version-history":[{"count":5,"href":"https:\/\/ztsports.com\/fr\/wp-json\/wp\/v2\/product\/20947\/revisions"}],"predecessor-version":[{"id":25598,"href":"https:\/\/ztsports.com\/fr\/wp-json\/wp\/v2\/product\/20947\/revisions\/25598"}],"wp:featuredmedia":[{"embeddable":true,"href":"https:\/\/ztsports.com\/fr\/wp-json\/wp\/v2\/media\/20949"}],"wp:attachment":[{"href":"https:\/\/ztsports.com\/fr\/wp-json\/wp\/v2\/media?parent=20947"}],"wp:term":[{"taxonomy":"product_brand","embeddable":true,"href":"https:\/\/ztsports.com\/fr\/wp-json\/wp\/v2\/product_brand?post=20947"},{"taxonomy":"product_cat","embeddable":true,"href":"https:\/\/ztsports.com\/fr\/wp-json\/wp\/v2\/product_cat?post=20947"},{"taxonomy":"product_tag","embeddable":true,"href":"https:\/\/ztsports.com\/fr\/wp-json\/wp\/v2\/product_tag?post=20947"}],"curies":[{"name":"wp","href":"https:\/\/api.w.org\/{rel}","templated":true}]}}