{"id":20943,"date":"2026-01-07T16:39:45","date_gmt":"2026-01-07T16:39:45","guid":{"rendered":"https:\/\/ztsports.com\/?post_type=product&#038;p=20943"},"modified":"2026-01-23T15:18:42","modified_gmt":"2026-01-23T15:18:42","slug":"couvre-bottes-en-neoprene-zandstra","status":"publish","type":"product","link":"https:\/\/ztsports.com\/fr\/store\/couvre-bottes-en-neoprene-zandstra\/","title":{"rendered":"Couvre-bottes en n\u00e9opr\u00e8ne Zandstra"},"content":{"rendered":"<h1 data-rm-block-id=\"block-1\">Couvre-bottes en n\u00e9opr\u00e8ne Zandstra<\/h1>\n<p data-rm-block-id=\"block-2\">Couvre-bottes en n\u00e9opr\u00e8ne pour les temps froids.<br \/>\ndisponible en trois tailles :<\/p>\n<h4>Description<\/h4>\n<div>Ces housses de patins en n\u00e9opr\u00e8ne r\u00e9chauffent merveilleusement les pieds par temps froid.<\/div>\n<p data-rm-block-id=\"block-3\">Couleur : Bleu<\/p>\n<p data-rm-block-id=\"block-4\">Petit (36-39), Moyen (40-45), Grand (46) et plus<\/p>\n<div>Enfin, consultez tous nos <a href=\"https:\/\/ztsports.com\/categorie-produit\/couvre-bottes\/?lang=fr\"><strong>couvre-bottes ici<\/strong><\/a>.<\/div>\n","protected":false},"excerpt":{"rendered":"<p>Couvre-bottes en n\u00e9opr\u00e8ne Zandstra Couvre-bottes en n\u00e9opr\u00e8ne pour les temps froids. disponible en trois tailles : Description Ces housses de patins en n\u00e9opr\u00e8ne r\u00e9chauffent merveilleusement les pieds par temps froid. Couleur : Bleu Petit (36-39), Moyen (40-45), Grand (46) et plus Enfin, consultez tous nos couvre-bottes ici.<\/p>\n","protected":false},"featured_media":20945,"comment_status":"open","ping_status":"closed","template":"","meta":{"_acf_changed":false,"_monsterinsights_skip_tracking":false,"_monsterinsights_sitenote_active":false,"_monsterinsights_sitenote_note":"","_monsterinsights_sitenote_category":0,"_uf_show_specific_survey":0,"_uf_disable_surveys":false,"site-sidebar-layout":"default","site-content-layout":"","ast-site-content-layout":"default","site-content-style":"default","site-sidebar-style":"default","ast-global-header-display":"","ast-banner-title-visibility":"","ast-main-header-display":"","ast-hfb-above-header-display":"","ast-hfb-below-header-display":"","ast-hfb-mobile-header-display":"","site-post-title":"","ast-breadcrumbs-content":"","ast-featured-img":"","footer-sml-layout":"","ast-disable-related-posts":"","theme-transparent-header-meta":"","adv-header-id-meta":"","stick-header-meta":"","header-above-stick-meta":"","header-main-stick-meta":"","header-below-stick-meta":"","astra-migrate-meta-layouts":"default","ast-page-background-enabled":"default","ast-page-background-meta":{"desktop":{"background-color":"","background-image":"","background-repeat":"repeat","background-position":"center center","background-size":"auto","background-attachment":"scroll","background-type":"","background-media":"","overlay-type":"","overlay-color":"","overlay-opacity":"","overlay-gradient":""},"tablet":{"background-color":"","background-image":"","background-repeat":"repeat","background-position":"center center","background-size":"auto","background-attachment":"scroll","background-type":"","background-media":"","overlay-type":"","overlay-color":"","overlay-opacity":"","overlay-gradient":""},"mobile":{"background-color":"","background-image":"","background-repeat":"repeat","background-position":"center center","background-size":"auto","background-attachment":"scroll","background-type":"","background-media":"","overlay-type":"","overlay-color":"","overlay-opacity":"","overlay-gradient":""}},"ast-content-background-meta":{"desktop":{"background-color":"var(--ast-global-color-5)","background-image":"","background-repeat":"repeat","background-position":"center center","background-size":"auto","background-attachment":"scroll","background-type":"","background-media":"","overlay-type":"","overlay-color":"","overlay-opacity":"","overlay-gradient":""},"tablet":{"background-color":"var(--ast-global-color-5)","background-image":"","background-repeat":"repeat","background-position":"center center","background-size":"auto","background-attachment":"scroll","background-type":"","background-media":"","overlay-type":"","overlay-color":"","overlay-opacity":"","overlay-gradient":""},"mobile":{"background-color":"var(--ast-global-color-5)","background-image":"","background-repeat":"repeat","background-position":"center center","background-size":"auto","background-attachment":"scroll","background-type":"","background-media":"","overlay-type":"","overlay-color":"","overlay-opacity":"","overlay-gradient":""}}},"product_brand":[3363],"product_cat":[3389,3391,3392,3495,3786,3522,3418,3876,4226],"product_tag":[3524,3525,1909],"class_list":{"0":"post-20943","1":"product","2":"type-product","3":"status-publish","4":"has-post-thumbnail","6":"product_brand-zandstra","7":"product_cat-accessoires-longue-piste","8":"product_cat-accessoires-pour-la-longue-piste","9":"product_cat-accessoires-short-track","10":"product_cat-bottes","12":"product_cat-couvre-bottes","14":"product_cat-protecteurs-de-lames-et-gardes","15":"product_cat-vetements","16":"product_tag-couvre-bottes-en-neoprene","17":"product_tag-housses-de-bottes","18":"product_tag-zandstra","19":"desktop-align-left","20":"tablet-align-left","21":"mobile-align-left","23":"first","24":"instock","25":"taxable","26":"shipping-taxable","27":"purchasable","28":"product-type-simple"},"acf":[],"_links":{"self":[{"href":"https:\/\/ztsports.com\/fr\/wp-json\/wp\/v2\/product\/20943","targetHints":{"allow":["GET"]}}],"collection":[{"href":"https:\/\/ztsports.com\/fr\/wp-json\/wp\/v2\/product"}],"about":[{"href":"https:\/\/ztsports.com\/fr\/wp-json\/wp\/v2\/types\/product"}],"replies":[{"embeddable":true,"href":"https:\/\/ztsports.com\/fr\/wp-json\/wp\/v2\/comments?post=20943"}],"version-history":[{"count":1,"href":"https:\/\/ztsports.com\/fr\/wp-json\/wp\/v2\/product\/20943\/revisions"}],"predecessor-version":[{"id":20944,"href":"https:\/\/ztsports.com\/fr\/wp-json\/wp\/v2\/product\/20943\/revisions\/20944"}],"wp:featuredmedia":[{"embeddable":true,"href":"https:\/\/ztsports.com\/fr\/wp-json\/wp\/v2\/media\/20945"}],"wp:attachment":[{"href":"https:\/\/ztsports.com\/fr\/wp-json\/wp\/v2\/media?parent=20943"}],"wp:term":[{"taxonomy":"product_brand","embeddable":true,"href":"https:\/\/ztsports.com\/fr\/wp-json\/wp\/v2\/product_brand?post=20943"},{"taxonomy":"product_cat","embeddable":true,"href":"https:\/\/ztsports.com\/fr\/wp-json\/wp\/v2\/product_cat?post=20943"},{"taxonomy":"product_tag","embeddable":true,"href":"https:\/\/ztsports.com\/fr\/wp-json\/wp\/v2\/product_tag?post=20943"}],"curies":[{"name":"wp","href":"https:\/\/api.w.org\/{rel}","templated":true}]}}