{"id":20925,"date":"2025-12-20T11:52:52","date_gmt":"2025-12-20T11:52:52","guid":{"rendered":"https:\/\/ztsports.com\/?post_type=product&#038;p=20925"},"modified":"2026-04-16T02:57:55","modified_gmt":"2026-04-16T02:57:55","slug":"porte-cles-skate-guard","status":"publish","type":"product","link":"https:\/\/ztsports.com\/fr\/store\/porte-cles-skate-guard\/","title":{"rendered":"Porte-cl\u00e9s Skate Guard"},"content":{"rendered":"<h1 data-rm-block-id=\"block-1\">Porte-cl\u00e9s Skate Guard<\/h1>\n<h2 class=\"mb-5\" data-rm-block-id=\"block-2\">Porte-cl\u00e9s protecteurs de patins<\/h2>\n<div class=\"desc\">\n<p data-rm-block-id=\"block-3\">Que ce soit sur vos cl\u00e9s, votre sac, votre sac \u00e0 dos ou sur votre veste &#8211; avec ce mini prot\u00e8ge-patin comme porte-cl\u00e9s, vous pouvez toujours avoir un ustensile de votre sport pr\u00e9f\u00e9r\u00e9 avec vous, m\u00eame en dehors de la glace. Gr\u00e2ce aux diff\u00e9rentes couleurs du porte-cl\u00e9s, vous pouvez assortir vos v\u00eatements.<\/p>\n<p data-rm-block-id=\"block-4\">Taille : 7,5 cm de long<\/p>\n<p data-rm-block-id=\"block-5\"><strong>Fabriqu\u00e9 au Canada.<\/strong><\/p>\n<\/div>\n<p data-rm-block-id=\"block-6\">Ces mini porte-cl\u00e9s Skate Guard de Guardog sont tr\u00e8s appr\u00e9ci\u00e9s des patineurs de vitesse et des patineurs artistiques.<\/p>\n<p data-rm-block-id=\"block-7\">Une version mini super mignonne de ceux qui sont sur vos patins, disponible en couleurs assorties.<\/p>\n<p data-rm-block-id=\"block-8\">Porte-cl\u00e9s patins. Porte-cl\u00e9s miniature en forme de patin, d&#8217;une longueur de 3 pouces, disponible dans un large assortiment de couleurs amusantes.<\/p>\n<p data-rm-block-id=\"block-9\">Adorables mini porte-cl\u00e9s de patineurs. Collectionnez-les, accrochez-les \u00e0 votre sac de patinage, offrez-les \u00e0 vos amis pour leur porter chance lors des comp\u00e9titions. choisissez vos couleurs<\/p>\n<p data-rm-block-id=\"block-10\">Porte-cl\u00e9s pour patins \u00e0 glace<br \/>\n~Id\u00e9al pour votre sac \u00e0 patins ou vos cl\u00e9s<\/p>\n<p data-rm-block-id=\"block-11\">Offrez \u00e0 votre patineur pr\u00e9f\u00e9r\u00e9 l&#8217;un de ces mignons porte-cl\u00e9s en forme de patins !<\/p>\n<p data-rm-block-id=\"block-11\">Ou offrez-les en guise de r\u00e9compense pour une course bien men\u00e9e.<\/p>\n<p data-rm-block-id=\"block-12\">Petit prot\u00e8ge patin Guardog en porte-cl\u00e9 de diff\u00e9rentes couleurs de Zt Sports.<\/p>\n<h2 data-rm-block-id=\"block-12\">Veuillez indiquer votre premier et deuxi\u00e8me choix de couleur dans la section commentaire lors de la commande.<\/h2>\n","protected":false},"excerpt":{"rendered":"<p>Porte-cl\u00e9s Skate Guard Porte-cl\u00e9s protecteurs de patins Que ce soit sur vos cl\u00e9s, votre sac, votre sac \u00e0 dos ou sur votre veste &#8211; avec ce mini prot\u00e8ge-patin comme porte-cl\u00e9s, vous pouvez toujours avoir un ustensile de votre sport pr\u00e9f\u00e9r\u00e9 avec vous, m\u00eame en dehors de la glace. Gr\u00e2ce aux diff\u00e9rentes couleurs du porte-cl\u00e9s, vous [&hellip;]<\/p>\n","protected":false},"featured_media":20927,"comment_status":"open","ping_status":"closed","template":"","meta":{"_acf_changed":false,"_monsterinsights_skip_tracking":false,"_monsterinsights_sitenote_active":false,"_monsterinsights_sitenote_note":"","_monsterinsights_sitenote_category":0,"_uf_show_specific_survey":0,"_uf_disable_surveys":false,"site-sidebar-layout":"default","site-content-layout":"","ast-site-content-layout":"default","site-content-style":"default","site-sidebar-style":"default","ast-global-header-display":"","ast-banner-title-visibility":"","ast-main-header-display":"","ast-hfb-above-header-display":"","ast-hfb-below-header-display":"","ast-hfb-mobile-header-display":"","site-post-title":"","ast-breadcrumbs-content":"","ast-featured-img":"","footer-sml-layout":"","ast-disable-related-posts":"","theme-transparent-header-meta":"default","adv-header-id-meta":"","stick-header-meta":"","header-above-stick-meta":"","header-main-stick-meta":"","header-below-stick-meta":"","astra-migrate-meta-layouts":"set","ast-page-background-enabled":"default","ast-page-background-meta":{"desktop":{"background-color":"","background-image":"","background-repeat":"repeat","background-position":"center center","background-size":"auto","background-attachment":"scroll","background-type":"","background-media":"","overlay-type":"","overlay-color":"","overlay-opacity":"","overlay-gradient":""},"tablet":{"background-color":"","background-image":"","background-repeat":"repeat","background-position":"center center","background-size":"auto","background-attachment":"scroll","background-type":"","background-media":"","overlay-type":"","overlay-color":"","overlay-opacity":"","overlay-gradient":""},"mobile":{"background-color":"","background-image":"","background-repeat":"repeat","background-position":"center center","background-size":"auto","background-attachment":"scroll","background-type":"","background-media":"","overlay-type":"","overlay-color":"","overlay-opacity":"","overlay-gradient":""}},"ast-content-background-meta":{"desktop":{"background-color":"var(--ast-global-color-5)","background-image":"","background-repeat":"repeat","background-position":"center center","background-size":"auto","background-attachment":"scroll","background-type":"","background-media":"","overlay-type":"","overlay-color":"","overlay-opacity":"","overlay-gradient":""},"tablet":{"background-color":"var(--ast-global-color-5)","background-image":"","background-repeat":"repeat","background-position":"center center","background-size":"auto","background-attachment":"scroll","background-type":"","background-media":"","overlay-type":"","overlay-color":"","overlay-opacity":"","overlay-gradient":""},"mobile":{"background-color":"var(--ast-global-color-5)","background-image":"","background-repeat":"repeat","background-position":"center center","background-size":"auto","background-attachment":"scroll","background-type":"","background-media":"","overlay-type":"","overlay-color":"","overlay-opacity":"","overlay-gradient":""}}},"product_brand":[3307,3365],"product_cat":[3389,3391,3392,3396,3775,4104,3878,3572,3467,3776,3876,3877,3777],"product_tag":[4462,3783,3782,3781,3780,3779,3778],"class_list":{"0":"post-20925","1":"product","2":"type-product","3":"status-publish","4":"has-post-thumbnail","6":"product_brand-guard-dog","7":"product_brand-zt-sports","8":"product_cat-accessoires-longue-piste","9":"product_cat-accessoires-pour-la-longue-piste","10":"product_cat-accessoires-short-track","11":"product_cat-accessories","12":"product_cat-bijoux-de-sport","13":"product_cat-cadeaux","15":"product_cat-cadeaux-pour-patineurs","16":"product_cat-patinage-de-vitesse","17":"product_cat-pendentifs-sportifs","18":"product_cat-protecteurs-de-lames-et-gardes","19":"product_cat-protection-de-la-lame","20":"product_cat-protections-pour-patins","21":"product_tag-mini-porte-cles","22":"product_tag-mini-porte-cles-zt-sports","23":"product_tag-porte-cles","24":"product_tag-porte-cles-guardog-guardog","25":"product_tag-porte-cles-protecteurs-de-patins","26":"product_tag-porte-cles-skate-gurd","27":"product_tag-protections-de-patins","28":"desktop-align-left","29":"tablet-align-left","30":"mobile-align-left","32":"first","33":"instock","34":"sale","35":"featured","36":"taxable","37":"shipping-taxable","38":"purchasable","39":"product-type-simple"},"acf":[],"_links":{"self":[{"href":"https:\/\/ztsports.com\/fr\/wp-json\/wp\/v2\/product\/20925","targetHints":{"allow":["GET"]}}],"collection":[{"href":"https:\/\/ztsports.com\/fr\/wp-json\/wp\/v2\/product"}],"about":[{"href":"https:\/\/ztsports.com\/fr\/wp-json\/wp\/v2\/types\/product"}],"replies":[{"embeddable":true,"href":"https:\/\/ztsports.com\/fr\/wp-json\/wp\/v2\/comments?post=20925"}],"version-history":[{"count":2,"href":"https:\/\/ztsports.com\/fr\/wp-json\/wp\/v2\/product\/20925\/revisions"}],"predecessor-version":[{"id":20974,"href":"https:\/\/ztsports.com\/fr\/wp-json\/wp\/v2\/product\/20925\/revisions\/20974"}],"wp:featuredmedia":[{"embeddable":true,"href":"https:\/\/ztsports.com\/fr\/wp-json\/wp\/v2\/media\/20927"}],"wp:attachment":[{"href":"https:\/\/ztsports.com\/fr\/wp-json\/wp\/v2\/media?parent=20925"}],"wp:term":[{"taxonomy":"product_brand","embeddable":true,"href":"https:\/\/ztsports.com\/fr\/wp-json\/wp\/v2\/product_brand?post=20925"},{"taxonomy":"product_cat","embeddable":true,"href":"https:\/\/ztsports.com\/fr\/wp-json\/wp\/v2\/product_cat?post=20925"},{"taxonomy":"product_tag","embeddable":true,"href":"https:\/\/ztsports.com\/fr\/wp-json\/wp\/v2\/product_tag?post=20925"}],"curies":[{"name":"wp","href":"https:\/\/api.w.org\/{rel}","templated":true}]}}