{"id":20922,"date":"2025-11-05T17:40:43","date_gmt":"2025-11-05T17:40:43","guid":{"rendered":"https:\/\/ztsports.com\/?post_type=product&#038;p=20922"},"modified":"2026-03-03T12:30:58","modified_gmt":"2026-03-03T12:30:58","slug":"bottes-st-two-nouveau","status":"publish","type":"product","link":"https:\/\/ztsports.com\/fr\/store\/bottes-st-two-nouveau\/","title":{"rendered":"Bottes ST TWO NOUVEAU !"},"content":{"rendered":"<h1>Bottes ST TWO<\/h1>\n<p><strong>Voici les nouvelles<\/strong> <strong>bottes<\/strong><strong>Short Track Two (<\/strong>ST TWO Boots) <strong>Carbon Boots !<\/strong><\/p>\n<p>Les bottes Short Track Two Carbon de Bont associent des techniques de construction avanc\u00e9es \u00e0 un confort am\u00e9lior\u00e9 pour offrir une botte de short track de haute performance. Construite avec pr\u00e9cision, cette chaussure combine vitesse, puissance et un ajustement raffin\u00e9 pour les patineurs s\u00e9rieux. <\/p>\n<p>La coque ext\u00e9rieure est fabriqu\u00e9e en laminant des mat\u00e9riaux TPU et Durolite brillants, ce qui garantit la durabilit\u00e9, le style et la l\u00e9g\u00e8ret\u00e9. \u00c0 l&#8217;int\u00e9rieur, une couche de n\u00e9opr\u00e8ne de 1 mm d&#8217;\u00e9paisseur tapisse la chaussure, am\u00e9liorant consid\u00e9rablement le confort g\u00e9n\u00e9ral pour les longues s\u00e9ances d&#8217;entra\u00eenement et les courses intenses. <\/p>\n<p>De sa conception monobloc profil\u00e9e \u00e0 son ajustement soigneusement \u00e9tudi\u00e9, la Short Track Two Carbon offre l&#8217;\u00e9quilibre parfait entre performance et confort.<\/p>\n<p><strong>Caract\u00e9ristiques des <\/strong>bottes ST TWO :<\/p>\n<p><strong>Base : <\/strong>Base en composite de carbone pos\u00e9e \u00e0 la main avec plus de carbone pour am\u00e9liorer le transfert de puissance.<\/p>\n<p><strong>Rev\u00eatement ext\u00e9rieur :<\/strong> Mat\u00e9riaux TPU et Durolite lamin\u00e9s et brillants pour une finition audacieuse et durable.<\/p>\n<p><strong>Doublure :<\/strong> L en daim avec une couche de n\u00e9opr\u00e8ne de 1 mm pour am\u00e9liorer le confort<\/p>\n<p><strong>Semelle int\u00e9rieure : <\/strong>Daim L<\/p>\n<p><strong>Thermoformable : <\/strong>Base enti\u00e8rement thermoformable utilisant une r\u00e9sine \u00e9poxy thermodurcissable.<\/p>\n<p><strong>Rembourrage : <\/strong>Mousse \u00e0 m\u00e9moire de forme haute densit\u00e9 avec collier de soutien plus \u00e9pais<\/p>\n<p><strong>Options de fermeture : <\/strong>Lacets cir\u00e9s, cache-lacets et deux bandes velcro<\/p>\n<p><strong>Options d&#8217;ajustement : <\/strong>Standard, \u00e9troite et large<\/p>\n<p><strong>Monture :<\/strong> Taille 9C~13.5C 140mm ; Taille 1~13.5 165mm<\/p>\n<p><strong>Manchette : <\/strong>Manchette plus haute avec un angle modifi\u00e9 pour une meilleure agilit\u00e9 et un meilleur contr\u00f4le<\/p>\n<p><strong>Col : <\/strong>Ouverture en V plus \u00e9troite pour am\u00e9liorer le soutien au niveau du col.<\/p>\n<p><strong>Forme : <\/strong>Forme actualis\u00e9e pour un ajustement plus raffin\u00e9<\/p>\n<ul>\n<li>Red\u00e9finissez votre patinage sur piste courte avec les bottes Bont Short Track Two Carbon, o\u00f9 l&#8217;innovation et le confort s&#8217;allient pour des performances de pointe.<\/li>\n<\/ul>\n<h4>Qu&#8217;est-ce qu&#8217;un Last ?<\/h4>\n<p>Le dernier est une r\u00e9plique en plastique d&#8217;un pied autour duquel la botte est construite.<\/p>\n<p>Chez Bont, nous perfectionnons nos semelles depuis 1975 ! et le processus est en cours. Contrairement \u00e0 la derni\u00e8re norme utilis\u00e9e par de nombreuses entreprises, Bont se concentre continuellement sur le d\u00e9veloppement et l&#8217;am\u00e9lioration de ses Lasts afin que vos bottes vous aillent parfaitement d\u00e8s la sortie de la bo\u00eete. <\/p>\n<p>Notre mat\u00e9riau anti-\u00e9tirement exclusif pr\u00e9sente des caract\u00e9ristiques de r\u00e9sistance similaires \u00e0 celles du Kevlar. Nous ajoutons ce mat\u00e9riau entre la couche ext\u00e9rieure et la peau, ce qui emp\u00eache la botte de s&#8217;\u00e9tirer. <\/p>\n<p>Pour que le mat\u00e9riau ne bouge pas, nous le cousons \u00e0 la couche ext\u00e9rieure et le collons au chausson. En bref, ce mat\u00e9riau Anti-Stretch fait partie int\u00e9grante de la structure de la botte. Par cons\u00e9quent, les bottes Bont ne s&#8217;\u00e9tirent pas autant que les bottes concurrentes.  <\/p>\n<p>Vous pouvez trouver toutes nos bottes <a href=\"https:\/\/ztsports.com\/categorie-produit\/bottes\/?lang=fr\"><strong>Short Track ici.<\/strong><\/a><\/p>\n","protected":false},"excerpt":{"rendered":"<p>Bottes ST TWO Voici les nouvelles bottesShort Track Two (ST TWO Boots) Carbon Boots ! Les bottes Short Track Two Carbon de Bont associent des techniques de construction avanc\u00e9es \u00e0 un confort am\u00e9lior\u00e9 pour offrir une botte de short track de haute performance. Construite avec pr\u00e9cision, cette chaussure combine vitesse, puissance et un ajustement raffin\u00e9 [&hellip;]<\/p>\n","protected":false},"featured_media":20924,"comment_status":"open","ping_status":"closed","template":"","meta":{"_acf_changed":false,"_monsterinsights_skip_tracking":false,"_monsterinsights_sitenote_active":false,"_monsterinsights_sitenote_note":"","_monsterinsights_sitenote_category":0,"_uf_show_specific_survey":0,"_uf_disable_surveys":false,"site-sidebar-layout":"default","site-content-layout":"","ast-site-content-layout":"default","site-content-style":"default","site-sidebar-style":"default","ast-global-header-display":"","ast-banner-title-visibility":"","ast-main-header-display":"","ast-hfb-above-header-display":"","ast-hfb-below-header-display":"","ast-hfb-mobile-header-display":"","site-post-title":"","ast-breadcrumbs-content":"","ast-featured-img":"","footer-sml-layout":"","ast-disable-related-posts":"","theme-transparent-header-meta":"default","adv-header-id-meta":"","stick-header-meta":"","header-above-stick-meta":"","header-main-stick-meta":"","header-below-stick-meta":"","astra-migrate-meta-layouts":"set","ast-page-background-enabled":"default","ast-page-background-meta":{"desktop":{"background-color":"","background-image":"","background-repeat":"repeat","background-position":"center center","background-size":"auto","background-attachment":"scroll","background-type":"","background-media":"","overlay-type":"","overlay-color":"","overlay-opacity":"","overlay-gradient":""},"tablet":{"background-color":"","background-image":"","background-repeat":"repeat","background-position":"center center","background-size":"auto","background-attachment":"scroll","background-type":"","background-media":"","overlay-type":"","overlay-color":"","overlay-opacity":"","overlay-gradient":""},"mobile":{"background-color":"","background-image":"","background-repeat":"repeat","background-position":"center center","background-size":"auto","background-attachment":"scroll","background-type":"","background-media":"","overlay-type":"","overlay-color":"","overlay-opacity":"","overlay-gradient":""}},"ast-content-background-meta":{"desktop":{"background-color":"var(--ast-global-color-5)","background-image":"","background-repeat":"repeat","background-position":"center center","background-size":"auto","background-attachment":"scroll","background-type":"","background-media":"","overlay-type":"","overlay-color":"","overlay-opacity":"","overlay-gradient":""},"tablet":{"background-color":"var(--ast-global-color-5)","background-image":"","background-repeat":"repeat","background-position":"center center","background-size":"auto","background-attachment":"scroll","background-type":"","background-media":"","overlay-type":"","overlay-color":"","overlay-opacity":"","overlay-gradient":""},"mobile":{"background-color":"var(--ast-global-color-5)","background-image":"","background-repeat":"repeat","background-position":"center center","background-size":"auto","background-attachment":"scroll","background-type":"","background-media":"","overlay-type":"","overlay-color":"","overlay-opacity":"","overlay-gradient":""}}},"product_brand":[3285],"product_cat":[3786,3721,3395],"product_tag":[3795,3794,4460,4461,3792,3791,3790,3789,3788,3787],"class_list":{"0":"post-20922","1":"product","2":"type-product","3":"status-publish","4":"has-post-thumbnail","6":"product_brand-bont","7":"product_cat-bottes","8":"product_cat-bottes-de-patinage-de-vitesse","9":"product_cat-courte-piste","10":"product_tag-bleu-brillant","11":"product_tag-bottes","12":"product_tag-bottes-bont-st-two","13":"product_tag-bottes-en-carbone-2","14":"product_tag-bottes-st-two","15":"product_tag-carbone","16":"product_tag-deuxieme-circuit-court","17":"product_tag-moulable","18":"product_tag-nouveau","19":"product_tag-patriote","20":"desktop-align-left","21":"tablet-align-left","22":"mobile-align-left","24":"first","25":"instock","26":"taxable","27":"shipping-taxable","28":"purchasable","29":"product-type-simple"},"acf":[],"_links":{"self":[{"href":"https:\/\/ztsports.com\/fr\/wp-json\/wp\/v2\/product\/20922","targetHints":{"allow":["GET"]}}],"collection":[{"href":"https:\/\/ztsports.com\/fr\/wp-json\/wp\/v2\/product"}],"about":[{"href":"https:\/\/ztsports.com\/fr\/wp-json\/wp\/v2\/types\/product"}],"replies":[{"embeddable":true,"href":"https:\/\/ztsports.com\/fr\/wp-json\/wp\/v2\/comments?post=20922"}],"version-history":[{"count":1,"href":"https:\/\/ztsports.com\/fr\/wp-json\/wp\/v2\/product\/20922\/revisions"}],"predecessor-version":[{"id":20923,"href":"https:\/\/ztsports.com\/fr\/wp-json\/wp\/v2\/product\/20922\/revisions\/20923"}],"wp:featuredmedia":[{"embeddable":true,"href":"https:\/\/ztsports.com\/fr\/wp-json\/wp\/v2\/media\/20924"}],"wp:attachment":[{"href":"https:\/\/ztsports.com\/fr\/wp-json\/wp\/v2\/media?parent=20922"}],"wp:term":[{"taxonomy":"product_brand","embeddable":true,"href":"https:\/\/ztsports.com\/fr\/wp-json\/wp\/v2\/product_brand?post=20922"},{"taxonomy":"product_cat","embeddable":true,"href":"https:\/\/ztsports.com\/fr\/wp-json\/wp\/v2\/product_cat?post=20922"},{"taxonomy":"product_tag","embeddable":true,"href":"https:\/\/ztsports.com\/fr\/wp-json\/wp\/v2\/product_tag?post=20922"}],"curies":[{"name":"wp","href":"https:\/\/api.w.org\/{rel}","templated":true}]}}