{"id":20914,"date":"2025-11-03T17:17:47","date_gmt":"2025-11-03T17:17:47","guid":{"rendered":"https:\/\/ztsports.com\/?post_type=product&#038;p=20914"},"modified":"2026-03-03T12:28:25","modified_gmt":"2026-03-03T12:28:25","slug":"coupes-staybent-short-track","status":"publish","type":"product","link":"https:\/\/ztsports.com\/fr\/store\/coupes-staybent-short-track\/","title":{"rendered":"Coupes StayBent Short Track"},"content":{"rendered":"<h1 data-rm-block-id=\"block-1\">Coupes StayBent Short Track<\/h1>\n<p data-rm-block-id=\"block-2\">Usin\u00e9s avec pr\u00e9cision en aluminium 6061, nos gobelets ont \u00e9t\u00e9 con\u00e7us pour \u00eatre aussi l\u00e9gers, solides et rigides que possible, tout en conservant une esth\u00e9tique s\u00fbre et esth\u00e9tique.<\/p>\n<p>Ils sont magnifiquement anodis\u00e9s en gris bleu.<\/p>\n<p>Actuellement disponible en 10 tailles, par incr\u00e9ments de 1 mm, grav\u00e9es avec leur taille.<\/p>\n<p>Nous proposons nos gobelets par lot de 4, avec ou sans quincaillerie.<\/p>\n<p data-rm-block-id=\"block-3\">Vous avez besoin d&#8217;un arrangement personnalis\u00e9 ? Contactez-nous \u00e0 l&#8217;adresse info@ehs-staybent.com, ou indiquez-nous les d\u00e9tails de votre commande. <\/p>\n<p data-rm-block-id=\"block-4\">Nous proposons nos gobelets par lot de 4, avec ou sans quincaillerie.<\/p>\n","protected":false},"excerpt":{"rendered":"<p>Coupes StayBent Short Track Usin\u00e9s avec pr\u00e9cision en aluminium 6061, nos gobelets ont \u00e9t\u00e9 con\u00e7us pour \u00eatre aussi l\u00e9gers, solides et rigides que possible, tout en conservant une esth\u00e9tique s\u00fbre et esth\u00e9tique. Ils sont magnifiquement anodis\u00e9s en gris bleu. Actuellement disponible en 10 tailles, par incr\u00e9ments de 1 mm, grav\u00e9es avec leur taille. Nous proposons [&hellip;]<\/p>\n","protected":false},"featured_media":20916,"comment_status":"open","ping_status":"closed","template":"","meta":{"_acf_changed":false,"_monsterinsights_skip_tracking":false,"_monsterinsights_sitenote_active":false,"_monsterinsights_sitenote_note":"","_monsterinsights_sitenote_category":0,"_uf_show_specific_survey":0,"_uf_disable_surveys":false,"site-sidebar-layout":"default","site-content-layout":"","ast-site-content-layout":"default","site-content-style":"default","site-sidebar-style":"default","ast-global-header-display":"","ast-banner-title-visibility":"","ast-main-header-display":"","ast-hfb-above-header-display":"","ast-hfb-below-header-display":"","ast-hfb-mobile-header-display":"","site-post-title":"","ast-breadcrumbs-content":"","ast-featured-img":"","footer-sml-layout":"","ast-disable-related-posts":"","theme-transparent-header-meta":"default","adv-header-id-meta":"","stick-header-meta":"","header-above-stick-meta":"","header-main-stick-meta":"","header-below-stick-meta":"","astra-migrate-meta-layouts":"set","ast-page-background-enabled":"default","ast-page-background-meta":{"desktop":{"background-color":"","background-image":"","background-repeat":"repeat","background-position":"center center","background-size":"auto","background-attachment":"scroll","background-type":"","background-media":"","overlay-type":"","overlay-color":"","overlay-opacity":"","overlay-gradient":""},"tablet":{"background-color":"","background-image":"","background-repeat":"repeat","background-position":"center center","background-size":"auto","background-attachment":"scroll","background-type":"","background-media":"","overlay-type":"","overlay-color":"","overlay-opacity":"","overlay-gradient":""},"mobile":{"background-color":"","background-image":"","background-repeat":"repeat","background-position":"center center","background-size":"auto","background-attachment":"scroll","background-type":"","background-media":"","overlay-type":"","overlay-color":"","overlay-opacity":"","overlay-gradient":""}},"ast-content-background-meta":{"desktop":{"background-color":"var(--ast-global-color-5)","background-image":"","background-repeat":"repeat","background-position":"center center","background-size":"auto","background-attachment":"scroll","background-type":"","background-media":"","overlay-type":"","overlay-color":"","overlay-opacity":"","overlay-gradient":""},"tablet":{"background-color":"var(--ast-global-color-5)","background-image":"","background-repeat":"repeat","background-position":"center center","background-size":"auto","background-attachment":"scroll","background-type":"","background-media":"","overlay-type":"","overlay-color":"","overlay-opacity":"","overlay-gradient":""},"mobile":{"background-color":"var(--ast-global-color-5)","background-image":"","background-repeat":"repeat","background-position":"center center","background-size":"auto","background-attachment":"scroll","background-type":"","background-media":"","overlay-type":"","overlay-color":"","overlay-opacity":"","overlay-gradient":""}}},"product_brand":[3347,3344,3346],"product_cat":[3396,3508,3620,3949],"product_tag":[3804,3810,3809,3802,3808],"class_list":{"0":"post-20914","1":"product","2":"type-product","3":"status-publish","4":"has-post-thumbnail","6":"product_brand-ehs","7":"product_brand-stay-bent","8":"product_brand-staybent-by-ehs","9":"product_cat-accessories","10":"product_cat-lame","11":"product_cat-lames-pour-piste-courte","12":"product_cat-pieces-et-vis","13":"product_tag-coupelles-de-remplacement","14":"product_tag-coupes-de-courte-piste","15":"product_tag-coupes-staybent-short-track","16":"product_tag-gobelets-ehs","17":"product_tag-gobelets-staybent","18":"desktop-align-left","19":"tablet-align-left","20":"mobile-align-left","22":"first","23":"instock","24":"taxable","25":"shipping-taxable","26":"purchasable","27":"product-type-simple"},"acf":[],"_links":{"self":[{"href":"https:\/\/ztsports.com\/fr\/wp-json\/wp\/v2\/product\/20914","targetHints":{"allow":["GET"]}}],"collection":[{"href":"https:\/\/ztsports.com\/fr\/wp-json\/wp\/v2\/product"}],"about":[{"href":"https:\/\/ztsports.com\/fr\/wp-json\/wp\/v2\/types\/product"}],"replies":[{"embeddable":true,"href":"https:\/\/ztsports.com\/fr\/wp-json\/wp\/v2\/comments?post=20914"}],"version-history":[{"count":2,"href":"https:\/\/ztsports.com\/fr\/wp-json\/wp\/v2\/product\/20914\/revisions"}],"predecessor-version":[{"id":21748,"href":"https:\/\/ztsports.com\/fr\/wp-json\/wp\/v2\/product\/20914\/revisions\/21748"}],"wp:featuredmedia":[{"embeddable":true,"href":"https:\/\/ztsports.com\/fr\/wp-json\/wp\/v2\/media\/20916"}],"wp:attachment":[{"href":"https:\/\/ztsports.com\/fr\/wp-json\/wp\/v2\/media?parent=20914"}],"wp:term":[{"taxonomy":"product_brand","embeddable":true,"href":"https:\/\/ztsports.com\/fr\/wp-json\/wp\/v2\/product_brand?post=20914"},{"taxonomy":"product_cat","embeddable":true,"href":"https:\/\/ztsports.com\/fr\/wp-json\/wp\/v2\/product_cat?post=20914"},{"taxonomy":"product_tag","embeddable":true,"href":"https:\/\/ztsports.com\/fr\/wp-json\/wp\/v2\/product_tag?post=20914"}],"curies":[{"name":"wp","href":"https:\/\/api.w.org\/{rel}","templated":true}]}}