{"id":20909,"date":"2025-10-31T13:42:38","date_gmt":"2025-10-31T13:42:38","guid":{"rendered":"https:\/\/ztsports.com\/?post_type=product&#038;p=20909"},"modified":"2026-04-13T22:09:25","modified_gmt":"2026-04-13T22:09:25","slug":"lames-ehs-quantum-pink-short-track","status":"publish","type":"product","link":"https:\/\/ztsports.com\/fr\/store\/lames-ehs-quantum-pink-short-track\/","title":{"rendered":"Lames EHS Quantum Pink Short Track"},"content":{"rendered":"<h1>Lames EHS Quantum Pink Short Track StayBent<\/h1>\n<p>Lames StayBent by EHS Quantum<\/p>\n<ul>\n<li>La Quantum a \u00e9t\u00e9 cr\u00e9\u00e9e \u00e0 partir de nos ann\u00e9es d&#8217;exp\u00e9rience dans la construction des lames Evo.<\/li>\n<li>Nous appliquons maintenant les derni\u00e8res technologies \u00e0 la conception, \u00e0 l&#8217;ing\u00e9nierie et au savoir-faire que nous avons acquis pour faire passer ces mod\u00e8les au niveau sup\u00e9rieur.<\/li>\n<li>La Quantum est con\u00e7ue pour les patineurs qui pr\u00e9f\u00e8rent les sensations et le retour d&#8217;information qu&#8217;offre une lame plus flexible.<\/li>\n<li>L&#8217;aluminium et l&#8217;acier sont de la plus haute qualit\u00e9 et proviennent des Pays-Bas ou d&#8217;Autriche.<\/li>\n<li>Comme pour nos mod\u00e8les X, seuls des patins en acier PM ou bi-m\u00e9tal de premi\u00e8re qualit\u00e9, s\u00e9lectionn\u00e9s \u00e0 la main, sont utilis\u00e9s dans le Quantum.<\/li>\n<li>Chaque \u00e9tape du processus d&#8217;ing\u00e9nierie est r\u00e9alis\u00e9e chez Hagen Techniek aux Pays-Bas.<\/li>\n<li>Les coupes sont fabriqu\u00e9es en aluminium l\u00e9ger de premi\u00e8re qualit\u00e9 et peuvent \u00eatre command\u00e9es en diff\u00e9rentes hauteurs (+1 \u00e0 +10).<\/li>\n<\/ul>\n","protected":false},"excerpt":{"rendered":"<p>Lames EHS Quantum Pink Short Track StayBent Lames StayBent by EHS Quantum La Quantum a \u00e9t\u00e9 cr\u00e9\u00e9e \u00e0 partir de nos ann\u00e9es d&#8217;exp\u00e9rience dans la construction des lames Evo. Nous appliquons maintenant les derni\u00e8res technologies \u00e0 la conception, \u00e0 l&#8217;ing\u00e9nierie et au savoir-faire que nous avons acquis pour faire passer ces mod\u00e8les au niveau sup\u00e9rieur. [&hellip;]<\/p>\n","protected":false},"featured_media":20911,"comment_status":"open","ping_status":"closed","template":"","meta":{"_acf_changed":false,"_monsterinsights_skip_tracking":false,"_monsterinsights_sitenote_active":false,"_monsterinsights_sitenote_note":"","_monsterinsights_sitenote_category":0,"_uf_show_specific_survey":0,"_uf_disable_surveys":false,"site-sidebar-layout":"default","site-content-layout":"","ast-site-content-layout":"default","site-content-style":"default","site-sidebar-style":"default","ast-global-header-display":"","ast-banner-title-visibility":"","ast-main-header-display":"","ast-hfb-above-header-display":"","ast-hfb-below-header-display":"","ast-hfb-mobile-header-display":"","site-post-title":"","ast-breadcrumbs-content":"","ast-featured-img":"","footer-sml-layout":"","ast-disable-related-posts":"","theme-transparent-header-meta":"default","adv-header-id-meta":"","stick-header-meta":"","header-above-stick-meta":"","header-main-stick-meta":"","header-below-stick-meta":"","astra-migrate-meta-layouts":"set","ast-page-background-enabled":"default","ast-page-background-meta":{"desktop":{"background-color":"","background-image":"","background-repeat":"repeat","background-position":"center center","background-size":"auto","background-attachment":"scroll","background-type":"","background-media":"","overlay-type":"","overlay-color":"","overlay-opacity":"","overlay-gradient":""},"tablet":{"background-color":"","background-image":"","background-repeat":"repeat","background-position":"center center","background-size":"auto","background-attachment":"scroll","background-type":"","background-media":"","overlay-type":"","overlay-color":"","overlay-opacity":"","overlay-gradient":""},"mobile":{"background-color":"","background-image":"","background-repeat":"repeat","background-position":"center center","background-size":"auto","background-attachment":"scroll","background-type":"","background-media":"","overlay-type":"","overlay-color":"","overlay-opacity":"","overlay-gradient":""}},"ast-content-background-meta":{"desktop":{"background-color":"var(--ast-global-color-5)","background-image":"","background-repeat":"repeat","background-position":"center center","background-size":"auto","background-attachment":"scroll","background-type":"","background-media":"","overlay-type":"","overlay-color":"","overlay-opacity":"","overlay-gradient":""},"tablet":{"background-color":"var(--ast-global-color-5)","background-image":"","background-repeat":"repeat","background-position":"center center","background-size":"auto","background-attachment":"scroll","background-type":"","background-media":"","overlay-type":"","overlay-color":"","overlay-opacity":"","overlay-gradient":""},"mobile":{"background-color":"var(--ast-global-color-5)","background-image":"","background-repeat":"repeat","background-position":"center center","background-size":"auto","background-attachment":"scroll","background-type":"","background-media":"","overlay-type":"","overlay-color":"","overlay-opacity":"","overlay-gradient":""}}},"product_brand":[3296,3347,3344,3346],"product_cat":[3395,3801,3508,3816,3619,3621],"product_tag":[4053],"class_list":{"0":"post-20909","1":"product","2":"type-product","3":"status-publish","4":"has-post-thumbnail","6":"product_brand-ehs-2","7":"product_brand-ehs","8":"product_brand-stay-bent","9":"product_brand-staybent-by-ehs","10":"product_cat-courte-piste","11":"product_cat-lame","13":"product_cat-lame-bi-metallique","14":"product_cat-lames-ehs","15":"product_cat-lames-stay-bent-ehs","16":"product_tag-staybent-dehs-quantum-2","17":"desktop-align-left","18":"tablet-align-left","19":"mobile-align-left","21":"first","22":"instock","23":"taxable","24":"shipping-taxable","25":"purchasable","26":"product-type-simple"},"acf":[],"_links":{"self":[{"href":"https:\/\/ztsports.com\/fr\/wp-json\/wp\/v2\/product\/20909","targetHints":{"allow":["GET"]}}],"collection":[{"href":"https:\/\/ztsports.com\/fr\/wp-json\/wp\/v2\/product"}],"about":[{"href":"https:\/\/ztsports.com\/fr\/wp-json\/wp\/v2\/types\/product"}],"replies":[{"embeddable":true,"href":"https:\/\/ztsports.com\/fr\/wp-json\/wp\/v2\/comments?post=20909"}],"version-history":[{"count":1,"href":"https:\/\/ztsports.com\/fr\/wp-json\/wp\/v2\/product\/20909\/revisions"}],"predecessor-version":[{"id":20910,"href":"https:\/\/ztsports.com\/fr\/wp-json\/wp\/v2\/product\/20909\/revisions\/20910"}],"wp:featuredmedia":[{"embeddable":true,"href":"https:\/\/ztsports.com\/fr\/wp-json\/wp\/v2\/media\/20911"}],"wp:attachment":[{"href":"https:\/\/ztsports.com\/fr\/wp-json\/wp\/v2\/media?parent=20909"}],"wp:term":[{"taxonomy":"product_brand","embeddable":true,"href":"https:\/\/ztsports.com\/fr\/wp-json\/wp\/v2\/product_brand?post=20909"},{"taxonomy":"product_cat","embeddable":true,"href":"https:\/\/ztsports.com\/fr\/wp-json\/wp\/v2\/product_cat?post=20909"},{"taxonomy":"product_tag","embeddable":true,"href":"https:\/\/ztsports.com\/fr\/wp-json\/wp\/v2\/product_tag?post=20909"}],"curies":[{"name":"wp","href":"https:\/\/api.w.org\/{rel}","templated":true}]}}