{"id":20904,"date":"2025-10-31T13:12:31","date_gmt":"2025-10-31T13:12:31","guid":{"rendered":"https:\/\/ztsports.com\/?post_type=product&#038;p=20904"},"modified":"2026-04-13T22:09:25","modified_gmt":"2026-04-13T22:09:25","slug":"staybent-par-ehs-xa","status":"publish","type":"product","link":"https:\/\/ztsports.com\/fr\/store\/staybent-par-ehs-xa\/","title":{"rendered":"StayBent par EHS XA"},"content":{"rendered":"<h1>StayBent par EHS XA<\/h1>\n<p>Lames StayBent by EHS XA ST<\/p>\n<ul>\n<li>L&#8217;un des mod\u00e8les phares les plus r\u00e9cents d&#8217;EHS<\/li>\n<li>Pour les patineurs qui recherchent le summum de la vitesse, offrant une meilleure tenue dans les virages tout en conservant d&#8217;excellentes caract\u00e9ristiques de glisse et de virage.<\/li>\n<li>Fabriqu\u00e9 avec de l&#8217;aluminium de la plus haute qualit\u00e9 provenant des Pays-Bas.<\/li>\n<li>Utilise uniquement des patins en acier PM ou bi-m\u00e9tal de premi\u00e8re qualit\u00e9 s\u00e9lectionn\u00e9s \u00e0 la main.<\/li>\n<li>Notre technologie brevet\u00e9e Precise Bend Technology permet d&#8217;obtenir des rayons de courbure tr\u00e8s pr\u00e9cis et lisses.<\/li>\n<li>Construit du d\u00e9but \u00e0 la fin par les artisans de Hagen Techniek aux Pays-Bas.<\/li>\n<li>Les nouveaux Pro Cups sont fabriqu\u00e9s \u00e0 partir d&#8217;un aluminium plus l\u00e9ger et plus r\u00e9sistant pour une plus grande rigidit\u00e9 et un poids r\u00e9duit et peuvent \u00eatre command\u00e9s en diff\u00e9rentes hauteurs.<\/li>\n<\/ul>\n","protected":false},"excerpt":{"rendered":"<p>StayBent par EHS XA Lames StayBent by EHS XA ST L&#8217;un des mod\u00e8les phares les plus r\u00e9cents d&#8217;EHS Pour les patineurs qui recherchent le summum de la vitesse, offrant une meilleure tenue dans les virages tout en conservant d&#8217;excellentes caract\u00e9ristiques de glisse et de virage. Fabriqu\u00e9 avec de l&#8217;aluminium de la plus haute qualit\u00e9 provenant [&hellip;]<\/p>\n","protected":false},"featured_media":20906,"comment_status":"open","ping_status":"closed","template":"","meta":{"_acf_changed":false,"_monsterinsights_skip_tracking":false,"_monsterinsights_sitenote_active":false,"_monsterinsights_sitenote_note":"","_monsterinsights_sitenote_category":0,"_uf_show_specific_survey":0,"_uf_disable_surveys":false,"site-sidebar-layout":"default","site-content-layout":"","ast-site-content-layout":"default","site-content-style":"default","site-sidebar-style":"default","ast-global-header-display":"","ast-banner-title-visibility":"","ast-main-header-display":"","ast-hfb-above-header-display":"","ast-hfb-below-header-display":"","ast-hfb-mobile-header-display":"","site-post-title":"","ast-breadcrumbs-content":"","ast-featured-img":"","footer-sml-layout":"","ast-disable-related-posts":"","theme-transparent-header-meta":"default","adv-header-id-meta":"","stick-header-meta":"","header-above-stick-meta":"","header-main-stick-meta":"","header-below-stick-meta":"","astra-migrate-meta-layouts":"set","ast-page-background-enabled":"default","ast-page-background-meta":{"desktop":{"background-color":"","background-image":"","background-repeat":"repeat","background-position":"center center","background-size":"auto","background-attachment":"scroll","background-type":"","background-media":"","overlay-type":"","overlay-color":"","overlay-opacity":"","overlay-gradient":""},"tablet":{"background-color":"","background-image":"","background-repeat":"repeat","background-position":"center center","background-size":"auto","background-attachment":"scroll","background-type":"","background-media":"","overlay-type":"","overlay-color":"","overlay-opacity":"","overlay-gradient":""},"mobile":{"background-color":"","background-image":"","background-repeat":"repeat","background-position":"center center","background-size":"auto","background-attachment":"scroll","background-type":"","background-media":"","overlay-type":"","overlay-color":"","overlay-opacity":"","overlay-gradient":""}},"ast-content-background-meta":{"desktop":{"background-color":"var(--ast-global-color-5)","background-image":"","background-repeat":"repeat","background-position":"center center","background-size":"auto","background-attachment":"scroll","background-type":"","background-media":"","overlay-type":"","overlay-color":"","overlay-opacity":"","overlay-gradient":""},"tablet":{"background-color":"var(--ast-global-color-5)","background-image":"","background-repeat":"repeat","background-position":"center center","background-size":"auto","background-attachment":"scroll","background-type":"","background-media":"","overlay-type":"","overlay-color":"","overlay-opacity":"","overlay-gradient":""},"mobile":{"background-color":"var(--ast-global-color-5)","background-image":"","background-repeat":"repeat","background-position":"center center","background-size":"auto","background-attachment":"scroll","background-type":"","background-media":"","overlay-type":"","overlay-color":"","overlay-opacity":"","overlay-gradient":""}}},"product_brand":[3296,3347,3344,3346],"product_cat":[3395,3801,3508,3619,3621,3467],"product_tag":[3815,3806,3814],"class_list":{"0":"post-20904","1":"product","2":"type-product","3":"status-publish","4":"has-post-thumbnail","6":"product_brand-ehs-2","7":"product_brand-ehs","8":"product_brand-stay-bent","9":"product_brand-staybent-by-ehs","10":"product_cat-courte-piste","11":"product_cat-lame","13":"product_cat-lames-ehs","14":"product_cat-lames-stay-bent-ehs","15":"product_cat-patinage-de-vitesse","16":"product_tag-ehs-xa","17":"product_tag-staybent","18":"product_tag-staybent-par-ehs-xa","19":"desktop-align-left","20":"tablet-align-left","21":"mobile-align-left","23":"first","24":"instock","25":"taxable","26":"shipping-taxable","27":"purchasable","28":"product-type-simple"},"acf":[],"_links":{"self":[{"href":"https:\/\/ztsports.com\/fr\/wp-json\/wp\/v2\/product\/20904","targetHints":{"allow":["GET"]}}],"collection":[{"href":"https:\/\/ztsports.com\/fr\/wp-json\/wp\/v2\/product"}],"about":[{"href":"https:\/\/ztsports.com\/fr\/wp-json\/wp\/v2\/types\/product"}],"replies":[{"embeddable":true,"href":"https:\/\/ztsports.com\/fr\/wp-json\/wp\/v2\/comments?post=20904"}],"version-history":[{"count":1,"href":"https:\/\/ztsports.com\/fr\/wp-json\/wp\/v2\/product\/20904\/revisions"}],"predecessor-version":[{"id":20905,"href":"https:\/\/ztsports.com\/fr\/wp-json\/wp\/v2\/product\/20904\/revisions\/20905"}],"wp:featuredmedia":[{"embeddable":true,"href":"https:\/\/ztsports.com\/fr\/wp-json\/wp\/v2\/media\/20906"}],"wp:attachment":[{"href":"https:\/\/ztsports.com\/fr\/wp-json\/wp\/v2\/media?parent=20904"}],"wp:term":[{"taxonomy":"product_brand","embeddable":true,"href":"https:\/\/ztsports.com\/fr\/wp-json\/wp\/v2\/product_brand?post=20904"},{"taxonomy":"product_cat","embeddable":true,"href":"https:\/\/ztsports.com\/fr\/wp-json\/wp\/v2\/product_cat?post=20904"},{"taxonomy":"product_tag","embeddable":true,"href":"https:\/\/ztsports.com\/fr\/wp-json\/wp\/v2\/product_tag?post=20904"}],"curies":[{"name":"wp","href":"https:\/\/api.w.org\/{rel}","templated":true}]}}