{"id":20894,"date":"2025-10-31T12:02:48","date_gmt":"2025-10-31T12:02:48","guid":{"rendered":"https:\/\/ztsports.com\/?post_type=product&#038;p=20894"},"modified":"2026-03-03T12:07:15","modified_gmt":"2026-03-03T12:07:15","slug":"staybent-by-ehs-xc-weapon-flex","status":"publish","type":"product","link":"https:\/\/ztsports.com\/fr\/store\/staybent-by-ehs-xc-weapon-flex\/","title":{"rendered":"StayBent by EHS XC Weapon Flex"},"content":{"rendered":"<h1 data-rm-block-id=\"block-1\">StayBent by EHS XC Weapon Flex<\/h1>\n<p data-rm-block-id=\"block-2\">Le StayBent by EHS XC Flex Weapon est con\u00e7u pour les patineurs qui ont besoin de puissance, de vitesse et de contr\u00f4le \u00e0 chaque pouss\u00e9e. Dot\u00e9 d&#8217;un design unique qui allie la flexibilit\u00e9 des l\u00e8vres \u00e0 la rigidit\u00e9 de la partie sup\u00e9rieure du tube, ce patin offre une sensation parfaitement \u00e9quilibr\u00e9e : plus de contr\u00f4le sans perte de vitesse.<\/p>\n<p data-rm-block-id=\"block-3\">Le staybent by EHS XC Weapon Flex est un excellent choix pour ceux qui cherchent \u00e0 am\u00e9liorer leur exp\u00e9rience de patinage.<\/p>\n<p data-rm-block-id=\"block-4\">Par rapport \u00e0 la XQ, la XC a une connexion entre les piliers et les piliers sont l\u00e9g\u00e8rement plus larges, ce qui lui permet de distribuer la pression plus efficacement sur l&#8217;ensemble de la lame &#8211; ce qui se traduit par un meilleur transfert de puissance \u00e0 chaque pouss\u00e9e. Le XC Flex est donc tr\u00e8s performant dans les lignes droites comme dans les virages.<\/p>\n<p data-rm-block-id=\"block-5\">Les patins sont fabriqu\u00e9s en acier Full PM (64Hrc) ou Bi-m\u00e9tal\/PM (66Hrc), connu pour son adh\u00e9rence sup\u00e9rieure dans les virages, ses virages plus doux et sa plus longue dur\u00e9e de vie. La technologie Precision Bend garantit un rayon de courbure pr\u00e9cis et constant, adapt\u00e9 aux performances de l&#8217;\u00e9lite.<\/p>\n<p data-rm-block-id=\"block-6\">Fabriqu\u00e9es \u00e0 la main par Hagen Techniek aux Pays-Bas, les coupelles PRO en aluminium de la XC Flex sont plus l\u00e9g\u00e8res et plus rigides, r\u00e9duisant le poids total tout en augmentant la rigidit\u00e9 en torsion. Le r\u00e9sultat ? Une sensation de connexion et de stabilit\u00e9 sur la glace, parfaite pour les entra\u00eenements et les comp\u00e9titions de haute intensit\u00e9.<\/p>\n<p data-rm-block-id=\"block-7\">L&#8217;arme StayBent by EHS XC Flex Weapon offre une puissance r\u00e9active, un contr\u00f4le raffin\u00e9 et une qualit\u00e9 de construction de classe mondiale.<\/p>\n<p data-rm-block-id=\"block-8\">D\u00e9couvrez la diff\u00e9rence avec le staybent by EHS XC Weapon Flex, con\u00e7u pour les patineurs qui exigent le meilleur.<\/p>\n","protected":false},"excerpt":{"rendered":"<p>StayBent by EHS XC Weapon Flex Le StayBent by EHS XC Flex Weapon est con\u00e7u pour les patineurs qui ont besoin de puissance, de vitesse et de contr\u00f4le \u00e0 chaque pouss\u00e9e. Dot\u00e9 d&#8217;un design unique qui allie la flexibilit\u00e9 des l\u00e8vres \u00e0 la rigidit\u00e9 de la partie sup\u00e9rieure du tube, ce patin offre une sensation [&hellip;]<\/p>\n","protected":false},"featured_media":20896,"comment_status":"open","ping_status":"closed","template":"","meta":{"_acf_changed":false,"_monsterinsights_skip_tracking":false,"_monsterinsights_sitenote_active":false,"_monsterinsights_sitenote_note":"","_monsterinsights_sitenote_category":0,"_uf_show_specific_survey":0,"_uf_disable_surveys":false,"site-sidebar-layout":"default","site-content-layout":"","ast-site-content-layout":"default","site-content-style":"default","site-sidebar-style":"default","ast-global-header-display":"","ast-banner-title-visibility":"","ast-main-header-display":"","ast-hfb-above-header-display":"","ast-hfb-below-header-display":"","ast-hfb-mobile-header-display":"","site-post-title":"","ast-breadcrumbs-content":"","ast-featured-img":"","footer-sml-layout":"","ast-disable-related-posts":"","theme-transparent-header-meta":"default","adv-header-id-meta":"","stick-header-meta":"","header-above-stick-meta":"","header-main-stick-meta":"","header-below-stick-meta":"","astra-migrate-meta-layouts":"set","ast-page-background-enabled":"default","ast-page-background-meta":{"desktop":{"background-color":"","background-image":"","background-repeat":"repeat","background-position":"center center","background-size":"auto","background-attachment":"scroll","background-type":"","background-media":"","overlay-type":"","overlay-color":"","overlay-opacity":"","overlay-gradient":""},"tablet":{"background-color":"","background-image":"","background-repeat":"repeat","background-position":"center center","background-size":"auto","background-attachment":"scroll","background-type":"","background-media":"","overlay-type":"","overlay-color":"","overlay-opacity":"","overlay-gradient":""},"mobile":{"background-color":"","background-image":"","background-repeat":"repeat","background-position":"center center","background-size":"auto","background-attachment":"scroll","background-type":"","background-media":"","overlay-type":"","overlay-color":"","overlay-opacity":"","overlay-gradient":""}},"ast-content-background-meta":{"desktop":{"background-color":"var(--ast-global-color-5)","background-image":"","background-repeat":"repeat","background-position":"center center","background-size":"auto","background-attachment":"scroll","background-type":"","background-media":"","overlay-type":"","overlay-color":"","overlay-opacity":"","overlay-gradient":""},"tablet":{"background-color":"var(--ast-global-color-5)","background-image":"","background-repeat":"repeat","background-position":"center center","background-size":"auto","background-attachment":"scroll","background-type":"","background-media":"","overlay-type":"","overlay-color":"","overlay-opacity":"","overlay-gradient":""},"mobile":{"background-color":"var(--ast-global-color-5)","background-image":"","background-repeat":"repeat","background-position":"center center","background-size":"auto","background-attachment":"scroll","background-type":"","background-media":"","overlay-type":"","overlay-color":"","overlay-opacity":"","overlay-gradient":""}}},"product_brand":[3347,3344,3346],"product_cat":[3395,3508,3816,3619,3621],"product_tag":[],"class_list":{"0":"post-20894","1":"product","2":"type-product","3":"status-publish","4":"has-post-thumbnail","6":"product_brand-ehs","7":"product_brand-stay-bent","8":"product_brand-staybent-by-ehs","9":"product_cat-courte-piste","10":"product_cat-lame","11":"product_cat-lame-bi-metallique","12":"product_cat-lames-ehs","13":"product_cat-lames-stay-bent-ehs","14":"desktop-align-left","15":"tablet-align-left","16":"mobile-align-left","18":"first","19":"instock","20":"taxable","21":"shipping-taxable","22":"purchasable","23":"product-type-simple"},"acf":[],"_links":{"self":[{"href":"https:\/\/ztsports.com\/fr\/wp-json\/wp\/v2\/product\/20894","targetHints":{"allow":["GET"]}}],"collection":[{"href":"https:\/\/ztsports.com\/fr\/wp-json\/wp\/v2\/product"}],"about":[{"href":"https:\/\/ztsports.com\/fr\/wp-json\/wp\/v2\/types\/product"}],"replies":[{"embeddable":true,"href":"https:\/\/ztsports.com\/fr\/wp-json\/wp\/v2\/comments?post=20894"}],"version-history":[{"count":2,"href":"https:\/\/ztsports.com\/fr\/wp-json\/wp\/v2\/product\/20894\/revisions"}],"predecessor-version":[{"id":21746,"href":"https:\/\/ztsports.com\/fr\/wp-json\/wp\/v2\/product\/20894\/revisions\/21746"}],"wp:featuredmedia":[{"embeddable":true,"href":"https:\/\/ztsports.com\/fr\/wp-json\/wp\/v2\/media\/20896"}],"wp:attachment":[{"href":"https:\/\/ztsports.com\/fr\/wp-json\/wp\/v2\/media?parent=20894"}],"wp:term":[{"taxonomy":"product_brand","embeddable":true,"href":"https:\/\/ztsports.com\/fr\/wp-json\/wp\/v2\/product_brand?post=20894"},{"taxonomy":"product_cat","embeddable":true,"href":"https:\/\/ztsports.com\/fr\/wp-json\/wp\/v2\/product_cat?post=20894"},{"taxonomy":"product_tag","embeddable":true,"href":"https:\/\/ztsports.com\/fr\/wp-json\/wp\/v2\/product_tag?post=20894"}],"curies":[{"name":"wp","href":"https:\/\/api.w.org\/{rel}","templated":true}]}}