{"id":20891,"date":"2025-10-31T11:46:19","date_gmt":"2025-10-31T11:46:19","guid":{"rendered":"https:\/\/ztsports.com\/?post_type=product&#038;p=20891"},"modified":"2026-04-13T22:09:25","modified_gmt":"2026-04-13T22:09:25","slug":"staybent-by-ehs-xc-weapon-firm","status":"publish","type":"product","link":"https:\/\/ztsports.com\/fr\/store\/staybent-by-ehs-xc-weapon-firm\/","title":{"rendered":"StayBent by EHS XC Weapon Firm"},"content":{"rendered":"<h1>StayBent by EHS XC Weapon Firm<\/h1>\n<p>Con\u00e7u pour les patineurs puissants qui exigent rigidit\u00e9, adh\u00e9rence et contr\u00f4le, le StayBent XC Firm est le pendant plus rigide du XC Flex. Con\u00e7u avec une construction diff\u00e9rente au niveau des piliers, ce patin est con\u00e7u pour supporter des forces plus importantes.<\/p>\n<p>Alors que le XC Flex offre un flex contr\u00f4l\u00e9 au niveau des l\u00e8vres, le XC Firm privil\u00e9gie la rigidit\u00e9 sur toute la longueur, en particulier dans la partie inf\u00e9rieure, pour ceux qui ont besoin de plus de soutien, d&#8217;une meilleure tenue dans les virages et d&#8217;une meilleure tenue de la puissance \u00e0 haute vitesse.<\/p>\n<p>Cela en fait le choix id\u00e9al pour les patineurs plus lourds ou plus puissants physiquement qui b\u00e9n\u00e9ficient d&#8217;un patin qui ne fl\u00e9chira pas sous la pression.<\/p>\n<p>Tout comme le XC Flex, les piliers plus larges permettent un transfert de puissance optimal sur toute la longueur de la lame. Associ\u00e9 \u00e0 des patins enti\u00e8rement en PM (64Hrc) ou Bi-m\u00e9tal\/PM (66Hrc) et \u00e0 la technologie Precision Bend, le XC Firm assure un pr\u00e9-pliage coh\u00e9rent et fiable avec une r\u00e9tention de carre et une stabilit\u00e9 sup\u00e9rieures dans les sections techniques.<\/p>\n<p>Fabriqu\u00e9es \u00e0 la main par Hagen Techniek aux Pays-Bas, les coupelles PRO en aluminium am\u00e9lior\u00e9es du XC Firm sont plus l\u00e9g\u00e8res et plus rigides, r\u00e9duisant le poids total tout en augmentant la rigidit\u00e9 en torsion. Le r\u00e9sultat ?<\/p>\n<p>Une sensation de connexion et de stabilit\u00e9 sur la glace, parfaite pour les entra\u00eenements et les comp\u00e9titions de haute intensit\u00e9.<\/p>\n<p>Si vous recherchez une lame capable de supporter votre force et d&#8217;offrir un maximum de tenue, de pr\u00e9cision et de puissance, la XC Firm est votre lame ultime.<\/p>\n","protected":false},"excerpt":{"rendered":"<p>StayBent by EHS XC Weapon Firm Con\u00e7u pour les patineurs puissants qui exigent rigidit\u00e9, adh\u00e9rence et contr\u00f4le, le StayBent XC Firm est le pendant plus rigide du XC Flex. Con\u00e7u avec une construction diff\u00e9rente au niveau des piliers, ce patin est con\u00e7u pour supporter des forces plus importantes. Alors que le XC Flex offre un [&hellip;]<\/p>\n","protected":false},"featured_media":20893,"comment_status":"open","ping_status":"closed","template":"","meta":{"_acf_changed":false,"_monsterinsights_skip_tracking":false,"_monsterinsights_sitenote_active":false,"_monsterinsights_sitenote_note":"","_monsterinsights_sitenote_category":0,"_uf_show_specific_survey":0,"_uf_disable_surveys":false,"site-sidebar-layout":"default","site-content-layout":"","ast-site-content-layout":"default","site-content-style":"default","site-sidebar-style":"default","ast-global-header-display":"","ast-banner-title-visibility":"","ast-main-header-display":"","ast-hfb-above-header-display":"","ast-hfb-below-header-display":"","ast-hfb-mobile-header-display":"","site-post-title":"","ast-breadcrumbs-content":"","ast-featured-img":"","footer-sml-layout":"","ast-disable-related-posts":"","theme-transparent-header-meta":"default","adv-header-id-meta":"","stick-header-meta":"","header-above-stick-meta":"","header-main-stick-meta":"","header-below-stick-meta":"","astra-migrate-meta-layouts":"set","ast-page-background-enabled":"default","ast-page-background-meta":{"desktop":{"background-color":"","background-image":"","background-repeat":"repeat","background-position":"center center","background-size":"auto","background-attachment":"scroll","background-type":"","background-media":"","overlay-type":"","overlay-color":"","overlay-opacity":"","overlay-gradient":""},"tablet":{"background-color":"","background-image":"","background-repeat":"repeat","background-position":"center center","background-size":"auto","background-attachment":"scroll","background-type":"","background-media":"","overlay-type":"","overlay-color":"","overlay-opacity":"","overlay-gradient":""},"mobile":{"background-color":"","background-image":"","background-repeat":"repeat","background-position":"center center","background-size":"auto","background-attachment":"scroll","background-type":"","background-media":"","overlay-type":"","overlay-color":"","overlay-opacity":"","overlay-gradient":""}},"ast-content-background-meta":{"desktop":{"background-color":"var(--ast-global-color-5)","background-image":"","background-repeat":"repeat","background-position":"center center","background-size":"auto","background-attachment":"scroll","background-type":"","background-media":"","overlay-type":"","overlay-color":"","overlay-opacity":"","overlay-gradient":""},"tablet":{"background-color":"var(--ast-global-color-5)","background-image":"","background-repeat":"repeat","background-position":"center center","background-size":"auto","background-attachment":"scroll","background-type":"","background-media":"","overlay-type":"","overlay-color":"","overlay-opacity":"","overlay-gradient":""},"mobile":{"background-color":"var(--ast-global-color-5)","background-image":"","background-repeat":"repeat","background-position":"center center","background-size":"auto","background-attachment":"scroll","background-type":"","background-media":"","overlay-type":"","overlay-color":"","overlay-opacity":"","overlay-gradient":""}}},"product_brand":[],"product_cat":[3395,3508,3801,3620,3467],"product_tag":[3250,4459],"class_list":{"0":"post-20891","1":"product","2":"type-product","3":"status-publish","4":"has-post-thumbnail","6":"product_cat-courte-piste","7":"product_cat-lame","9":"product_cat-lames-pour-piste-courte","10":"product_cat-patinage-de-vitesse","11":"product_tag-ehs-xc-weapon-firm","12":"product_tag-meilleures-lames","13":"desktop-align-left","14":"tablet-align-left","15":"mobile-align-left","17":"first","18":"instock","19":"taxable","20":"shipping-taxable","21":"purchasable","22":"product-type-simple"},"acf":[],"_links":{"self":[{"href":"https:\/\/ztsports.com\/fr\/wp-json\/wp\/v2\/product\/20891","targetHints":{"allow":["GET"]}}],"collection":[{"href":"https:\/\/ztsports.com\/fr\/wp-json\/wp\/v2\/product"}],"about":[{"href":"https:\/\/ztsports.com\/fr\/wp-json\/wp\/v2\/types\/product"}],"replies":[{"embeddable":true,"href":"https:\/\/ztsports.com\/fr\/wp-json\/wp\/v2\/comments?post=20891"}],"version-history":[{"count":2,"href":"https:\/\/ztsports.com\/fr\/wp-json\/wp\/v2\/product\/20891\/revisions"}],"predecessor-version":[{"id":21745,"href":"https:\/\/ztsports.com\/fr\/wp-json\/wp\/v2\/product\/20891\/revisions\/21745"}],"wp:featuredmedia":[{"embeddable":true,"href":"https:\/\/ztsports.com\/fr\/wp-json\/wp\/v2\/media\/20893"}],"wp:attachment":[{"href":"https:\/\/ztsports.com\/fr\/wp-json\/wp\/v2\/media?parent=20891"}],"wp:term":[{"taxonomy":"product_brand","embeddable":true,"href":"https:\/\/ztsports.com\/fr\/wp-json\/wp\/v2\/product_brand?post=20891"},{"taxonomy":"product_cat","embeddable":true,"href":"https:\/\/ztsports.com\/fr\/wp-json\/wp\/v2\/product_cat?post=20891"},{"taxonomy":"product_tag","embeddable":true,"href":"https:\/\/ztsports.com\/fr\/wp-json\/wp\/v2\/product_tag?post=20891"}],"curies":[{"name":"wp","href":"https:\/\/api.w.org\/{rel}","templated":true}]}}