{"id":20876,"date":"2025-10-27T18:04:51","date_gmt":"2025-10-27T18:04:51","guid":{"rendered":"https:\/\/ztsports.com\/?post_type=product&#038;p=20876"},"modified":"2026-04-16T03:16:57","modified_gmt":"2026-04-16T03:16:57","slug":"pierre-a-aiguiser-diamantee-staybent-junior","status":"publish","type":"product","link":"https:\/\/ztsports.com\/fr\/store\/pierre-a-aiguiser-diamantee-staybent-junior\/","title":{"rendered":"Pierre \u00e0 aiguiser diamant\u00e9e StayBent Junior"},"content":{"rendered":"<h1 data-rm-block-id=\"block-1\">Pierre \u00e0 aiguiser diamant\u00e9e StayBent Junior<\/h1>\n<p data-rm-block-id=\"block-2\">D\u00e9couvrez la solution d&#8217;aff\u00fbtage ultime avec la pierre diamant\u00e9e StayBent Pro.<\/p>\n<ul>\n<li data-rm-block-id=\"block-3\">Fraisage CNC en aluminium de haute qualit\u00e9 pour un aff\u00fbtage de pr\u00e9cision.<\/li>\n<li data-rm-block-id=\"block-4\">Disponible en 3 combinaisons diff\u00e9rentes de grains avec une seule base.<\/li>\n<\/ul>\n<p data-rm-block-id=\"block-5\">Noir \/ Bleu<\/p>\n<p data-rm-block-id=\"block-6\">Bleu \/ Rouge<\/p>\n<p data-rm-block-id=\"block-7\">Rouge \/ Vert<\/p>\n<p data-rm-block-id=\"block-8\">La pierre \u00e0 aiguiser diamant\u00e9e StayBent JUNIOR est id\u00e9ale pour les d\u00e9butants et les patineurs avanc\u00e9s. Con\u00e7ue sp\u00e9cifiquement pour l&#8217;industrie du patinage de vitesse, la plaque en aluminium 6061 usin\u00e9e avec pr\u00e9cision maintient les plaques diamant\u00e9es personnalis\u00e9es incroyablement plates, pour un aff\u00fbtage pr\u00e9cis et r\u00e9p\u00e9table.<\/p>\n<p data-rm-block-id=\"block-9\">vous pouvez trouver toutes nos <a href=\"https:\/\/ztsports.com\/categorie-produit\/pierres-de-diamant-fr\/?lang=fr\"><strong>pierres \u00e0 aiguiser et \u00e0 \u00e9barber diamant\u00e9es<\/strong><\/a> ici.<\/p>\n","protected":false},"excerpt":{"rendered":"<p>Pierre \u00e0 aiguiser diamant\u00e9e StayBent Junior D\u00e9couvrez la solution d&#8217;aff\u00fbtage ultime avec la pierre diamant\u00e9e StayBent Pro. Fraisage CNC en aluminium de haute qualit\u00e9 pour un aff\u00fbtage de pr\u00e9cision. Disponible en 3 combinaisons diff\u00e9rentes de grains avec une seule base. Noir \/ Bleu Bleu \/ Rouge Rouge \/ Vert La pierre \u00e0 aiguiser diamant\u00e9e StayBent [&hellip;]<\/p>\n","protected":false},"featured_media":20878,"comment_status":"open","ping_status":"closed","template":"","meta":{"_acf_changed":false,"_monsterinsights_skip_tracking":false,"_monsterinsights_sitenote_active":false,"_monsterinsights_sitenote_note":"","_monsterinsights_sitenote_category":0,"_uf_show_specific_survey":0,"_uf_disable_surveys":false,"site-sidebar-layout":"default","site-content-layout":"","ast-site-content-layout":"default","site-content-style":"default","site-sidebar-style":"default","ast-global-header-display":"","ast-banner-title-visibility":"","ast-main-header-display":"","ast-hfb-above-header-display":"","ast-hfb-below-header-display":"","ast-hfb-mobile-header-display":"","site-post-title":"","ast-breadcrumbs-content":"","ast-featured-img":"","footer-sml-layout":"","ast-disable-related-posts":"","theme-transparent-header-meta":"default","adv-header-id-meta":"","stick-header-meta":"","header-above-stick-meta":"","header-main-stick-meta":"","header-below-stick-meta":"","astra-migrate-meta-layouts":"set","ast-page-background-enabled":"default","ast-page-background-meta":{"desktop":{"background-color":"","background-image":"","background-repeat":"repeat","background-position":"center center","background-size":"auto","background-attachment":"scroll","background-type":"","background-media":"","overlay-type":"","overlay-color":"","overlay-opacity":"","overlay-gradient":""},"tablet":{"background-color":"","background-image":"","background-repeat":"repeat","background-position":"center center","background-size":"auto","background-attachment":"scroll","background-type":"","background-media":"","overlay-type":"","overlay-color":"","overlay-opacity":"","overlay-gradient":""},"mobile":{"background-color":"","background-image":"","background-repeat":"repeat","background-position":"center center","background-size":"auto","background-attachment":"scroll","background-type":"","background-media":"","overlay-type":"","overlay-color":"","overlay-opacity":"","overlay-gradient":""}},"ast-content-background-meta":{"desktop":{"background-color":"var(--ast-global-color-5)","background-image":"","background-repeat":"repeat","background-position":"center center","background-size":"auto","background-attachment":"scroll","background-type":"","background-media":"","overlay-type":"","overlay-color":"","overlay-opacity":"","overlay-gradient":""},"tablet":{"background-color":"var(--ast-global-color-5)","background-image":"","background-repeat":"repeat","background-position":"center center","background-size":"auto","background-attachment":"scroll","background-type":"","background-media":"","overlay-type":"","overlay-color":"","overlay-opacity":"","overlay-gradient":""},"mobile":{"background-color":"var(--ast-global-color-5)","background-image":"","background-repeat":"repeat","background-position":"center center","background-size":"auto","background-attachment":"scroll","background-type":"","background-media":"","overlay-type":"","overlay-color":"","overlay-opacity":"","overlay-gradient":""}}},"product_brand":[3344],"product_cat":[3743,3393,3470,3514,4449,3468,3469],"product_tag":[1927],"class_list":{"0":"post-20876","1":"product","2":"type-product","3":"status-publish","4":"has-post-thumbnail","6":"product_brand-stay-bent","7":"product_cat-accessoires-daffutage","8":"product_cat-aiguisage","9":"product_cat-des-pierres","10":"product_cat-entretien-des-lames","11":"product_cat-equipement-de-matage-des-lames","12":"product_cat-pierres-a-aiguiser","13":"product_cat-pierres-de-diamant","14":"product_tag-sharpening-stone","15":"desktop-align-left","16":"tablet-align-left","17":"mobile-align-left","19":"first","20":"instock","21":"taxable","22":"shipping-taxable","23":"purchasable","24":"product-type-simple"},"acf":[],"_links":{"self":[{"href":"https:\/\/ztsports.com\/fr\/wp-json\/wp\/v2\/product\/20876","targetHints":{"allow":["GET"]}}],"collection":[{"href":"https:\/\/ztsports.com\/fr\/wp-json\/wp\/v2\/product"}],"about":[{"href":"https:\/\/ztsports.com\/fr\/wp-json\/wp\/v2\/types\/product"}],"replies":[{"embeddable":true,"href":"https:\/\/ztsports.com\/fr\/wp-json\/wp\/v2\/comments?post=20876"}],"version-history":[{"count":2,"href":"https:\/\/ztsports.com\/fr\/wp-json\/wp\/v2\/product\/20876\/revisions"}],"predecessor-version":[{"id":25527,"href":"https:\/\/ztsports.com\/fr\/wp-json\/wp\/v2\/product\/20876\/revisions\/25527"}],"wp:featuredmedia":[{"embeddable":true,"href":"https:\/\/ztsports.com\/fr\/wp-json\/wp\/v2\/media\/20878"}],"wp:attachment":[{"href":"https:\/\/ztsports.com\/fr\/wp-json\/wp\/v2\/media?parent=20876"}],"wp:term":[{"taxonomy":"product_brand","embeddable":true,"href":"https:\/\/ztsports.com\/fr\/wp-json\/wp\/v2\/product_brand?post=20876"},{"taxonomy":"product_cat","embeddable":true,"href":"https:\/\/ztsports.com\/fr\/wp-json\/wp\/v2\/product_cat?post=20876"},{"taxonomy":"product_tag","embeddable":true,"href":"https:\/\/ztsports.com\/fr\/wp-json\/wp\/v2\/product_tag?post=20876"}],"curies":[{"name":"wp","href":"https:\/\/api.w.org\/{rel}","templated":true}]}}