{"id":20873,"date":"2025-10-26T00:43:38","date_gmt":"2025-10-26T00:43:38","guid":{"rendered":"https:\/\/ztsports.com\/?post_type=product&#038;p=20873"},"modified":"2026-04-16T03:34:00","modified_gmt":"2026-04-16T03:34:00","slug":"jauge-alpha-avec-etui","status":"publish","type":"product","link":"https:\/\/ztsports.com\/fr\/store\/jauge-alpha-avec-etui\/","title":{"rendered":"Jauge Alpha avec \u00e9tui"},"content":{"rendered":"<h2 data-rm-block-id=\"block-1\"><strong>Jauge Alpha avec \u00e9tui<\/strong><\/h2>\n<h5 class=\"serp-title\"><mark>Jauge Alpha avec \u00e9tui<\/mark><\/h5>\n<h3 data-rm-block-id=\"block-2\">Caract\u00e9ristiques d\u00e9taill\u00e9es de la jauge de lame Alpha<\/h3>\n<h3 data-rm-block-id=\"block-3\">Conclusion<\/h3>\n<p data-rm-block-id=\"block-4\">En r\u00e9sum\u00e9, la jauge de lame Alpha est un outil polyvalent qui r\u00e9pond aux exigences de diverses industries, combinant le meilleur de l&#8217;ing\u00e9nierie de pr\u00e9cision avec une conception centr\u00e9e sur l&#8217;utilisateur. Son large \u00e9ventail de fonctionnalit\u00e9s permet aux utilisateurs d&#8217;effectuer leurs t\u00e2ches efficacement, ce qui se traduit en fin de compte par de meilleurs r\u00e9sultats dans leur travail. Investir dans la jauge Blade Gauge Alpha, ce n&#8217;est pas seulement acheter un outil, c&#8217;est am\u00e9liorer vos capacit\u00e9s et atteindre l&#8217;excellence en mati\u00e8re de mesure.<\/p>\n<h3 data-rm-block-id=\"block-5\">T\u00e9moignages d&#8217;utilisateurs<\/h3>\n<h5 class=\"serp-title\"><mark>Jauge Alpha avec \u00e9tui<\/mark><\/h5>\n<h3 data-rm-block-id=\"block-6\">Applications dans le monde r\u00e9el<\/h3>\n<p data-rm-block-id=\"block-7\">Les applications r\u00e9elles de la jauge de lame Alpha sont vastes et vari\u00e9es. Dans l&#8217;industrie automobile, les ing\u00e9nieurs s&#8217;appuient sur la jauge pour mesurer avec pr\u00e9cision les composants, afin de s&#8217;assurer qu&#8217;ils r\u00e9pondent aux normes de s\u00e9curit\u00e9 rigoureuses. Dans l&#8217;a\u00e9rospatiale, la jauge \u00e0 lame Alpha est utilis\u00e9e pour les essais et le d\u00e9veloppement des pi\u00e8ces d&#8217;avion, o\u00f9 la pr\u00e9cision est primordiale. En outre, dans l&#8217;industrie manufacturi\u00e8re, elle joue un r\u00f4le essentiel dans les processus de contr\u00f4le de la qualit\u00e9, en garantissant que les produits sont toujours fabriqu\u00e9s conform\u00e9ment aux sp\u00e9cifications.<\/p>\n<h3 data-rm-block-id=\"block-8\">Pourquoi choisir Blade Gauge Alpha ?<\/h3>\n<h5 class=\"serp-title\"><mark>Jauge Alpha avec \u00e9tui<\/mark><\/h5>\n<p data-rm-block-id=\"block-9\">Choisir la jauge de lame Alpha, c&#8217;est investir dans la fiabilit\u00e9 et la pr\u00e9cision. La combinaison de ses fonctions avanc\u00e9es, de sa construction durable et de sa conception conviviale en fait le meilleur choix pour les professionnels et les amateurs. De plus, l&#8217;assistance et les ressources fournies par ZtSports permettent aux utilisateurs de tirer le meilleur parti de leur jauge, y compris des conseils sur l&#8217;\u00e9talonnage et l&#8217;entretien pour maintenir l&#8217;outil en bon \u00e9tat de marche.<\/p>\n<p data-rm-block-id=\"block-10\">Le Blade Gauge Alpha avec son \u00e9tui n&#8217;est pas un simple outil de mesure ; il change la donne dans le domaine de la mesure de pr\u00e9cision. Cet appareil a \u00e9t\u00e9 m\u00e9ticuleusement con\u00e7u pour les professionnels et les passionn\u00e9s qui exigent une pr\u00e9cision m\u00e9ticuleuse dans leur travail. Gr\u00e2ce \u00e0 sa conception robuste et \u00e0 ses fonctions avanc\u00e9es, il se d\u00e9marque sur le march\u00e9 tr\u00e8s encombr\u00e9 des instruments de mesure. Cette jauge r\u00e9unit le meilleur de la technologie et de la convivialit\u00e9, ce qui en fait un compl\u00e9ment inestimable \u00e0 toute bo\u00eete \u00e0 outils. Ses applications s&#8217;\u00e9tendent \u00e0 divers secteurs, notamment l&#8217;automobile, l&#8217;a\u00e9rospatiale et la fabrication, ce qui t\u00e9moigne de sa polyvalence et de sa fiabilit\u00e9.<\/p>\n<ul>\n<li style=\"list-style-type: none;\">\n<ul>\n<li data-rm-block-id=\"block-11\">Mesure avec pr\u00e9cision le rayon de courbure et de bascule avec une pr\u00e9cision de 0,0001<\/li>\n<li data-rm-block-id=\"block-11\">\n<h5 class=\"serp-title\"><mark>Jauge Alpha avec \u00e9tui<\/mark><\/h5>\n<\/li>\n<\/ul>\n<\/li>\n<\/ul>\n<p data-rm-block-id=\"block-12\">La mesure des rayons de courbure et de bascule est cruciale dans de nombreuses applications, de l&#8217;ing\u00e9nierie a\u00e9rospatiale \u00e0 la conception automobile. La jauge de lame Alpha atteint une pr\u00e9cision remarquable de 0,0001, ce qui la rend indispensable pour ceux qui recherchent la perfection. Dans l&#8217;industrie a\u00e9rospatiale, par exemple, le moindre \u00e9cart peut entra\u00eener des d\u00e9faillances catastrophiques, d&#8217;o\u00f9 la n\u00e9cessit\u00e9 de disposer d&#8217;instruments aussi pr\u00e9cis. Dans la conception automobile, ce niveau de pr\u00e9cision garantit que les pi\u00e8ces s&#8217;embo\u00eetent parfaitement, am\u00e9liorant ainsi les performances et la s\u00e9curit\u00e9. La capacit\u00e9 \u00e0 mesurer avec pr\u00e9cision ces dimensions critiques peut faire la diff\u00e9rence entre le succ\u00e8s et l&#8217;\u00e9chec dans des projets o\u00f9 chaque millim\u00e8tre compte.<\/p>\n<ul>\n<li style=\"list-style-type: none;\">\n<ul>\n<li data-rm-block-id=\"block-13\">Le corps en aluminium offre un fonctionnement stable et confortable.<\/li>\n<\/ul>\n<\/li>\n<\/ul>\n<p data-rm-block-id=\"block-14\">Le corps du Blade Gauge Alpha est fabriqu\u00e9 en aluminium de haute qualit\u00e9, ce qui garantit sa durabilit\u00e9 sans compromettre son poids. Cette caract\u00e9ristique est particuli\u00e8rement avantageuse pour les professionnels qui doivent manipuler l&#8217;outil fr\u00e9quemment tout au long de la journ\u00e9e. La conception ergonomique permet une prise en main confortable, r\u00e9duisant la fatigue lors d&#8217;une utilisation prolong\u00e9e. Dans la pratique, un technicien utilisant cette jauge peut effectuer des mesures pendant des heures sans ressentir d&#8217;inconfort, ce qui am\u00e9liore sa productivit\u00e9. De plus, la l\u00e9g\u00e8ret\u00e9 de l&#8217;aluminium permet de le transporter facilement sur les chantiers, ce qui en fait un excellent choix pour les professionnels en d\u00e9placement qui ont besoin de pr\u00e9cision \u00e0 tout moment.<\/p>\n<ul>\n<li style=\"list-style-type: none;\">\n<ul>\n<li data-rm-block-id=\"block-15\">Les inserts magn\u00e9tiques optionnels assurent une stabilit\u00e9 et une coh\u00e9rence accrues.<\/li>\n<\/ul>\n<\/li>\n<\/ul>\n<p data-rm-block-id=\"block-16\">Les inserts magn\u00e9tiques optionnels sont une caract\u00e9ristique unique de la jauge de lame Alpha, qui am\u00e9liore sa fonctionnalit\u00e9. Ces inserts offrent une stabilit\u00e9 et une coh\u00e9rence accrues pendant les mesures, ce qui est essentiel pour garantir la pr\u00e9cision dans diverses conditions. Par exemple, lors de la mesure de grandes surfaces ou dans des environnements soumis \u00e0 des vibrations, ces inserts magn\u00e9tiques aident \u00e0 maintenir la position de l&#8217;outil, ce qui permet d&#8217;obtenir des mesures pr\u00e9cises. Les utilisateurs ont fait \u00e9tat d&#8217;une am\u00e9lioration des r\u00e9sultats gr\u00e2ce \u00e0 l&#8217;utilisation de ces inserts dans leur flux de travail. Les inserts magn\u00e9tiques sont particuli\u00e8rement utiles dans le secteur de la fabrication, o\u00f9 l&#8217;environnement peut \u00eatre impr\u00e9visible, car ils garantissent que les mesures ne sont pas compromises.<\/p>\n<ul>\n<li style=\"list-style-type: none;\">\n<ul>\n<li data-rm-block-id=\"block-17\">\n<h5 class=\"serp-title\"><mark>Jauge Alpha avec \u00e9tui<\/mark><\/h5>\n<p>Les patins en carbure offrent une excellente durabilit\u00e9<\/li>\n<\/ul>\n<\/li>\n<\/ul>\n<p data-rm-block-id=\"block-18\">Le patin en carbure de la jauge de lame Alpha est un autre point fort, car il offre une excellente durabilit\u00e9. Ce choix de mat\u00e9riau signifie que la jauge peut r\u00e9sister \u00e0 une usure importante, une n\u00e9cessit\u00e9 pour les outils utilis\u00e9s dans des environnements rigoureux. Dans les industries telles que la fabrication, o\u00f9 les outils sont soumis \u00e0 des conditions difficiles, la long\u00e9vit\u00e9 de la jauge de lame Alpha devient un facteur critique. Les utilisateurs peuvent compter sur ses performances constantes au fil du temps, ce qui en fait un investissement rentable. Le patin en carbure am\u00e9liore non seulement la durabilit\u00e9 de la jauge, mais aussi sa fonctionnalit\u00e9, garantissant des performances fiables m\u00eame apr\u00e8s une utilisation intensive.<\/p>\n<ul>\n<li style=\"list-style-type: none;\">\n<ul>\n<li data-rm-block-id=\"block-19\">La r\u00e8gle d&#8217;\u00e9talonnage permet un r\u00e9glage pr\u00e9cis et constant du &#8220;z\u00e9ro&#8221;.<\/li>\n<\/ul>\n<\/li>\n<\/ul>\n<p data-rm-block-id=\"block-20\">L&#8217;\u00e9talonnage est essentiel pour garantir la pr\u00e9cision des mesures, et la jauge de lame Alpha est dot\u00e9e d&#8217;une r\u00e8gle d&#8217;\u00e9talonnage qui permet un r\u00e9glage pr\u00e9cis et coh\u00e9rent du &#8220;z\u00e9ro&#8221;. Cette fonction est particuli\u00e8rement utile pour garantir que les mesures peuvent \u00eatre reproduites de mani\u00e8re fiable. Par exemple, en laboratoire, les chercheurs peuvent obtenir des r\u00e9sultats coh\u00e9rents sur plusieurs essais, ce qui renforce la cr\u00e9dibilit\u00e9 de leurs conclusions. La possibilit\u00e9 de recalibrer facilement l&#8217;appareil permet aux utilisateurs de maintenir la pr\u00e9cision de leur travail au fil du temps. Ceci est particuli\u00e8rement important dans la recherche scientifique et les applications d&#8217;ing\u00e9nierie o\u00f9 des mesures exactes sont cruciales.<\/p>\n<p data-rm-block-id=\"block-21\">Vid\u00e9o de v\u00e9rification de la courbure et de l&#8217;inclinaison \u00e0 l&#8217;aide d&#8217;une<strong> <a href=\"https:\/\/www.youtube.com\/watch?v=Wcjvgt_6sKg\" target=\"_blank\" rel=\"noopener\">jauge de rayon YouTube clip.<\/a><\/strong><\/p>\n<p data-rm-block-id=\"block-22\"><strong>Enfin, vous pouvez voir toutes nos <a href=\"https:\/\/ztsports.com\/categorie-produit\/aiguisage\/cintreuses-et-jauges\/?lang=fr\">cintreuses et jauges<\/a> ici.<\/strong><\/p>\n<p data-rm-block-id=\"block-23\">Pour plus d&#8217;informations et de mises \u00e0 jour concernant le Blade Gauge Alpha, y compris les exp\u00e9riences des utilisateurs et les conseils pratiques, pensez \u00e0 vous inscrire \u00e0 notre lettre d&#8217;information. Restez inform\u00e9 des derni\u00e8res avanc\u00e9es et des meilleures pratiques en mati\u00e8re de mesure de pr\u00e9cision. Rencontrez d&#8217;autres personnes qui partagent votre passion pour la pr\u00e9cision et explorez une communaut\u00e9 d\u00e9di\u00e9e \u00e0 la croissance professionnelle.<\/p>\n","protected":false},"excerpt":{"rendered":"<p>Jauge Alpha avec \u00e9tui Jauge Alpha avec \u00e9tui Caract\u00e9ristiques d\u00e9taill\u00e9es de la jauge de lame Alpha Conclusion En r\u00e9sum\u00e9, la jauge de lame Alpha est un outil polyvalent qui r\u00e9pond aux exigences de diverses industries, combinant le meilleur de l&#8217;ing\u00e9nierie de pr\u00e9cision avec une conception centr\u00e9e sur l&#8217;utilisateur. Son large \u00e9ventail de fonctionnalit\u00e9s permet aux [&hellip;]<\/p>\n","protected":false},"featured_media":20875,"comment_status":"open","ping_status":"closed","template":"","meta":{"_acf_changed":false,"_monsterinsights_skip_tracking":false,"_monsterinsights_sitenote_active":false,"_monsterinsights_sitenote_note":"","_monsterinsights_sitenote_category":0,"_uf_show_specific_survey":0,"_uf_disable_surveys":false,"site-sidebar-layout":"default","site-content-layout":"","ast-site-content-layout":"default","site-content-style":"default","site-sidebar-style":"default","ast-global-header-display":"","ast-banner-title-visibility":"","ast-main-header-display":"","ast-hfb-above-header-display":"","ast-hfb-below-header-display":"","ast-hfb-mobile-header-display":"","site-post-title":"","ast-breadcrumbs-content":"","ast-featured-img":"","footer-sml-layout":"","ast-disable-related-posts":"","theme-transparent-header-meta":"default","adv-header-id-meta":"","stick-header-meta":"","header-above-stick-meta":"","header-main-stick-meta":"","header-below-stick-meta":"","astra-migrate-meta-layouts":"set","ast-page-background-enabled":"default","ast-page-background-meta":{"desktop":{"background-color":"","background-image":"","background-repeat":"repeat","background-position":"center center","background-size":"auto","background-attachment":"scroll","background-type":"","background-media":"","overlay-type":"","overlay-color":"","overlay-opacity":"","overlay-gradient":""},"tablet":{"background-color":"","background-image":"","background-repeat":"repeat","background-position":"center center","background-size":"auto","background-attachment":"scroll","background-type":"","background-media":"","overlay-type":"","overlay-color":"","overlay-opacity":"","overlay-gradient":""},"mobile":{"background-color":"","background-image":"","background-repeat":"repeat","background-position":"center center","background-size":"auto","background-attachment":"scroll","background-type":"","background-media":"","overlay-type":"","overlay-color":"","overlay-opacity":"","overlay-gradient":""}},"ast-content-background-meta":{"desktop":{"background-color":"var(--ast-global-color-5)","background-image":"","background-repeat":"repeat","background-position":"center center","background-size":"auto","background-attachment":"scroll","background-type":"","background-media":"","overlay-type":"","overlay-color":"","overlay-opacity":"","overlay-gradient":""},"tablet":{"background-color":"var(--ast-global-color-5)","background-image":"","background-repeat":"repeat","background-position":"center center","background-size":"auto","background-attachment":"scroll","background-type":"","background-media":"","overlay-type":"","overlay-color":"","overlay-opacity":"","overlay-gradient":""},"mobile":{"background-color":"var(--ast-global-color-5)","background-image":"","background-repeat":"repeat","background-position":"center center","background-size":"auto","background-attachment":"scroll","background-type":"","background-media":"","overlay-type":"","overlay-color":"","overlay-opacity":"","overlay-gradient":""}}},"product_brand":[3274,3321,3345],"product_cat":[3396,3600,3514,4449,3603,3542,3838],"product_tag":[3834,3833,3832,3831,3830],"class_list":{"0":"post-20873","1":"product","2":"type-product","3":"status-publish","4":"has-post-thumbnail","6":"product_brand-alpha","7":"product_brand-alphaskates","8":"product_brand-exacta","9":"product_cat-accessories","10":"product_cat-cintreuses-et-jauges","11":"product_cat-entretien-des-lames","12":"product_cat-equipement-de-matage-des-lames","13":"product_cat-jauges","14":"product_cat-machine-a-bascule","15":"product_cat-offres-de-club","16":"product_tag-gabarit-de-lame","17":"product_tag-gabarit-de-lame-alpha","18":"product_tag-jauge-de-mars","19":"product_tag-jauge-de-radius","20":"product_tag-verificateur-de-lame","21":"desktop-align-left","22":"tablet-align-left","23":"mobile-align-left","25":"first","26":"instock","27":"featured","28":"taxable","29":"shipping-taxable","30":"purchasable","31":"product-type-simple"},"acf":[],"_links":{"self":[{"href":"https:\/\/ztsports.com\/fr\/wp-json\/wp\/v2\/product\/20873","targetHints":{"allow":["GET"]}}],"collection":[{"href":"https:\/\/ztsports.com\/fr\/wp-json\/wp\/v2\/product"}],"about":[{"href":"https:\/\/ztsports.com\/fr\/wp-json\/wp\/v2\/types\/product"}],"replies":[{"embeddable":true,"href":"https:\/\/ztsports.com\/fr\/wp-json\/wp\/v2\/comments?post=20873"}],"version-history":[{"count":3,"href":"https:\/\/ztsports.com\/fr\/wp-json\/wp\/v2\/product\/20873\/revisions"}],"predecessor-version":[{"id":25529,"href":"https:\/\/ztsports.com\/fr\/wp-json\/wp\/v2\/product\/20873\/revisions\/25529"}],"wp:featuredmedia":[{"embeddable":true,"href":"https:\/\/ztsports.com\/fr\/wp-json\/wp\/v2\/media\/20875"}],"wp:attachment":[{"href":"https:\/\/ztsports.com\/fr\/wp-json\/wp\/v2\/media?parent=20873"}],"wp:term":[{"taxonomy":"product_brand","embeddable":true,"href":"https:\/\/ztsports.com\/fr\/wp-json\/wp\/v2\/product_brand?post=20873"},{"taxonomy":"product_cat","embeddable":true,"href":"https:\/\/ztsports.com\/fr\/wp-json\/wp\/v2\/product_cat?post=20873"},{"taxonomy":"product_tag","embeddable":true,"href":"https:\/\/ztsports.com\/fr\/wp-json\/wp\/v2\/product_tag?post=20873"}],"curies":[{"name":"wp","href":"https:\/\/api.w.org\/{rel}","templated":true}]}}