{"id":20864,"date":"2025-10-22T14:53:11","date_gmt":"2025-10-22T14:53:11","guid":{"rendered":"https:\/\/ztsports.com\/?post_type=product&#038;p=20864"},"modified":"2026-04-16T03:45:09","modified_gmt":"2026-04-16T03:45:09","slug":"staybent-ehs-alpha","status":"publish","type":"product","link":"https:\/\/ztsports.com\/fr\/store\/staybent-ehs-alpha\/","title":{"rendered":"Staybent EHS Alpha"},"content":{"rendered":"<h2 data-rm-block-id=\"block-1\">Staybent EHS Alpha<\/h2>\n<h2 data-rm-block-id=\"block-2\">Staybent EHS Alpha<strong data-start=\"104\" data-end=\"157\"> &#8211; Pr\u00e9cision et ma\u00eetrise au plus haut niveau<\/strong><\/h2>\n<p data-start=\"161\" data-end=\"444\" data-rm-block-id=\"block-3\">Fruit de notre exp\u00e9rience avec les lames Evo, le Staybent EHS Alpha repousse les limites gr\u00e2ce \u00e0 un processus d&#8217;ing\u00e9nierie de pr\u00e9cision r\u00e9alis\u00e9 par <strong data-start=\"291\" data-end=\"309\">Hagen Techniek<\/strong> (Pays-Bas). Con\u00e7ue pour offrir une stabilit\u00e9 et un contr\u00f4le fiables dans les virages, elle allie savoir-faire et mat\u00e9riaux haut de gamme.<\/p>\n<p data-start=\"446\" data-end=\"674\" data-rm-block-id=\"block-4\">\u2714 Acier PM et bi-m\u00e9tal des Pays-Bas et d&#8217;Autriche : performance et durabilit\u00e9<br data-start=\"528\" data-end=\"531\" \/>\u2714 Coupelles l\u00e9g\u00e8res en aluminium, disponibles en diff\u00e9rentes hauteurs<br data-start=\"596\" data-end=\"599\" \/>\u2714 Fabrication artisanale de pr\u00e9cision pour une glisse stable et contr\u00f4l\u00e9e<\/p>\n<p data-rm-block-id=\"block-5\"><span dir=\"auto\">La lame Staybent EHS Alpha d&#8217;EHS est une lame haut de gamme qui utilise le m\u00eame tube que le mod\u00e8le ACS. Cependant, elle offre un peu plus de rigidit\u00e9 que ce dernier gr\u00e2ce \u00e0 un assemblage diff\u00e9rent entre le tube et l&#8217;acier. Ce format permet une meilleure glisse et une coupe encore plus durable. Si vous aimez vos lames Staybent ACS, vous aimerez encore plus votre Staybent Alpha. <\/span><\/p>\n<p data-rm-block-id=\"block-6\"><span dir=\"auto\">STAYBENT\/EHS est une soci\u00e9t\u00e9 n\u00e9erlandaise cr\u00e9\u00e9e en 2019 par Edward Hagen suite \u00e0 son d\u00e9part d&#8217;EVO Skates. Hagen, qui \u00e9tait en charge de la cr\u00e9ation et de la production des lames EVO, a utilis\u00e9 tout son savoir-faire et son exp\u00e9rience pour cr\u00e9er la ligne de lames EHS. En 2022, il s&#8217;associe \u00e0 STAYBENT pour faire passer EHS \u00e0 la vitesse sup\u00e9rieure. Ils proposent d\u00e9sormais une gamme compl\u00e8te de produits. Plusieurs patineurs internationaux patinent aujourd&#8217;hui avec des lames STAYBENT by EHS. <\/span><\/p>\n<ul class=\"ul1\">\n<li data-rm-block-id=\"block-7\">Les Alpha et Quantum sont le fruit de nos ann\u00e9es d&#8217;exp\u00e9rience dans la fabrication des lames Evo.<\/li>\n<li data-rm-block-id=\"block-8\">Nous appliquons maintenant les derni\u00e8res technologies \u00e0 la conception, \u00e0 l&#8217;ing\u00e9nierie et au savoir-faire que nous avons acquis pour faire passer ces mod\u00e8les au niveau sup\u00e9rieur.<\/li>\n<li data-rm-block-id=\"block-9\">L&#8217;Alpha est con\u00e7u pour les patineurs qui pr\u00e9f\u00e8rent avoir plus de tenue et de stabilit\u00e9 dans les virages.<\/li>\n<li data-rm-block-id=\"block-10\">L&#8217;aluminium et l&#8217;acier sont de la plus haute qualit\u00e9 et proviennent des Pays-Bas ou d&#8217;Autriche.<\/li>\n<li data-rm-block-id=\"block-11\">Comme pour nos mod\u00e8les X, seuls des patins en acier PM ou bi-m\u00e9tal de premi\u00e8re qualit\u00e9, s\u00e9lectionn\u00e9s \u00e0 la main, sont utilis\u00e9s dans l&#8217;Alpha.<\/li>\n<li data-rm-block-id=\"block-12\">Chaque \u00e9tape du processus d&#8217;ing\u00e9nierie est r\u00e9alis\u00e9e chez Hagen Techniek aux Pays-Bas.<\/li>\n<li data-rm-block-id=\"block-13\">Les coupes sont fabriqu\u00e9es en aluminium l\u00e9ger de qualit\u00e9 sup\u00e9rieure et peuvent \u00eatre command\u00e9es en diff\u00e9rentes hauteurs.<\/li>\n<\/ul>\n<p data-rm-block-id=\"block-14\"><span dir=\"auto\">Indice de rigidit\u00e9 (1 \u00e0 4) : 4<\/span><br \/>\n<span dir=\"auto\">Pr\u00e9-courbe : Oui<\/span><br \/>\n<span dir=\"auto\">Tube : Aluminium<\/span><br \/>\n<span dir=\"auto\">Acier : BIMETAL<\/span><\/p>\n<p data-start=\"676\" data-end=\"743\" data-rm-block-id=\"block-15\"><strong data-start=\"676\" data-end=\"741\">Alpha incarne le summum de la performance et de la qualit\u00e9.<\/strong><\/p>\n","protected":false},"excerpt":{"rendered":"<p>Staybent EHS Alpha Staybent EHS Alpha &#8211; Pr\u00e9cision et ma\u00eetrise au plus haut niveau Fruit de notre exp\u00e9rience avec les lames Evo, le Staybent EHS Alpha repousse les limites gr\u00e2ce \u00e0 un processus d&#8217;ing\u00e9nierie de pr\u00e9cision r\u00e9alis\u00e9 par Hagen Techniek (Pays-Bas). Con\u00e7ue pour offrir une stabilit\u00e9 et un contr\u00f4le fiables dans les virages, elle allie [&hellip;]<\/p>\n","protected":false},"featured_media":20866,"comment_status":"open","ping_status":"closed","template":"","meta":{"_acf_changed":false,"_monsterinsights_skip_tracking":false,"_monsterinsights_sitenote_active":false,"_monsterinsights_sitenote_note":"","_monsterinsights_sitenote_category":0,"_uf_show_specific_survey":0,"_uf_disable_surveys":false,"site-sidebar-layout":"default","site-content-layout":"","ast-site-content-layout":"default","site-content-style":"default","site-sidebar-style":"default","ast-global-header-display":"","ast-banner-title-visibility":"","ast-main-header-display":"","ast-hfb-above-header-display":"","ast-hfb-below-header-display":"","ast-hfb-mobile-header-display":"","site-post-title":"","ast-breadcrumbs-content":"","ast-featured-img":"","footer-sml-layout":"","ast-disable-related-posts":"","theme-transparent-header-meta":"default","adv-header-id-meta":"","stick-header-meta":"","header-above-stick-meta":"","header-main-stick-meta":"","header-below-stick-meta":"","astra-migrate-meta-layouts":"set","ast-page-background-enabled":"default","ast-page-background-meta":{"desktop":{"background-color":"","background-image":"","background-repeat":"repeat","background-position":"center center","background-size":"auto","background-attachment":"scroll","background-type":"","background-media":"","overlay-type":"","overlay-color":"","overlay-opacity":"","overlay-gradient":""},"tablet":{"background-color":"","background-image":"","background-repeat":"repeat","background-position":"center center","background-size":"auto","background-attachment":"scroll","background-type":"","background-media":"","overlay-type":"","overlay-color":"","overlay-opacity":"","overlay-gradient":""},"mobile":{"background-color":"","background-image":"","background-repeat":"repeat","background-position":"center center","background-size":"auto","background-attachment":"scroll","background-type":"","background-media":"","overlay-type":"","overlay-color":"","overlay-opacity":"","overlay-gradient":""}},"ast-content-background-meta":{"desktop":{"background-color":"var(--ast-global-color-5)","background-image":"","background-repeat":"repeat","background-position":"center center","background-size":"auto","background-attachment":"scroll","background-type":"","background-media":"","overlay-type":"","overlay-color":"","overlay-opacity":"","overlay-gradient":""},"tablet":{"background-color":"var(--ast-global-color-5)","background-image":"","background-repeat":"repeat","background-position":"center center","background-size":"auto","background-attachment":"scroll","background-type":"","background-media":"","overlay-type":"","overlay-color":"","overlay-opacity":"","overlay-gradient":""},"mobile":{"background-color":"var(--ast-global-color-5)","background-image":"","background-repeat":"repeat","background-position":"center center","background-size":"auto","background-attachment":"scroll","background-type":"","background-media":"","overlay-type":"","overlay-color":"","overlay-opacity":"","overlay-gradient":""}}},"product_brand":[3296,3347,3344,3346],"product_cat":[3395,3508,3620],"product_tag":[],"class_list":{"0":"post-20864","1":"product","2":"type-product","3":"status-publish","4":"has-post-thumbnail","6":"product_brand-ehs-2","7":"product_brand-ehs","8":"product_brand-stay-bent","9":"product_brand-staybent-by-ehs","10":"product_cat-courte-piste","11":"product_cat-lame","12":"product_cat-lames-pour-piste-courte","13":"desktop-align-left","14":"tablet-align-left","15":"mobile-align-left","17":"first","18":"instock","19":"taxable","20":"shipping-taxable","21":"purchasable","22":"product-type-simple"},"acf":[],"_links":{"self":[{"href":"https:\/\/ztsports.com\/fr\/wp-json\/wp\/v2\/product\/20864","targetHints":{"allow":["GET"]}}],"collection":[{"href":"https:\/\/ztsports.com\/fr\/wp-json\/wp\/v2\/product"}],"about":[{"href":"https:\/\/ztsports.com\/fr\/wp-json\/wp\/v2\/types\/product"}],"replies":[{"embeddable":true,"href":"https:\/\/ztsports.com\/fr\/wp-json\/wp\/v2\/comments?post=20864"}],"version-history":[{"count":2,"href":"https:\/\/ztsports.com\/fr\/wp-json\/wp\/v2\/product\/20864\/revisions"}],"predecessor-version":[{"id":25530,"href":"https:\/\/ztsports.com\/fr\/wp-json\/wp\/v2\/product\/20864\/revisions\/25530"}],"wp:featuredmedia":[{"embeddable":true,"href":"https:\/\/ztsports.com\/fr\/wp-json\/wp\/v2\/media\/20866"}],"wp:attachment":[{"href":"https:\/\/ztsports.com\/fr\/wp-json\/wp\/v2\/media?parent=20864"}],"wp:term":[{"taxonomy":"product_brand","embeddable":true,"href":"https:\/\/ztsports.com\/fr\/wp-json\/wp\/v2\/product_brand?post=20864"},{"taxonomy":"product_cat","embeddable":true,"href":"https:\/\/ztsports.com\/fr\/wp-json\/wp\/v2\/product_cat?post=20864"},{"taxonomy":"product_tag","embeddable":true,"href":"https:\/\/ztsports.com\/fr\/wp-json\/wp\/v2\/product_tag?post=20864"}],"curies":[{"name":"wp","href":"https:\/\/api.w.org\/{rel}","templated":true}]}}