{"id":20861,"date":"2025-10-11T19:06:09","date_gmt":"2025-10-11T19:06:09","guid":{"rendered":"https:\/\/ztsports.com\/?post_type=product&#038;p=20861"},"modified":"2026-04-16T03:44:51","modified_gmt":"2026-04-16T03:44:51","slug":"sonic-super-oil","status":"publish","type":"product","link":"https:\/\/ztsports.com\/fr\/store\/sonic-super-oil\/","title":{"rendered":"Sonic Super Oil"},"content":{"rendered":"<h2 class=\"ewd-upcp-single-product-title\">Sonic\u00ae Super Oil<\/h2>\n<h2 class=\"ewd-upcp-single-product-title\">Pourquoi choisir Sonic Super Oil ?<\/h2>\n<p><b>LUBRIFIANT 100% SYNTH\u00c9TIQUE HAUTE PERFORMANCE POUR ROULEMENTS DE PATINS<\/b><\/p>\n<div id=\"product_overview\" class=\"product_info-text has-divider full-width container-fluid\">\n<h2>Vue d&#8217;ensemble<\/h2>\n<div class=\"product_info-read_more fixed-width\">\n<div class=\"check_read-inner\">\n<div>\n<p>Sonic Super Oil lubrifie les roulements des patins et les recouvre uniform\u00e9ment pour augmenter la vitesse et la libert\u00e9 de rotation. Cette Sonic Super Oil est une huile 100% synth\u00e9tique sans combustibles fossiles, ce qui lui permet de durer longtemps et de ne pas s&#8217;ass\u00e9cher. Un must pour tous ceux qui entretiennent leurs roulements. Pour des performances optimales, choisissez toujours Sonic Super Oil.<\/p>\n<p>Avec Sonic Super Oil, vous pouvez vous assurer que vos roulements de patins fonctionnent au mieux, offrant une conduite souple et une durabilit\u00e9 accrue.<\/p>\n<ul>\n<li>Rev\u00eatement uniforme des roulements pour augmenter la vitesse et la libert\u00e9 de rotation.<\/li>\n<li>100% synth\u00e9tique &#8211; Pas de combustibles fossiles pour durer longtemps et ne pas se dess\u00e9cher<\/li>\n<li>Forme un film protecteur qui adh\u00e8re aux surfaces d&#8217;appui\n<ul>\n<li>Prot\u00e8ge contre la chaleur, la friction et la corrosion<\/li>\n<\/ul>\n<\/li>\n<li>Embout long pour une application pr\u00e9cise<\/li>\n<li>Notes :\n<ul>\n<li>Laissez les roulements s\u00e9cher compl\u00e8tement avant de les lubrifier apr\u00e8s les avoir nettoy\u00e9s<\/li>\n<li>Regarder <strong><a title=\"Vid\u00e9o sur le nettoyage des roulements\" href=\"http:\/\/www.inlinewarehouse.com\/fitlc\/howtocleanbearings.html\" target=\"_blank\" rel=\"noopener\">VID\u00c9O<\/a> <\/strong>sur le nettoyage des roulements.<\/li>\n<\/ul>\n<\/li>\n<\/ul>\n<p><strong>Note sur l&#8217;exp\u00e9dition<\/strong>: Ce produit n&#8217;est pas disponible pour les exp\u00e9ditions internationales.<\/p>\n<\/div>\n<\/div>\n<\/div>\n<\/div>\n<div id=\"product_specs\" class=\"product_info-text has-divider full-width container-fluid\">\n<h2>Sp\u00e9cifications<\/h2>\n<div class=\"product_info-read_more fixed-width\">\n<div class=\"check_read-inner\">\n<ul>\n<li>Lubrifiant haute performance pour patins.<\/li>\n<\/ul>\n<ul>\n<li>Augmente la vitesse des roulements et la rotation libre.<\/li>\n<\/ul>\n<\/div>\n<\/div>\n<\/div>\n<p><strong>SKATE FAST<\/strong><br \/>\n&#8211; Enduit uniform\u00e9ment les roulements pour une vitesse et une rotation libre.<\/p>\n<p>L&#8217;utilisation r\u00e9guli\u00e8re de Sonic Super Oil permet de maintenir vos roulements en parfait \u00e9tat sur le long terme.<\/p>\n<p><strong>SKATE COOL<\/strong><br \/>\n&#8211; Adh\u00e8re aux surfaces des roulements pour les prot\u00e9ger contre la chaleur et le frottement.<\/p>\n<p><strong>SKATE LONG<\/strong><br \/>\n&#8211; Prolonge la dur\u00e9e de vie des roulements &#8211; ne contient pas de combustibles fossiles et ne s&#8217;ab\u00eeme pas.<\/p>\n<p><strong>100% SYNTH\u00c9TIQUE<\/strong><br \/>\n&#8211; Cr\u00e9\u00e9 par des scientifiques dans un laboratoire<br \/>\n&#8211; Les mol\u00e9cules sont de taille uniforme (elles sont comme des soldats align\u00e9s pour d\u00e9fendre vos rep\u00e8res).<\/p>\n<p><strong>SPOT ON<\/strong><br \/>\n&#8211; Embout compte-gouttes pour une application pr\u00e9cise<br \/>\n&#8211; Le bouchon \u00e0 vis emp\u00eache les fuites<br \/>\n&#8211; Le flacon est recyclable<\/p>\n<p><strong>DIRECTIVES<\/strong><br \/>\n&#8211; Appliquez 2 \u00e0 3 gouttes dans le port.<\/p>\n<p>Made in USA<\/p>\n<div id=\"product_overview\" class=\"product_info-text has-divider full-width container-fluid\">\n<div class=\"product_info-read_more fixed-width\">\n<div class=\"check_read-inner\">\n<div>\n<ul>\n<li style=\"list-style-type: none;\">\n<ul>\n<li><\/li>\n<\/ul>\n<\/li>\n<\/ul>\n<p><strong>Note sur l&#8217;exp\u00e9dition<\/strong>: Ce produit n&#8217;est pas disponible pour les exp\u00e9ditions internationales.<\/p>\n<\/div>\n<\/div>\n<\/div>\n<\/div>\n<div id=\"product_specs\" class=\"product_info-text has-divider full-width container-fluid\">\n<h2>Sp\u00e9cifications<\/h2>\n<div class=\"product_info-read_more fixed-width\">\n<div class=\"check_read-inner\">\n<ul>\n<li>Lubrifiant haute performance pour patins.<\/li>\n<\/ul>\n<ul>\n<li>Augmente la vitesse des roulements et la rotation libre.<\/li>\n<\/ul>\n<\/div>\n<\/div>\n<\/div>\n<p>SKU #30070<\/p>\n","protected":false},"excerpt":{"rendered":"<p>Sonic\u00ae Super Oil Pourquoi choisir Sonic Super Oil ? LUBRIFIANT 100% SYNTH\u00c9TIQUE HAUTE PERFORMANCE POUR ROULEMENTS DE PATINS Vue d&#8217;ensemble Sonic Super Oil lubrifie les roulements des patins et les recouvre uniform\u00e9ment pour augmenter la vitesse et la libert\u00e9 de rotation. Cette Sonic Super Oil est une huile 100% synth\u00e9tique sans combustibles fossiles, ce qui [&hellip;]<\/p>\n","protected":false},"featured_media":20863,"comment_status":"open","ping_status":"closed","template":"","meta":{"_acf_changed":false,"_monsterinsights_skip_tracking":false,"_monsterinsights_sitenote_active":false,"_monsterinsights_sitenote_note":"","_monsterinsights_sitenote_category":0,"_uf_show_specific_survey":0,"_uf_disable_surveys":false,"site-sidebar-layout":"default","site-content-layout":"","ast-site-content-layout":"default","site-content-style":"default","site-sidebar-style":"default","ast-global-header-display":"","ast-banner-title-visibility":"","ast-main-header-display":"","ast-hfb-above-header-display":"","ast-hfb-below-header-display":"","ast-hfb-mobile-header-display":"","site-post-title":"","ast-breadcrumbs-content":"","ast-featured-img":"","footer-sml-layout":"","ast-disable-related-posts":"","theme-transparent-header-meta":"default","adv-header-id-meta":"","stick-header-meta":"","header-above-stick-meta":"","header-main-stick-meta":"","header-below-stick-meta":"","astra-migrate-meta-layouts":"set","ast-page-background-enabled":"default","ast-page-background-meta":{"desktop":{"background-color":"","background-image":"","background-repeat":"repeat","background-position":"center center","background-size":"auto","background-attachment":"scroll","background-type":"","background-media":"","overlay-type":"","overlay-color":"","overlay-opacity":"","overlay-gradient":""},"tablet":{"background-color":"","background-image":"","background-repeat":"repeat","background-position":"center center","background-size":"auto","background-attachment":"scroll","background-type":"","background-media":"","overlay-type":"","overlay-color":"","overlay-opacity":"","overlay-gradient":""},"mobile":{"background-color":"","background-image":"","background-repeat":"repeat","background-position":"center center","background-size":"auto","background-attachment":"scroll","background-type":"","background-media":"","overlay-type":"","overlay-color":"","overlay-opacity":"","overlay-gradient":""}},"ast-content-background-meta":{"desktop":{"background-color":"var(--ast-global-color-5)","background-image":"","background-repeat":"repeat","background-position":"center center","background-size":"auto","background-attachment":"scroll","background-type":"","background-media":"","overlay-type":"","overlay-color":"","overlay-opacity":"","overlay-gradient":""},"tablet":{"background-color":"var(--ast-global-color-5)","background-image":"","background-repeat":"repeat","background-position":"center center","background-size":"auto","background-attachment":"scroll","background-type":"","background-media":"","overlay-type":"","overlay-color":"","overlay-opacity":"","overlay-gradient":""},"mobile":{"background-color":"var(--ast-global-color-5)","background-image":"","background-repeat":"repeat","background-position":"center center","background-size":"auto","background-attachment":"scroll","background-type":"","background-media":"","overlay-type":"","overlay-color":"","overlay-opacity":"","overlay-gradient":""}}},"product_brand":[3340],"product_cat":[3381,3429,3407,3409],"product_tag":[3858,3857,3859,3856,3855],"class_list":{"0":"post-20861","1":"product","2":"type-product","3":"status-publish","4":"has-post-thumbnail","6":"product_brand-sonic","7":"product_cat-patinage-de-vitesse-en-ligne","8":"product_cat-pieces-et-outils","9":"product_cat-roulements","10":"product_cat-roulements-et-outils","11":"product_tag-huile-de-palier","12":"product_tag-huile-pour-roulements-en-ligne","13":"product_tag-sonic-super-oil","14":"product_tag-sonique","15":"product_tag-super-huile","16":"desktop-align-left","17":"tablet-align-left","18":"mobile-align-left","20":"first","21":"instock","22":"taxable","23":"shipping-taxable","24":"purchasable","25":"product-type-simple"},"acf":[],"_links":{"self":[{"href":"https:\/\/ztsports.com\/fr\/wp-json\/wp\/v2\/product\/20861","targetHints":{"allow":["GET"]}}],"collection":[{"href":"https:\/\/ztsports.com\/fr\/wp-json\/wp\/v2\/product"}],"about":[{"href":"https:\/\/ztsports.com\/fr\/wp-json\/wp\/v2\/types\/product"}],"replies":[{"embeddable":true,"href":"https:\/\/ztsports.com\/fr\/wp-json\/wp\/v2\/comments?post=20861"}],"version-history":[{"count":2,"href":"https:\/\/ztsports.com\/fr\/wp-json\/wp\/v2\/product\/20861\/revisions"}],"predecessor-version":[{"id":25531,"href":"https:\/\/ztsports.com\/fr\/wp-json\/wp\/v2\/product\/20861\/revisions\/25531"}],"wp:featuredmedia":[{"embeddable":true,"href":"https:\/\/ztsports.com\/fr\/wp-json\/wp\/v2\/media\/20863"}],"wp:attachment":[{"href":"https:\/\/ztsports.com\/fr\/wp-json\/wp\/v2\/media?parent=20861"}],"wp:term":[{"taxonomy":"product_brand","embeddable":true,"href":"https:\/\/ztsports.com\/fr\/wp-json\/wp\/v2\/product_brand?post=20861"},{"taxonomy":"product_cat","embeddable":true,"href":"https:\/\/ztsports.com\/fr\/wp-json\/wp\/v2\/product_cat?post=20861"},{"taxonomy":"product_tag","embeddable":true,"href":"https:\/\/ztsports.com\/fr\/wp-json\/wp\/v2\/product_tag?post=20861"}],"curies":[{"name":"wp","href":"https:\/\/api.w.org\/{rel}","templated":true}]}}