{"id":20850,"date":"2025-10-11T09:50:22","date_gmt":"2025-10-11T09:50:22","guid":{"rendered":"https:\/\/ztsports.com\/?post_type=product&#038;p=20850"},"modified":"2026-01-23T15:49:48","modified_gmt":"2026-01-23T15:49:48","slug":"bones-creme-rapide","status":"publish","type":"product","link":"https:\/\/ztsports.com\/fr\/store\/bones-creme-rapide\/","title":{"rendered":"BONES Cr\u00e8me rapide"},"content":{"rendered":"<h2 data-rm-block-id=\"block-1\">BONES Cr\u00e8me rapide<\/h2>\n<p data-rm-block-id=\"block-2\">Bones Speed Cream est un lubrifiant synth\u00e9tique pour patins \u00e0 haute temp\u00e9rature et \u00e0 faible viscosit\u00e9, sp\u00e9cialement formul\u00e9 par Bones\u00ae pour r\u00e9duire la friction et fournir un microfilm durable de lubrifiant pour prot\u00e9ger contre la corrosion.<\/p>\n<p data-rm-block-id=\"block-3\">Nous avons constat\u00e9 que ce lubrifiant est sup\u00e9rieur aux lubrifiants \u00e0 base de Teflon\u2122 dans les environnements de patinage. Speed Cream R.F. rend vos roulements plus rapides et dure tr\u00e8s longtemps. <\/p>\n<p data-rm-block-id=\"block-4\">La formule de course lubrifiante sp\u00e9cialement con\u00e7ue rend vos roulements plus rapides et prolonge leur dur\u00e9e de vie.<\/p>\n<h2 data-rm-block-id=\"block-5\">Sp\u00e9cifications<\/h2>\n<h2 data-rm-block-id=\"block-6\"><span style=\"font-size: 16px;\">Volume du produit (ml \/ oz) : <\/span><span style=\"font-size: 16px;\">15ml \/ 0.5oz<\/span><\/h2>\n","protected":false},"excerpt":{"rendered":"<p>BONES Cr\u00e8me rapide Bones Speed Cream est un lubrifiant synth\u00e9tique pour patins \u00e0 haute temp\u00e9rature et \u00e0 faible viscosit\u00e9, sp\u00e9cialement formul\u00e9 par Bones\u00ae pour r\u00e9duire la friction et fournir un microfilm durable de lubrifiant pour prot\u00e9ger contre la corrosion. Nous avons constat\u00e9 que ce lubrifiant est sup\u00e9rieur aux lubrifiants \u00e0 base de Teflon\u2122 dans les [&hellip;]<\/p>\n","protected":false},"featured_media":20852,"comment_status":"open","ping_status":"closed","template":"","meta":{"_acf_changed":false,"_monsterinsights_skip_tracking":false,"_monsterinsights_sitenote_active":false,"_monsterinsights_sitenote_note":"","_monsterinsights_sitenote_category":0,"_uf_show_specific_survey":0,"_uf_disable_surveys":false,"site-sidebar-layout":"default","site-content-layout":"","ast-site-content-layout":"default","site-content-style":"default","site-sidebar-style":"default","ast-global-header-display":"","ast-banner-title-visibility":"","ast-main-header-display":"","ast-hfb-above-header-display":"","ast-hfb-below-header-display":"","ast-hfb-mobile-header-display":"","site-post-title":"","ast-breadcrumbs-content":"","ast-featured-img":"","footer-sml-layout":"","ast-disable-related-posts":"","theme-transparent-header-meta":"","adv-header-id-meta":"","stick-header-meta":"","header-above-stick-meta":"","header-main-stick-meta":"","header-below-stick-meta":"","astra-migrate-meta-layouts":"default","ast-page-background-enabled":"default","ast-page-background-meta":{"desktop":{"background-color":"","background-image":"","background-repeat":"repeat","background-position":"center center","background-size":"auto","background-attachment":"scroll","background-type":"","background-media":"","overlay-type":"","overlay-color":"","overlay-opacity":"","overlay-gradient":""},"tablet":{"background-color":"","background-image":"","background-repeat":"repeat","background-position":"center center","background-size":"auto","background-attachment":"scroll","background-type":"","background-media":"","overlay-type":"","overlay-color":"","overlay-opacity":"","overlay-gradient":""},"mobile":{"background-color":"","background-image":"","background-repeat":"repeat","background-position":"center center","background-size":"auto","background-attachment":"scroll","background-type":"","background-media":"","overlay-type":"","overlay-color":"","overlay-opacity":"","overlay-gradient":""}},"ast-content-background-meta":{"desktop":{"background-color":"var(--ast-global-color-5)","background-image":"","background-repeat":"repeat","background-position":"center center","background-size":"auto","background-attachment":"scroll","background-type":"","background-media":"","overlay-type":"","overlay-color":"","overlay-opacity":"","overlay-gradient":""},"tablet":{"background-color":"var(--ast-global-color-5)","background-image":"","background-repeat":"repeat","background-position":"center center","background-size":"auto","background-attachment":"scroll","background-type":"","background-media":"","overlay-type":"","overlay-color":"","overlay-opacity":"","overlay-gradient":""},"mobile":{"background-color":"var(--ast-global-color-5)","background-image":"","background-repeat":"repeat","background-position":"center center","background-size":"auto","background-attachment":"scroll","background-type":"","background-media":"","overlay-type":"","overlay-color":"","overlay-opacity":"","overlay-gradient":""}}},"product_brand":[3284],"product_cat":[3402,3381,3408,3429,3407,3409],"product_tag":[4454,4455,4456,4457],"class_list":{"0":"post-20850","1":"product","2":"type-product","3":"status-publish","4":"has-post-thumbnail","6":"product_brand-bones","7":"product_cat-en-ligne","8":"product_cat-patinage-de-vitesse-en-ligne","9":"product_cat-patins-a-roulettes","10":"product_cat-pieces-et-outils","11":"product_cat-roulements","12":"product_cat-roulements-et-outils","13":"product_tag-bones-creme-rapide","14":"product_tag-creme","15":"product_tag-roulements-outils-dentretien","16":"product_tag-vitesse-des-os","17":"desktop-align-left","18":"tablet-align-left","19":"mobile-align-left","21":"first","22":"instock","23":"taxable","24":"shipping-taxable","25":"purchasable","26":"product-type-simple"},"acf":[],"_links":{"self":[{"href":"https:\/\/ztsports.com\/fr\/wp-json\/wp\/v2\/product\/20850","targetHints":{"allow":["GET"]}}],"collection":[{"href":"https:\/\/ztsports.com\/fr\/wp-json\/wp\/v2\/product"}],"about":[{"href":"https:\/\/ztsports.com\/fr\/wp-json\/wp\/v2\/types\/product"}],"replies":[{"embeddable":true,"href":"https:\/\/ztsports.com\/fr\/wp-json\/wp\/v2\/comments?post=20850"}],"version-history":[{"count":1,"href":"https:\/\/ztsports.com\/fr\/wp-json\/wp\/v2\/product\/20850\/revisions"}],"predecessor-version":[{"id":20851,"href":"https:\/\/ztsports.com\/fr\/wp-json\/wp\/v2\/product\/20850\/revisions\/20851"}],"wp:featuredmedia":[{"embeddable":true,"href":"https:\/\/ztsports.com\/fr\/wp-json\/wp\/v2\/media\/20852"}],"wp:attachment":[{"href":"https:\/\/ztsports.com\/fr\/wp-json\/wp\/v2\/media?parent=20850"}],"wp:term":[{"taxonomy":"product_brand","embeddable":true,"href":"https:\/\/ztsports.com\/fr\/wp-json\/wp\/v2\/product_brand?post=20850"},{"taxonomy":"product_cat","embeddable":true,"href":"https:\/\/ztsports.com\/fr\/wp-json\/wp\/v2\/product_cat?post=20850"},{"taxonomy":"product_tag","embeddable":true,"href":"https:\/\/ztsports.com\/fr\/wp-json\/wp\/v2\/product_tag?post=20850"}],"curies":[{"name":"wp","href":"https:\/\/api.w.org\/{rel}","templated":true}]}}