{"id":20847,"date":"2025-02-27T18:08:02","date_gmt":"2025-02-27T18:08:02","guid":{"rendered":"https:\/\/ztsports.com\/?post_type=product&#038;p=20847"},"modified":"2026-04-16T20:05:56","modified_gmt":"2026-04-16T20:05:56","slug":"gants-brillants-x-series","status":"publish","type":"product","link":"https:\/\/ztsports.com\/fr\/store\/gants-brillants-x-series\/","title":{"rendered":"Gants brillants X-Series"},"content":{"rendered":"<p data-rm-block-id=\"block-1\">Gants X-Series Shiny White<\/p>\n<p data-rm-block-id=\"block-2\">M\u00eame gant que le gant Extreme de notre s\u00e9rie mais avec une mati\u00e8re brillante sur le dos de la main.<\/p>\n<p data-rm-block-id=\"block-2\">Gants brillants X-Series Gant confortable et r\u00e9sistant aux coupures.<\/p>\n<p data-rm-block-id=\"block-4\">Ce gant offre plus de chaleur, plus d&#8217;imperm\u00e9abilit\u00e9 et est de niveau de coupe 4.<\/p>\n<p data-rm-block-id=\"block-5\">Gants brillants X-Series blancs<\/p>\n<p data-rm-block-id=\"block-6\">M\u00eame gant que le gant Extreme de notre s\u00e9rie mais avec une mati\u00e8re brillante sur le dos de la main. Gant confortable et r\u00e9sistant aux coupures. Ce gant offre plus de chaleur, plus d&#8217;imperm\u00e9abilit\u00e9 et est avec un niveau de coupe 4.<\/p>\n<p data-rm-block-id=\"block-7\">Ils ne sont disponibles qu&#8217;en blanc<\/p>\n<p data-rm-block-id=\"block-8\">&#8211; Elles sont fabriqu\u00e9es en cuir synth\u00e9tique et en micro-maille.<\/p>\n<p data-rm-block-id=\"block-9\">&#8211; Le mat\u00e9riau r\u00e9sistant \u00e0 la coupure est le Spectra et le niveau de coupure est de 4.<\/p>\n<p data-rm-block-id=\"block-10\">Voir d&#8217;autres mod\u00e8les <a href=\"https:\/\/ztsports.com\/categorie-produit\/protection\/gants\/?lang=fr\"><br \/>\n<strong>Ici.<\/strong><br \/>\n<\/a><\/p>\n<p data-rm-block-id=\"block-11\"><img decoding=\"async\" src=\"https:\/\/ztsports.com\/wp-content\/uploads\/2025\/02\/GLOVE-SIZE-2-3.jpg\" \/><\/p>\n<h6 data-rm-block-id=\"block-12\">Durabilit\u00e9 et long\u00e9vit\u00e9<\/h6>\n<p data-rm-block-id=\"block-13\">Les v\u00eatements fabriqu\u00e9s avec la fibre Spectra pr\u00e9sentent une excellente durabilit\u00e9 et ont une dur\u00e9e de vie plus longue que ceux fabriqu\u00e9s avec d&#8217;autres mat\u00e9riaux. Les propri\u00e9t\u00e9s exceptionnelles de r\u00e9sistance \u00e0 l&#8217;abrasion de la fibre Spectra, dont sont faits nos gants de patinage brillants X-Series, se traduisent par un v\u00eatement qui est mieux \u00e0 m\u00eame de r\u00e9sister \u00e0 l&#8217;usure et \u00e0 la d\u00e9chirure d&#8217;un usage intensif.<\/p>\n<h6 data-rm-block-id=\"block-14\">Confort Gants brillants X-Series<\/h6>\n<p data-rm-block-id=\"block-15\">Le confort est essentiel dans les situations de travail physiquement exigeantes. La l\u00e9g\u00e8ret\u00e9, la respirabilit\u00e9 et la faible absorption d&#8217;humidit\u00e9 des v\u00eatements fabriqu\u00e9s avec la fibre Spectra permettent aux travailleurs de rester au frais, ce qui est particuli\u00e8rement important lorsque les t\u00e2ches sont effectu\u00e9es dans des environnements tr\u00e8s chauds, comme \u00e0 l&#8217;ext\u00e9rieur sur<br \/>\nun jour d&#8217;\u00e9t\u00e9 ou \u00e0 l&#8217;int\u00e9rieur d&#8217;une cuisine de restaurant br\u00fblante.<\/p>\n<h6 data-rm-block-id=\"block-16\">Notre leadership et notre expertise<\/h6>\n<p data-rm-block-id=\"block-17\">dans la protection contre les coupures Les mat\u00e9riaux r\u00e9sistants aux coupures d&#8217;Honeywell sont \u00e0 la pointe de la s\u00e9curit\u00e9 sur le lieu de travail. Ils utilisent la fibre Spectra pour offrir une protection contre les coupures de haut niveau, une dext\u00e9rit\u00e9 et un confort ultimes dans les v\u00eatements de protection. Gr\u00e2ce \u00e0 ses vastes capacit\u00e9s internes de recherche et de d\u00e9veloppement de mat\u00e9riaux, associ\u00e9es \u00e0 un r\u00e9seau mondial de vente et d&#8217;assistance technique, Honeywell offre les ressources n\u00e9cessaires pour soutenir votre entreprise.<\/p>\n<p data-rm-block-id=\"block-18\"><a href=\"https:\/\/industrial.honeywell.com\/content\/dam\/industrial\/en\/documents\/document-lists\/marketing\/SpectraFiber-CutProtection-SellSheet.pdf\" target=\"_blank\" rel=\"noopener\">En savoir plus sur Honeywell ici !<\/a><\/p>\n","protected":false},"excerpt":{"rendered":"<p>Gants X-Series Shiny White M\u00eame gant que le gant Extreme de notre s\u00e9rie mais avec une mati\u00e8re brillante sur le dos de la main. Gants brillants X-Series Gant confortable et r\u00e9sistant aux coupures. Ce gant offre plus de chaleur, plus d&#8217;imperm\u00e9abilit\u00e9 et est de niveau de coupe 4. Gants brillants X-Series blancs M\u00eame gant que [&hellip;]<\/p>\n","protected":false},"featured_media":20849,"comment_status":"open","ping_status":"closed","template":"","meta":{"_acf_changed":false,"_monsterinsights_skip_tracking":false,"_monsterinsights_sitenote_active":false,"_monsterinsights_sitenote_note":"","_monsterinsights_sitenote_category":0,"_uf_show_specific_survey":0,"_uf_disable_surveys":false,"site-sidebar-layout":"default","site-content-layout":"","ast-site-content-layout":"default","site-content-style":"default","site-sidebar-style":"default","ast-global-header-display":"","ast-banner-title-visibility":"","ast-main-header-display":"","ast-hfb-above-header-display":"","ast-hfb-below-header-display":"","ast-hfb-mobile-header-display":"","site-post-title":"","ast-breadcrumbs-content":"","ast-featured-img":"","footer-sml-layout":"","ast-disable-related-posts":"","theme-transparent-header-meta":"default","adv-header-id-meta":"","stick-header-meta":"","header-above-stick-meta":"","header-main-stick-meta":"","header-below-stick-meta":"","astra-migrate-meta-layouts":"set","ast-page-background-enabled":"default","ast-page-background-meta":{"desktop":{"background-color":"","background-image":"","background-repeat":"repeat","background-position":"center center","background-size":"auto","background-attachment":"scroll","background-type":"","background-media":"","overlay-type":"","overlay-color":"","overlay-opacity":"","overlay-gradient":""},"tablet":{"background-color":"","background-image":"","background-repeat":"repeat","background-position":"center center","background-size":"auto","background-attachment":"scroll","background-type":"","background-media":"","overlay-type":"","overlay-color":"","overlay-opacity":"","overlay-gradient":""},"mobile":{"background-color":"","background-image":"","background-repeat":"repeat","background-position":"center center","background-size":"auto","background-attachment":"scroll","background-type":"","background-media":"","overlay-type":"","overlay-color":"","overlay-opacity":"","overlay-gradient":""}},"ast-content-background-meta":{"desktop":{"background-color":"var(--ast-global-color-5)","background-image":"","background-repeat":"repeat","background-position":"center center","background-size":"auto","background-attachment":"scroll","background-type":"","background-media":"","overlay-type":"","overlay-color":"","overlay-opacity":"","overlay-gradient":""},"tablet":{"background-color":"var(--ast-global-color-5)","background-image":"","background-repeat":"repeat","background-position":"center center","background-size":"auto","background-attachment":"scroll","background-type":"","background-media":"","overlay-type":"","overlay-color":"","overlay-opacity":"","overlay-gradient":""},"mobile":{"background-color":"var(--ast-global-color-5)","background-image":"","background-repeat":"repeat","background-position":"center center","background-size":"auto","background-attachment":"scroll","background-type":"","background-media":"","overlay-type":"","overlay-color":"","overlay-opacity":"","overlay-gradient":""}}},"product_brand":[3358,3360],"product_cat":[3392,3395,3483,3480,3481,3467,3482],"product_tag":[4452,4453,4062],"class_list":{"0":"post-20847","1":"product","2":"type-product","3":"status-publish","4":"has-post-thumbnail","6":"product_brand-x-series","7":"product_brand-xact","8":"product_cat-accessoires-short-track","9":"product_cat-courte-piste","10":"product_cat-gants","11":"product_cat-gants-blancs","12":"product_cat-gants-pour-short-track","13":"product_cat-patinage-de-vitesse","14":"product_cat-protection-contre-les-coupures","15":"product_tag-gants-brillants","16":"product_tag-gants-brillants-x-series","17":"product_tag-serie-x","18":"desktop-align-left","19":"tablet-align-left","20":"mobile-align-left","22":"first","23":"instock","24":"taxable","25":"shipping-taxable","26":"purchasable","27":"product-type-simple"},"acf":[],"_links":{"self":[{"href":"https:\/\/ztsports.com\/fr\/wp-json\/wp\/v2\/product\/20847","targetHints":{"allow":["GET"]}}],"collection":[{"href":"https:\/\/ztsports.com\/fr\/wp-json\/wp\/v2\/product"}],"about":[{"href":"https:\/\/ztsports.com\/fr\/wp-json\/wp\/v2\/types\/product"}],"replies":[{"embeddable":true,"href":"https:\/\/ztsports.com\/fr\/wp-json\/wp\/v2\/comments?post=20847"}],"version-history":[{"count":3,"href":"https:\/\/ztsports.com\/fr\/wp-json\/wp\/v2\/product\/20847\/revisions"}],"predecessor-version":[{"id":25557,"href":"https:\/\/ztsports.com\/fr\/wp-json\/wp\/v2\/product\/20847\/revisions\/25557"}],"wp:featuredmedia":[{"embeddable":true,"href":"https:\/\/ztsports.com\/fr\/wp-json\/wp\/v2\/media\/20849"}],"wp:attachment":[{"href":"https:\/\/ztsports.com\/fr\/wp-json\/wp\/v2\/media?parent=20847"}],"wp:term":[{"taxonomy":"product_brand","embeddable":true,"href":"https:\/\/ztsports.com\/fr\/wp-json\/wp\/v2\/product_brand?post=20847"},{"taxonomy":"product_cat","embeddable":true,"href":"https:\/\/ztsports.com\/fr\/wp-json\/wp\/v2\/product_cat?post=20847"},{"taxonomy":"product_tag","embeddable":true,"href":"https:\/\/ztsports.com\/fr\/wp-json\/wp\/v2\/product_tag?post=20847"}],"curies":[{"name":"wp","href":"https:\/\/api.w.org\/{rel}","templated":true}]}}