{"id":20844,"date":"2025-10-06T16:43:08","date_gmt":"2025-10-06T16:43:08","guid":{"rendered":"https:\/\/ztsports.com\/?post_type=product&#038;p=20844"},"modified":"2026-04-16T14:44:59","modified_gmt":"2026-04-16T14:44:59","slug":"gants-de-patinage-extreme","status":"publish","type":"product","link":"https:\/\/ztsports.com\/fr\/store\/gants-de-patinage-extreme\/","title":{"rendered":"Gants de patinage X-Series Extreme"},"content":{"rendered":"<h1 class=\"product_title entry-title\" data-rm-block-id=\"block-1\">Gants de patinage X-Series Extreme<\/h1>\n<p data-rm-block-id=\"block-2\">Gants X-Series Extreme blancs<\/p>\n<p data-rm-block-id=\"block-3\">Le gant le plus confortable et le plus r\u00e9sistant aux coupures. Ce gant offre plus de chaleur et est de niveau de coupe 4.<\/p>\n<p data-rm-block-id=\"block-4\">Nos gants de patinage X-Series Extreme sont con\u00e7us pour un maximum de confort et de s\u00e9curit\u00e9 pendant le patinage.<\/p>\n<p data-rm-block-id=\"block-5\">Ils sont disponibles en 2 versions : <a href=\"https:\/\/ztsports.com\/produit\/gants-short-track-x-gloves\/?lang=fr\">noir\/blanc<\/a> et blanc\/blanc.<\/p>\n<p data-rm-block-id=\"block-6\">Gants X-Series Extreme blancs<\/p>\n<h5 class=\"serp-title\"><mark>Gants de patinage extr\u00eame<\/mark><\/h5>\n<p data-rm-block-id=\"block-7\">Le gant le plus confortable et le plus r\u00e9sistant aux coupures. Ce gant offre plus de chaleur et est de niveau de coupe 4.<\/p>\n<p data-rm-block-id=\"block-8\">Ils sont disponibles en 2 versions : blanc\/noir et blanc\/blanc.<\/p>\n<p data-rm-block-id=\"block-9\">&#8211; Elles sont fabriqu\u00e9es en cuir synth\u00e9tique et en micro-maille.<\/p>\n<p data-rm-block-id=\"block-10\">&#8211; Le mat\u00e9riau r\u00e9sistant \u00e0 la coupure est le Spectra et le niveau de coupure est de 4.<\/p>\n<p data-rm-block-id=\"block-11\">Avec la bonne adh\u00e9rence et la bonne protection, ces gants de patinage Extreme vous garantissent une meilleure exp\u00e9rience de patinage.<\/p>\n<p data-rm-block-id=\"block-12\">Voir d&#8217;autres mod\u00e8les <a href=\"https:\/\/xactskateshop.com\/product-category\/speed-skating\/short-track\/short-track-protection-gear\/gloves-tips\/\" target=\"_blank\" rel=\"noopener\">ici !<\/a><\/p>\n<h6 data-rm-block-id=\"block-13\">Durabilit\u00e9 et long\u00e9vit\u00e9<\/h6>\n<p data-rm-block-id=\"block-14\">Les v\u00eatements fabriqu\u00e9s avec la fibre Spectra pr\u00e9sentent une excellente durabilit\u00e9 et ont une dur\u00e9e de vie plus longue que ceux fabriqu\u00e9s avec d&#8217;autres mat\u00e9riaux. Les propri\u00e9t\u00e9s exceptionnelles de r\u00e9sistance \u00e0 l&#8217;abrasion de la fibre Spectra, dont sont faits nos gants blancs X-Series Extreme, se traduisent par un v\u00eatement plus apte \u00e0 r\u00e9sister \u00e0 l&#8217;usure et aux d\u00e9chirures d&#8217;un usage intensif.<\/p>\n<p data-rm-block-id=\"block-15\">Choisir le bon \u00e9quipement, comme nos gants de patinage Extreme, peut faire une diff\u00e9rence significative en termes de performance.<\/p>\n<h5 class=\"serp-title\"><mark>Gants de patinage extr\u00eame <\/mark>Confort<\/h5>\n<p data-rm-block-id=\"block-17\">Le confort est essentiel dans les situations de travail physiquement exigeantes. La l\u00e9g\u00e8ret\u00e9, la respirabilit\u00e9 et la faible absorption d&#8217;humidit\u00e9 des v\u00eatements fabriqu\u00e9s avec la fibre Spectra permettent aux travailleurs de rester au frais, ce qui est particuli\u00e8rement important lorsque les t\u00e2ches sont effectu\u00e9es dans des environnements tr\u00e8s chauds, comme \u00e0 l&#8217;ext\u00e9rieur sur<br \/>\nun jour d&#8217;\u00e9t\u00e9 ou \u00e0 l&#8217;int\u00e9rieur d&#8217;une cuisine de restaurant br\u00fblante.<\/p>\n<h6 data-rm-block-id=\"block-18\">Notre leadership et notre expertise<\/h6>\n<p data-rm-block-id=\"block-19\">dans la protection contre les coupures Les mat\u00e9riaux r\u00e9sistants aux coupures d&#8217;Honeywell sont \u00e0 la pointe de la s\u00e9curit\u00e9 sur le lieu de travail. Ils utilisent la fibre Spectra pour offrir une protection contre les coupures de haut niveau, une dext\u00e9rit\u00e9 et un confort ultimes dans les v\u00eatements de protection. Gr\u00e2ce \u00e0 ses vastes capacit\u00e9s internes de recherche et de d\u00e9veloppement de mat\u00e9riaux, associ\u00e9es \u00e0 un r\u00e9seau mondial de vente et d&#8217;assistance technique, Honeywell offre les ressources n\u00e9cessaires pour soutenir votre entreprise.<\/p>\n<p data-rm-block-id=\"block-20\"><a href=\"https:\/\/industrial.honeywell.com\/content\/dam\/industrial\/en\/documents\/document-lists\/marketing\/SpectraFiber-CutProtection-SellSheet.pdf\" target=\"_blank\" rel=\"noopener\">En savoir plus sur Honeywell ici !<\/a><\/p>\n<p data-rm-block-id=\"block-21\"><img decoding=\"async\" src=\"https:\/\/xactskateshop.com\/wp-content\/uploads\/2020\/09\/GLOVE-SIZE-2.jpg\" alt=\"Gants de patinage X-Series Extreme - Image 2\" \/><\/p>\n","protected":false},"excerpt":{"rendered":"<p>Gants de patinage X-Series Extreme Gants X-Series Extreme blancs Le gant le plus confortable et le plus r\u00e9sistant aux coupures. Ce gant offre plus de chaleur et est de niveau de coupe 4. Nos gants de patinage X-Series Extreme sont con\u00e7us pour un maximum de confort et de s\u00e9curit\u00e9 pendant le patinage. Ils sont disponibles [&hellip;]<\/p>\n","protected":false},"featured_media":20846,"comment_status":"open","ping_status":"closed","template":"","meta":{"_acf_changed":false,"_monsterinsights_skip_tracking":false,"_monsterinsights_sitenote_active":false,"_monsterinsights_sitenote_note":"","_monsterinsights_sitenote_category":0,"_uf_show_specific_survey":0,"_uf_disable_surveys":false,"site-sidebar-layout":"default","site-content-layout":"","ast-site-content-layout":"default","site-content-style":"default","site-sidebar-style":"default","ast-global-header-display":"","ast-banner-title-visibility":"","ast-main-header-display":"","ast-hfb-above-header-display":"","ast-hfb-below-header-display":"","ast-hfb-mobile-header-display":"","site-post-title":"","ast-breadcrumbs-content":"","ast-featured-img":"","footer-sml-layout":"","ast-disable-related-posts":"","theme-transparent-header-meta":"default","adv-header-id-meta":"","stick-header-meta":"","header-above-stick-meta":"","header-main-stick-meta":"","header-below-stick-meta":"","astra-migrate-meta-layouts":"set","ast-page-background-enabled":"default","ast-page-background-meta":{"desktop":{"background-color":"","background-image":"","background-repeat":"repeat","background-position":"center center","background-size":"auto","background-attachment":"scroll","background-type":"","background-media":"","overlay-type":"","overlay-color":"","overlay-opacity":"","overlay-gradient":""},"tablet":{"background-color":"","background-image":"","background-repeat":"repeat","background-position":"center center","background-size":"auto","background-attachment":"scroll","background-type":"","background-media":"","overlay-type":"","overlay-color":"","overlay-opacity":"","overlay-gradient":""},"mobile":{"background-color":"","background-image":"","background-repeat":"repeat","background-position":"center center","background-size":"auto","background-attachment":"scroll","background-type":"","background-media":"","overlay-type":"","overlay-color":"","overlay-opacity":"","overlay-gradient":""}},"ast-content-background-meta":{"desktop":{"background-color":"var(--ast-global-color-5)","background-image":"","background-repeat":"repeat","background-position":"center center","background-size":"auto","background-attachment":"scroll","background-type":"","background-media":"","overlay-type":"","overlay-color":"","overlay-opacity":"","overlay-gradient":""},"tablet":{"background-color":"var(--ast-global-color-5)","background-image":"","background-repeat":"repeat","background-position":"center center","background-size":"auto","background-attachment":"scroll","background-type":"","background-media":"","overlay-type":"","overlay-color":"","overlay-opacity":"","overlay-gradient":""},"mobile":{"background-color":"var(--ast-global-color-5)","background-image":"","background-repeat":"repeat","background-position":"center center","background-size":"auto","background-attachment":"scroll","background-type":"","background-media":"","overlay-type":"","overlay-color":"","overlay-opacity":"","overlay-gradient":""}}},"product_brand":[3358,3361,3359,3360],"product_cat":[3396,3750,3483,3480,3536,3481,3482],"product_tag":[3484,4450,4451,4062],"class_list":{"0":"post-20844","1":"product","2":"type-product","3":"status-publish","4":"has-post-thumbnail","6":"product_brand-x-series","7":"product_brand-x-series-xact","8":"product_brand-x-tech","9":"product_brand-xact","10":"product_cat-accessories","11":"product_cat-equipement-de-protection-pour-le-patinage-de-vitesse","12":"product_cat-gants","13":"product_cat-gants-blancs","14":"product_cat-gants-de-patinage-de-vitesse","15":"product_cat-gants-pour-short-track","16":"product_cat-protection-contre-les-coupures","17":"product_tag-equipement-de-protection-pour-le-patinage","18":"product_tag-gants-de-patinage-extreme","19":"product_tag-gants-et-conseils","20":"product_tag-serie-x","21":"desktop-align-left","22":"tablet-align-left","23":"mobile-align-left","25":"first","26":"instock","27":"taxable","28":"shipping-taxable","29":"purchasable","30":"product-type-simple"},"acf":[],"_links":{"self":[{"href":"https:\/\/ztsports.com\/fr\/wp-json\/wp\/v2\/product\/20844","targetHints":{"allow":["GET"]}}],"collection":[{"href":"https:\/\/ztsports.com\/fr\/wp-json\/wp\/v2\/product"}],"about":[{"href":"https:\/\/ztsports.com\/fr\/wp-json\/wp\/v2\/types\/product"}],"replies":[{"embeddable":true,"href":"https:\/\/ztsports.com\/fr\/wp-json\/wp\/v2\/comments?post=20844"}],"version-history":[{"count":3,"href":"https:\/\/ztsports.com\/fr\/wp-json\/wp\/v2\/product\/20844\/revisions"}],"predecessor-version":[{"id":25538,"href":"https:\/\/ztsports.com\/fr\/wp-json\/wp\/v2\/product\/20844\/revisions\/25538"}],"wp:featuredmedia":[{"embeddable":true,"href":"https:\/\/ztsports.com\/fr\/wp-json\/wp\/v2\/media\/20846"}],"wp:attachment":[{"href":"https:\/\/ztsports.com\/fr\/wp-json\/wp\/v2\/media?parent=20844"}],"wp:term":[{"taxonomy":"product_brand","embeddable":true,"href":"https:\/\/ztsports.com\/fr\/wp-json\/wp\/v2\/product_brand?post=20844"},{"taxonomy":"product_cat","embeddable":true,"href":"https:\/\/ztsports.com\/fr\/wp-json\/wp\/v2\/product_cat?post=20844"},{"taxonomy":"product_tag","embeddable":true,"href":"https:\/\/ztsports.com\/fr\/wp-json\/wp\/v2\/product_tag?post=20844"}],"curies":[{"name":"wp","href":"https:\/\/api.w.org\/{rel}","templated":true}]}}