{"id":20838,"date":"2025-09-25T18:53:17","date_gmt":"2025-09-25T18:53:17","guid":{"rendered":"https:\/\/ztsports.com\/?post_type=product&#038;p=20838"},"modified":"2026-01-23T15:51:29","modified_gmt":"2026-01-23T15:51:29","slug":"bont-pierre-a-aiguiser-en-diamant","status":"publish","type":"product","link":"https:\/\/ztsports.com\/fr\/store\/bont-pierre-a-aiguiser-en-diamant\/","title":{"rendered":"BONT Pierre \u00e0 aiguiser en diamant"},"content":{"rendered":"<h1 class=\"product_title entry-title\" data-rm-block-id=\"block-1\">Pierre \u00e0 aiguiser diamant\u00e9e BONT &#8211; L&#8217;outil indispensable \u00e0 tout aiguisage<\/h1>\n<p data-rm-block-id=\"block-2\">En r\u00e9sum\u00e9, pour toute personne soucieuse de l&#8217;entretien de ses outils, la pierre \u00e0 aiguiser BONT Diamond est un atout indispensable. Sa conception et sa fonctionnalit\u00e9 sup\u00e9rieures en font un choix exceptionnel pour les besoins d&#8217;aff\u00fbtage. <\/p>\n<p data-rm-block-id=\"block-3\">La conception compacte de la pierre \u00e0 aiguiser BONT Diamond permet de la ranger facilement dans n&#8217;importe quel espace de travail, minimisant ainsi l&#8217;encombrement tout en s&#8217;assurant qu&#8217;elle est toujours \u00e0 port\u00e9e de main lorsque vous en avez besoin.<\/p>\n<p data-rm-block-id=\"block-4\">\u00c9tablissez un calendrier d&#8217;aff\u00fbtage en fonction de l&#8217;utilisation que vous faites de vos outils afin d&#8217;en pr\u00e9server l&#8217;efficacit\u00e9. Un entretien r\u00e9gulier vous permettra de conserver des ar\u00eates tranchantes et fiables. <\/p>\n<p data-rm-block-id=\"block-5\">Pour ceux qui utilisent r\u00e9guli\u00e8rement des outils de coupe, il est essentiel d&#8217;investir dans une pierre \u00e0 aiguiser de qualit\u00e9 comme la pierre BONT. Un aff\u00fbtage r\u00e9gulier permet non seulement de prolonger la dur\u00e9e de vie de vos outils, mais aussi d&#8217;en am\u00e9liorer les performances. <\/p>\n<p data-rm-block-id=\"block-6\">Que vous soyez un professionnel exp\u00e9riment\u00e9 ou un d\u00e9butant enthousiaste, la pierre \u00e0 aiguiser BONT Diamond am\u00e9liorera votre exp\u00e9rience d&#8217;aiguisage, produisant des bords tranchants comme des rasoirs \u00e0 chaque fois.<\/p>\n<p data-rm-block-id=\"block-7\">Con\u00e7ue pour la commodit\u00e9, mouillez la pierre avant de l&#8217;utiliser pour am\u00e9liorer sa capacit\u00e9 d&#8217;aff\u00fbtage. La structure en nid d&#8217;abeille emp\u00eache l&#8217;accumulation, ce qui vous permet de travailler efficacement sans interruption. <\/p>\n<p data-rm-block-id=\"block-8\">L&#8217;aff\u00fbtage avec cette pierre est simple : maintenez un angle constant pour des r\u00e9sultats optimaux. Le grain 800 est id\u00e9al pour une restauration importante des bords, tandis que le grain 1600 permet d&#8217;obtenir une finition raffin\u00e9e. <\/p>\n<p data-rm-block-id=\"block-9\">La pierre \u00e0 aiguiser BONT Diamond convient \u00e0 une grande vari\u00e9t\u00e9 de lames, y compris celles utilis\u00e9es dans le domaine culinaire, le travail du bois et les activit\u00e9s de plein air, garantissant qu&#8217;elles restent aiguis\u00e9es et efficaces.<\/p>\n<p data-rm-block-id=\"block-10\">Nouveau cet automne ! Am\u00e9liorez votre routine d&#8217;aff\u00fbtage avec les derni\u00e8res nouveaut\u00e9s de BONT. <\/p>\n<p data-rm-block-id=\"block-11\">D\u00e9couvrez la pierre \u00e0 aiguiser diamant\u00e9e BONT, m\u00e9ticuleusement con\u00e7ue pour la pr\u00e9cision et la facilit\u00e9 d&#8217;utilisation.<\/p>\n<p data-rm-block-id=\"block-12\">Avec une combinaison de grains de 800\/1600, cette pierre \u00e0 aiguiser est suffisamment polyvalente pour toutes les t\u00e2ches d&#8217;aiguisage.<\/p>\n<p data-rm-block-id=\"block-13\">Dimensions : 286 mm x 70 mm (ext\u00e9rieur) &#8211; con\u00e7u pour une manipulation et un stockage faciles.<\/p>\n<p data-rm-block-id=\"block-14\">Dimensions : 200 mm x 70 mm (plaques) &#8211; offrant une surface robuste pour l&#8217;aff\u00fbtage.<\/p>\n<p data-rm-block-id=\"block-15\">Gr\u00e2ce \u00e0 la technologie innovante du diamant en nid d&#8217;abeille, cette pierre excelle dans le polissage, ce qui la rend parfaite pour la finition des bords sans le stress de l&#8217;aiguisage brut.<\/p>\n","protected":false},"excerpt":{"rendered":"<p>Pierre \u00e0 aiguiser diamant\u00e9e BONT &#8211; L&#8217;outil indispensable \u00e0 tout aiguisage En r\u00e9sum\u00e9, pour toute personne soucieuse de l&#8217;entretien de ses outils, la pierre \u00e0 aiguiser BONT Diamond est un atout indispensable. Sa conception et sa fonctionnalit\u00e9 sup\u00e9rieures en font un choix exceptionnel pour les besoins d&#8217;aff\u00fbtage. La conception compacte de la pierre \u00e0 aiguiser [&hellip;]<\/p>\n","protected":false},"featured_media":20840,"comment_status":"open","ping_status":"closed","template":"","meta":{"_acf_changed":false,"_monsterinsights_skip_tracking":false,"_monsterinsights_sitenote_active":false,"_monsterinsights_sitenote_note":"","_monsterinsights_sitenote_category":0,"_uf_show_specific_survey":0,"_uf_disable_surveys":false,"site-sidebar-layout":"default","site-content-layout":"","ast-site-content-layout":"default","site-content-style":"default","site-sidebar-style":"default","ast-global-header-display":"","ast-banner-title-visibility":"","ast-main-header-display":"","ast-hfb-above-header-display":"","ast-hfb-below-header-display":"","ast-hfb-mobile-header-display":"","site-post-title":"","ast-breadcrumbs-content":"","ast-featured-img":"","footer-sml-layout":"","ast-disable-related-posts":"","theme-transparent-header-meta":"","adv-header-id-meta":"","stick-header-meta":"","header-above-stick-meta":"","header-main-stick-meta":"","header-below-stick-meta":"","astra-migrate-meta-layouts":"default","ast-page-background-enabled":"default","ast-page-background-meta":{"desktop":{"background-color":"","background-image":"","background-repeat":"repeat","background-position":"center center","background-size":"auto","background-attachment":"scroll","background-type":"","background-media":"","overlay-type":"","overlay-color":"","overlay-opacity":"","overlay-gradient":""},"tablet":{"background-color":"","background-image":"","background-repeat":"repeat","background-position":"center center","background-size":"auto","background-attachment":"scroll","background-type":"","background-media":"","overlay-type":"","overlay-color":"","overlay-opacity":"","overlay-gradient":""},"mobile":{"background-color":"","background-image":"","background-repeat":"repeat","background-position":"center center","background-size":"auto","background-attachment":"scroll","background-type":"","background-media":"","overlay-type":"","overlay-color":"","overlay-opacity":"","overlay-gradient":""}},"ast-content-background-meta":{"desktop":{"background-color":"var(--ast-global-color-5)","background-image":"","background-repeat":"repeat","background-position":"center center","background-size":"auto","background-attachment":"scroll","background-type":"","background-media":"","overlay-type":"","overlay-color":"","overlay-opacity":"","overlay-gradient":""},"tablet":{"background-color":"var(--ast-global-color-5)","background-image":"","background-repeat":"repeat","background-position":"center center","background-size":"auto","background-attachment":"scroll","background-type":"","background-media":"","overlay-type":"","overlay-color":"","overlay-opacity":"","overlay-gradient":""},"mobile":{"background-color":"var(--ast-global-color-5)","background-image":"","background-repeat":"repeat","background-position":"center center","background-size":"auto","background-attachment":"scroll","background-type":"","background-media":"","overlay-type":"","overlay-color":"","overlay-opacity":"","overlay-gradient":""}}},"product_brand":[3285],"product_cat":[3743,3455,3393,3470,3514,4449,3468,3469],"product_tag":[3516,3040,1794],"class_list":{"0":"post-20838","1":"product","2":"type-product","3":"status-publish","4":"has-post-thumbnail","6":"product_brand-bont","7":"product_cat-accessoires-daffutage","8":"product_cat-accessories","9":"product_cat-aiguisage","10":"product_cat-des-pierres","11":"product_cat-entretien-des-lames","12":"product_cat-equipement-de-matage-des-lames","13":"product_cat-pierres-a-aiguiser","14":"product_cat-pierres-de-diamant","15":"product_tag-entretien-des-lames","16":"product_tag-sharpening","17":"product_tag-speed-skating","18":"desktop-align-left","19":"tablet-align-left","20":"mobile-align-left","22":"first","23":"instock","24":"sale","25":"taxable","26":"shipping-taxable","27":"purchasable","28":"product-type-simple"},"acf":[],"_links":{"self":[{"href":"https:\/\/ztsports.com\/fr\/wp-json\/wp\/v2\/product\/20838","targetHints":{"allow":["GET"]}}],"collection":[{"href":"https:\/\/ztsports.com\/fr\/wp-json\/wp\/v2\/product"}],"about":[{"href":"https:\/\/ztsports.com\/fr\/wp-json\/wp\/v2\/types\/product"}],"replies":[{"embeddable":true,"href":"https:\/\/ztsports.com\/fr\/wp-json\/wp\/v2\/comments?post=20838"}],"version-history":[{"count":1,"href":"https:\/\/ztsports.com\/fr\/wp-json\/wp\/v2\/product\/20838\/revisions"}],"predecessor-version":[{"id":20839,"href":"https:\/\/ztsports.com\/fr\/wp-json\/wp\/v2\/product\/20838\/revisions\/20839"}],"wp:featuredmedia":[{"embeddable":true,"href":"https:\/\/ztsports.com\/fr\/wp-json\/wp\/v2\/media\/20840"}],"wp:attachment":[{"href":"https:\/\/ztsports.com\/fr\/wp-json\/wp\/v2\/media?parent=20838"}],"wp:term":[{"taxonomy":"product_brand","embeddable":true,"href":"https:\/\/ztsports.com\/fr\/wp-json\/wp\/v2\/product_brand?post=20838"},{"taxonomy":"product_cat","embeddable":true,"href":"https:\/\/ztsports.com\/fr\/wp-json\/wp\/v2\/product_cat?post=20838"},{"taxonomy":"product_tag","embeddable":true,"href":"https:\/\/ztsports.com\/fr\/wp-json\/wp\/v2\/product_tag?post=20838"}],"curies":[{"name":"wp","href":"https:\/\/api.w.org\/{rel}","templated":true}]}}