{"id":20828,"date":"2025-08-14T16:25:15","date_gmt":"2025-08-14T16:25:15","guid":{"rendered":"https:\/\/ztsports.com\/?post_type=product&#038;p=20828"},"modified":"2026-04-16T19:28:29","modified_gmt":"2026-04-16T19:28:29","slug":"pendentif-skate-tec-short-track","status":"publish","type":"product","link":"https:\/\/ztsports.com\/fr\/store\/pendentif-skate-tec-short-track\/","title":{"rendered":"Pendentif SKATE-TEC Short Track"},"content":{"rendered":"<h2 data-rm-block-id=\"block-1\">Pendentif SKATE-TEC Short Track : Un bijou unique pour les passionn\u00e9s de sport<\/h2>\n<p data-rm-block-id=\"block-2\">Le pendentif SKATE-TEC Short Track est pr\u00e9sent\u00e9 dans un \u00e9l\u00e9gant coffret en velours, ce qui en fait un cadeau id\u00e9al pour tout amateur de patinage ou de sport. La bo\u00eete prot\u00e8ge non seulement le pendentif, mais ajoute \u00e9galement une touche de sophistication \u00e0 la pr\u00e9sentation.<\/p>\n<p data-rm-block-id=\"block-3\">Faites l&#8217;envie de tous avec cette pi\u00e8ce \u00e9tonnante, qui met en valeur votre passion pour ce sport en argent sterling exquis (100 %). Ce pendentif n&#8217;est pas seulement un accessoire ; il repr\u00e9sente le d\u00e9vouement et l&#8217;amour du patinage sur piste courte.<\/p>\n<p data-rm-block-id=\"block-4\">Fabriqu\u00e9 avec le souci du d\u00e9tail, ce pendentif est compos\u00e9 \u00e0 100 % d&#8217;argent 925, ce qui lui conf\u00e8re une grande durabilit\u00e9 et un \u00e9clat brillant qui durera des ann\u00e9es. La qualit\u00e9 de l&#8217;argent garantit qu&#8217;il ne ternira pas facilement, ce qui vous permettra de le porter avec fiert\u00e9.<\/p>\n<p data-rm-block-id=\"block-5\">Voyez finement tous nos autres <a href=\"https:\/\/ztsports.com\/categorie-produit\/bijoux-de-sport\/?lang=fr\"><strong>bijoux de sport ici<\/strong><\/a><a href=\"https:\/\/ztsports.com\/categorie-produit\/bijoux-de-sport\/?lang=fr\"><strong>.<\/strong><\/a> Notre collection comprend une vari\u00e9t\u00e9 de bijoux sur le th\u00e8me du sport, parfaits pour comm\u00e9morer des exploits ou montrer l&#8217;esprit d&#8217;\u00e9quipe.<\/p>\n<p data-rm-block-id=\"block-6\">En outre, vous trouverez d&#8217;autres <a href=\"https:\/\/ztsports.com\/categorie-produit\/cadeaux-pour-patineurs\/?lang=fr\"><strong>Cadeaux pour patineurs ici<\/strong><\/a><a href=\"https:\/\/ztsports.com\/categorie-produit\/cadeaux-pour-patineurs\/?lang=fr\"><strong>.<\/strong><\/a> Ces cadeaux sont id\u00e9aux pour les anniversaires, les f\u00eates ou toute autre occasion sp\u00e9ciale, et constituent un choix judicieux pour les amis et les membres de la famille qui sont passionn\u00e9s de patinage.<\/p>\n<p data-rm-block-id=\"block-7\">Le pendentif SKATE-TEC Short Track se distingue non seulement par sa qualit\u00e9 de fabrication, mais aussi par sa signification symbolique. Il rappelle le travail acharn\u00e9, le d\u00e9vouement et la passion qu&#8217;exige ce sport. Fabriqu\u00e9 \u00e0 100 % en argent 925, ce pendentif est con\u00e7u pour \u00eatre port\u00e9 avec fiert\u00e9.<\/p>\n<p data-rm-block-id=\"block-8\">Pendentif SKATE-TEC \u00c9galement disponible en version longue piste, ce pendentif s&#8217;adresse \u00e0 tous les passionn\u00e9s de ce sport. Que vous pr\u00e9f\u00e9riez le patinage sur piste courte ou sur piste longue, notre ligne de bijoux vous permet d&#8217;exprimer magnifiquement votre passion.<\/p>\n<p data-rm-block-id=\"block-9\">L&#8217;importance des bijoux dans le domaine du sport ne peut \u00eatre sous-estim\u00e9e. Le port d&#8217;un bijou tel que le pendentif SKATE-TEC Short Track permet non seulement de rehausser sa tenue, mais aussi de renforcer le lien avec le sport. De nombreux athl\u00e8tes portent leurs bijoux comme source d&#8217;inspiration et de motivation pendant les comp\u00e9titions.<\/p>\n<p data-rm-block-id=\"block-10\">Ce pendentif permet aux patineurs et aux amateurs de sport d&#8217;engager la conversation et de partager leurs exp\u00e9riences. C&#8217;est une pi\u00e8ce qui raconte une histoire, qu&#8217;il s&#8217;agisse de comp\u00e9titions remport\u00e9es, de records personnels ou de souvenirs pr\u00e9cieux sur la patinoire.<\/p>\n<p data-rm-block-id=\"block-11\">Pensez \u00e0 associer ce pendentif \u00e0 d&#8217;autres bijoux, tels que des boucles d&#8217;oreilles ou des bracelets assortis, pour cr\u00e9er un look \u00e9l\u00e9gant qui met en valeur votre amour du patinage. La superposition de pi\u00e8ces peut am\u00e9liorer l&#8217;esth\u00e9tique g\u00e9n\u00e9rale tout en restant fid\u00e8le \u00e0 votre style personnel.<\/p>\n<p data-rm-block-id=\"block-12\">Pour ceux qui souhaitent offrir un cadeau m\u00e9morable, le pendentif SKATE-TEC Short Track est un choix id\u00e9al. Il allie l&#8217;aspect pratique \u00e0 la signification personnelle, ce qui en fait un cadeau significatif pour toutes les occasions. Imaginez la joie sur le visage d&#8217;un \u00eatre cher lorsqu&#8217;il recevra ce magnifique bijou !<\/p>\n<p data-rm-block-id=\"block-13\">Pour pr\u00e9server l&#8217;\u00e9clat et la qualit\u00e9 du pendentif, suivez quelques conseils d&#8217;entretien simples. Rangez toujours le pendentif dans sa bo\u00eete en velours lorsque vous ne l&#8217;utilisez pas et nettoyez-le p\u00e9riodiquement avec un chiffon doux pour enlever toute trace de ternissement. \u00c9vitez de l&#8217;exposer \u00e0 des produits chimiques agressifs ou \u00e0 des mat\u00e9riaux abrasifs qui pourraient endommager la surface.<\/p>\n<p data-rm-block-id=\"block-14\">Lorsque vous portez votre pendentif SKATE-TEC Short Track, prenez le temps d&#8217;appr\u00e9cier l&#8217;art et le savoir-faire qui ont pr\u00e9sid\u00e9 \u00e0 sa cr\u00e9ation. Chaque pi\u00e8ce est un travail d&#8217;amour, fait pour ceux qui appr\u00e9cient la beaut\u00e9 du patinage et l&#8217;\u00e9l\u00e9gance de la joaillerie.<\/p>\n<p>Voir finement tous nos autres <a href=\"https:\/\/ztsports.com\/categorie-produit\/bijoux-de-sport\/?lang=fr\"><strong>bijoux de sport ici.<\/strong><\/a><\/p>\n<p>En outre, il y a d&#8217;autres <a href=\"https:\/\/ztsports.com\/categorie-produit\/cadeaux-pour-patineurs\/?lang=fr\"><strong>Skater Gifts ici.<\/strong><\/a><\/p>\n","protected":false},"excerpt":{"rendered":"<p>Pendentif SKATE-TEC Short Track : Un bijou unique pour les passionn\u00e9s de sport Le pendentif SKATE-TEC Short Track est pr\u00e9sent\u00e9 dans un \u00e9l\u00e9gant coffret en velours, ce qui en fait un cadeau id\u00e9al pour tout amateur de patinage ou de sport. La bo\u00eete prot\u00e8ge non seulement le pendentif, mais ajoute \u00e9galement une touche de sophistication [&hellip;]<\/p>\n","protected":false},"featured_media":20830,"comment_status":"open","ping_status":"closed","template":"","meta":{"_acf_changed":false,"_monsterinsights_skip_tracking":false,"_monsterinsights_sitenote_active":false,"_monsterinsights_sitenote_note":"","_monsterinsights_sitenote_category":0,"_uf_show_specific_survey":0,"_uf_disable_surveys":false,"site-sidebar-layout":"default","site-content-layout":"","ast-site-content-layout":"default","site-content-style":"default","site-sidebar-style":"default","ast-global-header-display":"","ast-banner-title-visibility":"","ast-main-header-display":"","ast-hfb-above-header-display":"","ast-hfb-below-header-display":"","ast-hfb-mobile-header-display":"","site-post-title":"","ast-breadcrumbs-content":"","ast-featured-img":"","footer-sml-layout":"","ast-disable-related-posts":"","theme-transparent-header-meta":"default","adv-header-id-meta":"","stick-header-meta":"","header-above-stick-meta":"","header-main-stick-meta":"","header-below-stick-meta":"","astra-migrate-meta-layouts":"set","ast-page-background-enabled":"default","ast-page-background-meta":{"desktop":{"background-color":"","background-image":"","background-repeat":"repeat","background-position":"center center","background-size":"auto","background-attachment":"scroll","background-type":"","background-media":"","overlay-type":"","overlay-color":"","overlay-opacity":"","overlay-gradient":""},"tablet":{"background-color":"","background-image":"","background-repeat":"repeat","background-position":"center center","background-size":"auto","background-attachment":"scroll","background-type":"","background-media":"","overlay-type":"","overlay-color":"","overlay-opacity":"","overlay-gradient":""},"mobile":{"background-color":"","background-image":"","background-repeat":"repeat","background-position":"center center","background-size":"auto","background-attachment":"scroll","background-type":"","background-media":"","overlay-type":"","overlay-color":"","overlay-opacity":"","overlay-gradient":""}},"ast-content-background-meta":{"desktop":{"background-color":"var(--ast-global-color-5)","background-image":"","background-repeat":"repeat","background-position":"center center","background-size":"auto","background-attachment":"scroll","background-type":"","background-media":"","overlay-type":"","overlay-color":"","overlay-opacity":"","overlay-gradient":""},"tablet":{"background-color":"var(--ast-global-color-5)","background-image":"","background-repeat":"repeat","background-position":"center center","background-size":"auto","background-attachment":"scroll","background-type":"","background-media":"","overlay-type":"","overlay-color":"","overlay-opacity":"","overlay-gradient":""},"mobile":{"background-color":"var(--ast-global-color-5)","background-image":"","background-repeat":"repeat","background-position":"center center","background-size":"auto","background-attachment":"scroll","background-type":"","background-media":"","overlay-type":"","overlay-color":"","overlay-opacity":"","overlay-gradient":""}}},"product_brand":[3338],"product_cat":[3479,3392,3396,3775,3878,4104,3572,4204,3776,4226],"product_tag":[4438,4105,4106,4065,4439,4440,4107,4108],"class_list":{"0":"post-20828","1":"product","2":"type-product","3":"status-publish","4":"has-post-thumbnail","6":"product_brand-skate-tec","7":"product_cat-accessoires-pour-le-short-track","8":"product_cat-accessoires-short-track","9":"product_cat-accessories","10":"product_cat-bijoux-de-sport","11":"product_cat-cadeaux","13":"product_cat-cadeaux-pour-patineurs","14":"product_cat-pendentifs-en-etain","15":"product_cat-pendentifs-sportifs","16":"product_cat-vetements","17":"product_tag-argent-sterling","18":"product_tag-bijoux-de-sport","19":"product_tag-cadeaux-pour-patineurs","20":"product_tag-patineur-de-vitesse","21":"product_tag-pendentif-courte-piste","22":"product_tag-pendentif-patinage-de-vitesse","23":"product_tag-pendentif-patineur-de-vitesse","24":"product_tag-pendentifs-sportifs","25":"desktop-align-left","26":"tablet-align-left","27":"mobile-align-left","29":"first","30":"instock","31":"taxable","32":"shipping-taxable","33":"purchasable","34":"product-type-simple"},"acf":[],"_links":{"self":[{"href":"https:\/\/ztsports.com\/fr\/wp-json\/wp\/v2\/product\/20828","targetHints":{"allow":["GET"]}}],"collection":[{"href":"https:\/\/ztsports.com\/fr\/wp-json\/wp\/v2\/product"}],"about":[{"href":"https:\/\/ztsports.com\/fr\/wp-json\/wp\/v2\/types\/product"}],"replies":[{"embeddable":true,"href":"https:\/\/ztsports.com\/fr\/wp-json\/wp\/v2\/comments?post=20828"}],"version-history":[{"count":3,"href":"https:\/\/ztsports.com\/fr\/wp-json\/wp\/v2\/product\/20828\/revisions"}],"predecessor-version":[{"id":25551,"href":"https:\/\/ztsports.com\/fr\/wp-json\/wp\/v2\/product\/20828\/revisions\/25551"}],"wp:featuredmedia":[{"embeddable":true,"href":"https:\/\/ztsports.com\/fr\/wp-json\/wp\/v2\/media\/20830"}],"wp:attachment":[{"href":"https:\/\/ztsports.com\/fr\/wp-json\/wp\/v2\/media?parent=20828"}],"wp:term":[{"taxonomy":"product_brand","embeddable":true,"href":"https:\/\/ztsports.com\/fr\/wp-json\/wp\/v2\/product_brand?post=20828"},{"taxonomy":"product_cat","embeddable":true,"href":"https:\/\/ztsports.com\/fr\/wp-json\/wp\/v2\/product_cat?post=20828"},{"taxonomy":"product_tag","embeddable":true,"href":"https:\/\/ztsports.com\/fr\/wp-json\/wp\/v2\/product_tag?post=20828"}],"curies":[{"name":"wp","href":"https:\/\/api.w.org\/{rel}","templated":true}]}}