{"id":20820,"date":"2025-02-19T15:48:00","date_gmt":"2025-02-19T15:48:00","guid":{"rendered":"https:\/\/ztsports.com\/?post_type=product&#038;p=20820"},"modified":"2026-04-16T20:04:34","modified_gmt":"2026-04-16T20:04:34","slug":"lames-courte-piste-skate-tec-attaq","status":"publish","type":"product","link":"https:\/\/ztsports.com\/fr\/store\/lames-courte-piste-skate-tec-attaq\/","title":{"rendered":"Lames courte piste SKATE-TEC ATTAQ"},"content":{"rendered":"<p data-rm-block-id=\"block-1\">Lames Skate-Tec Attaq<\/p>\n<p data-rm-block-id=\"block-2\">Ils comblent le vide entre le M-Wave Flex Flattop et le Quarq.<\/p>\n<p data-rm-block-id=\"block-3\">Ils offrent la l\u00e9g\u00e8ret\u00e9 et la sensation de pilotage d&#8217;un Quarq, tout en ayant la stabilit\u00e9 et le contr\u00f4le d&#8217;un M-Wave.<\/p>\n<p data-rm-block-id=\"block-4\">La g\u00e9om\u00e9trie de la fourche a \u00e9t\u00e9 ajust\u00e9e pour obtenir un flex lat\u00e9ral similaire \u00e0 celui d&#8217;un Quarq, mais avec une position plus large sur le tube, comme un M-Wave.<\/p>\n<p data-rm-block-id=\"block-5\">Le Attaq est le dernier n\u00e9 de la famille orange Skate-Tec.<\/p>\n<p data-rm-block-id=\"block-6\">Il s&#8217;agit d&#8217;un m\u00e9lange entre le M-Wave et le Quarq.<\/p>\n<p data-rm-block-id=\"block-7\">L&#8217;Attaq comble l&#8217;\u00e9cart entre les deux, avec un penchant plus marqu\u00e9 pour le Quarq.<\/p>\n<p>Tube: 7000 Aluminum anodized tube<\/p>\n<p>Lame : 1,1 mm d&#8217;\u00e9paisseur<\/p>\n<p>62HRC Bi-M\u00e9tal<\/p>\n<p>Pr\u00e9-courb\u00e9<\/p>\n<p>Rigidit\u00e9 : Flex<\/p>\n<p data-rm-block-id=\"block-8\">Enfin, vous pouvez voir tous nos<strong> <a href=\"https:\/\/ztsports.com\/categorie-produit\/courte-piste\/lame\/?lang=fr\">Lames Short Track ici<\/a>.<\/strong><\/p>\n<h3 data-rm-block-id=\"block-9\">N&#8217;oubliez pas d&#8217;ajouter la <strong><a href=\"https:\/\/ztsports.com\/produit\/preparation-des-lames-pour-la-piste-courte\/?lang=fr\">Pr\u00e9paration de la lame.<\/a><\/strong><\/h3>\n","protected":false},"excerpt":{"rendered":"<p>Lames Skate-Tec Attaq Ils comblent le vide entre le M-Wave Flex Flattop et le Quarq. Ils offrent la l\u00e9g\u00e8ret\u00e9 et la sensation de pilotage d&#8217;un Quarq, tout en ayant la stabilit\u00e9 et le contr\u00f4le d&#8217;un M-Wave. La g\u00e9om\u00e9trie de la fourche a \u00e9t\u00e9 ajust\u00e9e pour obtenir un flex lat\u00e9ral similaire \u00e0 celui d&#8217;un Quarq, mais [&hellip;]<\/p>\n","protected":false},"featured_media":20822,"comment_status":"open","ping_status":"closed","template":"","meta":{"_acf_changed":false,"_monsterinsights_skip_tracking":false,"_monsterinsights_sitenote_active":false,"_monsterinsights_sitenote_note":"","_monsterinsights_sitenote_category":0,"_uf_show_specific_survey":0,"_uf_disable_surveys":false,"site-sidebar-layout":"default","site-content-layout":"","ast-site-content-layout":"default","site-content-style":"default","site-sidebar-style":"default","ast-global-header-display":"","ast-banner-title-visibility":"","ast-main-header-display":"","ast-hfb-above-header-display":"","ast-hfb-below-header-display":"","ast-hfb-mobile-header-display":"","site-post-title":"","ast-breadcrumbs-content":"","ast-featured-img":"","footer-sml-layout":"","ast-disable-related-posts":"","theme-transparent-header-meta":"default","adv-header-id-meta":"","stick-header-meta":"","header-above-stick-meta":"","header-main-stick-meta":"","header-below-stick-meta":"","astra-migrate-meta-layouts":"set","ast-page-background-enabled":"default","ast-page-background-meta":{"desktop":{"background-color":"","background-image":"","background-repeat":"repeat","background-position":"center center","background-size":"auto","background-attachment":"scroll","background-type":"","background-media":"","overlay-type":"","overlay-color":"","overlay-opacity":"","overlay-gradient":""},"tablet":{"background-color":"","background-image":"","background-repeat":"repeat","background-position":"center center","background-size":"auto","background-attachment":"scroll","background-type":"","background-media":"","overlay-type":"","overlay-color":"","overlay-opacity":"","overlay-gradient":""},"mobile":{"background-color":"","background-image":"","background-repeat":"repeat","background-position":"center center","background-size":"auto","background-attachment":"scroll","background-type":"","background-media":"","overlay-type":"","overlay-color":"","overlay-opacity":"","overlay-gradient":""}},"ast-content-background-meta":{"desktop":{"background-color":"var(--ast-global-color-5)","background-image":"","background-repeat":"repeat","background-position":"center center","background-size":"auto","background-attachment":"scroll","background-type":"","background-media":"","overlay-type":"","overlay-color":"","overlay-opacity":"","overlay-gradient":""},"tablet":{"background-color":"var(--ast-global-color-5)","background-image":"","background-repeat":"repeat","background-position":"center center","background-size":"auto","background-attachment":"scroll","background-type":"","background-media":"","overlay-type":"","overlay-color":"","overlay-opacity":"","overlay-gradient":""},"mobile":{"background-color":"var(--ast-global-color-5)","background-image":"","background-repeat":"repeat","background-position":"center center","background-size":"auto","background-attachment":"scroll","background-type":"","background-media":"","overlay-type":"","overlay-color":"","overlay-opacity":"","overlay-gradient":""}}},"product_brand":[3338],"product_cat":[3395,3508,3620],"product_tag":[3155,4437,3796,3157],"class_list":{"0":"post-20820","1":"product","2":"type-product","3":"status-publish","4":"has-post-thumbnail","6":"product_brand-skate-tec","7":"product_cat-courte-piste","8":"product_cat-lame","9":"product_cat-lames-pour-piste-courte","10":"product_tag-attaq","11":"product_tag-lame","12":"product_tag-short-track","13":"product_tag-skate-tec-attaq","14":"desktop-align-left","15":"tablet-align-left","16":"mobile-align-left","18":"first","19":"instock","20":"taxable","21":"shipping-taxable","22":"purchasable","23":"product-type-simple"},"acf":[],"_links":{"self":[{"href":"https:\/\/ztsports.com\/fr\/wp-json\/wp\/v2\/product\/20820","targetHints":{"allow":["GET"]}}],"collection":[{"href":"https:\/\/ztsports.com\/fr\/wp-json\/wp\/v2\/product"}],"about":[{"href":"https:\/\/ztsports.com\/fr\/wp-json\/wp\/v2\/types\/product"}],"replies":[{"embeddable":true,"href":"https:\/\/ztsports.com\/fr\/wp-json\/wp\/v2\/comments?post=20820"}],"version-history":[{"count":1,"href":"https:\/\/ztsports.com\/fr\/wp-json\/wp\/v2\/product\/20820\/revisions"}],"predecessor-version":[{"id":20821,"href":"https:\/\/ztsports.com\/fr\/wp-json\/wp\/v2\/product\/20820\/revisions\/20821"}],"wp:featuredmedia":[{"embeddable":true,"href":"https:\/\/ztsports.com\/fr\/wp-json\/wp\/v2\/media\/20822"}],"wp:attachment":[{"href":"https:\/\/ztsports.com\/fr\/wp-json\/wp\/v2\/media?parent=20820"}],"wp:term":[{"taxonomy":"product_brand","embeddable":true,"href":"https:\/\/ztsports.com\/fr\/wp-json\/wp\/v2\/product_brand?post=20820"},{"taxonomy":"product_cat","embeddable":true,"href":"https:\/\/ztsports.com\/fr\/wp-json\/wp\/v2\/product_cat?post=20820"},{"taxonomy":"product_tag","embeddable":true,"href":"https:\/\/ztsports.com\/fr\/wp-json\/wp\/v2\/product_tag?post=20820"}],"curies":[{"name":"wp","href":"https:\/\/api.w.org\/{rel}","templated":true}]}}