{"id":20818,"date":"2025-07-08T14:20:01","date_gmt":"2025-07-08T14:20:01","guid":{"rendered":"https:\/\/ztsports.com\/?post_type=product&#038;p=20818"},"modified":"2026-04-16T19:35:02","modified_gmt":"2026-04-16T19:35:02","slug":"ehs-short-track-boot-2","status":"publish","type":"product","link":"https:\/\/ztsports.com\/fr\/store\/ehs-short-track-boot-2\/","title":{"rendered":"EHS Short Track Boot"},"content":{"rendered":"<h1>EHS Short Track Boot<\/h1>\n<p>L<strong>a botte EHS Short Track est une botte dot\u00e9e de nombreuses caract\u00e9ristiques et d&#8217;un rapport qualit\u00e9-prix exceptionnel.<\/strong><\/p>\n<p class=\"font_8\"><span class=\"color_11\"> Gr\u00e2ce \u00e0 leur construction l\u00e9g\u00e8re en fibres de carbone et de diol\u00e8ne, nos <\/span> formes ont \u00e9t\u00e9 con\u00e7ues dans un souci de confort optimal. <span class=\"color_11\">En outre, la coque en carbone est thermoformable et hautement personnalisable gr\u00e2ce \u00e0 sa r\u00e9sine \u00e9poxy thermoplastique et \u00e0 sa construction Rhenoflex. <\/span> <span class=\"color_11\">La tige et la doublure sont en similicuir pour une plus grande durabilit\u00e9. En outre, le <\/span>La languette s&#8217;adapte \u00e0 la forme du pied pour un meilleur confort. Enfin, toutes les<span class=\"color_11\"> bottes sont livr\u00e9es avec des lacets cir\u00e9s fabriqu\u00e9s au Canada<\/span>.<\/p>\n<p><strong>EHS Short Track Boot<\/strong><\/p>\n<p><a href=\"https:\/\/ztsports.com\/brand\/staybent-by-ehs\/ehs\/\"><strong>Vous pouvez trouver tous les produits EHS ici.<\/strong><\/a><\/p>\n<p><a href=\"https:\/\/ztsports.com\/categorie-produit\/bottes\/?lang=fr\"><strong>Vous pouvez trouver toutes nos bottes Short Track ici.<\/strong><\/a><\/p>\n","protected":false},"excerpt":{"rendered":"<p>EHS Short Track Boot La botte EHS Short Track est une botte dot\u00e9e de nombreuses caract\u00e9ristiques et d&#8217;un rapport qualit\u00e9-prix exceptionnel. Gr\u00e2ce \u00e0 leur construction l\u00e9g\u00e8re en fibres de carbone et de diol\u00e8ne, nos formes ont \u00e9t\u00e9 con\u00e7ues dans un souci de confort optimal. En outre, la coque en carbone est thermoformable et hautement personnalisable [&hellip;]<\/p>\n","protected":false},"featured_media":19841,"comment_status":"open","ping_status":"closed","template":"","meta":{"_acf_changed":false,"_monsterinsights_skip_tracking":false,"_monsterinsights_sitenote_active":false,"_monsterinsights_sitenote_note":"","_monsterinsights_sitenote_category":0,"_uf_show_specific_survey":0,"_uf_disable_surveys":false,"site-sidebar-layout":"default","site-content-layout":"","ast-site-content-layout":"default","site-content-style":"default","site-sidebar-style":"default","ast-global-header-display":"","ast-banner-title-visibility":"","ast-main-header-display":"","ast-hfb-above-header-display":"","ast-hfb-below-header-display":"","ast-hfb-mobile-header-display":"","site-post-title":"","ast-breadcrumbs-content":"","ast-featured-img":"","footer-sml-layout":"","ast-disable-related-posts":"","theme-transparent-header-meta":"default","adv-header-id-meta":"","stick-header-meta":"","header-above-stick-meta":"","header-main-stick-meta":"","header-below-stick-meta":"","astra-migrate-meta-layouts":"set","ast-page-background-enabled":"default","ast-page-background-meta":{"desktop":{"background-color":"","background-image":"","background-repeat":"repeat","background-position":"center center","background-size":"auto","background-attachment":"scroll","background-type":"","background-media":"","overlay-type":"","overlay-color":"","overlay-opacity":"","overlay-gradient":""},"tablet":{"background-color":"","background-image":"","background-repeat":"repeat","background-position":"center center","background-size":"auto","background-attachment":"scroll","background-type":"","background-media":"","overlay-type":"","overlay-color":"","overlay-opacity":"","overlay-gradient":""},"mobile":{"background-color":"","background-image":"","background-repeat":"repeat","background-position":"center center","background-size":"auto","background-attachment":"scroll","background-type":"","background-media":"","overlay-type":"","overlay-color":"","overlay-opacity":"","overlay-gradient":""}},"ast-content-background-meta":{"desktop":{"background-color":"var(--ast-global-color-5)","background-image":"","background-repeat":"repeat","background-position":"center center","background-size":"auto","background-attachment":"scroll","background-type":"","background-media":"","overlay-type":"","overlay-color":"","overlay-opacity":"","overlay-gradient":""},"tablet":{"background-color":"var(--ast-global-color-5)","background-image":"","background-repeat":"repeat","background-position":"center center","background-size":"auto","background-attachment":"scroll","background-type":"","background-media":"","overlay-type":"","overlay-color":"","overlay-opacity":"","overlay-gradient":""},"mobile":{"background-color":"var(--ast-global-color-5)","background-image":"","background-repeat":"repeat","background-position":"center center","background-size":"auto","background-attachment":"scroll","background-type":"","background-media":"","overlay-type":"","overlay-color":"","overlay-opacity":"","overlay-gradient":""}}},"product_brand":[3347,3344,3346],"product_cat":[4645,3395,3626],"product_tag":[4113,3710,2689,2774],"class_list":{"0":"post-20818","1":"product","2":"type-product","3":"status-publish","4":"has-post-thumbnail","6":"product_brand-ehs","7":"product_brand-stay-bent","8":"product_brand-staybent-by-ehs","9":"product_cat-boots","10":"product_cat-courte-piste","11":"product_cat-super-vente","12":"product_tag-botte-ehs","13":"product_tag-botte-pour-piste-courte","14":"product_tag-carbon-boot","15":"product_tag-ehs-short-track-boot","16":"desktop-align-left","17":"tablet-align-left","18":"mobile-align-left","20":"first","21":"instock","22":"sale","23":"taxable","24":"shipping-taxable","25":"purchasable","26":"product-type-simple"},"acf":[],"_links":{"self":[{"href":"https:\/\/ztsports.com\/fr\/wp-json\/wp\/v2\/product\/20818","targetHints":{"allow":["GET"]}}],"collection":[{"href":"https:\/\/ztsports.com\/fr\/wp-json\/wp\/v2\/product"}],"about":[{"href":"https:\/\/ztsports.com\/fr\/wp-json\/wp\/v2\/types\/product"}],"replies":[{"embeddable":true,"href":"https:\/\/ztsports.com\/fr\/wp-json\/wp\/v2\/comments?post=20818"}],"version-history":[{"count":3,"href":"https:\/\/ztsports.com\/fr\/wp-json\/wp\/v2\/product\/20818\/revisions"}],"predecessor-version":[{"id":25553,"href":"https:\/\/ztsports.com\/fr\/wp-json\/wp\/v2\/product\/20818\/revisions\/25553"}],"wp:featuredmedia":[{"embeddable":true,"href":"https:\/\/ztsports.com\/fr\/wp-json\/wp\/v2\/media\/19841"}],"wp:attachment":[{"href":"https:\/\/ztsports.com\/fr\/wp-json\/wp\/v2\/media?parent=20818"}],"wp:term":[{"taxonomy":"product_brand","embeddable":true,"href":"https:\/\/ztsports.com\/fr\/wp-json\/wp\/v2\/product_brand?post=20818"},{"taxonomy":"product_cat","embeddable":true,"href":"https:\/\/ztsports.com\/fr\/wp-json\/wp\/v2\/product_cat?post=20818"},{"taxonomy":"product_tag","embeddable":true,"href":"https:\/\/ztsports.com\/fr\/wp-json\/wp\/v2\/product_tag?post=20818"}],"curies":[{"name":"wp","href":"https:\/\/api.w.org\/{rel}","templated":true}]}}