{"id":20810,"date":"2025-06-17T15:52:56","date_gmt":"2025-06-17T15:52:56","guid":{"rendered":"https:\/\/ztsports.com\/?post_type=product&#038;p=20810"},"modified":"2026-04-17T16:26:06","modified_gmt":"2026-04-17T16:26:06","slug":"ensemble-skate-tec-n98-futuro-l2t","status":"publish","type":"product","link":"https:\/\/ztsports.com\/fr\/store\/ensemble-skate-tec-n98-futuro-l2t\/","title":{"rendered":"Ensemble Skate-Tec N98 Futuro L2T"},"content":{"rendered":"<h1 class=\"product_title entry-title wd-entities-title\">Ensemble Skate-Tec N98 Futuro L2T<\/h1>\n<p>La lame Skate-Tec N98 Futuro 12C27 est le mod\u00e8le d&#8217;entr\u00e9e de gamme de Skate-Tec. Elle est fabriqu\u00e9e avec une lame en acier 12C27. Elle est pr\u00e9-courb\u00e9e et est la meilleure lame sur le march\u00e9 pour les patineurs d\u00e9butants. Peu de mod\u00e8les de cette qualit\u00e9 sont propos\u00e9s dans cette gamme de prix.<\/p>\n<p><strong>La lame Futuro 12C27<\/strong> est la lame d&#8217;entr\u00e9e de gamme de Skate-Tec. Elle est fabriqu\u00e9e avec une lame en acier chrom\u00e9 12C27. Elle est pr\u00e9-courb\u00e9e et est la meilleure lame sur le march\u00e9 pour les jeunes patineurs. Peu de mod\u00e8les de cette qualit\u00e9 sont propos\u00e9s dans cette gamme de prix.<\/p>\n<ul>\n<li>Lame pour les athl\u00e8tes d\u00e9butants. Tr\u00e8s bonne option pour les clubs<\/li>\n<li>Tube flexible permettant une grande marge d&#8217;erreur dans les virages<\/li>\n<li>Comparables : Bont Ultrasprint \/ Maple Premium<\/li>\n<li>Pr\u00e9-courb\u00e9<\/li>\n<li>Lame chrom\u00e9e d&#8217;une duret\u00e9 de 58 HRC<\/li>\n<li>Tube en aluminium<\/li>\n<li>Id\u00e9al pour les patineurs de moins de 100 livres.<\/li>\n<\/ul>\n<h4><strong>Prix sp\u00e9cial pour les commandes de club de 5+ paires. 499,99 $\/5 paires <\/strong><\/h4>\n<h3>N&#8217;oubliez pas d&#8217;ajouter la <strong><br \/>\n<a href=\"https:\/\/ztsports.com\/produit\/preparation-des-lames-pour-la-piste-courte\/?lang=fr\">Pr\u00e9paration de la lame.<\/a><br \/>\n<\/strong><\/h3>\n<p>Enfin, voyez tous nos <strong><a href=\"https:\/\/ztsports.com\/categorie-produit\/courte-piste\/packages\/?lang=fr\">Cliquez ici pour obtenir des forfaits de courte dur\u00e9e.<\/a><\/strong><\/p>\n","protected":false},"excerpt":{"rendered":"<p>Ensemble Skate-Tec N98 Futuro L2T La lame Skate-Tec N98 Futuro 12C27 est le mod\u00e8le d&#8217;entr\u00e9e de gamme de Skate-Tec. Elle est fabriqu\u00e9e avec une lame en acier 12C27. Elle est pr\u00e9-courb\u00e9e et est la meilleure lame sur le march\u00e9 pour les patineurs d\u00e9butants. Peu de mod\u00e8les de cette qualit\u00e9 sont propos\u00e9s dans cette gamme de [&hellip;]<\/p>\n","protected":false},"featured_media":20728,"comment_status":"open","ping_status":"closed","template":"","meta":{"_acf_changed":false,"_monsterinsights_skip_tracking":false,"_monsterinsights_sitenote_active":false,"_monsterinsights_sitenote_note":"","_monsterinsights_sitenote_category":0,"_uf_show_specific_survey":0,"_uf_disable_surveys":false,"site-sidebar-layout":"default","site-content-layout":"","ast-site-content-layout":"default","site-content-style":"default","site-sidebar-style":"default","ast-global-header-display":"","ast-banner-title-visibility":"","ast-main-header-display":"","ast-hfb-above-header-display":"","ast-hfb-below-header-display":"","ast-hfb-mobile-header-display":"","site-post-title":"","ast-breadcrumbs-content":"","ast-featured-img":"","footer-sml-layout":"","ast-disable-related-posts":"","theme-transparent-header-meta":"default","adv-header-id-meta":"","stick-header-meta":"","header-above-stick-meta":"","header-main-stick-meta":"","header-below-stick-meta":"","astra-migrate-meta-layouts":"set","ast-page-background-enabled":"default","ast-page-background-meta":{"desktop":{"background-color":"","background-image":"","background-repeat":"repeat","background-position":"center center","background-size":"auto","background-attachment":"scroll","background-type":"","background-media":"","overlay-type":"","overlay-color":"","overlay-opacity":"","overlay-gradient":""},"tablet":{"background-color":"","background-image":"","background-repeat":"repeat","background-position":"center center","background-size":"auto","background-attachment":"scroll","background-type":"","background-media":"","overlay-type":"","overlay-color":"","overlay-opacity":"","overlay-gradient":""},"mobile":{"background-color":"","background-image":"","background-repeat":"repeat","background-position":"center center","background-size":"auto","background-attachment":"scroll","background-type":"","background-media":"","overlay-type":"","overlay-color":"","overlay-opacity":"","overlay-gradient":""}},"ast-content-background-meta":{"desktop":{"background-color":"var(--ast-global-color-5)","background-image":"","background-repeat":"repeat","background-position":"center center","background-size":"auto","background-attachment":"scroll","background-type":"","background-media":"","overlay-type":"","overlay-color":"","overlay-opacity":"","overlay-gradient":""},"tablet":{"background-color":"var(--ast-global-color-5)","background-image":"","background-repeat":"repeat","background-position":"center center","background-size":"auto","background-attachment":"scroll","background-type":"","background-media":"","overlay-type":"","overlay-color":"","overlay-opacity":"","overlay-gradient":""},"mobile":{"background-color":"var(--ast-global-color-5)","background-image":"","background-repeat":"repeat","background-position":"center center","background-size":"auto","background-attachment":"scroll","background-type":"","background-media":"","overlay-type":"","overlay-color":"","overlay-opacity":"","overlay-gradient":""}}},"product_brand":[3326,3338],"product_cat":[3395,3624,3489,3838,3627,3467,3626],"product_tag":[3656,2847,3111,2071,3184,3986,4436],"class_list":{"0":"post-20810","1":"product","2":"type-product","3":"status-publish","4":"has-post-thumbnail","6":"product_brand-nagano","7":"product_brand-skate-tec","8":"product_cat-courte-piste","9":"product_cat-forfait-courte-piste","10":"product_cat-offres-de-club","12":"product_cat-packages","13":"product_cat-patinage-de-vitesse","14":"product_cat-super-vente","15":"product_tag-accord-de-club","16":"product_tag-n98","17":"product_tag-n98-futuro","18":"product_tag-nagano","19":"product_tag-skate-tec-n98-futuro","20":"product_tag-super-vente","21":"product_tag-vente-de-printemps","22":"desktop-align-left","23":"tablet-align-left","24":"mobile-align-left","26":"first","27":"instock","28":"taxable","29":"shipping-taxable","30":"purchasable","31":"product-type-simple"},"acf":[],"_links":{"self":[{"href":"https:\/\/ztsports.com\/fr\/wp-json\/wp\/v2\/product\/20810","targetHints":{"allow":["GET"]}}],"collection":[{"href":"https:\/\/ztsports.com\/fr\/wp-json\/wp\/v2\/product"}],"about":[{"href":"https:\/\/ztsports.com\/fr\/wp-json\/wp\/v2\/types\/product"}],"replies":[{"embeddable":true,"href":"https:\/\/ztsports.com\/fr\/wp-json\/wp\/v2\/comments?post=20810"}],"version-history":[{"count":2,"href":"https:\/\/ztsports.com\/fr\/wp-json\/wp\/v2\/product\/20810\/revisions"}],"predecessor-version":[{"id":25599,"href":"https:\/\/ztsports.com\/fr\/wp-json\/wp\/v2\/product\/20810\/revisions\/25599"}],"wp:featuredmedia":[{"embeddable":true,"href":"https:\/\/ztsports.com\/fr\/wp-json\/wp\/v2\/media\/20728"}],"wp:attachment":[{"href":"https:\/\/ztsports.com\/fr\/wp-json\/wp\/v2\/media?parent=20810"}],"wp:term":[{"taxonomy":"product_brand","embeddable":true,"href":"https:\/\/ztsports.com\/fr\/wp-json\/wp\/v2\/product_brand?post=20810"},{"taxonomy":"product_cat","embeddable":true,"href":"https:\/\/ztsports.com\/fr\/wp-json\/wp\/v2\/product_cat?post=20810"},{"taxonomy":"product_tag","embeddable":true,"href":"https:\/\/ztsports.com\/fr\/wp-json\/wp\/v2\/product_tag?post=20810"}],"curies":[{"name":"wp","href":"https:\/\/api.w.org\/{rel}","templated":true}]}}